{"id":13194,"date":"2024-12-16T06:35:19","date_gmt":"2024-12-16T06:35:19","guid":{"rendered":"https:\/\/bioscanltd.com\/our-services\/"},"modified":"2026-02-21T09:39:47","modified_gmt":"2026-02-21T09:39:47","slug":"unser-dienstleistungsangebot","status":"publish","type":"page","link":"https:\/\/bioscanltd.com\/de\/unser-dienstleistungsangebot\/","title":{"rendered":"Unser Dienstleistungsangebot"},"content":{"rendered":"<section class=\"wpb-content-wrapper\"><p>[vc_row css=&#8221;.vc_custom_1590563651840{background-image: url(https:\/\/bioscanltd.com\/wp-content\/uploads\/2019\/05\/main-bg-1.png?id=8860) !important;background-position: center !important;background-repeat: no-repeat !important;background-size: cover !important;}&#8221; el_id=&#8221;first-row&#8221;][vc_column]\r\n\t<div class=\"bauer-spacer clearfix\" data-desktop=\"94\" data-mobi=\"60\" data-smobi=\"60\"><\/div><h2 class=\"bauer-text clearfix text-center\" style=\"\"><p>Zu unseren wichtigsten Dienstleistungen geh\u00f6ren Integrit\u00e4tsinspektionen von Spr\u00fchtrocknern, Tanks und sonstigen Prozessbeh\u00e4ltern.<\/p>\n<\/h2>\r\n\t<div class=\"bauer-spacer clearfix\" data-desktop=\"60\" data-mobi=\"60\" data-smobi=\"40\"><\/div>[vc_row_inner el_id=&#8221;magnerscan-crack-testing&#8221;][vc_column_inner el_class=&#8221;content-middle-section service-main-heading&#8221; width=&#8221;1\/2&#8243;]<h2 class=\"bauer-text clearfix \" style=\"\"><p>Bioscan Inspektionstechnik<\/p>\n<\/h2><div class=\"bauer-text clearfix \" style=\"\"><p>Bei der Inspektionstechnologie von <a href=\"https:\/\/bioscanltd.com\/de\/\">Bioscan<\/a> handelt es sich um ein elektronisches Verfahren zur Erkennung von M\u00e4ngeln wie Rissen, fehlerhaften Schwei\u00dfn\u00e4hten, Korrosionsh\u00f6hlen, Porosit\u00e4t und anderen Defekten, die zu einer Verunreinigung und\/oder Kreuzkontamination der Endprodukte in Edelstahl-Druck- und drucklosen Beh\u00e4ltern f\u00fchren k\u00f6nnen.<\/p>\n<p>Wir k\u00f6nnen mithilfe unserer Technologie die Tiefe der festgestellten Risse ermitteln. Wir k\u00f6nnen auch eine Pr\u00fcfung der Materialst\u00e4rke durchf\u00fchren, um eventuelle Schwachstellen des Beh\u00e4lters zu lokalisieren.<\/p>\n<\/div>\r\n\t<div class=\"bauer-spacer clearfix\" data-desktop=\"30\" data-mobi=\"20\" data-smobi=\"20\"><\/div><div class=\"button-wrap icon-right\" style=\"\" ><a href=\"https:\/\/bioscanltd.com\/contact-us\/?lang=de\" target=\"_self\" class=\"bauer-button btn-214741261 medium no_icon custom outline solid custom\" style=\"border-radius:30px;border-width:2px;\"  data-background=\"\" data-border=\"\">\r\n\t\t<span style=\"\">Holen Sie sich ein Angebot <\/span>\r\n\t<\/a><\/div>[\/vc_column_inner][vc_column_inner el_class=&#8221;content-middle-section&#8221; width=&#8221;1\/2&#8243;]<div class=\"bauer-simple-image text-center\" style=\"\" >\r\n\t\t\t<img decoding=\"async\" alt=\"image\" src=\"https:\/\/bioscanltd.com\/wp-content\/uploads\/001.png\" title=\"\"> <div class=\"bauer-video-icon clearfix white big\" style=\"top:50%;left:50%;transform:translate(-50px,-50px);\"><a class=\"icon-wrap popup-video\" href=\"https:\/\/www.youtube.com\/watch?v=ruJGF3XwkxI\" target=\"_blank\" rel=\"noopener\">play<span class=\"circle\"><\/span><\/a><\/div>\r\n\t\t<\/div>[\/vc_column_inner][vc_column_inner]\r\n\t<div class=\"bauer-spacer clearfix\" data-desktop=\"100\" data-mobi=\"60\" data-smobi=\"60\"><\/div>[\/vc_column_inner][\/vc_row_inner][\/vc_column][\/vc_row][vc_row css=&#8221;.vc_custom_1592047153749{background-image: url(https:\/\/bioscanltd.com\/wp-content\/uploads\/2019\/05\/section-bg1-1.png?id=7977) !important;background-position: center !important;background-repeat: no-repeat !important;background-size: cover !important;}&#8221;][vc_column]<h4 class=\"bauer-text clearfix text-center\" style=\"margin-bottom:32px;\"><p>Die Inspektionstechnologie von Bioscan kann u.a. die folgenden Anlagen pr\u00fcfen:<\/p>\n<\/h4>[vc_row_inner el_class=&#8221;main-service-icon main-service-icon-new&#8221;][vc_column_inner width=&#8221;1\/3&#8243;]<div class=\"bauer-icon-box clearfix icon-top align-center hover-style-1 simple\" style=\"background-color:#f7f9fa;padding:34px 25px 27px;border-radius:5px;border:1px solid #e7e7e7;\" ><div class=\"hover\" style=\"border-radius:5px;background-color:#000000;\"><\/div><div class=\"wrap-inner\" style=\"position: relative;\"><div class=\"image-wrap\" style=\"width:50px;\">\r\n\t\t\t\t<img decoding=\"async\" alt=\"image\" src=\"https:\/\/bioscanltd.com\/wp-content\/uploads\/2020\/07\/Spray-Dryers.png\" title=\"\">\r\n\t\t\t<\/div> <h3 class=\"heading \" style=\"font-size:20px;line-height:24px;margin-top:22px;margin-bottom:12px;\">\r\n\t\t\t<a href=\"https:\/\/bioscanltd.com\/services\/spray-dryer-testing-inspection\/\">\r\n\t\t\t\t<span>Spr\u00fchtrockner<\/span>\r\n\t\t\t<\/a>\r\n\t\t<\/h3> <div class=\"hover\" style=\"border-radius:5px;background-color:#000000;\"><\/div><\/div><\/div>\r\n\t<div class=\"bauer-spacer clearfix\" data-desktop=\"30\" data-mobi=\"30\" data-smobi=\"30\"><\/div><div class=\"bauer-icon-box clearfix icon-top align-center hover-style-1 simple\" style=\"background-color:#f7f9fa;padding:34px 25px 27px;border-radius:5px;border:1px solid #e7e7e7;\" ><div class=\"hover\" style=\"border-radius:5px;background-color:#000000;\"><\/div><div class=\"wrap-inner\" style=\"position: relative;\"><div class=\"image-wrap\" style=\"width:100px;\">\r\n\t\t\t\t<img decoding=\"async\" alt=\"image\" src=\"https:\/\/bioscanltd.com\/wp-content\/uploads\/2020\/07\/Fluid-Beds.png\" title=\"\">\r\n\t\t\t<\/div> <h3 class=\"heading \" style=\"font-size:20px;line-height:24px;margin-top:22px;margin-bottom:12px;\">\r\n\t\t\t<span>Flie\u00dfbetten<\/span>\r\n\t\t<\/h3> <div class=\"hover\" style=\"border-radius:5px;background-color:#000000;\"><\/div><\/div><\/div>[\/vc_column_inner][vc_column_inner width=&#8221;1\/3&#8243;]<div class=\"bauer-icon-box clearfix icon-top align-center hover-style-1 simple\" style=\"background-color:#f7f9fa;padding:34px 25px 27px;border-radius:5px;border:1px solid #e7e7e7;\" ><div class=\"hover\" style=\"border-radius:5px;background-color:#000000;\"><\/div><div class=\"wrap-inner\" style=\"position: relative;\"><div class=\"image-wrap\" style=\"width:50px;\">\r\n\t\t\t\t<img decoding=\"async\" alt=\"image\" src=\"https:\/\/bioscanltd.com\/wp-content\/uploads\/2020\/07\/Process-Tanks.png\" title=\"\">\r\n\t\t\t<\/div> <h3 class=\"heading \" style=\"font-size:20px;line-height:24px;margin-top:22px;margin-bottom:12px;\">\r\n\t\t\t<a href=\"https:\/\/bioscanltd.com\/services\/silo-tank-inspection\/\">\r\n\t\t\t\t<span>Prozessbeh\u00e4lter<\/span>\r\n\t\t\t<\/a>\r\n\t\t<\/h3> <div class=\"hover\" style=\"border-radius:5px;background-color:#000000;\"><\/div><\/div><\/div>\r\n\t<div class=\"bauer-spacer clearfix\" data-desktop=\"30\" data-mobi=\"30\" data-smobi=\"30\"><\/div><div class=\"bauer-icon-box clearfix icon-top align-center hover-style-1 simple\" style=\"background-color:#f7f9fa;padding:34px 25px 27px;border-radius:5px;border:1px solid #e7e7e7;\" ><div class=\"hover\" style=\"border-radius:5px;background-color:#000000;\"><\/div><div class=\"wrap-inner\" style=\"position: relative;\"><div class=\"image-wrap\" style=\"width:50px;\">\r\n\t\t\t\t<img decoding=\"async\" alt=\"image\" src=\"https:\/\/bioscanltd.com\/wp-content\/uploads\/2020\/07\/Air-Heaters.png\" title=\"\">\r\n\t\t\t<\/div> <h3 class=\"heading \" style=\"font-size:20px;line-height:24px;margin-top:22px;margin-bottom:12px;\">\r\n\t\t\t<span>Beutelfilter<\/span>\r\n\t\t<\/h3> <div class=\"hover\" style=\"border-radius:5px;background-color:#000000;\"><\/div><\/div><\/div>[\/vc_column_inner][vc_column_inner width=&#8221;1\/3&#8243;]<div class=\"bauer-icon-box clearfix icon-top align-center hover-style-1 simple\" style=\"background-color:#f7f9fa;padding:34px 25px 27px;border-radius:5px;border:1px solid #e7e7e7;\" ><div class=\"hover\" style=\"border-radius:5px;background-color:#000000;\"><\/div><div class=\"wrap-inner\" style=\"position: relative;\"><div class=\"image-wrap\" style=\"width:50px;\">\r\n\t\t\t\t<img decoding=\"async\" alt=\"image\" src=\"https:\/\/bioscanltd.com\/wp-content\/uploads\/2020\/07\/Cyclones0A.png\" title=\"\">\r\n\t\t\t<\/div> <h3 class=\"heading \" style=\"font-size:20px;line-height:24px;margin-top:22px;margin-bottom:12px;\">\r\n\t\t\t<a href=\"https:\/\/bioscanltd.com\/services\/cyclones-bag-filters-inspection\/\">\r\n\t\t\t\t<span>Zyklone<\/span>\r\n\t\t\t<\/a>\r\n\t\t<\/h3> <div class=\"hover\" style=\"border-radius:5px;background-color:#000000;\"><\/div><\/div><\/div>\r\n\t<div class=\"bauer-spacer clearfix\" data-desktop=\"30\" data-mobi=\"30\" data-smobi=\"30\"><\/div><div class=\"bauer-icon-box clearfix icon-top align-center hover-style-1 simple\" style=\"background-color:#f7f9fa;padding:34px 25px 27px;border-radius:5px;border:1px solid #e7e7e7;\" ><div class=\"hover\" style=\"border-radius:5px;background-color:#000000;\"><\/div><div class=\"wrap-inner\" style=\"position: relative;\"><div class=\"image-wrap\" style=\"width:100px;\">\r\n\t\t\t\t<img decoding=\"async\" alt=\"image\" src=\"https:\/\/bioscanltd.com\/wp-content\/uploads\/2020\/07\/Cheese-Vat.png\" title=\"\">\r\n\t\t\t<\/div> <h3 class=\"heading \" style=\"font-size:20px;line-height:24px;margin-top:22px;margin-bottom:12px;\">\r\n\t\t\t<span>K\u00e4sebottiche\/Tische<\/span>\r\n\t\t<\/h3> <div class=\"hover\" style=\"border-radius:5px;background-color:#000000;\"><\/div><\/div><\/div>[\/vc_column_inner][vc_column_inner]\r\n\t<div class=\"bauer-spacer clearfix\" data-desktop=\"60\" data-mobi=\"40\" data-smobi=\"40\"><\/div>[\/vc_column_inner][\/vc_row_inner][\/vc_column][\/vc_row][vc_row el_class=&#8221;custom-img-box&#8221;][vc_column]<div class=\"bauer-text clearfix text-center\" style=\"margin-bottom:40px;max-width:900px;margin-left: auto; margin-right: auto;\"><p>Das Ger\u00e4t verf\u00fcgt \u00fcber ein Mehrkanal-Scanningsystem, das ein schnelles und empfindlichesScannen gro\u00dfer Fl\u00e4chen erm\u00f6glicht. Au\u00dferdem ist ein Einkanal-Sondensystem angebracht, mit dem kleine Bereiche wie Ecken und Rohranschl\u00fcsse gescannt werden k\u00f6nnen.<\/p>\n<\/div>[\/vc_column][vc_column]\r\n\t<div class=\"bauer-spacer clearfix\" data-desktop=\"94\" data-mobi=\"60\" data-smobi=\"60\"><\/div>[\/vc_column][\/vc_row][vc_row css=&#8221;.vc_custom_1592302914879{background: #f7f9fa url(https:\/\/bioscanltd.com\/wp-content\/uploads\/2019\/05\/main-bg-3.png?id=8868) !important;}&#8221; el_id=&#8221;repairs&#8221;][vc_column]\r\n\t<div class=\"bauer-spacer clearfix\" data-desktop=\"94\" data-mobi=\"60\" data-smobi=\"60\"><\/div><h2 class=\"bauer-text clearfix \" style=\"\"><p>Reparaturen<\/p>\n<\/h2>[vc_row_inner el_class=&#8221;custom-img-box&#8221;][vc_column_inner width=&#8221;1\/3&#8243;]<div class=\"bauer-text clearfix \" style=\"margin-bottom:34px;\"><p>Wir f\u00fchren nicht nur komplette Risspr\u00fcfungen durch, sondern verf\u00fcgen auch \u00fcber ein Team hochqualifizierter und kompetenter Schwei\u00dfer, die alle Risse unter Einhaltung aller Hygienestandards reparieren. Anschlie\u00dfend pr\u00fcfen wir die reparierten Bereiche erneut, um sicherzustellen, dass keine weiteren Risse entstehen.<\/p>\n<\/div><div class=\"button-wrap icon-right\" style=\"\" ><a href=\"https:\/\/bioscanltd.com\/contact-us\/?lang=de\" target=\"_self\" class=\"bauer-button btn-1812126059 medium no_icon custom outline solid custom\" style=\"border-radius:30px;border-width:2px;\" data-background=\"\" data-border=\"\">\r\n\t\t<span style=\"\">Holen Sie sich ein Angebot <\/span>\r\n\t<\/a><\/div>[\/vc_column_inner][vc_column_inner el_class=&#8221;repair-section&#8221; width=&#8221;2\/3&#8243;]<div class=\"bauer-image-box clearfix style-1 \" style=\"\" >\r\n        <div class=\"item\">\r\n            <div class=\"inner\">\r\n                <div class=\"thumb\" style=\"\"><img loading=\"lazy\" decoding=\"async\" width=\"760\" height=\"204\" src=\"https:\/\/bioscanltd.com\/wp-content\/uploads\/1.png\" class=\"attachment-full size-full\" alt=\"5cm crack found in Industrial Chamber\" srcset=\"https:\/\/bioscanltd.com\/wp-content\/uploads\/1.png 760w, https:\/\/bioscanltd.com\/wp-content\/uploads\/1-300x81.png 300w, https:\/\/bioscanltd.com\/wp-content\/uploads\/1-640x172.png 640w, https:\/\/bioscanltd.com\/wp-content\/uploads\/1-480x129.png 480w\" sizes=\"auto, (max-width: 760px) 100vw, 760px\" title=\"\"> <\/div>\r\n                <div class=\"text-wrap \" style=\"\">\r\n                    <h4 class=\"title\" style=\"\">\r\n            5 cm gro\u00dfer Riss in der Spr\u00fchtrocknerkammer gefunden\r\n        <\/h4>  \r\n                <\/div>\r\n                \r\n            <\/div>\r\n        <\/div>\r\n    <\/div><div class=\"bauer-image-box clearfix style-1 \" style=\"\" >\r\n        <div class=\"item\">\r\n            <div class=\"inner\">\r\n                <div class=\"thumb\" style=\"\"><img loading=\"lazy\" decoding=\"async\" width=\"760\" height=\"204\" src=\"https:\/\/bioscanltd.com\/wp-content\/uploads\/2020\/06\/2.png\" class=\"attachment-full size-full\" alt=\"Crack repaired and polished by Bioscan\" srcset=\"https:\/\/bioscanltd.com\/wp-content\/uploads\/2020\/06\/2.png 760w, https:\/\/bioscanltd.com\/wp-content\/uploads\/2020\/06\/2-300x81.png 300w, https:\/\/bioscanltd.com\/wp-content\/uploads\/2020\/06\/2-640x172.png 640w, https:\/\/bioscanltd.com\/wp-content\/uploads\/2020\/06\/2-480x129.png 480w\" sizes=\"auto, (max-width: 760px) 100vw, 760px\" title=\"\"> <\/div>\r\n                <div class=\"text-wrap \" style=\"\">\r\n                    <h4 class=\"title\" style=\"\">\r\n            Riss repariert und poliert\r\n        <\/h4>  \r\n                <\/div>\r\n                \r\n            <\/div>\r\n        <\/div>\r\n    <\/div>\r\n\t<div class=\"bauer-spacer clearfix\" data-desktop=\"20\" data-mobi=\"20\" data-smobi=\"10\"><\/div><div class=\"bauer-text clearfix text-center\" style=\"font-size:18px;line-height:30px;color:#414042;\"><p>Vorher-Nachher-Beispiel von Rissen, die von gefunden und repariert wurden <a href=\"https:\/\/bioscanltd.com\/?lang=de\">Bioscan<\/a>:<\/p>\n<\/div>[\/vc_column_inner][\/vc_row_inner][\/vc_column][vc_column]\r\n\t<div class=\"bauer-spacer clearfix\" data-desktop=\"94\" data-mobi=\"60\" data-smobi=\"60\"><\/div>[\/vc_column][\/vc_row][vc_row css=&#8221;.vc_custom_1592551612839{background: #f7f9fa url(https:\/\/bioscanltd.com\/wp-content\/uploads\/2019\/05\/cons2-bg-2.png?id=8906) !important;background-position: center !important;background-repeat: no-repeat !important;background-size: cover !important;}&#8221; el_id=&#8221;reporting-certification&#8221;][vc_column]\r\n\t<div class=\"bauer-spacer clearfix\" data-desktop=\"100\" data-mobi=\"60\" data-smobi=\"60\"><\/div>[vc_row_inner][vc_column_inner width=&#8221;1\/2&#8243;]<div class=\"bauer-carousel-box arrow-style-1 arrow-center offsetcenter offset-v0 has-bullets arrow50\" data-auto=\"false\" data-loop=\"false\" data-gap=\"30\" data-column=\"1\" data-column2=\"1\" data-column3=\"1\">\r\n        <div class=\"owl-carousel owl-theme\"><div class=\"bauer-simple-image text-center\" style=\"\" >\r\n\t\t\t<img decoding=\"async\" alt=\"image\" src=\"https:\/\/bioscanltd.com\/wp-content\/uploads\/Report-page-demo.jpg\" title=\"\"> \r\n\t\t<\/div><div class=\"bauer-simple-image text-center\" style=\"\" >\r\n\t\t\t<img decoding=\"async\" alt=\"image\" src=\"https:\/\/bioscanltd.com\/wp-content\/uploads\/report-defects-demo.jpg\" title=\"\"> \r\n\t\t<\/div><div class=\"bauer-simple-image text-center\" style=\"\" >\r\n\t\t\t<img decoding=\"async\" alt=\"image\" src=\"https:\/\/bioscanltd.com\/wp-content\/uploads\/Certificate-demo-1.jpg\" title=\"\"> \r\n\t\t<\/div><\/div>\r\n\t<\/div>[\/vc_column_inner][vc_column_inner width=&#8221;1\/2&#8243;]\r\n\t<div class=\"bauer-spacer clearfix\" data-desktop=\"100\" data-mobi=\"60\" data-smobi=\"60\"><\/div><h2 class=\"bauer-text clearfix \" style=\"\"><p>Berichters und Zertifizierung<\/p>\n<\/h2><div class=\"bauer-text clearfix \" style=\"margin-bottom:34px;\"><p>Sie erhalten von uns einen vollst\u00e4ndigen, detaillierten Analysebericht zu Ihrem Beh\u00e4lter, einschlie\u00dflich Vorher-Nachher-Fotos der Risse, die wir identifiziert haben. Der Bericht enth\u00e4lt eine 2D-Zeichnung Ihres Beh\u00e4lters und die genaue Position aller Risse, sodass der Zustand des Beh\u00e4lters von Jahr zu Jahr verglichen werden kann..<\/p>\n<p>Sie erhalten ein Pr\u00fcfungszertifikat f\u00fcr Ihren Beh\u00e4lter, wenn die Voraussetzungen hierf\u00fcr erf\u00fcllt sind.<\/p>\n<\/div><div class=\"button-wrap icon-right\" style=\"\" ><a href=\"https:\/\/bioscanltd.com\/contact-us\/?lang=de\" target=\"_self\" class=\"bauer-button btn-615850695 medium no_icon custom outline solid custom\" style=\"border-radius:30px;border-width:2px;\" data-background=\"\" data-border=\"\">\r\n\t\t<span style=\"\">Holen Sie sich ein Angebot <\/span>\r\n\t<\/a><\/div>[\/vc_column_inner][\/vc_row_inner]\r\n\t<div class=\"bauer-spacer clearfix\" data-desktop=\"100\" data-mobi=\"50\" data-smobi=\"50\"><\/div>[\/vc_column][\/vc_row]<\/p>\n<\/section>","protected":false},"excerpt":{"rendered":"<p>[vc_row css=&#8221;.vc_custom_1590563651840{background-image: url(https:\/\/bioscanltd.com\/wp-content\/uploads\/2019\/05\/main-bg-1.png?id=8860) !important;background-position: center !important;background-repeat: no-repeat !important;background-size: cover !important;}&#8221; el_id=&#8221;first-row&#8221;][vc_column][vc_row_inner el_id=&#8221;magnerscan-crack-testing&#8221;][vc_column_inner el_class=&#8221;content-middle-section service-main-heading&#8221; width=&#8221;1\/2&#8243;][\/vc_column_inner][vc_column_inner el_class=&#8221;content-middle-section&#8221; width=&#8221;1\/2&#8243;][\/vc_column_inner][vc_column_inner][\/vc_column_inner][\/vc_row_inner][\/vc_column][\/vc_row][vc_row css=&#8221;.vc_custom_1592047153749{background-image: url(https:\/\/bioscanltd.com\/wp-content\/uploads\/2019\/05\/section-bg1-1.png?id=7977) !important;background-position: center !important;background-repeat: no-repeat !important;background-size: cover !important;}&#8221;][vc_column][vc_row_inner el_class=&#8221;main-service-icon main-service-icon-new&#8221;][vc_column_inner width=&#8221;1\/3&#8243;][\/vc_column_inner][vc_column_inner width=&#8221;1\/3&#8243;][\/vc_column_inner][vc_column_inner width=&#8221;1\/3&#8243;][\/vc_column_inner][vc_column_inner][\/vc_column_inner][\/vc_row_inner][\/vc_column][\/vc_row][vc_row el_class=&#8221;custom-img-box&#8221;][vc_column][\/vc_column][vc_column][\/vc_column][\/vc_row][vc_row css=&#8221;.vc_custom_1592302914879{background: #f7f9fa url(https:\/\/bioscanltd.com\/wp-content\/uploads\/2019\/05\/main-bg-3.png?id=8868) !important;}&#8221; el_id=&#8221;repairs&#8221;][vc_column][vc_row_inner el_class=&#8221;custom-img-box&#8221;][vc_column_inner width=&#8221;1\/3&#8243;][\/vc_column_inner][vc_column_inner el_class=&#8221;repair-section&#8221; width=&#8221;2\/3&#8243;][\/vc_column_inner][\/vc_row_inner][\/vc_column][vc_column][\/vc_column][\/vc_row][vc_row css=&#8221;.vc_custom_1592551612839{background: #f7f9fa url(https:\/\/bioscanltd.com\/wp-content\/uploads\/2019\/05\/cons2-bg-2.png?id=8906) !important;background-position: center !important;background-repeat: no-repeat !important;background-size: cover<\/p>\n","protected":false},"author":8,"featured_media":0,"parent":0,"menu_order":0,"comment_status":"closed","ping_status":"closed","template":"","meta":{"_acf_changed":false,"_monsterinsights_skip_tracking":false,"_monsterinsights_sitenote_active":false,"_monsterinsights_sitenote_note":"","_monsterinsights_sitenote_category":0,"footnotes":""},"class_list":["post-13194","page","type-page","status-publish","hentry"],"acf":[],"rttpg_featured_image_url":null,"rttpg_author":{"display_name":"Samuel Peppin - Managing Director at Bioscan Ltd","author_link":"https:\/\/bioscanltd.com\/de\/author\/samuel-peppin-managing-director-at-bioscan-ltd\/"},"rttpg_comment":0,"rttpg_category":" <a href=\"https:\/\/bioscanltd.com\/de\/?taxonomy=translation_priority&#038;term=optional-de\" rel=\"tag\">Optional<\/a>","rttpg_excerpt":"[vc_row css=&#8221;.vc_custom_1590563651840{background-image: url(https:\/\/bioscanltd.com\/wp-content\/uploads\/2019\/05\/main-bg-1.png?id=8860) !important;background-position: center !important;background-repeat: no-repeat !important;background-size: cover !important;}&#8221; el_id=&#8221;first-row&#8221;][vc_column][vc_row_inner el_id=&#8221;magnerscan-crack-testing&#8221;][vc_column_inner el_class=&#8221;content-middle-section service-main-heading&#8221; width=&#8221;1\/2&#8243;][\/vc_column_inner][vc_column_inner el_class=&#8221;content-middle-section&#8221; width=&#8221;1\/2&#8243;][\/vc_column_inner][vc_column_inner][\/vc_column_inner][\/vc_row_inner][\/vc_column][\/vc_row][vc_row css=&#8221;.vc_custom_1592047153749{background-image: url(https:\/\/bioscanltd.com\/wp-content\/uploads\/2019\/05\/section-bg1-1.png?id=7977) !important;background-position: center !important;background-repeat: no-repeat !important;background-size: cover !important;}&#8221;][vc_column][vc_row_inner el_class=&#8221;main-service-icon main-service-icon-new&#8221;][vc_column_inner width=&#8221;1\/3&#8243;][\/vc_column_inner][vc_column_inner width=&#8221;1\/3&#8243;][\/vc_column_inner][vc_column_inner width=&#8221;1\/3&#8243;][\/vc_column_inner][vc_column_inner][\/vc_column_inner][\/vc_row_inner][\/vc_column][\/vc_row][vc_row el_class=&#8221;custom-img-box&#8221;][vc_column][\/vc_column][vc_column][\/vc_column][\/vc_row][vc_row css=&#8221;.vc_custom_1592302914879{background: #f7f9fa url(https:\/\/bioscanltd.com\/wp-content\/uploads\/2019\/05\/main-bg-3.png?id=8868) !important;}&#8221; el_id=&#8221;repairs&#8221;][vc_column][vc_row_inner el_class=&#8221;custom-img-box&#8221;][vc_column_inner width=&#8221;1\/3&#8243;][\/vc_column_inner][vc_column_inner el_class=&#8221;repair-section&#8221; width=&#8221;2\/3&#8243;][\/vc_column_inner][\/vc_row_inner][\/vc_column][vc_column][\/vc_column][\/vc_row][vc_row css=&#8221;.vc_custom_1592551612839{background: #f7f9fa url(https:\/\/bioscanltd.com\/wp-content\/uploads\/2019\/05\/cons2-bg-2.png?id=8906) !important;background-position: center !important;background-repeat: no-repeat !important;background-size: cover","_links":{"self":[{"href":"https:\/\/bioscanltd.com\/de\/wp-json\/wp\/v2\/pages\/13194","targetHints":{"allow":["GET"]}}],"collection":[{"href":"https:\/\/bioscanltd.com\/de\/wp-json\/wp\/v2\/pages"}],"about":[{"href":"https:\/\/bioscanltd.com\/de\/wp-json\/wp\/v2\/types\/page"}],"author":[{"embeddable":true,"href":"https:\/\/bioscanltd.com\/de\/wp-json\/wp\/v2\/users\/8"}],"replies":[{"embeddable":true,"href":"https:\/\/bioscanltd.com\/de\/wp-json\/wp\/v2\/comments?post=13194"}],"version-history":[{"count":5,"href":"https:\/\/bioscanltd.com\/de\/wp-json\/wp\/v2\/pages\/13194\/revisions"}],"predecessor-version":[{"id":13227,"href":"https:\/\/bioscanltd.com\/de\/wp-json\/wp\/v2\/pages\/13194\/revisions\/13227"}],"wp:attachment":[{"href":"https:\/\/bioscanltd.com\/de\/wp-json\/wp\/v2\/media?parent=13194"}],"curies":[{"name":"wp","href":"https:\/\/api.w.org\/{rel}","templated":true}]}}