{"id":13232,"date":"2024-12-16T06:59:15","date_gmt":"2024-12-16T06:59:15","guid":{"rendered":"https:\/\/bioscanltd.com\/our-services\/spray-dryer\/"},"modified":"2026-02-18T06:29:47","modified_gmt":"2026-02-18T06:29:47","slug":"spruhtrockner","status":"publish","type":"page","link":"https:\/\/bioscanltd.com\/de\/unser-dienstleistungsangebot\/spruhtrockner\/","title":{"rendered":"Spr\u00fchtrockner"},"content":{"rendered":"<section class=\"wpb-content-wrapper\"><p>[vc_row][vc_column][vc_row_inner][vc_column_inner width=&#8221;1\/2&#8243;]<h2 class=\"bauer-text clearfix \" style=\"\"><p>Warum Inspektionen von Spr\u00fchtrocknern durchf\u00fchren?<\/p>\n<\/h2><div class=\"bauer-text clearfix \" style=\"\"><p>Bei allen Spr\u00fchtrocknern treten im Laufe ihrer Lebensdauer Risse und Defekte der Schwei\u00dfn\u00e4hte des Edelstahls oder im Blech selbst auf. Die Ursache hierf\u00fcr ist, dass Trockner w\u00e4hrend des Betriebs einer Vielzahl mechanischer und chemischer Einfl\u00fcsse ausgesetzt sind..<\/p>\n<p><span style=\"font-weight: 400;\">Regelm\u00e4\u00dfige Inspektionen der Spr\u00fchtrockner sind aus mehreren Gr\u00fcnden wichtig;<\/span><\/p>\n<ul>\n<li style=\"font-weight: 400;\" aria-level=\"1\"><span style=\"font-weight: 400;\">Eine wiederholte Verringerung oder gleichbleibende Anzahl vorhandener Risse senkt das Potenzial f\u00fcr Bakterienwachstum und m\u00f6gliche Kreuzkontaminationen. Das verbessert die Sicherheit des Produkts und die Sicherheit f\u00fcr den Endverbrauchers. <\/span><\/li>\n<li style=\"font-weight: 400;\" aria-level=\"1\"><span style=\"font-weight: 400;\">Regelm\u00e4\u00dfige Inspektionen im j\u00e4hrlichen\/zweij\u00e4hrlichen Abstand k\u00f6nnen die Lebensdauer der Anlage verl\u00e4ngern, da so Risse und Defekte fr\u00fchzeitig erkannt werden, bevor sie unter Umst\u00e4nden gr\u00f6\u00dfere Probleme verursachen.<\/span><\/li>\n<li style=\"font-weight: 400;\" aria-level=\"1\"><span style=\"font-weight: 400;\">So werden l\u00e4ngere Standzeiten vermieden, wenn gr\u00f6\u00dfere Korrekturma\u00dfnahmen erforderlich sind, wie das Ausschneiden und Ersetzen bestimmter Bereiche oder ein vollst\u00e4ndiger Austausch.<\/span><\/li>\n<li style=\"font-weight: 400;\" aria-level=\"1\"><span style=\"font-weight: 400;\">Berichte und Zertifizierungsunterlagen, die nach der Inspektion ausgestellt werden, sind mit den Anforderungen interner und externer Audits konform und st\u00e4rken das Vertrauen Ihrer Kunden in die Prozesse und Verfahren Ihres Unternehmens.<\/span><\/li>\n<\/ul>\n<\/div>[\/vc_column_inner][vc_column_inner width=&#8221;1\/2&#8243;]<div class=\"bauer-simple-image text-center\" style=\"\" >\r\n\t\t\t<img decoding=\"async\" alt=\"image\" src=\"https:\/\/bioscanltd.com\/wp-content\/uploads\/Spray_Dryer_Service_Image_1.jpg\" title=\"\"> \r\n\t\t<\/div>[\/vc_column_inner][\/vc_row_inner]\r\n\t<div class=\"bauer-spacer clearfix\" data-desktop=\"30\" data-mobi=\"20\" data-smobi=\"20\"><\/div>[vc_row_inner][vc_column_inner][vc_column_text]<\/p>\n<div class=\"custom-cta\">\n<h2>Suchen Sie nach einem Service f\u00fcr die Inspektion von Spr\u00fchtrocknern?<\/h2>\n<p>Hinterlassen Sie Ihre Angebotsanfrage &amp; Unser Experte wird sich in K\u00fcrze mit Ihnen in Verbindung setzen.<\/p>\n<p><a class=\"btn btn-outline cta-btn\" href=\"https:\/\/bioscanltd.com\/de\/contact-us\/?lang=de\" target=\"_blank\" rel=\"noopener\">Holen Sie sich ein Angebot<\/a><\/p>\n<\/div>\n<p>[\/vc_column_text][\/vc_column_inner][\/vc_row_inner][vc_row_inner][vc_column_inner]\r\n\t<div class=\"bauer-spacer clearfix\" data-desktop=\"100\" data-mobi=\"60\" data-smobi=\"60\"><\/div>[\/vc_column_inner][\/vc_row_inner][\/vc_column][\/vc_row][vc_row css=&#8221;.vc_custom_1678366395278{background: #f7f9fa url(https:\/\/bioscanltd.com\/wp-content\/uploads\/2019\/05\/cons2-bg-2.png?id=8906) !important;}&#8221;][vc_column]\r\n\t<div class=\"bauer-spacer clearfix\" data-desktop=\"94\" data-mobi=\"60\" data-smobi=\"60\"><\/div>[vc_row_inner][vc_column_inner width=&#8221;1\/2&#8243;]<div class=\"bauer-simple-image text-center\" style=\"\" >\r\n\t\t\t<img decoding=\"async\" alt=\"image\" src=\"https:\/\/bioscanltd.com\/wp-content\/uploads\/Spray_Dryer_Service_Image_2.jpg\" title=\"\"> \r\n\t\t<\/div>[\/vc_column_inner][vc_column_inner width=&#8221;1\/2&#8243;]<h2 class=\"bauer-text clearfix \" style=\"\"><p>Verfahren zur Pr\u00fcfung und Inspektion von Rissen in Spr\u00fchtrocknern<\/p>\n<\/h2><div class=\"bauer-text clearfix \" style=\"\"><p>Die vollst\u00e4ndige \u00dcberpr\u00fcfung eines Spr\u00fchtrockners, einschlie\u00dflich Reparaturen, kann innerhalb von 24\/48 Stunden durchgef\u00fchrt werden. So blieben Ihre Betriebsunterbrechungen so kurz wie m\u00f6glich, und Ihre Produktion kann schnell wieder anlaufen. *<\/p>\n<ul>\n<li style=\"font-weight: 400;\" aria-level=\"1\"><span style=\"font-weight: 400;\"><span>Bei <a href=\"https:\/\/bioscanltd.com\/?lang=de\">Bioscan<\/a>, w\u00e4hlt die beste Zugangsmethode aus.<\/span> Wir setzen dann unsere speziell angefertigte Arbeitsb\u00fchne, Seiltechnik, Leitern oder beliebige Kombinationen unserer Arbeitsmittel ein. Es ist also kein Arbeitsger\u00fcst erforderlich, und die Techniker von Bioscan k\u00f6nnen das Projekt schnell und effizient durchf\u00fchren. <\/span><\/li>\n<li style=\"font-weight: 400;\" aria-level=\"1\"><span style=\"font-weight: 400;\">Vollst\u00e4ndige Inspektion der Oberfl\u00e4che mithilfe der elektromagnetischen Scantechnologie von Bioscan. Mit dieser Technologie k\u00f6nnen wir nicht sichtbare Risse\/Defekte erkennen, daf\u00fcr sind weder Farbstoffe noch Chemikalien erforderlich. Wir bieten damit eine sauberere und genauere Pr\u00fcfmethode an als unsere Konkurrenten. <\/span><\/li>\n<li style=\"font-weight: 400;\" aria-level=\"1\"><span style=\"font-weight: 400;\">Unsere hochqualifizierten und kompetenten Schwei\u00dfer f\u00fchren die erforderlichen Reparatur- und Polierarbeiten durch, um die lebensmittelrechtlichen Standards zu erf\u00fcllen (Kunden k\u00f6nnen auch ihre eigenen Schwei\u00dfer im Werk oder aus der Region beauftragen)<\/span><\/li>\n<li style=\"font-weight: 400;\" aria-level=\"1\"><span style=\"font-weight: 400;\">Erneute Inspektion aller instandgesetzten Bereiche. Das ist von entscheidender Bedeutung, um sicherzustellen, dass nach dem Schwei\u00df- und Polierprozess keine weiteren Risse\/Defekte in der W\u00e4rmeeinflusszone (WEZ) aufgetreten sind.<\/span><\/li>\n<li style=\"font-weight: 400;\" aria-level=\"1\"><span style=\"font-weight: 400;\">Entfernung aller Werkzeuge\/Ausr\u00fcstungen aus dem Spr\u00fchtrockner und R\u00fcckgabe an den<br \/>\nKunden f\u00fcr KVP und Produktion.<\/span><\/li>\n<\/ul>\n<p><span style=\"font-weight: 400;\">*(je nach den durchzuf\u00fchrenden Reparaturarbeiten kann zus\u00e4tzliche Zeit erforderlich sein)<\/span><\/p>\n<\/div>\r\n\t<div class=\"bauer-spacer clearfix\" data-desktop=\"30\" data-mobi=\"20\" data-smobi=\"20\"><\/div>[\/vc_column_inner][\/vc_row_inner][vc_row_inner][vc_column_inner]\r\n\t<div class=\"bauer-spacer clearfix\" data-desktop=\"100\" data-mobi=\"60\" data-smobi=\"60\"><\/div>[\/vc_column_inner][\/vc_row_inner][vc_row_inner][vc_column_inner width=&#8221;1\/2&#8243;]<h2 class=\"bauer-text clearfix \" style=\"\"><p>Inspektion und Reparatur von Flie\u00dfbettsystemen<\/p>\n<\/h2><div class=\"bauer-text clearfix \" style=\"\"><p>Zus\u00e4tzlich zu den Spr\u00fchtrocknern kann Bioscan auch die oberen und unteren Kammern der Flie\u00dfbetten inspizieren und reparieren, die kritische Komponenten des gesamten Trocknungssystems sind.<\/p>\n<\/div>\r\n\t<div class=\"bauer-spacer clearfix\" data-desktop=\"30\" data-mobi=\"20\" data-smobi=\"20\"><\/div>[\/vc_column_inner][vc_column_inner width=&#8221;1\/2&#8243;]<div class=\"bauer-simple-image text-center\" style=\"\" >\r\n\t\t\t<img decoding=\"async\" alt=\"image\" src=\"https:\/\/bioscanltd.com\/wp-content\/uploads\/Fluid-Bed-Inspection-repair.png\" title=\"\"> \r\n\t\t<\/div>[\/vc_column_inner][\/vc_row_inner][\/vc_column][\/vc_row]<\/p>\n<\/section>","protected":false},"excerpt":{"rendered":"<p>[vc_row][vc_column][vc_row_inner][vc_column_inner width=&#8221;1\/2&#8243;][\/vc_column_inner][vc_column_inner width=&#8221;1\/2&#8243;][\/vc_column_inner][\/vc_row_inner][vc_row_inner][vc_column_inner][vc_column_text] Suchen Sie nach einem Service f\u00fcr die Inspektion von Spr\u00fchtrocknern? Hinterlassen Sie Ihre Angebotsanfrage &amp; Unser Experte wird sich in K\u00fcrze mit Ihnen in Verbindung setzen. Holen Sie sich ein Angebot [\/vc_column_text][\/vc_column_inner][\/vc_row_inner][vc_row_inner][vc_column_inner][\/vc_column_inner][\/vc_row_inner][\/vc_column][\/vc_row][vc_row css=&#8221;.vc_custom_1678366395278{background: #f7f9fa url(https:\/\/bioscanltd.com\/wp-content\/uploads\/2019\/05\/cons2-bg-2.png?id=8906) !important;}&#8221;][vc_column][vc_row_inner][vc_column_inner width=&#8221;1\/2&#8243;][\/vc_column_inner][vc_column_inner width=&#8221;1\/2&#8243;][\/vc_column_inner][\/vc_row_inner][vc_row_inner][vc_column_inner][\/vc_column_inner][\/vc_row_inner][vc_row_inner][vc_column_inner width=&#8221;1\/2&#8243;][\/vc_column_inner][vc_column_inner width=&#8221;1\/2&#8243;][\/vc_column_inner][\/vc_row_inner][\/vc_column][\/vc_row]<\/p>\n","protected":false},"author":8,"featured_media":12786,"parent":13194,"menu_order":0,"comment_status":"closed","ping_status":"closed","template":"","meta":{"_acf_changed":false,"_monsterinsights_skip_tracking":false,"_monsterinsights_sitenote_active":false,"_monsterinsights_sitenote_note":"","_monsterinsights_sitenote_category":0,"footnotes":""},"class_list":["post-13232","page","type-page","status-publish","has-post-thumbnail","hentry"],"acf":[],"rttpg_featured_image_url":{"full":["https:\/\/bioscanltd.com\/wp-content\/uploads\/Spray_Dryer_Service_Image_1-1-1.webp",1749,1536,false],"landscape":["https:\/\/bioscanltd.com\/wp-content\/uploads\/Spray_Dryer_Service_Image_1-1-1.webp",1749,1536,false],"portraits":["https:\/\/bioscanltd.com\/wp-content\/uploads\/Spray_Dryer_Service_Image_1-1-1.webp",1749,1536,false],"thumbnail":["https:\/\/bioscanltd.com\/wp-content\/uploads\/Spray_Dryer_Service_Image_1-1-1-150x150.webp",150,150,true],"medium":["https:\/\/bioscanltd.com\/wp-content\/uploads\/Spray_Dryer_Service_Image_1-1-1-300x263.webp",300,263,true],"large":["https:\/\/bioscanltd.com\/wp-content\/uploads\/Spray_Dryer_Service_Image_1-1-1-1024x899.webp",1024,899,true],"rpg_gallery_admin_thumb":["https:\/\/bioscanltd.com\/wp-content\/uploads\/Spray_Dryer_Service_Image_1-1-1-150x150.webp",150,150,true],"rpg_gallery_thumb":["https:\/\/bioscanltd.com\/wp-content\/uploads\/Spray_Dryer_Service_Image_1-1-1-150x150.webp",150,150,true],"1536x1536":["https:\/\/bioscanltd.com\/wp-content\/uploads\/Spray_Dryer_Service_Image_1-1-1-1536x1349.webp",1536,1349,true],"2048x2048":["https:\/\/bioscanltd.com\/wp-content\/uploads\/Spray_Dryer_Service_Image_1-1-1.webp",1749,1536,false],"bauer-square":["https:\/\/bioscanltd.com\/wp-content\/uploads\/Spray_Dryer_Service_Image_1-1-1-600x600.webp",600,600,true],"bauer-rectangle":["https:\/\/bioscanltd.com\/wp-content\/uploads\/Spray_Dryer_Service_Image_1-1-1-600x500.webp",600,500,true],"bauer-rectangle1":["https:\/\/bioscanltd.com\/wp-content\/uploads\/Spray_Dryer_Service_Image_1-1-1-425x570.webp",425,570,true],"bauer-rectangle2":["https:\/\/bioscanltd.com\/wp-content\/uploads\/Spray_Dryer_Service_Image_1-1-1-450x528.webp",450,528,true],"bauer-rectangle3":["https:\/\/bioscanltd.com\/wp-content\/uploads\/Spray_Dryer_Service_Image_1-1-1-470x430.webp",470,430,true],"bauer-rectangle4":["https:\/\/bioscanltd.com\/wp-content\/uploads\/Spray_Dryer_Service_Image_1-1-1-480x600.webp",480,600,true],"bauer-medium-auto":["https:\/\/bioscanltd.com\/wp-content\/uploads\/Spray_Dryer_Service_Image_1-1-1-870x764.webp",870,764,true],"bauer-small-auto":["https:\/\/bioscanltd.com\/wp-content\/uploads\/Spray_Dryer_Service_Image_1-1-1-640x562.webp",640,562,true],"bauer-xsmall-auto":["https:\/\/bioscanltd.com\/wp-content\/uploads\/Spray_Dryer_Service_Image_1-1-1-480x422.webp",480,422,true],"bauer-post-standard":["https:\/\/bioscanltd.com\/wp-content\/uploads\/Spray_Dryer_Service_Image_1-1-1-770x350.webp",770,350,true],"bauer-post-related":["https:\/\/bioscanltd.com\/wp-content\/uploads\/Spray_Dryer_Service_Image_1-1-1-558x410.webp",558,410,true],"bauer-post-widget":["https:\/\/bioscanltd.com\/wp-content\/uploads\/Spray_Dryer_Service_Image_1-1-1-140x140.webp",140,140,true]},"rttpg_author":{"display_name":"Samuel Peppin - Managing Director at Bioscan Ltd","author_link":"https:\/\/bioscanltd.com\/de\/author\/samuel-peppin-managing-director-at-bioscan-ltd\/"},"rttpg_comment":0,"rttpg_category":" <a href=\"https:\/\/bioscanltd.com\/de\/?taxonomy=translation_priority&#038;term=optional-de\" rel=\"tag\">Optional<\/a>","rttpg_excerpt":"[vc_row][vc_column][vc_row_inner][vc_column_inner width=&#8221;1\/2&#8243;][\/vc_column_inner][vc_column_inner width=&#8221;1\/2&#8243;][\/vc_column_inner][\/vc_row_inner][vc_row_inner][vc_column_inner][vc_column_text] Suchen Sie nach einem Service f\u00fcr die Inspektion von Spr\u00fchtrocknern? Hinterlassen Sie Ihre Angebotsanfrage &amp; Unser Experte wird sich in K\u00fcrze mit Ihnen in Verbindung setzen. Holen Sie sich ein Angebot [\/vc_column_text][\/vc_column_inner][\/vc_row_inner][vc_row_inner][vc_column_inner][\/vc_column_inner][\/vc_row_inner][\/vc_column][\/vc_row][vc_row css=&#8221;.vc_custom_1678366395278{background: #f7f9fa url(https:\/\/bioscanltd.com\/wp-content\/uploads\/2019\/05\/cons2-bg-2.png?id=8906) !important;}&#8221;][vc_column][vc_row_inner][vc_column_inner width=&#8221;1\/2&#8243;][\/vc_column_inner][vc_column_inner width=&#8221;1\/2&#8243;][\/vc_column_inner][\/vc_row_inner][vc_row_inner][vc_column_inner][\/vc_column_inner][\/vc_row_inner][vc_row_inner][vc_column_inner width=&#8221;1\/2&#8243;][\/vc_column_inner][vc_column_inner width=&#8221;1\/2&#8243;][\/vc_column_inner][\/vc_row_inner][\/vc_column][\/vc_row]","_links":{"self":[{"href":"https:\/\/bioscanltd.com\/de\/wp-json\/wp\/v2\/pages\/13232","targetHints":{"allow":["GET"]}}],"collection":[{"href":"https:\/\/bioscanltd.com\/de\/wp-json\/wp\/v2\/pages"}],"about":[{"href":"https:\/\/bioscanltd.com\/de\/wp-json\/wp\/v2\/types\/page"}],"author":[{"embeddable":true,"href":"https:\/\/bioscanltd.com\/de\/wp-json\/wp\/v2\/users\/8"}],"replies":[{"embeddable":true,"href":"https:\/\/bioscanltd.com\/de\/wp-json\/wp\/v2\/comments?post=13232"}],"version-history":[{"count":5,"href":"https:\/\/bioscanltd.com\/de\/wp-json\/wp\/v2\/pages\/13232\/revisions"}],"predecessor-version":[{"id":13465,"href":"https:\/\/bioscanltd.com\/de\/wp-json\/wp\/v2\/pages\/13232\/revisions\/13465"}],"up":[{"embeddable":true,"href":"https:\/\/bioscanltd.com\/de\/wp-json\/wp\/v2\/pages\/13194"}],"wp:featuredmedia":[{"embeddable":true,"href":"https:\/\/bioscanltd.com\/de\/wp-json\/wp\/v2\/media\/12786"}],"wp:attachment":[{"href":"https:\/\/bioscanltd.com\/de\/wp-json\/wp\/v2\/media?parent=13232"}],"curies":[{"name":"wp","href":"https:\/\/api.w.org\/{rel}","templated":true}]}}