{"id":13246,"date":"2024-12-16T07:25:37","date_gmt":"2024-12-16T07:25:37","guid":{"rendered":"https:\/\/bioscanltd.com\/our-services\/silo-and-tank-inspection\/"},"modified":"2026-02-18T06:27:47","modified_gmt":"2026-02-18T06:27:47","slug":"inspektion-von-silos-und-tanks","status":"publish","type":"page","link":"https:\/\/bioscanltd.com\/de\/unser-dienstleistungsangebot\/inspektion-von-silos-und-tanks\/","title":{"rendered":"Inspektion von Silos und Tanks"},"content":{"rendered":"<section class=\"wpb-content-wrapper\"><p>[vc_row][vc_column][vc_row_inner][vc_column_inner width=&#8221;1\/2&#8243;]<h2 class=\"bauer-text clearfix \" style=\"\"><p>Risspr\u00fcfung und Inspektion von Tanks und Silos<\/p>\n<\/h2><div class=\"bauer-text clearfix \" style=\"\"><p>In der Vergangenheit war der Zugang zu Tanks oder Silos f\u00fcr Inspektions- und Reparaturzwecke nur mithilfe von Ger\u00fcsten m\u00f6glich. Das war eine zeitaufw\u00e4ndige und kostspielige Aufgabe. Heute jedoch kann <a href=\"https:\/\/bioscanltd.com\/de\/\">Bioscan<\/a> diese Aufgabe innerhalb von Stunden mit Hilfe vonSeilzugangstechniken bei Durchmessern bis zu 4 m oder mit unserem einzigartigen\u00a0 Seilzugangsbalken bei Durchmessern \u00fcber 4 m durchf\u00fchren. So werden Ihre Standzeiten auf ein Minimum reduziert und Sie k\u00f6nnen die Produktion schnell wieder starten.<\/p>\n<p>Unsere Spezialisten f\u00fcr seilunterst\u00fctzten Zugang bereiten die Seilsysteme an der Au\u00dfenseit edes Tanks entweder mit Hilfe einer Dreibeinstruktur oder an den vorhandenen Anschlagpunkten vor. Das erm\u00f6glicht sichere Arbeitsbedingungen und bei Bedarf die Durchf\u00fchrung von Rettungsma\u00dfnahmen. Der Seilzugangsbalken wurde speziell f\u00fcr den Einbau in Sch\u00e4chte entwickelt und kann schnell auf die gew\u00fcnschte Breite eingestellt werden.<\/p>\n<p>Unsere Techniker f\u00fchren eine vollst\u00e4ndige Inspektion und eventuell erforderliche Schwei\u00dfreparaturen\/Polieren durch. Nach Abschluss der Reparaturen f\u00fchrt Bioscan eine erneute Inspektion der reparierten Bereiche durch, um sicherzustellen, dass in der W\u00e4rmeeinflusszone (WEZ) keine weiteren Risse\/M\u00e4ngel entstanden sind.<\/p>\n<\/div>[\/vc_column_inner][vc_column_inner width=&#8221;1\/2&#8243;]<div class=\"bauer-simple-image text-center\" style=\"\" >\r\n\t\t\t<img decoding=\"async\" alt=\"image\" src=\"https:\/\/bioscanltd.com\/wp-content\/uploads\/rigging-setup.jpg\" title=\"\"> \r\n\t\t<\/div>[\/vc_column_inner][\/vc_row_inner]\r\n\t<div class=\"bauer-spacer clearfix\" data-desktop=\"30\" data-mobi=\"20\" data-smobi=\"20\"><\/div>[vc_row_inner][vc_column_inner][vc_column_text]<\/p>\n<div class=\"custom-cta\">\n<h2>Suchen Sie nach einem Service f\u00fcr die Inspektion von Spr\u00fchtrocknern?<\/h2>\n<p>Hinterlassen Sie Ihre Angebotsanfrage &amp; Unser Experte wird sich in K\u00fcrze mit Ihnen in Verbindung setzen.<\/p>\n<p><a class=\"btn btn-outline cta-btn\" href=\"https:\/\/bioscanltd.com\/de\/contact-us\/?lang=de\" target=\"_blank\" rel=\"noopener\">Holen Sie sich ein Angebot<\/a><\/p>\n<\/div>\n<p>[\/vc_column_text][\/vc_column_inner][\/vc_row_inner][vc_row_inner][vc_column_inner]\r\n\t<div class=\"bauer-spacer clearfix\" data-desktop=\"100\" data-mobi=\"60\" data-smobi=\"60\"><\/div>[\/vc_column_inner][\/vc_row_inner][\/vc_column][\/vc_row][vc_row css=&#8221;.vc_custom_1678366395278{background: #f7f9fa url(https:\/\/bioscanltd.com\/wp-content\/uploads\/2019\/05\/cons2-bg-2.png?id=8906) !important;}&#8221;][vc_column]\r\n\t<div class=\"bauer-spacer clearfix\" data-desktop=\"94\" data-mobi=\"60\" data-smobi=\"60\"><\/div>[vc_row_inner][vc_column_inner width=&#8221;1\/2&#8243;]<div class=\"bauer-simple-image text-center\" style=\"\" >\r\n\t\t\t<img decoding=\"async\" alt=\"image\" src=\"https:\/\/bioscanltd.com\/wp-content\/uploads\/Rope-Access-Beam-2.jpg\" title=\"\"> \r\n\t\t<\/div>[\/vc_column_inner][vc_column_inner width=&#8221;1\/2&#8243;]<div class=\"bauer-simple-image text-center\" style=\"\" >\r\n\t\t\t<img decoding=\"async\" alt=\"image\" src=\"https:\/\/bioscanltd.com\/wp-content\/uploads\/Rope-Access-Beam-2-1.jpg\" title=\"\"> \r\n\t\t<\/div>[\/vc_column_inner][\/vc_row_inner]\r\n\t<div class=\"bauer-spacer clearfix\" data-desktop=\"94\" data-mobi=\"60\" data-smobi=\"60\"><\/div><div class=\"bauer-text clearfix \" style=\"\"><p>Wir stellen sicher, dass alle Werkzeuge\/Ausr\u00fcstungen aus dem Tank\/Silo entfernt werden, bevor wir ihn dem Kunden zur KVP und Produktion zur\u00fcckgeben.<\/p>\n<p>Anmerkung: Je nach den im Tank\/Silo durchzuf\u00fchrenden Reparaturarbeiten kann die Reparatur zus\u00e4tzlich Zeit in Anspruch nehmen.<\/p>\n<p>Kontaktieren Sie uns, wenn Sie weitere Informationen w\u00fcnschen oder einen Termin f\u00fcr dieInspektion von Silos\/Tanks mit Bioscan, Ihrem zuverl\u00e4ssigen Inspektionsunternehmen, vereinbaren m\u00f6chten.<\/p>\n<\/div>[vc_row_inner][vc_column_inner]\r\n\t<div class=\"bauer-spacer clearfix\" data-desktop=\"100\" data-mobi=\"60\" data-smobi=\"60\"><\/div>[\/vc_column_inner][\/vc_row_inner][\/vc_column][\/vc_row]<\/p>\n<\/section>","protected":false},"excerpt":{"rendered":"<p>[vc_row][vc_column][vc_row_inner][vc_column_inner width=&#8221;1\/2&#8243;][\/vc_column_inner][vc_column_inner width=&#8221;1\/2&#8243;][\/vc_column_inner][\/vc_row_inner][vc_row_inner][vc_column_inner][vc_column_text] Suchen Sie nach einem Service f\u00fcr die Inspektion von Spr\u00fchtrocknern? Hinterlassen Sie Ihre Angebotsanfrage &amp; Unser Experte wird sich in K\u00fcrze mit Ihnen in Verbindung setzen. Holen Sie sich ein Angebot [\/vc_column_text][\/vc_column_inner][\/vc_row_inner][vc_row_inner][vc_column_inner][\/vc_column_inner][\/vc_row_inner][\/vc_column][\/vc_row][vc_row css=&#8221;.vc_custom_1678366395278{background: #f7f9fa url(https:\/\/bioscanltd.com\/wp-content\/uploads\/2019\/05\/cons2-bg-2.png?id=8906) !important;}&#8221;][vc_column][vc_row_inner][vc_column_inner width=&#8221;1\/2&#8243;][\/vc_column_inner][vc_column_inner width=&#8221;1\/2&#8243;][\/vc_column_inner][\/vc_row_inner][vc_row_inner][vc_column_inner][\/vc_column_inner][\/vc_row_inner][\/vc_column][\/vc_row]<\/p>\n","protected":false},"author":8,"featured_media":12826,"parent":13194,"menu_order":0,"comment_status":"closed","ping_status":"closed","template":"","meta":{"_acf_changed":false,"_monsterinsights_skip_tracking":false,"_monsterinsights_sitenote_active":false,"_monsterinsights_sitenote_note":"","_monsterinsights_sitenote_category":0,"footnotes":""},"class_list":["post-13246","page","type-page","status-publish","has-post-thumbnail","hentry"],"acf":[],"rttpg_featured_image_url":{"full":["https:\/\/bioscanltd.com\/wp-content\/uploads\/Rope-Access-Beam-2-1.webp",768,883,false],"landscape":["https:\/\/bioscanltd.com\/wp-content\/uploads\/Rope-Access-Beam-2-1.webp",768,883,false],"portraits":["https:\/\/bioscanltd.com\/wp-content\/uploads\/Rope-Access-Beam-2-1.webp",768,883,false],"thumbnail":["https:\/\/bioscanltd.com\/wp-content\/uploads\/Rope-Access-Beam-2-1-150x150.webp",150,150,true],"medium":["https:\/\/bioscanltd.com\/wp-content\/uploads\/Rope-Access-Beam-2-1-261x300.webp",261,300,true],"large":["https:\/\/bioscanltd.com\/wp-content\/uploads\/Rope-Access-Beam-2-1.webp",768,883,false],"rpg_gallery_admin_thumb":["https:\/\/bioscanltd.com\/wp-content\/uploads\/Rope-Access-Beam-2-1-150x150.webp",150,150,true],"rpg_gallery_thumb":["https:\/\/bioscanltd.com\/wp-content\/uploads\/Rope-Access-Beam-2-1-150x150.webp",150,150,true],"1536x1536":["https:\/\/bioscanltd.com\/wp-content\/uploads\/Rope-Access-Beam-2-1.webp",768,883,false],"2048x2048":["https:\/\/bioscanltd.com\/wp-content\/uploads\/Rope-Access-Beam-2-1.webp",768,883,false],"bauer-square":["https:\/\/bioscanltd.com\/wp-content\/uploads\/Rope-Access-Beam-2-1-600x600.webp",600,600,true],"bauer-rectangle":["https:\/\/bioscanltd.com\/wp-content\/uploads\/Rope-Access-Beam-2-1-600x500.webp",600,500,true],"bauer-rectangle1":["https:\/\/bioscanltd.com\/wp-content\/uploads\/Rope-Access-Beam-2-1-425x570.webp",425,570,true],"bauer-rectangle2":["https:\/\/bioscanltd.com\/wp-content\/uploads\/Rope-Access-Beam-2-1-450x528.webp",450,528,true],"bauer-rectangle3":["https:\/\/bioscanltd.com\/wp-content\/uploads\/Rope-Access-Beam-2-1-470x430.webp",470,430,true],"bauer-rectangle4":["https:\/\/bioscanltd.com\/wp-content\/uploads\/Rope-Access-Beam-2-1-480x600.webp",480,600,true],"bauer-medium-auto":["https:\/\/bioscanltd.com\/wp-content\/uploads\/Rope-Access-Beam-2-1.webp",768,883,false],"bauer-small-auto":["https:\/\/bioscanltd.com\/wp-content\/uploads\/Rope-Access-Beam-2-1-640x736.webp",640,736,true],"bauer-xsmall-auto":["https:\/\/bioscanltd.com\/wp-content\/uploads\/Rope-Access-Beam-2-1-480x552.webp",480,552,true],"bauer-post-standard":["https:\/\/bioscanltd.com\/wp-content\/uploads\/Rope-Access-Beam-2-1-768x350.webp",768,350,true],"bauer-post-related":["https:\/\/bioscanltd.com\/wp-content\/uploads\/Rope-Access-Beam-2-1-558x410.webp",558,410,true],"bauer-post-widget":["https:\/\/bioscanltd.com\/wp-content\/uploads\/Rope-Access-Beam-2-1-140x140.webp",140,140,true]},"rttpg_author":{"display_name":"Samuel Peppin - Managing Director at Bioscan Ltd","author_link":"https:\/\/bioscanltd.com\/de\/author\/samuel-peppin-managing-director-at-bioscan-ltd\/"},"rttpg_comment":0,"rttpg_category":" <a href=\"https:\/\/bioscanltd.com\/de\/?taxonomy=translation_priority&#038;term=optional-de\" rel=\"tag\">Optional<\/a>","rttpg_excerpt":"[vc_row][vc_column][vc_row_inner][vc_column_inner width=&#8221;1\/2&#8243;][\/vc_column_inner][vc_column_inner width=&#8221;1\/2&#8243;][\/vc_column_inner][\/vc_row_inner][vc_row_inner][vc_column_inner][vc_column_text] Suchen Sie nach einem Service f\u00fcr die Inspektion von Spr\u00fchtrocknern? Hinterlassen Sie Ihre Angebotsanfrage &amp; Unser Experte wird sich in K\u00fcrze mit Ihnen in Verbindung setzen. Holen Sie sich ein Angebot [\/vc_column_text][\/vc_column_inner][\/vc_row_inner][vc_row_inner][vc_column_inner][\/vc_column_inner][\/vc_row_inner][\/vc_column][\/vc_row][vc_row css=&#8221;.vc_custom_1678366395278{background: #f7f9fa url(https:\/\/bioscanltd.com\/wp-content\/uploads\/2019\/05\/cons2-bg-2.png?id=8906) !important;}&#8221;][vc_column][vc_row_inner][vc_column_inner width=&#8221;1\/2&#8243;][\/vc_column_inner][vc_column_inner width=&#8221;1\/2&#8243;][\/vc_column_inner][\/vc_row_inner][vc_row_inner][vc_column_inner][\/vc_column_inner][\/vc_row_inner][\/vc_column][\/vc_row]","_links":{"self":[{"href":"https:\/\/bioscanltd.com\/de\/wp-json\/wp\/v2\/pages\/13246","targetHints":{"allow":["GET"]}}],"collection":[{"href":"https:\/\/bioscanltd.com\/de\/wp-json\/wp\/v2\/pages"}],"about":[{"href":"https:\/\/bioscanltd.com\/de\/wp-json\/wp\/v2\/types\/page"}],"author":[{"embeddable":true,"href":"https:\/\/bioscanltd.com\/de\/wp-json\/wp\/v2\/users\/8"}],"replies":[{"embeddable":true,"href":"https:\/\/bioscanltd.com\/de\/wp-json\/wp\/v2\/comments?post=13246"}],"version-history":[{"count":5,"href":"https:\/\/bioscanltd.com\/de\/wp-json\/wp\/v2\/pages\/13246\/revisions"}],"predecessor-version":[{"id":13260,"href":"https:\/\/bioscanltd.com\/de\/wp-json\/wp\/v2\/pages\/13246\/revisions\/13260"}],"up":[{"embeddable":true,"href":"https:\/\/bioscanltd.com\/de\/wp-json\/wp\/v2\/pages\/13194"}],"wp:featuredmedia":[{"embeddable":true,"href":"https:\/\/bioscanltd.com\/de\/wp-json\/wp\/v2\/media\/12826"}],"wp:attachment":[{"href":"https:\/\/bioscanltd.com\/de\/wp-json\/wp\/v2\/media?parent=13246"}],"curies":[{"name":"wp","href":"https:\/\/api.w.org\/{rel}","templated":true}]}}