{"id":13263,"date":"2024-12-16T07:45:52","date_gmt":"2024-12-16T07:45:52","guid":{"rendered":"https:\/\/bioscanltd.com\/our-services\/cyclones-and-bag-filters-inspection\/"},"modified":"2026-02-18T06:26:50","modified_gmt":"2026-02-18T06:26:50","slug":"inspektion-von-zyklonen-und-schlauchfiltern","status":"publish","type":"page","link":"https:\/\/bioscanltd.com\/de\/unser-dienstleistungsangebot\/inspektion-von-zyklonen-und-schlauchfiltern\/","title":{"rendered":"Inspektion von Zyklonen und Schlauchfiltern"},"content":{"rendered":"<section class=\"wpb-content-wrapper\"><p>[vc_row content_placement=&#8221;middle&#8221;][vc_column][vc_row_inner][vc_column_inner width=&#8221;1\/2&#8243;]<h2 class=\"bauer-text clearfix \" style=\"\"><p>Risspr\u00fcfung und Inspektion von Zyklonen und Schlauchfiltern<\/p>\n<\/h2><div class=\"bauer-text clearfix \" style=\"\"><p>Zyklone und Schlauchfilter sind f\u00fcr Inspektion und Wartung oft schwer zug\u00e4nglich, da sie nur \u00fcber begrenzte Zug\u00e4nge verf\u00fcgen und unterschiedlich aufgebaut sind. Oft ist der Ger\u00fcstbau die einzige M\u00f6glichkeit &#8211; das ist nat\u00fcrlich zeit- und kostenaufwendig.<\/p>\n<p><a href=\"https:\/\/bioscanltd.com\/?lang=de\">Bioscan<\/a> kann nun jedoch Inspektionen und Reparatur-\/Polierarbeiten an den gesamten Innenfl\u00e4chen dieser Anlagen innerhalb weniger Stunden durchf\u00fchren, und das mit Seilzugangsmethoden und Leitern. So werden Ihre Standzeiten auf ein Minimum reduziert und Sie k\u00f6nnen die Produktion schnell wieder starten.<\/p>\n<p>Unsere Spezialisten f\u00fcr seilunterst\u00fctzten Zugang bereiten die erforderlichen Seilsysteme vor, um die Zyklone \u00fcber die CIP-D\u00fcsen und -Sch\u00e4chte sowie \u00fcber die Schlauch- und Korb\u00f6ffnungen der Schlauchfilter zu inspizieren und zu reparieren, was ein effizientes und sicheres Arbeiten erm\u00f6glicht.<\/p>\n<\/div>[\/vc_column_inner][vc_column_inner el_class=&#8221;mob-mt-30&#8243; width=&#8221;1\/2&#8243;]<div class=\"bauer-simple-image text-center\" style=\"max-width:456px;margin-left: auto; margin-right: auto;\" >\r\n\t\t\t<img decoding=\"async\" alt=\"image\" src=\"https:\/\/bioscanltd.com\/wp-content\/uploads\/Welding-repair-inside-a-cyclone-2.png\" title=\"\"> \r\n\t\t<\/div>[vc_column_text]<\/p>\n<p style=\"text-align: center;\"><strong><em>Schwei\u00dfreparatur in einem Zyklon<\/em><\/strong><\/p>\n<p>[\/vc_column_text][\/vc_column_inner][\/vc_row_inner]\r\n\t<div class=\"bauer-spacer clearfix\" data-desktop=\"30\" data-mobi=\"20\" data-smobi=\"20\"><\/div>[vc_row_inner][vc_column_inner][vc_column_text]<\/p>\n<div class=\"custom-cta\">\n<h2>Suchen Sie nach einem Service f\u00fcr die Inspektion von Spr\u00fchtrocknern?<\/h2>\n<p>Hinterlassen Sie Ihre Angebotsanfrage &amp; Unser Experte wird sich in K\u00fcrze mit Ihnen in Verbindung setzen.<\/p>\n<p><a class=\"btn btn-outline cta-btn\" href=\"https:\/\/bioscanltd.com\/de\/contact-us\/?lang=de\" target=\"_blank\" rel=\"noopener\">Holen Sie sich ein Angebot<\/a><\/p>\n<\/div>\n<p>[\/vc_column_text][\/vc_column_inner][\/vc_row_inner][vc_row_inner][vc_column_inner]\r\n\t<div class=\"bauer-spacer clearfix\" data-desktop=\"100\" data-mobi=\"60\" data-smobi=\"60\"><\/div>[\/vc_column_inner][\/vc_row_inner][\/vc_column][\/vc_row][vc_row css=&#8221;.vc_custom_1678366395278{background: #f7f9fa url(https:\/\/bioscanltd.com\/wp-content\/uploads\/2019\/05\/cons2-bg-2.png?id=8906) !important;}&#8221;][vc_column]\r\n\t<div class=\"bauer-spacer clearfix\" data-desktop=\"94\" data-mobi=\"60\" data-smobi=\"60\"><\/div>[vc_row_inner][vc_column_inner el_class=&#8221;mb-xs-30&#8243; width=&#8221;1\/2&#8243;]<div class=\"bauer-simple-image text-center\" style=\"\" >\r\n\t\t\t<img decoding=\"async\" alt=\"image\" src=\"https:\/\/bioscanltd.com\/wp-content\/uploads\/Welding-repair-inside-a-bag-filter.png\" title=\"\"> \r\n\t\t<\/div>[vc_column_text]<\/p>\n<p style=\"text-align: center;\"><em><strong>Schwei\u00dfreparatur in einem Beutelfilter<\/strong><\/em><\/p>\n<p>[\/vc_column_text][\/vc_column_inner][vc_column_inner width=&#8221;1\/2&#8243;]<div class=\"bauer-simple-image text-center\" style=\"\" >\r\n\t\t\t<img decoding=\"async\" alt=\"image\" src=\"https:\/\/bioscanltd.com\/wp-content\/uploads\/Inspection-of-bag-filter-being-performed-via-ropes..png\" title=\"\"> \r\n\t\t<\/div>[vc_column_text]<\/p>\n<p style=\"text-align: center;\"><em><strong>Inspektion des Beutelfilters mittels Seilen<\/strong><\/em><\/p>\n<p>[\/vc_column_text][\/vc_column_inner][\/vc_row_inner]\r\n\t<div class=\"bauer-spacer clearfix\" data-desktop=\"94\" data-mobi=\"60\" data-smobi=\"60\"><\/div><div class=\"bauer-text clearfix \" style=\"\"><p><span style=\"font-weight: 400;\">Wir f\u00fchren eine gr\u00fcndliche Inspektion der gesamten Oberfl\u00e4chen durch, um sicherzustellen, dass alle notwendigen Schwei\u00dfreparaturen\/Polierarbeiten sorgf\u00e4ltig durchgef\u00fchrt werden.<\/span><\/p>\n<p>Anschlie\u00dfend werden die reparierten Bereiche erneut gepr\u00fcft, um sicherzustellen, dass in der W\u00e4rmeeinflusszone (WEZ) keine weiteren Risse\/M\u00e4ngel aufgetreten sind.<\/p>\n<p><a href=\"https:\/\/bioscanltd.com\/de\/contact-us\/?lang=de\" class=\"waffle-rich-text-link\">Kontaktieren Sie uns<\/a><span> fgerne f\u00fcr weitere Informationen und zur Vereinbarung professioneller Dienstleistungen wie Zyklonlecktests oder Schlauchfilterinspektionen.<\/span><\/p>\n<\/div>[vc_row_inner][vc_column_inner]\r\n\t<div class=\"bauer-spacer clearfix\" data-desktop=\"100\" data-mobi=\"60\" data-smobi=\"60\"><\/div>[\/vc_column_inner][\/vc_row_inner][\/vc_column][\/vc_row]<\/p>\n<\/section>","protected":false},"excerpt":{"rendered":"<p>[vc_row content_placement=&#8221;middle&#8221;][vc_column][vc_row_inner][vc_column_inner width=&#8221;1\/2&#8243;][\/vc_column_inner][vc_column_inner el_class=&#8221;mob-mt-30&#8243; width=&#8221;1\/2&#8243;][vc_column_text] Schwei\u00dfreparatur in einem Zyklon [\/vc_column_text][\/vc_column_inner][\/vc_row_inner][vc_row_inner][vc_column_inner][vc_column_text] Suchen Sie nach einem Service f\u00fcr die Inspektion von Spr\u00fchtrocknern? Hinterlassen Sie Ihre Angebotsanfrage &amp; Unser Experte wird sich in K\u00fcrze mit Ihnen in Verbindung setzen. Holen Sie sich ein Angebot [\/vc_column_text][\/vc_column_inner][\/vc_row_inner][vc_row_inner][vc_column_inner][\/vc_column_inner][\/vc_row_inner][\/vc_column][\/vc_row][vc_row css=&#8221;.vc_custom_1678366395278{background: #f7f9fa url(https:\/\/bioscanltd.com\/wp-content\/uploads\/2019\/05\/cons2-bg-2.png?id=8906) !important;}&#8221;][vc_column][vc_row_inner][vc_column_inner el_class=&#8221;mb-xs-30&#8243; width=&#8221;1\/2&#8243;][vc_column_text] Schwei\u00dfreparatur in<\/p>\n","protected":false},"author":8,"featured_media":12846,"parent":13194,"menu_order":0,"comment_status":"closed","ping_status":"closed","template":"","meta":{"_acf_changed":false,"_monsterinsights_skip_tracking":false,"_monsterinsights_sitenote_active":false,"_monsterinsights_sitenote_note":"","_monsterinsights_sitenote_category":0,"footnotes":""},"class_list":["post-13263","page","type-page","status-publish","has-post-thumbnail","hentry"],"acf":[],"rttpg_featured_image_url":{"full":["https:\/\/bioscanltd.com\/wp-content\/uploads\/Inspection-of-bag-filter-being-performed-via-ropes.webp",958,937,false],"landscape":["https:\/\/bioscanltd.com\/wp-content\/uploads\/Inspection-of-bag-filter-being-performed-via-ropes.webp",958,937,false],"portraits":["https:\/\/bioscanltd.com\/wp-content\/uploads\/Inspection-of-bag-filter-being-performed-via-ropes.webp",958,937,false],"thumbnail":["https:\/\/bioscanltd.com\/wp-content\/uploads\/Inspection-of-bag-filter-being-performed-via-ropes-150x150.webp",150,150,true],"medium":["https:\/\/bioscanltd.com\/wp-content\/uploads\/Inspection-of-bag-filter-being-performed-via-ropes-300x293.webp",300,293,true],"large":["https:\/\/bioscanltd.com\/wp-content\/uploads\/Inspection-of-bag-filter-being-performed-via-ropes.webp",958,937,false],"rpg_gallery_admin_thumb":["https:\/\/bioscanltd.com\/wp-content\/uploads\/Inspection-of-bag-filter-being-performed-via-ropes-150x150.webp",150,150,true],"rpg_gallery_thumb":["https:\/\/bioscanltd.com\/wp-content\/uploads\/Inspection-of-bag-filter-being-performed-via-ropes-150x150.webp",150,150,true],"1536x1536":["https:\/\/bioscanltd.com\/wp-content\/uploads\/Inspection-of-bag-filter-being-performed-via-ropes.webp",958,937,false],"2048x2048":["https:\/\/bioscanltd.com\/wp-content\/uploads\/Inspection-of-bag-filter-being-performed-via-ropes.webp",958,937,false],"bauer-square":["https:\/\/bioscanltd.com\/wp-content\/uploads\/Inspection-of-bag-filter-being-performed-via-ropes-600x600.webp",600,600,true],"bauer-rectangle":["https:\/\/bioscanltd.com\/wp-content\/uploads\/Inspection-of-bag-filter-being-performed-via-ropes-600x500.webp",600,500,true],"bauer-rectangle1":["https:\/\/bioscanltd.com\/wp-content\/uploads\/Inspection-of-bag-filter-being-performed-via-ropes-425x570.webp",425,570,true],"bauer-rectangle2":["https:\/\/bioscanltd.com\/wp-content\/uploads\/Inspection-of-bag-filter-being-performed-via-ropes-450x528.webp",450,528,true],"bauer-rectangle3":["https:\/\/bioscanltd.com\/wp-content\/uploads\/Inspection-of-bag-filter-being-performed-via-ropes-470x430.webp",470,430,true],"bauer-rectangle4":["https:\/\/bioscanltd.com\/wp-content\/uploads\/Inspection-of-bag-filter-being-performed-via-ropes-480x600.webp",480,600,true],"bauer-medium-auto":["https:\/\/bioscanltd.com\/wp-content\/uploads\/Inspection-of-bag-filter-being-performed-via-ropes-870x851.webp",870,851,true],"bauer-small-auto":["https:\/\/bioscanltd.com\/wp-content\/uploads\/Inspection-of-bag-filter-being-performed-via-ropes-640x626.webp",640,626,true],"bauer-xsmall-auto":["https:\/\/bioscanltd.com\/wp-content\/uploads\/Inspection-of-bag-filter-being-performed-via-ropes-480x469.webp",480,469,true],"bauer-post-standard":["https:\/\/bioscanltd.com\/wp-content\/uploads\/Inspection-of-bag-filter-being-performed-via-ropes-770x350.webp",770,350,true],"bauer-post-related":["https:\/\/bioscanltd.com\/wp-content\/uploads\/Inspection-of-bag-filter-being-performed-via-ropes-558x410.webp",558,410,true],"bauer-post-widget":["https:\/\/bioscanltd.com\/wp-content\/uploads\/Inspection-of-bag-filter-being-performed-via-ropes-140x140.webp",140,140,true]},"rttpg_author":{"display_name":"Samuel Peppin - Managing Director at Bioscan Ltd","author_link":"https:\/\/bioscanltd.com\/de\/author\/samuel-peppin-managing-director-at-bioscan-ltd\/"},"rttpg_comment":0,"rttpg_category":" <a href=\"https:\/\/bioscanltd.com\/de\/?taxonomy=translation_priority&#038;term=optional-de\" rel=\"tag\">Optional<\/a>","rttpg_excerpt":"[vc_row content_placement=&#8221;middle&#8221;][vc_column][vc_row_inner][vc_column_inner width=&#8221;1\/2&#8243;][\/vc_column_inner][vc_column_inner el_class=&#8221;mob-mt-30&#8243; width=&#8221;1\/2&#8243;][vc_column_text] Schwei\u00dfreparatur in einem Zyklon [\/vc_column_text][\/vc_column_inner][\/vc_row_inner][vc_row_inner][vc_column_inner][vc_column_text] Suchen Sie nach einem Service f\u00fcr die Inspektion von Spr\u00fchtrocknern? Hinterlassen Sie Ihre Angebotsanfrage &amp; Unser Experte wird sich in K\u00fcrze mit Ihnen in Verbindung setzen. Holen Sie sich ein Angebot [\/vc_column_text][\/vc_column_inner][\/vc_row_inner][vc_row_inner][vc_column_inner][\/vc_column_inner][\/vc_row_inner][\/vc_column][\/vc_row][vc_row css=&#8221;.vc_custom_1678366395278{background: #f7f9fa url(https:\/\/bioscanltd.com\/wp-content\/uploads\/2019\/05\/cons2-bg-2.png?id=8906) !important;}&#8221;][vc_column][vc_row_inner][vc_column_inner el_class=&#8221;mb-xs-30&#8243; width=&#8221;1\/2&#8243;][vc_column_text] Schwei\u00dfreparatur in","_links":{"self":[{"href":"https:\/\/bioscanltd.com\/de\/wp-json\/wp\/v2\/pages\/13263","targetHints":{"allow":["GET"]}}],"collection":[{"href":"https:\/\/bioscanltd.com\/de\/wp-json\/wp\/v2\/pages"}],"about":[{"href":"https:\/\/bioscanltd.com\/de\/wp-json\/wp\/v2\/types\/page"}],"author":[{"embeddable":true,"href":"https:\/\/bioscanltd.com\/de\/wp-json\/wp\/v2\/users\/8"}],"replies":[{"embeddable":true,"href":"https:\/\/bioscanltd.com\/de\/wp-json\/wp\/v2\/comments?post=13263"}],"version-history":[{"count":5,"href":"https:\/\/bioscanltd.com\/de\/wp-json\/wp\/v2\/pages\/13263\/revisions"}],"predecessor-version":[{"id":14006,"href":"https:\/\/bioscanltd.com\/de\/wp-json\/wp\/v2\/pages\/13263\/revisions\/14006"}],"up":[{"embeddable":true,"href":"https:\/\/bioscanltd.com\/de\/wp-json\/wp\/v2\/pages\/13194"}],"wp:featuredmedia":[{"embeddable":true,"href":"https:\/\/bioscanltd.com\/de\/wp-json\/wp\/v2\/media\/12846"}],"wp:attachment":[{"href":"https:\/\/bioscanltd.com\/de\/wp-json\/wp\/v2\/media?parent=13263"}],"curies":[{"name":"wp","href":"https:\/\/api.w.org\/{rel}","templated":true}]}}