{"id":13278,"date":"2024-12-16T08:18:17","date_gmt":"2024-12-16T08:18:17","guid":{"rendered":"https:\/\/bioscanltd.com\/access-methods\/"},"modified":"2026-01-05T07:23:15","modified_gmt":"2026-01-05T07:23:15","slug":"zugangsmethoden","status":"publish","type":"page","link":"https:\/\/bioscanltd.com\/de\/zugangsmethoden\/","title":{"rendered":"Zugangsmethoden"},"content":{"rendered":"<section class=\"wpb-content-wrapper\"><p>[vc_row css=&#8221;.vc_custom_1557802417323{background-image: url(https:\/\/bioscanltd.com\/wp-content\/uploads\/2019\/05\/section-about.png?id=8046) !important;background-position: center !important;background-repeat: no-repeat !important;background-size: cover !important;}&#8221;][vc_column]\r\n\t<div class=\"bauer-spacer clearfix\" data-desktop=\"100\" data-mobi=\"50\" data-smobi=\"50\"><\/div>[vc_row_inner][vc_column_inner width=&#8221;1\/2&#8243;]<h2 class=\"bauer-text clearfix \" style=\"font-size:42px;line-height:50px;margin-bottom:32px;\"><p>Arbeitsb\u00fchne<\/p>\n<\/h2><div class=\"bauer-text clearfix \" style=\"margin-bottom:30px;\"><p>Unsere mobile Arbeitsb\u00fchne kann an den Durchmesser des Spr\u00fchtrockners angepasst werden. Die L\u00e4nge ist von 1,5 bis 14 m einstellbar, und an jedem Ende der Arbeitsb\u00fchne arbeitet jeweils ein Techniker, um einen effizienten Test zu gew\u00e4hrleisten.<\/p>\n<p>Die Arbeitsb\u00fchne wird j\u00e4hrlich getestet und laufend von geschulten Technikern gepr\u00fcft. Die leichte Aluminiumkonstruktion erm\u00f6glicht eine schnelle Montage und einen einfachen Einstieg in den Beh\u00e4lter. Die robuste und stabile Konstruktion kann bis zu 475 kg tragen.<\/p>\n<\/div><div class=\"button-wrap icon-right\" style=\"\" ><a href=\"https:\/\/bioscanltd.com\/contact-us\/?lang=de\" target=\"_self\" class=\"bauer-button btn-121577832 medium no_icon custom outline solid custom\" style=\"border-radius:30px;border-width:2px;\"  data-background=\"\" data-border=\"#9ecb26\" data-text=\"#9ecb26\" data-text-hover=\"#ffffff\">\r\n\t\t<span style=\"\">Kontaktieren Sie uns <\/span>\r\n\t<\/a><\/div>\r\n\t<div class=\"bauer-spacer clearfix\" data-desktop=\"0\" data-mobi=\"30\" data-smobi=\"30\"><\/div>[\/vc_column_inner][vc_column_inner width=&#8221;1\/2&#8243;]<div class=\"bauer-carousel-box arrow-style-1 arrow-center offsetcenter offset-v0 has-bullets arrow50\" data-auto=\"false\" data-loop=\"false\" data-gap=\"30\" data-column=\"1\" data-column2=\"1\" data-column3=\"1\">\r\n        <div class=\"owl-carousel owl-theme\"><div class=\"bauer-simple-image text-center\" style=\"\" >\r\n\t\t\t<img decoding=\"async\" alt=\"image\" src=\"https:\/\/bioscanltd.com\/wp-content\/uploads\/2020\/06\/Access-Gantry.jpg\" title=\"\"> \r\n\t\t<\/div><\/div>\r\n\t<\/div>[\/vc_column_inner][\/vc_row_inner]\r\n\t<div class=\"bauer-spacer clearfix\" data-desktop=\"100\" data-mobi=\"50\" data-smobi=\"50\"><\/div>[\/vc_column][\/vc_row][vc_row img_halfrow=&#8221;simple&#8221; halfrow_image=&#8221;9791&#8243; img_columns=&#8221;4columns&#8221; img_position=&#8221;imgleft&#8221; css=&#8221;.vc_custom_1734092154566{background-color: #f7f9fa !important;}&#8221; el_class=&#8221;service-method service-method-new&#8221;][vc_column width=&#8221;1\/3&#8243;][\/vc_column][vc_column width=&#8221;2\/3&#8243;]<div class=\"bauer-content-box clearfix \" data-padding=\"0\" data-mobipadding=\"0\" data-margin=\"\" data-mobimargin=\"\" >\r\n\t\t<div class=\"inner ctb-531745376\" style=\"\"  data-background=\"\">\r\n\t\t\t\r\n\t<div class=\"bauer-spacer clearfix\" data-desktop=\"60\" data-mobi=\"40\" data-smobi=\"40\"><\/div><h2 class=\"bauer-text clearfix \" style=\"font-size:42px;line-height:50px;color:#ffffff;margin-bottom:30px;\"><p>Unsere Methode<\/p>\n<\/h2><div class=\"bauer-text clearfix \" style=\"font-size:18px;line-height:30px;color:#17200f;\"><p>Ein kompletter Spr\u00fchtrocknertest einschlie\u00dflich Reparaturen kann innerhalb von 24\/48 Stunden durchgef\u00fchrt werden, um Standzeiten auf ein Minimum zu reduzieren und einen schnellen Neustart der Produktion zu erm\u00f6glichen.<\/p>\n<\/div>\r\n\t<div class=\"bauer-spacer clearfix\" data-desktop=\"20\" data-mobi=\"20\" data-smobi=\"20\"><\/div><div class=\"bauer-icon-list clearfix style-1\"><div class=\"icon-list-wrap\"><div class=\"line\" style=\"border-width:1px;border-color:0;left:40px;\"><\/div><div class=\"icon-list-item\" style=\"margin-bottom:70px;\"><div class=\"bauer-icon icon-1311110726\" data-icon=\"#ffffff\" data-background=\"#f35c27\"><span class=\"icon\" style=\"font-size:30px;width:60px;border-style:solid;height:60px;border-radius:40px;line-height:60px;\"><i class=\"elegant-icon_check_alt2\"><\/i><\/span><\/div><div class=\"text-item\" style=\"min-height:60px;\"><h3 class=\"heading\" style=\"color:#ffffff;margin:0px 0px 7px 100px;\">Je nach Konstruktion des Spr\u00fchtrockners werden die erforderlichen Zugangsmethoden vorbereitet und installiert. (Arbeitsb\u00fchne, Leitern, Seile)<\/h3><\/div><\/div><div class=\"icon-list-item\" style=\"margin-bottom:70px;\"><div class=\"bauer-icon icon-622432565\" data-icon=\"#ffffff\" data-background=\"#f35c27\"><span class=\"icon\" style=\"font-size:30px;width:60px;border-style:solid;height:60px;border-radius:40px;line-height:60px;\"><i class=\"elegant-icon_check_alt2\"><\/i><\/span><\/div><div class=\"text-item\" style=\"min-height:60px;\"><h3 class=\"heading\" style=\"color:#ffffff;margin:0px 0px 7px 100px;\">Die Techniker inspizieren 100 % der Oberfl\u00e4che des Beh\u00e4lters und markieren alle identifizierten M\u00e4ngel von einem bestimmten Bezugspunkt aus f\u00fcr die Reparatur.<\/h3><\/div><\/div><div class=\"icon-list-item\" style=\"margin-bottom:70px;\"><div class=\"bauer-icon icon-921040737\" data-icon=\"#ffffff\" data-background=\"#f35c27\"><span class=\"icon\" style=\"font-size:30px;width:60px;border-style:solid;height:60px;border-radius:40px;line-height:60px;\"><i class=\"elegant-icon_check_alt2\"><\/i><\/span><\/div><div class=\"text-item\" style=\"min-height:60px;\"><h3 class=\"heading\" style=\"color:#ffffff;margin:0px 0px 7px 100px;\">Unsere qualifizierten Schwei\u00dfer f\u00fchren bei Bedarf auch die Schwei\u00dfreparaturen durch.(Kunden k\u00f6nnen auch ihre eigenen Schwei\u00dfer im Werk oder aus der Region beauftragen)<\/h3><\/div><\/div><div class=\"icon-list-item\" style=\"margin-bottom:70px;\"><div class=\"bauer-icon icon-713260809\" data-icon=\"#ffffff\" data-background=\"#f35c27\"><span class=\"icon\" style=\"font-size:30px;width:60px;border-style:solid;height:60px;border-radius:40px;line-height:60px;\"><i class=\"elegant-icon_check_alt2\"><\/i><\/span><\/div><div class=\"text-item\" style=\"min-height:60px;\"><h3 class=\"heading\" style=\"color:#ffffff;margin:0px 0px 7px 100px;\">Falls Reparaturen durchgef\u00fchrt wurden, erfolgt eine erneute Inspektion, um die Integrit\u00e4t des Beh\u00e4lters zu pr\u00fcfen, und auch die w\u00e4rmebeeinflussten Zonen werden besonders \u00fcberpr\u00fcft.<\/h3><\/div><\/div><div class=\"icon-list-item\" style=\"\"><div class=\"bauer-icon icon-1841684207\" data-icon=\"#ffffff\" data-background=\"#f35c27\"><span class=\"icon\" style=\"font-size:30px;width:60px;border-style:solid;height:60px;border-radius:40px;line-height:60px;\"><i class=\"elegant-icon_check_alt2\"><\/i><\/span><\/div><div class=\"text-item\" style=\"min-height:60px;\"><h3 class=\"heading\" style=\"color:#ffffff;margin:0px 0px 7px 100px;\">Die Zugangsger\u00e4te werden entfernt, und der Spr\u00fchtrockner wird f\u00fcr KVP und Produktion zur\u00fcckgegeben.<\/h3><\/div><\/div><\/div><\/div><div class=\"bauer-text clearfix \" style=\"font-size:18px;line-height:30px;color:#ffffff;\"><p><strong>*(je nach den durchzuf\u00fchrenden Reparaturarbeiten kann zus\u00e4tzliche Zeit erforderlich sein)<\/strong><\/p>\n<\/div>\r\n\t<div class=\"bauer-spacer clearfix\" data-desktop=\"60\" data-mobi=\"40\" data-smobi=\"40\"><\/div>\r\n\t\t<\/div>\r\n\t<\/div>[\/vc_column][\/vc_row][vc_row css=&#8221;.vc_custom_1715775122658{border-bottom-width: 60px !important;background-image: url(https:\/\/bioscanltd.com\/wp-content\/uploads\/2019\/05\/section-about.png?id=8046) !important;background-position: center !important;background-repeat: no-repeat !important;background-size: cover !important;}&#8221;][vc_column]\r\n\t<div class=\"bauer-spacer clearfix\" data-desktop=\"100\" data-mobi=\"50\" data-smobi=\"50\"><\/div>[vc_row_inner][vc_column_inner el_class=&#8221;home-service-icon-section&#8221; width=&#8221;1\/2&#8243;]<h2 class=\"bauer-text clearfix \" style=\"font-size:42px;line-height:50px;margin-bottom:32px;\"><p>Seilzugang<\/p>\n<\/h2><div class=\"bauer-text clearfix \" style=\"margin-bottom:30px;\"><p>Unsere vollst\u00e4ndig zertifizierten <strong>IRATA-Seilzugangsspezialisten<\/strong> gew\u00e4hrleisten die Sicherheit unseres Teams. Die Seile erm\u00f6glichen einen flexiblen Zugang und die Bewegung im Beh\u00e4lter und um den Beh\u00e4lter herum, so kann Ihre Anlage vollst\u00e4ndig gepr\u00fcft und gegebenenfalls repariert werden.<\/p>\n<p>Die Inspektion und Reparatur komplexer Beh\u00e4lter ist durch die Kombination unserer Pr\u00fcftechnik mit unseren Seilzugangsspezialisten keine zeitraubende Herausforderung mehr. Mit Hilfe unserer <strong>Spezialisten f\u00fcr seilunterst\u00fctzten Zugang<\/strong>, k\u00f6nnen wir unsere Techniker sicher in Tanks herablassen.<\/p>\n<p><span><a href=\"https:\/\/bioscanltd.com\/?lang=de\">Bioscan<\/a>\u00a0 kann auch die Sch\u00e4chte und andere schwer zug\u00e4ngliche Bereiche von Tanks sicher inspizieren, ohne dass daf\u00fcr Leitern oder Ger\u00fcste erforderlich sind.<\/span><\/p>\n<p>Wir sorgen daf\u00fcr, dass bei der Sicherheit keine Kompromisse eingegangen werden, und k\u00f6nnen die Anforderungen unserer Kunden an schnelle und gr\u00fcndliche Inspektionen nun f\u00fcr eine Vielzahl von Beh\u00e4ltern erf\u00fcllen, wie z. B.<\/p>\n<\/div><div class=\"bauer-grid-box clearfix grid2 border-light v-30 h-15 no-borders\" data-grid=\"2\" >\r\n\t\t<div class=\"bauer-icon-box clearfix icon-left align-left  simple\" style=\"background-color:#ffffff;padding:22px 25px 22px 25px;border-radius:5px;border:1px solid #e7e7e7;\" ><div class=\"wrap-inner\" style=\"position: relative;\"><div class=\"bauer-icon icon-1547736355 custom accent-bg\"  data-icon=\"#ffffff\">\r\n\t\t\t\t<span class=\"icon\" style=\"font-size:18px;width:42px;height:42px;border-style:solid;border-radius:21px;line-height:44px; box-shadow: 0px 0px 0px 4px rgba(243,92,39,0.2)\"><i class=\"elegant-icon_check_alt2\"><\/i><\/span>\r\n\t\t\t<\/div> <h3 class=\"heading \" style=\"padding-left:59px;font-size:15px;line-height:20px;\">\r\n\t\t\t<span>Spr\u00fchtrockner<\/span>\r\n\t\t<\/h3> <\/div><\/div><div class=\"bauer-icon-box clearfix icon-left align-left  simple\" style=\"background-color:#ffffff;padding:22px 25px 22px 25px;border-radius:5px;border:1px solid #e7e7e7;\" ><div class=\"wrap-inner\" style=\"position: relative;\"><div class=\"bauer-icon icon-272032468 custom accent-bg\"  data-icon=\"#ffffff\">\r\n\t\t\t\t<span class=\"icon\" style=\"font-size:18px;width:42px;height:42px;border-style:solid;border-radius:21px;line-height:44px; box-shadow: 0px 0px 0px 4px rgba(243,92,39,0.2)\"><i class=\"elegant-icon_check_alt2\"><\/i><\/span>\r\n\t\t\t<\/div> <h3 class=\"heading \" style=\"padding-left:59px;font-size:15px;line-height:20px;\">\r\n\t\t\t<span>Beutelfilter<\/span>\r\n\t\t<\/h3> <\/div><\/div><div class=\"bauer-icon-box clearfix icon-left align-left  simple\" style=\"background-color:#ffffff;padding:22px 25px 22px 25px;border-radius:5px;border:1px solid #e7e7e7;\" ><div class=\"wrap-inner\" style=\"position: relative;\"><div class=\"bauer-icon icon-871276940 custom accent-bg\"  data-icon=\"#ffffff\">\r\n\t\t\t\t<span class=\"icon\" style=\"font-size:18px;width:42px;height:42px;border-style:solid;border-radius:21px;line-height:44px; box-shadow: 0px 0px 0px 4px rgba(243,92,39,0.2)\"><i class=\"elegant-icon_check_alt2\"><\/i><\/span>\r\n\t\t\t<\/div> <h3 class=\"heading \" style=\"padding-left:59px;font-size:15px;line-height:20px;\">\r\n\t\t\t<span>Zyklone<\/span>\r\n\t\t<\/h3> <\/div><\/div><div class=\"bauer-icon-box clearfix icon-left align-left  simple\" style=\"background-color:#ffffff;padding:22px 25px 22px 25px;border-radius:5px;border:1px solid #e7e7e7;\" ><div class=\"wrap-inner\" style=\"position: relative;\"><div class=\"bauer-icon icon-1104327046 custom accent-bg\"  data-icon=\"#ffffff\">\r\n\t\t\t\t<span class=\"icon\" style=\"font-size:18px;width:42px;height:42px;border-style:solid;border-radius:21px;line-height:44px; box-shadow: 0px 0px 0px 4px rgba(243,92,39,0.2)\"><i class=\"elegant-icon_check_alt2\"><\/i><\/span>\r\n\t\t\t<\/div> <h3 class=\"heading \" style=\"padding-left:59px;font-size:15px;line-height:20px;\">\r\n\t\t\t<span>Wirbelbetten<\/span>\r\n\t\t<\/h3> <\/div><\/div><div class=\"bauer-icon-box clearfix icon-left align-left  simple\" style=\"background-color:#ffffff;padding:22px 25px 22px 25px;border-radius:5px;border:1px solid #e7e7e7;\" ><div class=\"wrap-inner\" style=\"position: relative;\"><div class=\"bauer-icon icon-1597748377 custom accent-bg\"  data-icon=\"#ffffff\">\r\n\t\t\t\t<span class=\"icon\" style=\"font-size:18px;width:42px;height:42px;border-style:solid;border-radius:21px;line-height:44px; box-shadow: 0px 0px 0px 4px rgba(243,92,39,0.2)\"><i class=\"elegant-icon_check_alt2\"><\/i><\/span>\r\n\t\t\t<\/div> <h3 class=\"heading \" style=\"padding-left:59px;font-size:15px;line-height:20px;\">\r\n\t\t\t<span>Prozessbeh\u00e4lter<\/span>\r\n\t\t<\/h3> <\/div><\/div><div class=\"bauer-icon-box clearfix icon-left align-left  simple\" style=\"background-color:#ffffff;padding:22px 25px 22px 25px;border-radius:5px;border:1px solid #e7e7e7;\" ><div class=\"wrap-inner\" style=\"position: relative;\"><div class=\"bauer-icon icon-1593395318 custom accent-bg\"  data-icon=\"#ffffff\">\r\n\t\t\t\t<span class=\"icon\" style=\"font-size:18px;width:42px;height:42px;border-style:solid;border-radius:21px;line-height:44px; box-shadow: 0px 0px 0px 4px rgba(243,92,39,0.2)\"><i class=\"elegant-icon_check_alt2\"><\/i><\/span>\r\n\t\t\t<\/div> <h3 class=\"heading \" style=\"padding-left:59px;font-size:15px;line-height:20px;\">\r\n\t\t\t<span>K\u00e4sewannen\/Tische<\/span>\r\n\t\t<\/h3> <\/div><\/div><div class=\"bauer-icon-box clearfix icon-left align-left  simple\" style=\"background-color:#ffffff;padding:22px 25px 22px 25px;border-radius:5px;border:1px solid #e7e7e7;\" ><div class=\"wrap-inner\" style=\"position: relative;\"><div class=\"bauer-icon icon-1855052937 custom accent-bg\"  data-icon=\"#ffffff\">\r\n\t\t\t\t<span class=\"icon\" style=\"font-size:18px;width:42px;height:42px;border-style:solid;border-radius:21px;line-height:44px; box-shadow: 0px 0px 0px 4px rgba(243,92,39,0.2)\"><i class=\"elegant-icon_check_alt2\"><\/i><\/span>\r\n\t\t\t<\/div> <h3 class=\"heading \" style=\"padding-left:59px;font-size:15px;line-height:20px;\">\r\n\t\t\t<span>Lufterhitzer<\/span>\r\n\t\t<\/h3> <\/div><\/div>\n\r\n\t<\/div>[\/vc_column_inner][vc_column_inner width=&#8221;1\/2&#8243;]<div class=\"bauer-carousel-box arrow-style-1 arrow-center offsetcenter offset-v0 has-bullets arrow50\" data-auto=\"false\" data-loop=\"false\" data-gap=\"30\" data-column=\"1\" data-column2=\"1\" data-column3=\"1\">\r\n        <div class=\"owl-carousel owl-theme\"><div class=\"bauer-simple-image text-center\" style=\"\" >\r\n\t\t\t<img decoding=\"async\" alt=\"image\" src=\"https:\/\/bioscanltd.com\/wp-content\/uploads\/Cris-inspection-scaled.jpg\" title=\"\"> \r\n\t\t<\/div><\/div>\r\n\t<\/div>[\/vc_column_inner][\/vc_row_inner]\r\n\t<div class=\"bauer-spacer clearfix\" data-desktop=\"100\" data-mobi=\"50\" data-smobi=\"50\"><\/div>[\/vc_column][\/vc_row][vc_row css=&#8221;.vc_custom_1592219404843{background-color: #f7f9fa !important;}&#8221;][vc_column]\r\n\t<div class=\"bauer-spacer clearfix\" data-desktop=\"100\" data-mobi=\"50\" data-smobi=\"50\"><\/div><h2 class=\"bauer-text clearfix \" style=\"font-size:42px;line-height:50px;margin-bottom:32px;\"><p>Arbeitsb\u00fchne mieten oder kaufen<\/p>\n<\/h2><div class=\"bauer-text clearfix \" style=\"\"><p><span>Eine kosteneffiziente L\u00f6sung f\u00fcr die langfristige <a href=\"https:\/\/bioscanltd.com\/spray-dryer-system-integrity-for-infant-formula-production\/?lang=de\">Risspr\u00fcfung von Spr\u00fchtrocknern<\/a> ist die Miete oder der Kauf unseres ma\u00dfgeschneiderten Arbeitsb\u00fchne im Rahmen eines Inspektionsvertrags. Sie k\u00f6nnen die Arbeitsb\u00fchne einlagern und sie nach Bedarf an Ihre Standorte senden. Unsere Techniker reisen dann direkt an Ihren Standorten an, um die Inspektionen durchzuf\u00fchren.<\/span><\/p>\n<p><span>Viele unserer Stammkunden arbeiten so mit uns zusammen, weil sie damit nachweislich Transportkosten und Zeit sparen. Wenn Sie daran interessiert sind, fordern Sie jetzt ein Angebot und einen voraussichtlichen Zeitplan f\u00fcr die Erreichung der Rentabilit\u00e4t an.<\/span><\/p>\n<\/div>\r\n\t<div class=\"bauer-spacer clearfix\" data-desktop=\"100\" data-mobi=\"50\" data-smobi=\"50\"><\/div>[\/vc_column][\/vc_row][vc_row][vc_column]\r\n\t<div class=\"bauer-spacer clearfix\" data-desktop=\"80\" data-mobi=\"0\" data-smobi=\"0\"><\/div>[\/vc_column][\/vc_row]<\/p>\n<\/section>","protected":false},"excerpt":{"rendered":"<p>[vc_row css=&#8221;.vc_custom_1557802417323{background-image: url(https:\/\/bioscanltd.com\/wp-content\/uploads\/2019\/05\/section-about.png?id=8046) !important;background-position: center !important;background-repeat: no-repeat !important;background-size: cover !important;}&#8221;][vc_column][vc_row_inner][vc_column_inner width=&#8221;1\/2&#8243;][\/vc_column_inner][vc_column_inner width=&#8221;1\/2&#8243;][\/vc_column_inner][\/vc_row_inner][\/vc_column][\/vc_row][vc_row img_halfrow=&#8221;simple&#8221; halfrow_image=&#8221;9791&#8243; img_columns=&#8221;4columns&#8221; img_position=&#8221;imgleft&#8221; css=&#8221;.vc_custom_1734092154566{background-color: #f7f9fa !important;}&#8221; el_class=&#8221;service-method service-method-new&#8221;][vc_column width=&#8221;1\/3&#8243;][\/vc_column][vc_column width=&#8221;2\/3&#8243;][\/vc_column][\/vc_row][vc_row css=&#8221;.vc_custom_1715775122658{border-bottom-width: 60px !important;background-image: url(https:\/\/bioscanltd.com\/wp-content\/uploads\/2019\/05\/section-about.png?id=8046) !important;background-position: center !important;background-repeat: no-repeat !important;background-size: cover !important;}&#8221;][vc_column][vc_row_inner][vc_column_inner el_class=&#8221;home-service-icon-section&#8221; width=&#8221;1\/2&#8243;][\/vc_column_inner][vc_column_inner width=&#8221;1\/2&#8243;][\/vc_column_inner][\/vc_row_inner][\/vc_column][\/vc_row][vc_row css=&#8221;.vc_custom_1592219404843{background-color: #f7f9fa !important;}&#8221;][vc_column][\/vc_column][\/vc_row][vc_row][vc_column][\/vc_column][\/vc_row]<\/p>\n","protected":false},"author":8,"featured_media":0,"parent":0,"menu_order":0,"comment_status":"closed","ping_status":"closed","template":"","meta":{"_acf_changed":false,"_monsterinsights_skip_tracking":false,"_monsterinsights_sitenote_active":false,"_monsterinsights_sitenote_note":"","_monsterinsights_sitenote_category":0,"footnotes":""},"class_list":["post-13278","page","type-page","status-publish","hentry"],"acf":[],"rttpg_featured_image_url":null,"rttpg_author":{"display_name":"Samuel Peppin - Managing Director at Bioscan Ltd","author_link":"https:\/\/bioscanltd.com\/de\/author\/samuel-peppin-managing-director-at-bioscan-ltd\/"},"rttpg_comment":0,"rttpg_category":" <a href=\"https:\/\/bioscanltd.com\/de\/?taxonomy=translation_priority&#038;term=optional-de\" rel=\"tag\">Optional<\/a>","rttpg_excerpt":"[vc_row css=&#8221;.vc_custom_1557802417323{background-image: url(https:\/\/bioscanltd.com\/wp-content\/uploads\/2019\/05\/section-about.png?id=8046) !important;background-position: center !important;background-repeat: no-repeat !important;background-size: cover !important;}&#8221;][vc_column][vc_row_inner][vc_column_inner width=&#8221;1\/2&#8243;][\/vc_column_inner][vc_column_inner width=&#8221;1\/2&#8243;][\/vc_column_inner][\/vc_row_inner][\/vc_column][\/vc_row][vc_row img_halfrow=&#8221;simple&#8221; halfrow_image=&#8221;9791&#8243; img_columns=&#8221;4columns&#8221; img_position=&#8221;imgleft&#8221; css=&#8221;.vc_custom_1734092154566{background-color: #f7f9fa !important;}&#8221; el_class=&#8221;service-method service-method-new&#8221;][vc_column width=&#8221;1\/3&#8243;][\/vc_column][vc_column width=&#8221;2\/3&#8243;][\/vc_column][\/vc_row][vc_row css=&#8221;.vc_custom_1715775122658{border-bottom-width: 60px !important;background-image: url(https:\/\/bioscanltd.com\/wp-content\/uploads\/2019\/05\/section-about.png?id=8046) !important;background-position: center !important;background-repeat: no-repeat !important;background-size: cover !important;}&#8221;][vc_column][vc_row_inner][vc_column_inner el_class=&#8221;home-service-icon-section&#8221; width=&#8221;1\/2&#8243;][\/vc_column_inner][vc_column_inner width=&#8221;1\/2&#8243;][\/vc_column_inner][\/vc_row_inner][\/vc_column][\/vc_row][vc_row css=&#8221;.vc_custom_1592219404843{background-color: #f7f9fa !important;}&#8221;][vc_column][\/vc_column][\/vc_row][vc_row][vc_column][\/vc_column][\/vc_row]","_links":{"self":[{"href":"https:\/\/bioscanltd.com\/de\/wp-json\/wp\/v2\/pages\/13278","targetHints":{"allow":["GET"]}}],"collection":[{"href":"https:\/\/bioscanltd.com\/de\/wp-json\/wp\/v2\/pages"}],"about":[{"href":"https:\/\/bioscanltd.com\/de\/wp-json\/wp\/v2\/types\/page"}],"author":[{"embeddable":true,"href":"https:\/\/bioscanltd.com\/de\/wp-json\/wp\/v2\/users\/8"}],"replies":[{"embeddable":true,"href":"https:\/\/bioscanltd.com\/de\/wp-json\/wp\/v2\/comments?post=13278"}],"version-history":[{"count":5,"href":"https:\/\/bioscanltd.com\/de\/wp-json\/wp\/v2\/pages\/13278\/revisions"}],"predecessor-version":[{"id":13472,"href":"https:\/\/bioscanltd.com\/de\/wp-json\/wp\/v2\/pages\/13278\/revisions\/13472"}],"wp:attachment":[{"href":"https:\/\/bioscanltd.com\/de\/wp-json\/wp\/v2\/media?parent=13278"}],"curies":[{"name":"wp","href":"https:\/\/api.w.org\/{rel}","templated":true}]}}