{"id":13319,"date":"2024-12-16T11:26:27","date_gmt":"2024-12-16T11:26:27","guid":{"rendered":"https:\/\/bioscanltd.com\/eclipse-tech\/"},"modified":"2026-01-05T07:21:13","modified_gmt":"2026-01-05T07:21:13","slug":"eclipse-tech","status":"publish","type":"page","link":"https:\/\/bioscanltd.com\/de\/eclipse-tech\/","title":{"rendered":"Eclipse-Tech"},"content":{"rendered":"<section class=\"wpb-content-wrapper\"><p>[vc_row css=&#8221;.vc_custom_1590563651840{background-image: url(https:\/\/bioscanltd.com\/wp-content\/uploads\/2019\/05\/main-bg-1.png?id=8860) !important;background-position: center !important;background-repeat: no-repeat !important;background-size: cover !important;}&#8221; el_id=&#8221;first-row&#8221;][vc_column][vc_row_inner][vc_column_inner width=&#8221;2\/3&#8243;]<h2 class=\"bauer-text clearfix \" style=\"font-weight:300;font-size:42px;line-height:50px;margin-bottom:30px;\"><p><span>Bioscan LTD und Eclipse-Tech arbeiten in Kanada zusammen, um Kunden in der Nahrungsmittel-, Pharma- und Getr\u00e4nkeindustrie exklusiv <a href=\"https:\/\/bioscanltd.com\/spray-dryer-system-integrity-for-infant-formula-production\/?lang=de\">Risspr\u00fcfungen<\/a> und Reparaturen anzubieten.<\/span><\/p>\n<\/h2><div class=\"bauer-text clearfix \" style=\"margin-bottom:30px;\"><p>Eclipse-Tech hat mehr als 15 Jahre Erfahrung in der Bereitstellung von technischen Dienstleistungen, mit denen es kanadische Unternehmen in verschiedenen Branchen kontinuierlich bei ihrer erfolgreichen Arbeit unterst\u00fctzt.<\/p>\n<p>Eclipse-Tech ist fest davon \u00fcberzeugt, dass sie durch Gesch\u00e4ftsbeziehungen, die auf Fortschritt, Innovation und Vertrauen basieren, die M\u00f6glichkeit haben, Ihr Unternehmen zu transformieren, Ihre Ressourcen zu maximieren und die Zukunft, in die Sie gehen, Schritt f\u00fcr Schritt zu verbessern.<\/p>\n<\/div>[\/vc_column_inner][vc_column_inner width=&#8221;1\/3&#8243;]<div class=\"bauer-simple-image text-center\" style=\"\" >\r\n\t\t\t<img decoding=\"async\" alt=\"image\" src=\"https:\/\/bioscanltd.com\/wp-content\/uploads\/Eclipse-Tech.png\" title=\"\"> \r\n\t\t<\/div>[\/vc_column_inner][\/vc_row_inner]\r\n\t<div class=\"bauer-spacer clearfix\" data-desktop=\"20\" data-mobi=\"20\" data-smobi=\"20\"><\/div>[\/vc_column][\/vc_row][vc_row disable_element=&#8221;yes&#8221; css=&#8221;.vc_custom_1592571536634{background-image: url(https:\/\/bioscanltd.com\/wp-content\/uploads\/2019\/05\/section-bg1-1.png?id=7977) !important;background-position: center !important;background-repeat: no-repeat !important;background-size: cover !important;}&#8221;][vc_column]\r\n\t<div class=\"bauer-spacer clearfix\" data-desktop=\"20\" data-mobi=\"20\" data-smobi=\"20\"><\/div><h2 class=\"bauer-text clearfix text-center\" style=\"font-size:42px;line-height:50px;margin-bottom:30px;max-width:750px;margin-left: auto; margin-right: auto;\"><p><span class=\"font-weight-300\">The focus of<\/span> our partnership <span class=\"font-weight-300\">is<\/span> largely on spray dryers<\/p>\n<\/h2><div class=\"bauer-text clearfix text-center\" style=\"font-size:18px;line-height:30px;color:#777777;max-width:750px;margin-left: auto; margin-right: auto;\"><p>However, the services offered will also cover;<\/p>\n<\/div>\r\n\t<div class=\"bauer-spacer clearfix\" data-desktop=\"50\" data-mobi=\"30\" data-smobi=\"30\"><\/div>[vc_row_inner][vc_column_inner width=&#8221;1\/4&#8243;]<div class=\"bauer-icon-box clearfix icon-top align-center hover-style-1 simple\" style=\"background-color:#f7f9fa;padding:34px 25px 27px;border-radius:5px;border:1px solid #e7e7e7;\" ><div class=\"hover\" style=\"border-radius:5px;background-color:#000000;\"><\/div><div class=\"wrap-inner\" style=\"position: relative;\"><div class=\"bauer-icon icon-573982042 accent custom\"  data-background=\"\">\r\n\t\t\t\t<span class=\"icon\" style=\"font-size:50px;width:50px;height:50px;border-style:solid;line-height:50px;\"><i class=\"bauerico-building\"><\/i><\/span>\r\n\t\t\t<\/div> <h3 class=\"heading \" style=\"font-size:20px;line-height:24px;margin-top:22px;margin-bottom:12px;\">\r\n\t\t\t<span>Cyclones<\/span>\r\n\t\t<\/h3><div class=\"desc\" style=\"\"><p>This area delivers the control you want over all critical aspects of your project.<\/p>\n<\/div> <div class=\"hover\" style=\"border-radius:5px;background-color:#000000;\"><\/div><\/div><\/div>\r\n\t<div class=\"bauer-spacer clearfix\" data-desktop=\"30\" data-mobi=\"30\" data-smobi=\"30\"><\/div><div class=\"bauer-icon-box clearfix icon-top align-center hover-style-1 simple\" style=\"background-color:#f7f9fa;padding:34px 25px 27px;border-radius:5px;border:1px solid #e7e7e7;\" ><div class=\"hover\" style=\"border-radius:5px;background-color:#000000;\"><\/div><div class=\"wrap-inner\" style=\"position: relative;\"><div class=\"bauer-icon icon-2136767394 accent custom\"  data-background=\"\">\r\n\t\t\t\t<span class=\"icon\" style=\"font-size:50px;width:50px;height:50px;border-style:solid;line-height:50px;\"><i class=\"bauerico-crane-truck\"><\/i><\/span>\r\n\t\t\t<\/div> <h3 class=\"heading \" style=\"font-size:20px;line-height:24px;margin-top:22px;margin-bottom:12px;\">\r\n\t\t\t<span>Process Tanks<\/span>\r\n\t\t<\/h3><div class=\"desc\" style=\"\"><p>This area delivers the control you want over all critical aspects of your project.<\/p>\n<\/div> <div class=\"hover\" style=\"border-radius:5px;background-color:#000000;\"><\/div><\/div><\/div>\r\n\t<div class=\"bauer-spacer clearfix\" data-desktop=\"0\" data-mobi=\"30\" data-smobi=\"30\"><\/div>[\/vc_column_inner][vc_column_inner width=&#8221;1\/4&#8243;]<div class=\"bauer-icon-box clearfix icon-top align-center hover-style-1 simple\" style=\"background-color:#f7f9fa;padding:34px 25px 27px;border-radius:5px;border:1px solid #e7e7e7;\" ><div class=\"hover\" style=\"border-radius:5px;background-color:#000000;\"><\/div><div class=\"wrap-inner\" style=\"position: relative;\"><div class=\"bauer-icon icon-2067882243 accent custom\"  data-background=\"\">\r\n\t\t\t\t<span class=\"icon\" style=\"font-size:50px;width:50px;height:50px;border-style:solid;line-height:50px;\"><i class=\"bauerico-brick-wall\"><\/i><\/span>\r\n\t\t\t<\/div> <h3 class=\"heading \" style=\"font-size:20px;line-height:24px;margin-top:22px;margin-bottom:12px;\">\r\n\t\t\t<span>Bag Filters<\/span>\r\n\t\t<\/h3><div class=\"desc\" style=\"\"><p>This area delivers the control you want over all critical aspects of your project.<\/p>\n<\/div> <div class=\"hover\" style=\"border-radius:5px;background-color:#000000;\"><\/div><\/div><\/div>\r\n\t<div class=\"bauer-spacer clearfix\" data-desktop=\"30\" data-mobi=\"30\" data-smobi=\"30\"><\/div><div class=\"bauer-icon-box clearfix icon-top align-center hover-style-1 simple\" style=\"background-color:#f7f9fa;padding:34px 25px 27px;border-radius:5px;border:1px solid #e7e7e7;\" ><div class=\"hover\" style=\"border-radius:5px;background-color:#000000;\"><\/div><div class=\"wrap-inner\" style=\"position: relative;\"><div class=\"bauer-icon icon-236661409 accent custom\"  data-background=\"\">\r\n\t\t\t\t<span class=\"icon\" style=\"font-size:50px;width:50px;height:50px;border-style:solid;line-height:50px;\"><i class=\"bauerico-industry\"><\/i><\/span>\r\n\t\t\t<\/div> <h3 class=\"heading \" style=\"font-size:20px;line-height:24px;margin-top:22px;margin-bottom:12px;\">\r\n\t\t\t<span>Cheese Vats<\/span>\r\n\t\t<\/h3><div class=\"desc\" style=\"\"><p>This area delivers the control you want over all critical aspects of your project.<\/p>\n<\/div> <div class=\"hover\" style=\"border-radius:5px;background-color:#000000;\"><\/div><\/div><\/div>\r\n\t<div class=\"bauer-spacer clearfix\" data-desktop=\"0\" data-mobi=\"30\" data-smobi=\"30\"><\/div>[\/vc_column_inner][vc_column_inner width=&#8221;1\/4&#8243;]<div class=\"bauer-icon-box clearfix icon-top align-center hover-style-1 simple\" style=\"background-color:#f7f9fa;padding:34px 25px 27px;border-radius:5px;border:1px solid #e7e7e7;\" ><div class=\"hover\" style=\"border-radius:5px;background-color:#000000;\"><\/div><div class=\"wrap-inner\" style=\"position: relative;\"><div class=\"bauer-icon icon-436283768 accent custom\"  data-background=\"\">\r\n\t\t\t\t<span class=\"icon\" style=\"font-size:50px;width:50px;height:50px;border-style:solid;line-height:50px;\"><i class=\"bauerico-barrel\"><\/i><\/span>\r\n\t\t\t<\/div> <h3 class=\"heading \" style=\"font-size:20px;line-height:24px;margin-top:22px;margin-bottom:12px;\">\r\n\t\t\t<span>Fluid Beds<\/span>\r\n\t\t<\/h3><div class=\"desc\" style=\"\"><p>This area delivers the control you want over all critical aspects of your project.<\/p>\n<\/div> <div class=\"hover\" style=\"border-radius:5px;background-color:#000000;\"><\/div><\/div><\/div>\r\n\t<div class=\"bauer-spacer clearfix\" data-desktop=\"30\" data-mobi=\"30\" data-smobi=\"30\"><\/div><div class=\"bauer-icon-box clearfix icon-top align-center hover-style-1 simple\" style=\"background-color:#f7f9fa;padding:34px 25px 27px;border-radius:5px;border:1px solid #e7e7e7;\" ><div class=\"hover\" style=\"border-radius:5px;background-color:#000000;\"><\/div><div class=\"wrap-inner\" style=\"position: relative;\"><div class=\"bauer-icon icon-1113721060 accent custom\"  data-background=\"\">\r\n\t\t\t\t<span class=\"icon\" style=\"font-size:50px;width:50px;height:50px;border-style:solid;line-height:50px;\"><i class=\"bauerico-crane\"><\/i><\/span>\r\n\t\t\t<\/div> <h3 class=\"heading \" style=\"font-size:20px;line-height:24px;margin-top:22px;margin-bottom:12px;\">\r\n\t\t\t<span>Finishing Tables<\/span>\r\n\t\t<\/h3><div class=\"desc\" style=\"\"><p>This area delivers the control you want over all critical aspects of your project.<\/p>\n<\/div> <div class=\"hover\" style=\"border-radius:5px;background-color:#000000;\"><\/div><\/div><\/div>\r\n\t<div class=\"bauer-spacer clearfix\" data-desktop=\"0\" data-mobi=\"30\" data-smobi=\"30\"><\/div>[\/vc_column_inner][vc_column_inner width=&#8221;1\/4&#8243;]<div class=\"bauer-icon-box clearfix icon-top align-center hover-style-1 simple\" style=\"background-color:#f7f9fa;padding:34px 25px 27px;border-radius:5px;border:1px solid #e7e7e7;\" ><div class=\"hover\" style=\"border-radius:5px;background-color:#000000;\"><\/div><div class=\"wrap-inner\" style=\"position: relative;\"><div class=\"bauer-icon icon-728701963 accent custom\"  data-background=\"\">\r\n\t\t\t\t<span class=\"icon\" style=\"font-size:50px;width:50px;height:50px;border-style:solid;line-height:50px;\"><i class=\"bauerico-barrel\"><\/i><\/span>\r\n\t\t\t<\/div> <h3 class=\"heading \" style=\"font-size:20px;line-height:24px;margin-top:22px;margin-bottom:12px;\">\r\n\t\t\t<span>Silos<\/span>\r\n\t\t<\/h3><div class=\"desc\" style=\"\"><p>This area delivers the control you want over all critical aspects of your project.<\/p>\n<\/div> <div class=\"hover\" style=\"border-radius:5px;background-color:#000000;\"><\/div><\/div><\/div>\r\n\t<div class=\"bauer-spacer clearfix\" data-desktop=\"30\" data-mobi=\"30\" data-smobi=\"30\"><\/div><div class=\"bauer-icon-box clearfix icon-top align-center hover-style-1 simple\" style=\"background-color:#f7f9fa;padding:34px 25px 27px;border-radius:5px;border:1px solid #e7e7e7;\" ><div class=\"hover\" style=\"border-radius:5px;background-color:#000000;\"><\/div><div class=\"wrap-inner\" style=\"position: relative;\"><div class=\"bauer-icon icon-1215706675 accent custom\"  data-background=\"\">\r\n\t\t\t\t<span class=\"icon\" style=\"font-size:50px;width:50px;height:50px;border-style:solid;line-height:50px;\"><i class=\"bauerico-barrel\"><\/i><\/span>\r\n\t\t\t<\/div> <h3 class=\"heading \" style=\"font-size:20px;line-height:24px;margin-top:22px;margin-bottom:12px;\">\r\n\t\t\t<span>Ducting<\/span>\r\n\t\t<\/h3><div class=\"desc\" style=\"\"><p>This area delivers the control you want over all critical aspects of your project.<\/p>\n<\/div> <div class=\"hover\" style=\"border-radius:5px;background-color:#000000;\"><\/div><\/div><\/div>\r\n\t<div class=\"bauer-spacer clearfix\" data-desktop=\"0\" data-mobi=\"30\" data-smobi=\"30\"><\/div>[\/vc_column_inner][\/vc_row_inner]\r\n\t<div class=\"bauer-spacer clearfix\" data-desktop=\"60\" data-mobi=\"40\" data-smobi=\"40\"><\/div>[\/vc_column][\/vc_row][vc_row][vc_column width=&#8221;1\/3&#8243; el_class=&#8221;img-border&#8221;]<div class=\"bauer-images-carousel  arrow-center has-arrows\" data-auto=\"false\" data-loop=\"false\" data-gap=\"30\" data-column=\"1\" data-column2=\"1\" data-column3=\"1\">\r\n        <div class=\"owl-carousel owl-theme\"><div class=\"item-wrap\"><img decoding=\"async\" src=\"https:\/\/bioscanltd.com\/wp-content\/uploads\/Granby-chamber-repair-using-gantry.png\" alt=\"Image\" title=\"\"><\/div><div class=\"item-wrap\"><img decoding=\"async\" src=\"https:\/\/bioscanltd.com\/wp-content\/uploads\/Granby-chamber-inspection-2-599x600.png\" alt=\"Image\" title=\"\"><\/div><\/div><\/div>[\/vc_column][vc_column width=&#8221;2\/3&#8243;]<div class=\"bauer-text clearfix \" style=\"margin-bottom:10px;\"><p>Das multidisziplin\u00e4re Team von Eclipse-Tech bietet in Abstimmung auf die Bed\u00fcrfnisse der Kunden beispiellose Kompetenzen in den Bereichen 3D-Design, Automatisierung, Steuerung, Thermodynamik, Design von Fl\u00fcssigkeitsprozessen, Handhabung, Maschinensicherheit und Projektmanagement.<\/p>\n<p>Das Team wird seine Kunden durch alle Schritte vom Entwurf bis zur Realisierung ihrer Projekte zu begleiten. Wir garantieren Ihnen au\u00dferdem den effizientesten technischen Support und eine optimale Verf\u00fcgbarkeit<\/p>\n<p>Dank der Partnerschaft zwischen Eclipse-Tech und <a href=\"https:\/\/bioscanltd.com\/?lang=de\">Bioscan<\/a> in Kanada k\u00f6nnen wir nun gemeinsam modernste Risspr\u00fcfungsinspektionen und Reparaturdienste anbieten, die Kunden bei der genauen Bewertung ihrer Prozessbeh\u00e4lter und der Planung des zuk\u00fcnftigen Anlagenmanagements unterst\u00fctzen.<\/p>\n<p>Dadurch werden Standzeiten reduziert und die Produktivit\u00e4t insgesamt gesteigert.<\/p>\n<\/div>[\/vc_column][vc_column]\r\n\t<div class=\"bauer-spacer clearfix\" data-desktop=\"20\" data-mobi=\"1\" data-smobi=\"0\"><\/div><div class=\"bauer-text clearfix \" style=\"margin-bottom:10px;\"><p>For more information on how you can benefit from these services in Canada, please visit <span><a href=\"https:\/\/www.eclipse-tech.ca\/\" target=\"_blank\" rel=\"noopener\"><u>https:\/\/www.eclipse-tech.ca\/<\/u><\/a><\/span> or contact <span><a href=\"mailto:info@eclipse-tech.ca\"><u>info@eclipse-tech.ca<\/u><\/a><\/span><\/p>\n<\/div>[\/vc_column][\/vc_row]<\/p>\n<\/section>","protected":false},"excerpt":{"rendered":"<p>[vc_row css=&#8221;.vc_custom_1590563651840{background-image: url(https:\/\/bioscanltd.com\/wp-content\/uploads\/2019\/05\/main-bg-1.png?id=8860) !important;background-position: center !important;background-repeat: no-repeat !important;background-size: cover !important;}&#8221; el_id=&#8221;first-row&#8221;][vc_column][vc_row_inner][vc_column_inner width=&#8221;2\/3&#8243;][\/vc_column_inner][vc_column_inner width=&#8221;1\/3&#8243;][\/vc_column_inner][\/vc_row_inner][\/vc_column][\/vc_row][vc_row disable_element=&#8221;yes&#8221; css=&#8221;.vc_custom_1592571536634{background-image: url(https:\/\/bioscanltd.com\/wp-content\/uploads\/2019\/05\/section-bg1-1.png?id=7977) !important;background-position: center !important;background-repeat: no-repeat !important;background-size: cover !important;}&#8221;][vc_column][vc_row_inner][vc_column_inner width=&#8221;1\/4&#8243;][\/vc_column_inner][vc_column_inner width=&#8221;1\/4&#8243;][\/vc_column_inner][vc_column_inner width=&#8221;1\/4&#8243;][\/vc_column_inner][vc_column_inner width=&#8221;1\/4&#8243;][\/vc_column_inner][\/vc_row_inner][\/vc_column][\/vc_row][vc_row][vc_column width=&#8221;1\/3&#8243; el_class=&#8221;img-border&#8221;][\/vc_column][vc_column width=&#8221;2\/3&#8243;][\/vc_column][vc_column][\/vc_column][\/vc_row]<\/p>\n","protected":false},"author":8,"featured_media":0,"parent":0,"menu_order":0,"comment_status":"closed","ping_status":"closed","template":"","meta":{"_acf_changed":false,"_monsterinsights_skip_tracking":false,"_monsterinsights_sitenote_active":false,"_monsterinsights_sitenote_note":"","_monsterinsights_sitenote_category":0,"footnotes":""},"class_list":["post-13319","page","type-page","status-publish","hentry"],"acf":[],"rttpg_featured_image_url":null,"rttpg_author":{"display_name":"Samuel Peppin - Managing Director at Bioscan Ltd","author_link":"https:\/\/bioscanltd.com\/de\/author\/samuel-peppin-managing-director-at-bioscan-ltd\/"},"rttpg_comment":0,"rttpg_category":" <a href=\"https:\/\/bioscanltd.com\/de\/?taxonomy=translation_priority&#038;term=optional-de\" rel=\"tag\">Optional<\/a>","rttpg_excerpt":"[vc_row css=&#8221;.vc_custom_1590563651840{background-image: url(https:\/\/bioscanltd.com\/wp-content\/uploads\/2019\/05\/main-bg-1.png?id=8860) !important;background-position: center !important;background-repeat: no-repeat !important;background-size: cover !important;}&#8221; el_id=&#8221;first-row&#8221;][vc_column][vc_row_inner][vc_column_inner width=&#8221;2\/3&#8243;][\/vc_column_inner][vc_column_inner width=&#8221;1\/3&#8243;][\/vc_column_inner][\/vc_row_inner][\/vc_column][\/vc_row][vc_row disable_element=&#8221;yes&#8221; css=&#8221;.vc_custom_1592571536634{background-image: url(https:\/\/bioscanltd.com\/wp-content\/uploads\/2019\/05\/section-bg1-1.png?id=7977) !important;background-position: center !important;background-repeat: no-repeat !important;background-size: cover !important;}&#8221;][vc_column][vc_row_inner][vc_column_inner width=&#8221;1\/4&#8243;][\/vc_column_inner][vc_column_inner width=&#8221;1\/4&#8243;][\/vc_column_inner][vc_column_inner width=&#8221;1\/4&#8243;][\/vc_column_inner][vc_column_inner width=&#8221;1\/4&#8243;][\/vc_column_inner][\/vc_row_inner][\/vc_column][\/vc_row][vc_row][vc_column width=&#8221;1\/3&#8243; el_class=&#8221;img-border&#8221;][\/vc_column][vc_column width=&#8221;2\/3&#8243;][\/vc_column][vc_column][\/vc_column][\/vc_row]","_links":{"self":[{"href":"https:\/\/bioscanltd.com\/de\/wp-json\/wp\/v2\/pages\/13319","targetHints":{"allow":["GET"]}}],"collection":[{"href":"https:\/\/bioscanltd.com\/de\/wp-json\/wp\/v2\/pages"}],"about":[{"href":"https:\/\/bioscanltd.com\/de\/wp-json\/wp\/v2\/types\/page"}],"author":[{"embeddable":true,"href":"https:\/\/bioscanltd.com\/de\/wp-json\/wp\/v2\/users\/8"}],"replies":[{"embeddable":true,"href":"https:\/\/bioscanltd.com\/de\/wp-json\/wp\/v2\/comments?post=13319"}],"version-history":[{"count":5,"href":"https:\/\/bioscanltd.com\/de\/wp-json\/wp\/v2\/pages\/13319\/revisions"}],"predecessor-version":[{"id":13476,"href":"https:\/\/bioscanltd.com\/de\/wp-json\/wp\/v2\/pages\/13319\/revisions\/13476"}],"wp:attachment":[{"href":"https:\/\/bioscanltd.com\/de\/wp-json\/wp\/v2\/media?parent=13319"}],"curies":[{"name":"wp","href":"https:\/\/api.w.org\/{rel}","templated":true}]}}