{"id":10974,"date":"2021-05-03T12:38:07","date_gmt":"2021-05-03T12:38:07","guid":{"rendered":"https:\/\/bioscanltd.com\/servicios-principales\/"},"modified":"2026-02-21T09:28:41","modified_gmt":"2026-02-21T09:28:41","slug":"servicios-principales","status":"publish","type":"page","link":"https:\/\/bioscanltd.com\/es\/servicios-principales\/","title":{"rendered":"Nuestros servicios"},"content":{"rendered":"<section class=\"wpb-content-wrapper\"><p>[vc_row css=&#8221;.vc_custom_1590563651840{background-image: url(https:\/\/bioscanltd.com\/wp-content\/uploads\/2019\/05\/main-bg-1.png?id=8860) !important;background-position: center !important;background-repeat: no-repeat !important;background-size: cover !important;}&#8221; el_id=&#8221;first-row&#8221;][vc_column]\r\n\t<div class=\"bauer-spacer clearfix\" data-desktop=\"94\" data-mobi=\"60\" data-smobi=\"60\"><\/div><h2 class=\"bauer-text clearfix text-center\" style=\"\"><p>Nuestros principales servicios de pruebas de integridad incluyen: secadores por aspersi\u00f3n, tanques y otros equipos de procesos.<\/p>\n<\/h2>\r\n\t<div class=\"bauer-spacer clearfix\" data-desktop=\"60\" data-mobi=\"60\" data-smobi=\"40\"><\/div>[vc_row_inner el_id=&#8221;magnerscan-crack-testing&#8221;][vc_column_inner el_class=&#8221;content-middle-section&#8221; width=&#8221;1\/2&#8243;]<h2 class=\"bauer-text clearfix \" style=\"\"><p>Tecnolog\u00eda de inspecci\u00f3n de Bioscan<\/p>\n<\/h2><div class=\"bauer-text clearfix \" style=\"\"><p>La tecnolog\u00eda de <a href=\"https:\/\/bioscanltd.com\/es\/\">inspecci\u00f3n de Bioscan<\/a> es un m\u00e9todo electr\u00f3nico de detecci\u00f3n de defectos, tales como grietas, fusi\u00f3n de la soldadura incompleta, cavidades de corrosi\u00f3n, porosidad y otros defectos que puedan causar contaminaci\u00f3n y\/o contaminaci\u00f3n cruzada en el producto elaborado en recipientes de presi\u00f3n y no presi\u00f3n de acero inoxidable.<\/p>\n<p>Nuestra tecnolog\u00eda es capaz de detectar la profundidad de las grietas encontradas. Tambi\u00e9n, podemos realizar una comprobaci\u00f3n del espesor del material para localizar cualquier punto d\u00e9bil en el recipiente.<\/p>\n<\/div>\r\n\t<div class=\"bauer-spacer clearfix\" data-desktop=\"30\" data-mobi=\"20\" data-smobi=\"20\"><\/div><div class=\"button-wrap icon-right\" style=\"\" ><a href=\"https:\/\/bioscanltd.com\/es\/contacta-con-nosotros\/\" target=\"_blank\" class=\"bauer-button btn-1325649210 medium no_icon custom outline solid custom\" style=\"border-radius:30px;border-width:2px;\"  data-background=\"\" data-border=\"\">\r\n\t\t<span style=\"\">Obtenga una cotizaci\u00f3n <\/span>\r\n\t<\/a><\/div>[\/vc_column_inner][vc_column_inner el_class=&#8221;content-middle-section&#8221; width=&#8221;1\/2&#8243;]<div class=\"bauer-simple-image text-center\" style=\"\" >\r\n\t\t\t<img decoding=\"async\" alt=\"image\" src=\"https:\/\/bioscanltd.com\/wp-content\/uploads\/001-1-1.webp\" title=\"\"> <div class=\"bauer-video-icon clearfix white big\" style=\"top:50%;left:50%;transform:translate(-50px,-50px);\"><a class=\"icon-wrap popup-video\" href=\"https:\/\/www.youtube.com\/watch?v=ruJGF3XwkxI\" target=\"_blank\" rel=\"noopener\">play<span class=\"circle\"><\/span><\/a><\/div>\r\n\t\t<\/div>[\/vc_column_inner][vc_column_inner]\r\n\t<div class=\"bauer-spacer clearfix\" data-desktop=\"100\" data-mobi=\"60\" data-smobi=\"60\"><\/div>[\/vc_column_inner][\/vc_row_inner][\/vc_column][\/vc_row][vc_row css=&#8221;.vc_custom_1592047153749{background-image: url(https:\/\/bioscanltd.com\/wp-content\/uploads\/2019\/05\/section-bg1-1.png?id=7977) !important;background-position: center !important;background-repeat: no-repeat !important;background-size: cover !important;}&#8221;][vc_column]<h4 class=\"bauer-text clearfix text-center\" style=\"margin-bottom:32px;\"><p>La tecnolog\u00eda de inspecci\u00f3n de Bioscan es eficaz para probar equipos tales como:<\/p>\n<\/h4>[vc_row_inner el_class=&#8221;main-service-icon main-service-icon-new&#8221;][vc_column_inner width=&#8221;1\/3&#8243;]<div class=\"bauer-icon-box clearfix icon-top align-center hover-style-1 simple\" style=\"background-color:#f7f9fa;padding:34px 25px 27px;border-radius:5px;border:1px solid #e7e7e7;\" ><div class=\"hover\" style=\"border-radius:5px;background-color:#000000;\"><\/div><div class=\"wrap-inner\" style=\"position: relative;\"><div class=\"image-wrap\" style=\"width:50px;\">\r\n\t\t\t\t<img decoding=\"async\" alt=\"image\" src=\"https:\/\/bioscanltd.com\/wp-content\/uploads\/2020\/07\/Spray-Dryers.png\" title=\"\">\r\n\t\t\t<\/div> <h3 class=\"heading \" style=\"font-size:20px;line-height:24px;margin-top:22px;margin-bottom:12px;\">\r\n\t\t\t<span>Secadores por aspersi\u00f3n<\/span>\r\n\t\t<\/h3> <div class=\"hover\" style=\"border-radius:5px;background-color:#000000;\"><\/div><\/div><\/div>\r\n\t<div class=\"bauer-spacer clearfix\" data-desktop=\"30\" data-mobi=\"30\" data-smobi=\"30\"><\/div><div class=\"bauer-icon-box clearfix icon-top align-center hover-style-1 simple\" style=\"background-color:#f7f9fa;padding:34px 25px 27px;border-radius:5px;border:1px solid #e7e7e7;\" ><div class=\"hover\" style=\"border-radius:5px;background-color:#000000;\"><\/div><div class=\"wrap-inner\" style=\"position: relative;\"><div class=\"image-wrap\" style=\"width:100px;\">\r\n\t\t\t\t<img decoding=\"async\" alt=\"image\" src=\"https:\/\/bioscanltd.com\/wp-content\/uploads\/2020\/07\/Fluid-Beds.png\" title=\"\">\r\n\t\t\t<\/div> <h3 class=\"heading \" style=\"font-size:20px;line-height:24px;margin-top:22px;margin-bottom:12px;\">\r\n\t\t\t<span>Lechos fluidos<\/span>\r\n\t\t<\/h3> <div class=\"hover\" style=\"border-radius:5px;background-color:#000000;\"><\/div><\/div><\/div>[\/vc_column_inner][vc_column_inner width=&#8221;1\/3&#8243;]<div class=\"bauer-icon-box clearfix icon-top align-center hover-style-1 simple\" style=\"background-color:#f7f9fa;padding:34px 25px 27px;border-radius:5px;border:1px solid #e7e7e7;\" ><div class=\"hover\" style=\"border-radius:5px;background-color:#000000;\"><\/div><div class=\"wrap-inner\" style=\"position: relative;\"><div class=\"image-wrap\" style=\"width:50px;\">\r\n\t\t\t\t<img decoding=\"async\" alt=\"image\" src=\"https:\/\/bioscanltd.com\/wp-content\/uploads\/2020\/07\/Process-Tanks.png\" title=\"\">\r\n\t\t\t<\/div> <h3 class=\"heading \" style=\"font-size:20px;line-height:24px;margin-top:22px;margin-bottom:12px;\">\r\n\t\t\t<span>Tanques de procesamiento<\/span>\r\n\t\t<\/h3> <div class=\"hover\" style=\"border-radius:5px;background-color:#000000;\"><\/div><\/div><\/div>\r\n\t<div class=\"bauer-spacer clearfix\" data-desktop=\"30\" data-mobi=\"30\" data-smobi=\"30\"><\/div><div class=\"bauer-icon-box clearfix icon-top align-center hover-style-1 simple\" style=\"background-color:#f7f9fa;padding:34px 25px 27px;border-radius:5px;border:1px solid #e7e7e7;\" ><div class=\"hover\" style=\"border-radius:5px;background-color:#000000;\"><\/div><div class=\"wrap-inner\" style=\"position: relative;\"><div class=\"image-wrap\" style=\"width:50px;\">\r\n\t\t\t\t<img decoding=\"async\" alt=\"image\" src=\"https:\/\/bioscanltd.com\/wp-content\/uploads\/2020\/07\/Air-Heaters.png\" title=\"\">\r\n\t\t\t<\/div> <h3 class=\"heading \" style=\"font-size:20px;line-height:24px;margin-top:22px;margin-bottom:12px;\">\r\n\t\t\t<span>Filtros de manga<\/span>\r\n\t\t<\/h3> <div class=\"hover\" style=\"border-radius:5px;background-color:#000000;\"><\/div><\/div><\/div>[\/vc_column_inner][vc_column_inner width=&#8221;1\/3&#8243;]<div class=\"bauer-icon-box clearfix icon-top align-center hover-style-1 simple\" style=\"background-color:#f7f9fa;padding:34px 25px 27px;border-radius:5px;border:1px solid #e7e7e7;\" ><div class=\"hover\" style=\"border-radius:5px;background-color:#000000;\"><\/div><div class=\"wrap-inner\" style=\"position: relative;\"><div class=\"image-wrap\" style=\"width:50px;\">\r\n\t\t\t\t<img decoding=\"async\" alt=\"image\" src=\"https:\/\/bioscanltd.com\/wp-content\/uploads\/2020\/07\/Cyclones0A.png\" title=\"\">\r\n\t\t\t<\/div> <h3 class=\"heading \" style=\"font-size:20px;line-height:24px;margin-top:22px;margin-bottom:12px;\">\r\n\t\t\t<span>Ciclones<\/span>\r\n\t\t<\/h3> <div class=\"hover\" style=\"border-radius:5px;background-color:#000000;\"><\/div><\/div><\/div>\r\n\t<div class=\"bauer-spacer clearfix\" data-desktop=\"30\" data-mobi=\"30\" data-smobi=\"30\"><\/div><div class=\"bauer-icon-box clearfix icon-top align-center hover-style-1 simple\" style=\"background-color:#f7f9fa;padding:34px 25px 27px;border-radius:5px;border:1px solid #e7e7e7;\" ><div class=\"hover\" style=\"border-radius:5px;background-color:#000000;\"><\/div><div class=\"wrap-inner\" style=\"position: relative;\"><div class=\"image-wrap\" style=\"width:100px;\">\r\n\t\t\t\t<img decoding=\"async\" alt=\"image\" src=\"https:\/\/bioscanltd.com\/wp-content\/uploads\/2020\/07\/Cheese-Vat.png\" title=\"\">\r\n\t\t\t<\/div> <h3 class=\"heading \" style=\"font-size:20px;line-height:24px;margin-top:22px;margin-bottom:12px;\">\r\n\t\t\t<span>Mesas y cubas para quesos<\/span>\r\n\t\t<\/h3> <div class=\"hover\" style=\"border-radius:5px;background-color:#000000;\"><\/div><\/div><\/div>[\/vc_column_inner][vc_column_inner]\r\n\t<div class=\"bauer-spacer clearfix\" data-desktop=\"60\" data-mobi=\"40\" data-smobi=\"40\"><\/div>[\/vc_column_inner][\/vc_row_inner][\/vc_column][\/vc_row][vc_row el_class=&#8221;custom-img-box&#8221;][vc_column]<div class=\"bauer-text clearfix text-center\" style=\"margin-bottom:40px;max-width:900px;margin-left: auto; margin-right: auto;\"><p>El equipo consta de un sistema de esc\u00e1ner multicanal que permite una exploraci\u00f3n r\u00e1pida y sensible de grandes superficies. Tambi\u00e9n, se adjunta un sistema de sonda mono canal para permitir la exploraci\u00f3n de \u00e1reas peque\u00f1as, tales como esquinas y uniones de tuber\u00edas.<\/p>\n<\/div>[\/vc_column][vc_column]\r\n\t<div class=\"bauer-spacer clearfix\" data-desktop=\"94\" data-mobi=\"60\" data-smobi=\"60\"><\/div>[\/vc_column][\/vc_row][vc_row css=&#8221;.vc_custom_1592302914879{background: #f7f9fa url(https:\/\/bioscanltd.com\/wp-content\/uploads\/2019\/05\/main-bg-3.png?id=8868) !important;}&#8221; el_id=&#8221;repairs&#8221;][vc_column]\r\n\t<div class=\"bauer-spacer clearfix\" data-desktop=\"94\" data-mobi=\"60\" data-smobi=\"60\"><\/div><h2 class=\"bauer-text clearfix \" style=\"\"><p>Reparaciones<\/p>\n<\/h2>[vc_row_inner el_class=&#8221;custom-img-box&#8221;][vc_column_inner width=&#8221;1\/3&#8243;]<div class=\"bauer-text clearfix \" style=\"margin-bottom:34px;\"><p>Adem\u00e1s de realizar una prueba completa de grietas, contamos con un equipo de soldadores totalmente cualificados, que reparar\u00e1n todas las grietas siguiendo los est\u00e1ndares sanitarios. Posteriormente, volveremos a comprobar las zonas reparadas para garantizar que no se produzcan m\u00e1s grietas.<\/p>\n<\/div><div class=\"button-wrap icon-right\" style=\"\" ><a href=\"https:\/\/bioscanltd.com\/es\/contacta-con-nosotros\/\" target=\"_self\" class=\"bauer-button btn-1792488640 medium no_icon custom outline solid custom\" style=\"border-radius:30px;border-width:2px;\" data-background=\"\" data-border=\"\">\r\n\t\t<span style=\"\">Obtener un presupuesto <\/span>\r\n\t<\/a><\/div>[\/vc_column_inner][vc_column_inner el_class=&#8221;repair-section&#8221; width=&#8221;2\/3&#8243;]<div class=\"bauer-image-box clearfix style-1 \" style=\"\" >\r\n        <div class=\"item\">\r\n            <div class=\"inner\">\r\n                <div class=\"thumb\" style=\"\"><img loading=\"lazy\" decoding=\"async\" width=\"760\" height=\"204\" src=\"https:\/\/bioscanltd.com\/wp-content\/uploads\/1-1.webp\" class=\"attachment-full size-full\" alt=\"1\" srcset=\"https:\/\/bioscanltd.com\/wp-content\/uploads\/1-1.webp 760w, https:\/\/bioscanltd.com\/wp-content\/uploads\/1-1-300x81.webp 300w, https:\/\/bioscanltd.com\/wp-content\/uploads\/1-1-640x172.webp 640w, https:\/\/bioscanltd.com\/wp-content\/uploads\/1-1-480x129.webp 480w\" sizes=\"auto, (max-width: 760px) 100vw, 760px\" title=\"\"> <\/div>\r\n                <div class=\"text-wrap \" style=\"\">\r\n                    <h4 class=\"title\" style=\"\">\r\n            Grieta de 5cm encontrada en la pared de una torre de secado\r\n        <\/h4>  \r\n                <\/div>\r\n                \r\n            <\/div>\r\n        <\/div>\r\n    <\/div><div class=\"bauer-image-box clearfix style-1 \" style=\"\" >\r\n        <div class=\"item\">\r\n            <div class=\"inner\">\r\n                <div class=\"thumb\" style=\"\"><img loading=\"lazy\" decoding=\"async\" width=\"760\" height=\"204\" src=\"https:\/\/bioscanltd.com\/wp-content\/uploads\/2020\/06\/2.png\" class=\"attachment-full size-full\" alt=\"Crack repaired and polished by Bioscan\" srcset=\"https:\/\/bioscanltd.com\/wp-content\/uploads\/2020\/06\/2.png 760w, https:\/\/bioscanltd.com\/wp-content\/uploads\/2020\/06\/2-300x81.png 300w, https:\/\/bioscanltd.com\/wp-content\/uploads\/2020\/06\/2-640x172.png 640w, https:\/\/bioscanltd.com\/wp-content\/uploads\/2020\/06\/2-480x129.png 480w\" sizes=\"auto, (max-width: 760px) 100vw, 760px\" title=\"\"> <\/div>\r\n                <div class=\"text-wrap \" style=\"\">\r\n                    <h4 class=\"title\" style=\"\">\r\n            Grieta reparada y pulida\r\n        <\/h4>  \r\n                <\/div>\r\n                \r\n            <\/div>\r\n        <\/div>\r\n    <\/div>\r\n\t<div class=\"bauer-spacer clearfix\" data-desktop=\"20\" data-mobi=\"20\" data-smobi=\"10\"><\/div><div class=\"bauer-text clearfix text-center\" style=\"font-size:18px;line-height:30px;color:#414042;\"><p>Ejemplo del antes y el despu\u00e9s de una grieta encontrada y reparada por <a href=\"https:\/\/bioscanltd.com\/?lang=es\">Bioscan<\/a>:<\/p>\n<\/div>[\/vc_column_inner][\/vc_row_inner][\/vc_column][vc_column]\r\n\t<div class=\"bauer-spacer clearfix\" data-desktop=\"94\" data-mobi=\"60\" data-smobi=\"60\"><\/div>[\/vc_column][\/vc_row][vc_row css=&#8221;.vc_custom_1592551612839{background: #f7f9fa url(https:\/\/bioscanltd.com\/wp-content\/uploads\/2019\/05\/cons2-bg-2.png?id=8906) !important;background-position: center !important;background-repeat: no-repeat !important;background-size: cover !important;}&#8221; el_id=&#8221;reporting-certification&#8221;][vc_column]\r\n\t<div class=\"bauer-spacer clearfix\" data-desktop=\"100\" data-mobi=\"60\" data-smobi=\"60\"><\/div>[vc_row_inner][vc_column_inner width=&#8221;1\/2&#8243;]<div class=\"bauer-carousel-box arrow-style-1 arrow-center offsetcenter offset-v0 has-bullets arrow50\" data-auto=\"false\" data-loop=\"false\" data-gap=\"30\" data-column=\"1\" data-column2=\"1\" data-column3=\"1\">\r\n        <div class=\"owl-carousel owl-theme\"><div class=\"bauer-simple-image text-center\" style=\"\" >\r\n\t\t\t<img decoding=\"async\" alt=\"image\" src=\"https:\/\/bioscanltd.com\/wp-content\/uploads\/Report-page-demo.jpg\" title=\"\"> \r\n\t\t<\/div><div class=\"bauer-simple-image text-center\" style=\"\" >\r\n\t\t\t<img decoding=\"async\" alt=\"image\" src=\"https:\/\/bioscanltd.com\/wp-content\/uploads\/report-defects-demo.jpg\" title=\"\"> \r\n\t\t<\/div><div class=\"bauer-simple-image text-center\" style=\"\" >\r\n\t\t\t<img decoding=\"async\" alt=\"image\" src=\"https:\/\/bioscanltd.com\/wp-content\/uploads\/Certificate-demo-1.jpg\" title=\"\"> \r\n\t\t<\/div><\/div>\r\n\t<\/div>[\/vc_column_inner][vc_column_inner width=&#8221;1\/2&#8243;]\r\n\t<div class=\"bauer-spacer clearfix\" data-desktop=\"100\" data-mobi=\"60\" data-smobi=\"60\"><\/div><h2 class=\"bauer-text clearfix \" style=\"\"><p>Informes y Certificaci\u00f3n<\/p>\n<\/h2><div class=\"bauer-text clearfix \" style=\"margin-bottom:34px;\"><p>Le proporcionaremos un informe de an\u00e1lisis completo y detallado de su equipo, incluyendo fotograf\u00edas del antes y el despu\u00e9s de las grietas encontradas. En el informe se incluye un dibujo en 2D de su equipo, as\u00ed como la ubicaci\u00f3n de las grietas, de modo que se pueda realizar una comparaci\u00f3n anual del estad de los recipientes.<\/p>\n<p>Se emitir\u00e1 un certificado de inspecci\u00f3n de su recipiente para los requisitos de auditor\u00eda, siempre que se cumplan los criterios de aprobaci\u00f3n.<\/p>\n<\/div><div class=\"button-wrap icon-right\" style=\"\" ><a href=\"https:\/\/bioscanltd.com\/es\/contacta-con-nosotros\/\" target=\"_self\" class=\"bauer-button btn-1383985104 medium no_icon custom outline solid custom\" style=\"border-radius:30px;border-width:2px;\" data-background=\"\" data-border=\"\">\r\n\t\t<span style=\"\">Obtener un presupuesto <\/span>\r\n\t<\/a><\/div>[\/vc_column_inner][\/vc_row_inner]\r\n\t<div class=\"bauer-spacer clearfix\" data-desktop=\"100\" data-mobi=\"50\" data-smobi=\"50\"><\/div>[\/vc_column][\/vc_row]<\/p>\n<\/section>","protected":false},"excerpt":{"rendered":"<p>[vc_row css=&#8221;.vc_custom_1590563651840{background-image: url(https:\/\/bioscanltd.com\/wp-content\/uploads\/2019\/05\/main-bg-1.png?id=8860) !important;background-position: center !important;background-repeat: no-repeat !important;background-size: cover !important;}&#8221; el_id=&#8221;first-row&#8221;][vc_column][vc_row_inner el_id=&#8221;magnerscan-crack-testing&#8221;][vc_column_inner el_class=&#8221;content-middle-section&#8221; width=&#8221;1\/2&#8243;][\/vc_column_inner][vc_column_inner el_class=&#8221;content-middle-section&#8221; width=&#8221;1\/2&#8243;][\/vc_column_inner][vc_column_inner][\/vc_column_inner][\/vc_row_inner][\/vc_column][\/vc_row][vc_row css=&#8221;.vc_custom_1592047153749{background-image: url(https:\/\/bioscanltd.com\/wp-content\/uploads\/2019\/05\/section-bg1-1.png?id=7977) !important;background-position: center !important;background-repeat: no-repeat !important;background-size: cover !important;}&#8221;][vc_column][vc_row_inner el_class=&#8221;main-service-icon main-service-icon-new&#8221;][vc_column_inner width=&#8221;1\/3&#8243;][\/vc_column_inner][vc_column_inner width=&#8221;1\/3&#8243;][\/vc_column_inner][vc_column_inner width=&#8221;1\/3&#8243;][\/vc_column_inner][vc_column_inner][\/vc_column_inner][\/vc_row_inner][\/vc_column][\/vc_row][vc_row el_class=&#8221;custom-img-box&#8221;][vc_column][\/vc_column][vc_column][\/vc_column][\/vc_row][vc_row css=&#8221;.vc_custom_1592302914879{background: #f7f9fa url(https:\/\/bioscanltd.com\/wp-content\/uploads\/2019\/05\/main-bg-3.png?id=8868) !important;}&#8221; el_id=&#8221;repairs&#8221;][vc_column][vc_row_inner el_class=&#8221;custom-img-box&#8221;][vc_column_inner width=&#8221;1\/3&#8243;][\/vc_column_inner][vc_column_inner el_class=&#8221;repair-section&#8221; width=&#8221;2\/3&#8243;][\/vc_column_inner][\/vc_row_inner][\/vc_column][vc_column][\/vc_column][\/vc_row][vc_row css=&#8221;.vc_custom_1592551612839{background: #f7f9fa url(https:\/\/bioscanltd.com\/wp-content\/uploads\/2019\/05\/cons2-bg-2.png?id=8906) !important;background-position: center !important;background-repeat: no-repeat !important;background-size: cover !important;}&#8221;<\/p>\n","protected":false},"author":8,"featured_media":0,"parent":0,"menu_order":0,"comment_status":"closed","ping_status":"closed","template":"","meta":{"_acf_changed":false,"_monsterinsights_skip_tracking":false,"_monsterinsights_sitenote_active":false,"_monsterinsights_sitenote_note":"","_monsterinsights_sitenote_category":0,"footnotes":""},"class_list":["post-10974","page","type-page","status-publish","hentry"],"acf":[],"rttpg_featured_image_url":null,"rttpg_author":{"display_name":"Samuel Peppin - Managing Director at Bioscan Ltd","author_link":"https:\/\/bioscanltd.com\/es\/author\/samuel-peppin-managing-director-at-bioscan-ltd\/"},"rttpg_comment":0,"rttpg_category":" <a href=\"https:\/\/bioscanltd.com\/es\/?taxonomy=translation_priority&#038;term=opcional\" rel=\"tag\">Opcional<\/a>","rttpg_excerpt":"[vc_row css=&#8221;.vc_custom_1590563651840{background-image: url(https:\/\/bioscanltd.com\/wp-content\/uploads\/2019\/05\/main-bg-1.png?id=8860) !important;background-position: center !important;background-repeat: no-repeat !important;background-size: cover !important;}&#8221; el_id=&#8221;first-row&#8221;][vc_column][vc_row_inner el_id=&#8221;magnerscan-crack-testing&#8221;][vc_column_inner el_class=&#8221;content-middle-section&#8221; width=&#8221;1\/2&#8243;][\/vc_column_inner][vc_column_inner el_class=&#8221;content-middle-section&#8221; width=&#8221;1\/2&#8243;][\/vc_column_inner][vc_column_inner][\/vc_column_inner][\/vc_row_inner][\/vc_column][\/vc_row][vc_row css=&#8221;.vc_custom_1592047153749{background-image: url(https:\/\/bioscanltd.com\/wp-content\/uploads\/2019\/05\/section-bg1-1.png?id=7977) !important;background-position: center !important;background-repeat: no-repeat !important;background-size: cover !important;}&#8221;][vc_column][vc_row_inner el_class=&#8221;main-service-icon main-service-icon-new&#8221;][vc_column_inner width=&#8221;1\/3&#8243;][\/vc_column_inner][vc_column_inner width=&#8221;1\/3&#8243;][\/vc_column_inner][vc_column_inner width=&#8221;1\/3&#8243;][\/vc_column_inner][vc_column_inner][\/vc_column_inner][\/vc_row_inner][\/vc_column][\/vc_row][vc_row el_class=&#8221;custom-img-box&#8221;][vc_column][\/vc_column][vc_column][\/vc_column][\/vc_row][vc_row css=&#8221;.vc_custom_1592302914879{background: #f7f9fa url(https:\/\/bioscanltd.com\/wp-content\/uploads\/2019\/05\/main-bg-3.png?id=8868) !important;}&#8221; el_id=&#8221;repairs&#8221;][vc_column][vc_row_inner el_class=&#8221;custom-img-box&#8221;][vc_column_inner width=&#8221;1\/3&#8243;][\/vc_column_inner][vc_column_inner el_class=&#8221;repair-section&#8221; width=&#8221;2\/3&#8243;][\/vc_column_inner][\/vc_row_inner][\/vc_column][vc_column][\/vc_column][\/vc_row][vc_row css=&#8221;.vc_custom_1592551612839{background: #f7f9fa url(https:\/\/bioscanltd.com\/wp-content\/uploads\/2019\/05\/cons2-bg-2.png?id=8906) !important;background-position: center !important;background-repeat: no-repeat !important;background-size: cover !important;}&#8221;","_links":{"self":[{"href":"https:\/\/bioscanltd.com\/es\/wp-json\/wp\/v2\/pages\/10974","targetHints":{"allow":["GET"]}}],"collection":[{"href":"https:\/\/bioscanltd.com\/es\/wp-json\/wp\/v2\/pages"}],"about":[{"href":"https:\/\/bioscanltd.com\/es\/wp-json\/wp\/v2\/types\/page"}],"author":[{"embeddable":true,"href":"https:\/\/bioscanltd.com\/es\/wp-json\/wp\/v2\/users\/8"}],"replies":[{"embeddable":true,"href":"https:\/\/bioscanltd.com\/es\/wp-json\/wp\/v2\/comments?post=10974"}],"version-history":[{"count":5,"href":"https:\/\/bioscanltd.com\/es\/wp-json\/wp\/v2\/pages\/10974\/revisions"}],"predecessor-version":[{"id":12721,"href":"https:\/\/bioscanltd.com\/es\/wp-json\/wp\/v2\/pages\/10974\/revisions\/12721"}],"wp:attachment":[{"href":"https:\/\/bioscanltd.com\/es\/wp-json\/wp\/v2\/media?parent=10974"}],"curies":[{"name":"wp","href":"https:\/\/api.w.org\/{rel}","templated":true}]}}