{"id":10977,"date":"2021-05-03T12:39:28","date_gmt":"2021-05-03T12:39:28","guid":{"rendered":"https:\/\/bioscanltd.com\/equipamiento\/"},"modified":"2026-01-06T05:13:19","modified_gmt":"2026-01-06T05:13:19","slug":"equipamiento","status":"publish","type":"page","link":"https:\/\/bioscanltd.com\/es\/equipamiento\/","title":{"rendered":"M\u00e9todos de acceso"},"content":{"rendered":"<section class=\"wpb-content-wrapper\"><p>[vc_row css=&#8221;.vc_custom_1557802417323{background-image: url(https:\/\/bioscanltd.com\/wp-content\/uploads\/2019\/05\/section-about.png?id=8046) !important;background-position: center !important;background-repeat: no-repeat !important;background-size: cover !important;}&#8221;][vc_column]\r\n\t<div class=\"bauer-spacer clearfix\" data-desktop=\"100\" data-mobi=\"50\" data-smobi=\"50\"><\/div>[vc_row_inner][vc_column_inner width=&#8221;1\/2&#8243;]<h2 class=\"bauer-text clearfix \" style=\"font-size:42px;line-height:50px;margin-bottom:32px;\"><p>Plataforma de soporte para acceso<\/p>\n<\/h2><div class=\"bauer-text clearfix \" style=\"margin-bottom:30px;\"><p>Nuestra plataforma port\u00e1til puede ajustarse al di\u00e1metro del secador por aspersi\u00f3n. Tiene una longitud ajustable de 1,5 m a 14 m y un t\u00e9cnico se sit\u00faa en cada extremo de la plataforma, trabajando a 180 grados por vez a fin de garantizar una prueba eficaz.<\/p>\n<p>La plataforma se somete a pruebas anuales y es verificada constantemente por t\u00e9cnicos cualificados. Su dise\u00f1o ligero de aluminio proporciona un montaje r\u00e1pido y una f\u00e1cil entrada en el equipo, con una construcci\u00f3n robusta y resistente (capaz de soportar 475 kg).<\/p>\n<\/div><div class=\"button-wrap icon-right\" style=\"\" ><a href=\"https:\/\/bioscanltd.com\/es\/contacta-con-nosotros\/\" target=\"_self\" class=\"bauer-button btn-1551042206 medium no_icon custom outline solid custom\" style=\"border-radius:30px;border-width:2px;\"  data-background=\"\" data-border=\"#9ecb26\" data-text=\"#9ecb26\" data-text-hover=\"#ffffff\">\r\n\t\t<span style=\"\">Contacta con nosotros <\/span>\r\n\t<\/a><\/div>\r\n\t<div class=\"bauer-spacer clearfix\" data-desktop=\"0\" data-mobi=\"30\" data-smobi=\"30\"><\/div>[\/vc_column_inner][vc_column_inner width=&#8221;1\/2&#8243;]<div class=\"bauer-carousel-box arrow-style-1 arrow-center offsetcenter offset-v0 has-bullets arrow50\" data-auto=\"false\" data-loop=\"false\" data-gap=\"30\" data-column=\"1\" data-column2=\"1\" data-column3=\"1\">\r\n        <div class=\"owl-carousel owl-theme\"><div class=\"bauer-simple-image text-center\" style=\"\" >\r\n\t\t\t<img decoding=\"async\" alt=\"image\" src=\"https:\/\/bioscanltd.com\/wp-content\/uploads\/2020\/06\/Access-Gantry.jpg\" title=\"\"> \r\n\t\t<\/div><\/div>\r\n\t<\/div>[\/vc_column_inner][\/vc_row_inner]\r\n\t<div class=\"bauer-spacer clearfix\" data-desktop=\"100\" data-mobi=\"50\" data-smobi=\"50\"><\/div>[\/vc_column][\/vc_row][vc_row img_halfrow=&#8221;simple&#8221; halfrow_image=&#8221;9791&#8243; img_columns=&#8221;4columns&#8221; img_position=&#8221;imgleft&#8221; css=&#8221;.vc_custom_1734499800655{background-color: #f7f9fa !important;}&#8221; el_class=&#8221;service-method service-method-new&#8221;][vc_column width=&#8221;1\/3&#8243;][\/vc_column][vc_column width=&#8221;2\/3&#8243;]<div class=\"bauer-content-box clearfix \" data-padding=\"0\" data-mobipadding=\"0\" data-margin=\"\" data-mobimargin=\"\" >\r\n\t\t<div class=\"inner ctb-227664470\" style=\"\"  data-background=\"\">\r\n\t\t\t\r\n\t<div class=\"bauer-spacer clearfix\" data-desktop=\"60\" data-mobi=\"40\" data-smobi=\"40\"><\/div><h2 class=\"bauer-text clearfix \" style=\"font-size:42px;line-height:50px;color:#ffffff;margin-bottom:30px;\"><p><span class=\"font-weight-300\">Nuestro<\/span> m\u00e9todo.<\/p>\n<\/h2><div class=\"bauer-text clearfix \" style=\"font-size:18px;line-height:30px;color:#ffffff;\"><p>Una prueba completa del secador por aspersi\u00f3n, incluidas las reparaciones, puede llevarse a cabo en 24\/48 horas, lo que garantiza que el tiempo de inactividad se reduzca al m\u00ednimo y que se vuelva a la producci\u00f3n r\u00e1pidamente.*<\/p>\n<\/div>\r\n\t<div class=\"bauer-spacer clearfix\" data-desktop=\"20\" data-mobi=\"20\" data-smobi=\"20\"><\/div><div class=\"bauer-icon-list clearfix style-1\"><div class=\"icon-list-wrap\"><div class=\"line\" style=\"border-width:1px;border-color:0;left:40px;\"><\/div><div class=\"icon-list-item\" style=\"margin-bottom:70px;\"><div class=\"bauer-icon icon-90786975\" data-icon=\"#ffffff\" data-background=\"#f35c27\"><span class=\"icon\" style=\"font-size:30px;width:60px;border-style:solid;height:60px;border-radius:40px;line-height:60px;\"><i class=\"elegant-icon_check_alt2\"><\/i><\/span><\/div><div class=\"text-item\" style=\"min-height:60px;\"><h3 class=\"heading\" style=\"color:#ffffff;margin:0px 0px 7px 100px;\">Dependiendo de la construcci\u00f3n del secador por aspersi\u00f3n, se instalan los m\u00e9todos de acceso necesarios (plataforma, escaleras, acceso por cuerdas).<\/h3><\/div><\/div><div class=\"icon-list-item\" style=\"margin-bottom:70px;\"><div class=\"bauer-icon icon-982015143\" data-icon=\"#ffffff\" data-background=\"#f35c27\"><span class=\"icon\" style=\"font-size:30px;width:60px;border-style:solid;height:60px;border-radius:40px;line-height:60px;\"><i class=\"elegant-icon_check_alt2\"><\/i><\/span><\/div><div class=\"text-item\" style=\"min-height:60px;\"><h3 class=\"heading\" style=\"color:#ffffff;margin:0px 0px 7px 100px;\">Los t\u00e9cnicos inspeccionan el 100% de la superficie del recipiente y todos defectos encontrados se marcan a partir de un dato se\u00f1alado y quedan listos para su reparaci\u00f3n.<\/h3><\/div><\/div><div class=\"icon-list-item\" style=\"margin-bottom:70px;\"><div class=\"bauer-icon icon-1360510893\" data-icon=\"#ffffff\" data-background=\"#f35c27\"><span class=\"icon\" style=\"font-size:30px;width:60px;border-style:solid;height:60px;border-radius:40px;line-height:60px;\"><i class=\"elegant-icon_check_alt2\"><\/i><\/span><\/div><div class=\"text-item\" style=\"min-height:60px;\"><h3 class=\"heading\" style=\"color:#ffffff;margin:0px 0px 7px 100px;\">Nuestros soldadores totalmente cualificados realizan las reparaciones de soldadura si es necesario. (El cliente puede utilizar sus propios soldadores internos o de terceros locales)<\/h3><\/div><\/div><div class=\"icon-list-item\" style=\"margin-bottom:70px;\"><div class=\"bauer-icon icon-1562297941\" data-icon=\"#ffffff\" data-background=\"#f35c27\"><span class=\"icon\" style=\"font-size:30px;width:60px;border-style:solid;height:60px;border-radius:40px;line-height:60px;\"><i class=\"elegant-icon_check_alt2\"><\/i><\/span><\/div><div class=\"text-item\" style=\"min-height:60px;\"><h3 class=\"heading\" style=\"color:#ffffff;margin:0px 0px 7px 100px;\">Finalizadas las reparaciones, se realiza una nueva inspecci\u00f3n para comprobar la integridad y tambi\u00e9n se verifica la zona afectada por el calor.<\/h3><\/div><\/div><div class=\"icon-list-item\" style=\"\"><div class=\"bauer-icon icon-2006907915\" data-icon=\"#ffffff\" data-background=\"#f35c27\"><span class=\"icon\" style=\"font-size:30px;width:60px;border-style:solid;height:60px;border-radius:40px;line-height:60px;\"><i class=\"elegant-icon_check_alt2\"><\/i><\/span><\/div><div class=\"text-item\" style=\"min-height:60px;\"><h3 class=\"heading\" style=\"color:#ffffff;margin:0px 0px 7px 100px;\">Se retira el equipo de acceso y se devuelve el secador por aspersi\u00f3n para CIP (programa de mejoras continuas) y producci\u00f3n.<\/h3><\/div><\/div><\/div><\/div><div class=\"bauer-text clearfix \" style=\"font-size:18px;line-height:30px;color:#ffffff;\"><p><strong>*(puede llegar a ser necesario un tiempo extra en funci\u00f3n de los trabajos de reparaci\u00f3n a realizar)<\/strong><\/p>\n<\/div>\r\n\t<div class=\"bauer-spacer clearfix\" data-desktop=\"60\" data-mobi=\"40\" data-smobi=\"40\"><\/div>\r\n\t\t<\/div>\r\n\t<\/div>[\/vc_column][\/vc_row][vc_row css=&#8221;.vc_custom_1557802417323{background-image: url(https:\/\/bioscanltd.com\/wp-content\/uploads\/2019\/05\/section-about.png?id=8046) !important;background-position: center !important;background-repeat: no-repeat !important;background-size: cover !important;}&#8221;][vc_column]\r\n\t<div class=\"bauer-spacer clearfix\" data-desktop=\"100\" data-mobi=\"50\" data-smobi=\"50\"><\/div>[vc_row_inner][vc_column_inner el_class=&#8221;home-service-icon-section&#8221; width=&#8221;1\/2&#8243;]<h2 class=\"bauer-text clearfix \" style=\"font-size:42px;line-height:50px;margin-bottom:32px;\"><p>Acceso por cuerdas<\/p>\n<\/h2><div class=\"bauer-text clearfix \" style=\"margin-bottom:30px;\"><p>Nuestros especialistas en trabajos con cuerdas con certificaci\u00f3n IRATA garantizan la seguridad de nuestro equipo. Las cuerdas permiten un acceso y movimientos vers\u00e1tiles en el interior y alrededor de los recipientes, lo que garantiza que su equipo sea totalmente inspeccionado y reparado.<\/p>\n<p>La inspecci\u00f3n y reparaci\u00f3n de equipos complejos ya no es un reto que requiera mucho tiempo, cuando se combina nuestra tecnolog\u00eda de pruebas con nuestros especialistas en acceso por cuerdas. Gracias a nuestros especialistas en accesos por cuerdas, podemos bajar a nuestros t\u00e9cnicos a los tanques de forma segura.<\/p>\n<p>Bioscan tambi\u00e9n puede inspeccionar con seguridad los conductos y otras zonas de dif\u00edcil acceso de los tanques sin necesidad de utilizar escaleras o andamios.<\/p>\n<p>Garantizando que la seguridad nunca se vea comprometida, las necesidades de nuestros clientes en cuanto a inspecciones r\u00e1pidas y limpias, ahora se pueden cubrir respecto de una variedad de recipientes tales como:<\/p>\n<\/div><div class=\"bauer-grid-box clearfix grid2 border-light v-30 h-15 no-borders\" data-grid=\"2\" >\r\n\t\t<div class=\"bauer-icon-box clearfix icon-left align-left  simple\" style=\"background-color:#ffffff;padding:22px 25px 22px 25px;border-radius:5px;border:1px solid #e7e7e7;\" ><div class=\"wrap-inner\" style=\"position: relative;\"><div class=\"bauer-icon icon-220670338 custom accent-bg\"  data-icon=\"#ffffff\">\r\n\t\t\t\t<span class=\"icon\" style=\"font-size:18px;width:42px;height:42px;border-style:solid;border-radius:21px;line-height:44px; box-shadow: 0px 0px 0px 4px rgba(243,92,39,0.2)\"><i class=\"elegant-icon_check_alt2\"><\/i><\/span>\r\n\t\t\t<\/div> <h3 class=\"heading \" style=\"padding-left:59px;font-size:15px;line-height:20px;\">\r\n\t\t\t<span>Secadores por aspersi\u00f3n<\/span>\r\n\t\t<\/h3> <\/div><\/div><div class=\"bauer-icon-box clearfix icon-left align-left  simple\" style=\"background-color:#ffffff;padding:22px 25px 22px 25px;border-radius:5px;border:1px solid #e7e7e7;\" ><div class=\"wrap-inner\" style=\"position: relative;\"><div class=\"bauer-icon icon-1590851473 custom accent-bg\"  data-icon=\"#ffffff\">\r\n\t\t\t\t<span class=\"icon\" style=\"font-size:18px;width:42px;height:42px;border-style:solid;border-radius:21px;line-height:44px; box-shadow: 0px 0px 0px 4px rgba(243,92,39,0.2)\"><i class=\"elegant-icon_check_alt2\"><\/i><\/span>\r\n\t\t\t<\/div> <h3 class=\"heading \" style=\"padding-left:59px;font-size:15px;line-height:20px;\">\r\n\t\t\t<span>Filtros de manga<\/span>\r\n\t\t<\/h3> <\/div><\/div><div class=\"bauer-icon-box clearfix icon-left align-left  simple\" style=\"background-color:#ffffff;padding:22px 25px 22px 25px;border-radius:5px;border:1px solid #e7e7e7;\" ><div class=\"wrap-inner\" style=\"position: relative;\"><div class=\"bauer-icon icon-1904397378 custom accent-bg\"  data-icon=\"#ffffff\">\r\n\t\t\t\t<span class=\"icon\" style=\"font-size:18px;width:42px;height:42px;border-style:solid;border-radius:21px;line-height:44px; box-shadow: 0px 0px 0px 4px rgba(243,92,39,0.2)\"><i class=\"elegant-icon_check_alt2\"><\/i><\/span>\r\n\t\t\t<\/div> <h3 class=\"heading \" style=\"padding-left:59px;font-size:15px;line-height:20px;\">\r\n\t\t\t<span>Ciclones<\/span>\r\n\t\t<\/h3> <\/div><\/div><div class=\"bauer-icon-box clearfix icon-left align-left  simple\" style=\"background-color:#ffffff;padding:22px 25px 22px 25px;border-radius:5px;border:1px solid #e7e7e7;\" ><div class=\"wrap-inner\" style=\"position: relative;\"><div class=\"bauer-icon icon-1185343303 custom accent-bg\"  data-icon=\"#ffffff\">\r\n\t\t\t\t<span class=\"icon\" style=\"font-size:18px;width:42px;height:42px;border-style:solid;border-radius:21px;line-height:44px; box-shadow: 0px 0px 0px 4px rgba(243,92,39,0.2)\"><i class=\"elegant-icon_check_alt2\"><\/i><\/span>\r\n\t\t\t<\/div> <h3 class=\"heading \" style=\"padding-left:59px;font-size:15px;line-height:20px;\">\r\n\t\t\t<span>Tanques de procesamiento<\/span>\r\n\t\t<\/h3> <\/div><\/div><div class=\"bauer-icon-box clearfix icon-left align-left  simple\" style=\"background-color:#ffffff;padding:22px 25px 22px 25px;border-radius:5px;border:1px solid #e7e7e7;\" ><div class=\"wrap-inner\" style=\"position: relative;\"><div class=\"bauer-icon icon-1988418535 custom accent-bg\"  data-icon=\"#ffffff\">\r\n\t\t\t\t<span class=\"icon\" style=\"font-size:18px;width:42px;height:42px;border-style:solid;border-radius:21px;line-height:44px; box-shadow: 0px 0px 0px 4px rgba(243,92,39,0.2)\"><i class=\"elegant-icon_check_alt2\"><\/i><\/span>\r\n\t\t\t<\/div> <h3 class=\"heading \" style=\"padding-left:59px;font-size:15px;line-height:20px;\">\r\n\t\t\t<span>Lechos fluidos<\/span>\r\n\t\t<\/h3> <\/div><\/div><div class=\"bauer-icon-box clearfix icon-left align-left  simple\" style=\"background-color:#ffffff;padding:22px 25px 22px 25px;border-radius:5px;border:1px solid #e7e7e7;\" ><div class=\"wrap-inner\" style=\"position: relative;\"><div class=\"bauer-icon icon-317330522 custom accent-bg\"  data-icon=\"#ffffff\">\r\n\t\t\t\t<span class=\"icon\" style=\"font-size:18px;width:42px;height:42px;border-style:solid;border-radius:21px;line-height:44px; box-shadow: 0px 0px 0px 4px rgba(243,92,39,0.2)\"><i class=\"elegant-icon_check_alt2\"><\/i><\/span>\r\n\t\t\t<\/div> <h3 class=\"heading \" style=\"padding-left:59px;font-size:15px;line-height:20px;\">\r\n\t\t\t<span>Cubas\/Mesas para quesos<\/span>\r\n\t\t<\/h3> <\/div><\/div><div class=\"bauer-icon-box clearfix icon-left align-left  simple\" style=\"background-color:#ffffff;padding:22px 25px 22px 25px;border-radius:5px;border:1px solid #e7e7e7;\" ><div class=\"wrap-inner\" style=\"position: relative;\"><div class=\"bauer-icon icon-1203662155 custom accent-bg\"  data-icon=\"#ffffff\">\r\n\t\t\t\t<span class=\"icon\" style=\"font-size:18px;width:42px;height:42px;border-style:solid;border-radius:21px;line-height:44px; box-shadow: 0px 0px 0px 4px rgba(243,92,39,0.2)\"><i class=\"elegant-icon_check_alt2\"><\/i><\/span>\r\n\t\t\t<\/div> <h3 class=\"heading \" style=\"padding-left:59px;font-size:15px;line-height:20px;\">\r\n\t\t\t<span>Calentadores de aire<\/span>\r\n\t\t<\/h3> <\/div><\/div>\n\r\n\t<\/div>[\/vc_column_inner][vc_column_inner width=&#8221;1\/2&#8243;]<div class=\"bauer-carousel-box arrow-style-1 arrow-center offsetcenter offset-v0 has-bullets arrow50\" data-auto=\"false\" data-loop=\"false\" data-gap=\"30\" data-column=\"1\" data-column2=\"1\" data-column3=\"1\">\r\n        <div class=\"owl-carousel owl-theme\"><div class=\"bauer-simple-image text-center\" style=\"\" >\r\n\t\t\t<img decoding=\"async\" alt=\"image\" src=\"https:\/\/bioscanltd.com\/wp-content\/uploads\/Cris-inspection-scaled.jpg\" title=\"\"> \r\n\t\t<\/div><\/div>\r\n\t<\/div>[\/vc_column_inner][\/vc_row_inner]\r\n\t<div class=\"bauer-spacer clearfix\" data-desktop=\"100\" data-mobi=\"50\" data-smobi=\"50\"><\/div>[\/vc_column][\/vc_row][vc_row css=&#8221;.vc_custom_1592219404843{background-color: #f7f9fa !important;}&#8221;][vc_column]\r\n\t<div class=\"bauer-spacer clearfix\" data-desktop=\"100\" data-mobi=\"50\" data-smobi=\"50\"><\/div><h2 class=\"bauer-text clearfix \" style=\"font-size:42px;line-height:50px;margin-bottom:32px;\"><p>Alquiler\/Compra de la plataforma<\/p>\n<\/h2><div class=\"bauer-text clearfix \" style=\"\"><p><span>Una soluci\u00f3n rentable a largo plazo para las <a href=\"https:\/\/bioscanltd.com\/es\/servicios-principales\/secador-por-aspersion\/\">pruebas de grietas en secadores por aspersi\u00f3n<\/a> es alquilar o comprar nuestra plataforma de soporte a medida como parte de un contrato de inspecci\u00f3n. De esa manera, usted la almacena localmente y la env\u00eda entre sus diferentes f\u00e1bricas. Entonces nuestros t\u00e9cnicos se desplazan directamente a sus instalaciones para realizar las inspecciones..<\/span><\/p>\n<p>Muchos de nuestros clientes habituales lo hacen ahora y ven que se ahorran costes de transporte y tiempo. Si usted tambi\u00e9n est\u00e1 interesado, solicite ahora un presupuesto y un plazo estimado de amortizaci\u00f3n.<\/p>\n<\/div>\r\n\t<div class=\"bauer-spacer clearfix\" data-desktop=\"100\" data-mobi=\"50\" data-smobi=\"50\"><\/div>[\/vc_column][\/vc_row]<\/p>\n<\/section>","protected":false},"excerpt":{"rendered":"<p>[vc_row css=&#8221;.vc_custom_1557802417323{background-image: url(https:\/\/bioscanltd.com\/wp-content\/uploads\/2019\/05\/section-about.png?id=8046) !important;background-position: center !important;background-repeat: no-repeat !important;background-size: cover !important;}&#8221;][vc_column][vc_row_inner][vc_column_inner width=&#8221;1\/2&#8243;][\/vc_column_inner][vc_column_inner width=&#8221;1\/2&#8243;][\/vc_column_inner][\/vc_row_inner][\/vc_column][\/vc_row][vc_row img_halfrow=&#8221;simple&#8221; halfrow_image=&#8221;9791&#8243; img_columns=&#8221;4columns&#8221; img_position=&#8221;imgleft&#8221; css=&#8221;.vc_custom_1734499800655{background-color: #f7f9fa !important;}&#8221; el_class=&#8221;service-method service-method-new&#8221;][vc_column width=&#8221;1\/3&#8243;][\/vc_column][vc_column width=&#8221;2\/3&#8243;][\/vc_column][\/vc_row][vc_row css=&#8221;.vc_custom_1557802417323{background-image: url(https:\/\/bioscanltd.com\/wp-content\/uploads\/2019\/05\/section-about.png?id=8046) !important;background-position: center !important;background-repeat: no-repeat !important;background-size: cover !important;}&#8221;][vc_column][vc_row_inner][vc_column_inner el_class=&#8221;home-service-icon-section&#8221; width=&#8221;1\/2&#8243;][\/vc_column_inner][vc_column_inner width=&#8221;1\/2&#8243;][\/vc_column_inner][\/vc_row_inner][\/vc_column][\/vc_row][vc_row css=&#8221;.vc_custom_1592219404843{background-color: #f7f9fa !important;}&#8221;][vc_column][\/vc_column][\/vc_row]<\/p>\n","protected":false},"author":8,"featured_media":0,"parent":0,"menu_order":0,"comment_status":"closed","ping_status":"closed","template":"","meta":{"_acf_changed":false,"_monsterinsights_skip_tracking":false,"_monsterinsights_sitenote_active":false,"_monsterinsights_sitenote_note":"","_monsterinsights_sitenote_category":0,"footnotes":""},"class_list":["post-10977","page","type-page","status-publish","hentry"],"acf":[],"rttpg_featured_image_url":null,"rttpg_author":{"display_name":"Samuel Peppin - Managing Director at Bioscan Ltd","author_link":"https:\/\/bioscanltd.com\/es\/author\/samuel-peppin-managing-director-at-bioscan-ltd\/"},"rttpg_comment":0,"rttpg_category":" <a href=\"https:\/\/bioscanltd.com\/es\/?taxonomy=translation_priority&#038;term=opcional\" rel=\"tag\">Opcional<\/a>","rttpg_excerpt":"[vc_row css=&#8221;.vc_custom_1557802417323{background-image: url(https:\/\/bioscanltd.com\/wp-content\/uploads\/2019\/05\/section-about.png?id=8046) !important;background-position: center !important;background-repeat: no-repeat !important;background-size: cover !important;}&#8221;][vc_column][vc_row_inner][vc_column_inner width=&#8221;1\/2&#8243;][\/vc_column_inner][vc_column_inner width=&#8221;1\/2&#8243;][\/vc_column_inner][\/vc_row_inner][\/vc_column][\/vc_row][vc_row img_halfrow=&#8221;simple&#8221; halfrow_image=&#8221;9791&#8243; img_columns=&#8221;4columns&#8221; img_position=&#8221;imgleft&#8221; css=&#8221;.vc_custom_1734499800655{background-color: #f7f9fa !important;}&#8221; el_class=&#8221;service-method service-method-new&#8221;][vc_column width=&#8221;1\/3&#8243;][\/vc_column][vc_column width=&#8221;2\/3&#8243;][\/vc_column][\/vc_row][vc_row css=&#8221;.vc_custom_1557802417323{background-image: url(https:\/\/bioscanltd.com\/wp-content\/uploads\/2019\/05\/section-about.png?id=8046) !important;background-position: center !important;background-repeat: no-repeat !important;background-size: cover !important;}&#8221;][vc_column][vc_row_inner][vc_column_inner el_class=&#8221;home-service-icon-section&#8221; width=&#8221;1\/2&#8243;][\/vc_column_inner][vc_column_inner width=&#8221;1\/2&#8243;][\/vc_column_inner][\/vc_row_inner][\/vc_column][\/vc_row][vc_row css=&#8221;.vc_custom_1592219404843{background-color: #f7f9fa !important;}&#8221;][vc_column][\/vc_column][\/vc_row]","_links":{"self":[{"href":"https:\/\/bioscanltd.com\/es\/wp-json\/wp\/v2\/pages\/10977","targetHints":{"allow":["GET"]}}],"collection":[{"href":"https:\/\/bioscanltd.com\/es\/wp-json\/wp\/v2\/pages"}],"about":[{"href":"https:\/\/bioscanltd.com\/es\/wp-json\/wp\/v2\/types\/page"}],"author":[{"embeddable":true,"href":"https:\/\/bioscanltd.com\/es\/wp-json\/wp\/v2\/users\/8"}],"replies":[{"embeddable":true,"href":"https:\/\/bioscanltd.com\/es\/wp-json\/wp\/v2\/comments?post=10977"}],"version-history":[{"count":5,"href":"https:\/\/bioscanltd.com\/es\/wp-json\/wp\/v2\/pages\/10977\/revisions"}],"predecessor-version":[{"id":13475,"href":"https:\/\/bioscanltd.com\/es\/wp-json\/wp\/v2\/pages\/10977\/revisions\/13475"}],"wp:attachment":[{"href":"https:\/\/bioscanltd.com\/es\/wp-json\/wp\/v2\/media?parent=10977"}],"curies":[{"name":"wp","href":"https:\/\/api.w.org\/{rel}","templated":true}]}}