{"id":11000,"date":"2021-05-03T12:48:16","date_gmt":"2021-05-03T12:48:16","guid":{"rendered":"https:\/\/bioscanltd.com\/relco\/"},"modified":"2024-12-17T10:42:32","modified_gmt":"2024-12-17T10:42:32","slug":"relco","status":"publish","type":"page","link":"https:\/\/bioscanltd.com\/es\/relco\/","title":{"rendered":"Relco"},"content":{"rendered":"<section class=\"wpb-content-wrapper\"><p>[vc_row css=&#8221;.vc_custom_1590563651840{background-image: url(https:\/\/bioscanltd.com\/wp-content\/uploads\/2019\/05\/main-bg-1.png?id=8860) !important;background-position: center !important;background-repeat: no-repeat !important;background-size: cover !important;}&#8221; el_id=&#8221;first-row&#8221;][vc_column][vc_row_inner][vc_column_inner width=&#8221;2\/3&#8243;]<h2 class=\"bauer-text clearfix \" style=\"font-weight:300;font-size:36px;line-height:50px;margin-bottom:32px;\"><p>Relco, LLC y Bioscan LTD se han asociado para promover globalmente las inspecciones y reparaciones sin tinturas para la industria de elaboraci\u00f3n de alimentos y bebidas.<\/p>\n<\/h2><div class=\"bauer-text clearfix \" style=\"margin-bottom:30px;\"><p>RELCO, LLC es una empresa manufacturera y consolidada que emplea a casi 150 personas, con sede en Willmar, Minnesota, y con oficinas en Estados Unidos, Brasil, Pa\u00edses Bajos y Nueva Zelanda.<\/p>\n<p>Desde 1982, Relco ha estado suministrado tecnolog\u00edas de procesos a m\u00e1s de 500 plantas de elaboraci\u00f3n de queso y productos l\u00e1cteos de todo el mundo, incluyendo sistemas y equipos para elaboraci\u00f3n de queso, evaporadores, sistemas y componentes de secado, sistemas y equipos de manipulaci\u00f3n de polvos y asistencia postventa. Se centran en tener un pensamiento alternativo a fin de asegurar que sus clientes experimenten resultados superiores.<\/p>\n<\/div>[\/vc_column_inner][vc_column_inner width=&#8221;1\/3&#8243;]<div class=\"bauer-simple-image text-center\" style=\"\" >\r\n\t\t\t<img decoding=\"async\" alt=\"image\" src=\"https:\/\/bioscanltd.com\/wp-content\/uploads\/2020\/06\/partner.jpg\" title=\"\"> \r\n\t\t<\/div>[\/vc_column_inner][\/vc_row_inner]\r\n\t<div class=\"bauer-spacer clearfix\" data-desktop=\"20\" data-mobi=\"20\" data-smobi=\"20\"><\/div>[\/vc_column][\/vc_row][vc_row disable_element=&#8221;yes&#8221; css=&#8221;.vc_custom_1592571536634{background-image: url(https:\/\/bioscanltd.com\/wp-content\/uploads\/2019\/05\/section-bg1-1.png?id=7977) !important;background-position: center !important;background-repeat: no-repeat !important;background-size: cover !important;}&#8221;][vc_column]\r\n\t<div class=\"bauer-spacer clearfix\" data-desktop=\"20\" data-mobi=\"20\" data-smobi=\"20\"><\/div><h2 class=\"bauer-text clearfix text-center\" style=\"font-size:42px;line-height:50px;margin-bottom:30px;max-width:750px;margin-left: auto; margin-right: auto;\"><p><span class=\"font-weight-300\">The focus of<\/span> our partnership <span class=\"font-weight-300\">is<\/span> largely on spray dryers<\/p>\n<\/h2><div class=\"bauer-text clearfix text-center\" style=\"font-size:18px;line-height:30px;color:#777777;max-width:750px;margin-left: auto; margin-right: auto;\"><p>However, the services offered will also cover;<\/p>\n<\/div>\r\n\t<div class=\"bauer-spacer clearfix\" data-desktop=\"50\" data-mobi=\"30\" data-smobi=\"30\"><\/div>[vc_row_inner][vc_column_inner width=&#8221;1\/4&#8243;]<div class=\"bauer-icon-box clearfix icon-top align-center hover-style-1 simple\" style=\"background-color:#f7f9fa;padding:34px 25px 27px;border-radius:5px;border:1px solid #e7e7e7;\" ><div class=\"hover\" style=\"border-radius:5px;background-color:#000000;\"><\/div><div class=\"wrap-inner\" style=\"position: relative;\"><div class=\"bauer-icon icon-190590346 accent custom\"  data-background=\"\">\r\n\t\t\t\t<span class=\"icon\" style=\"font-size:50px;width:50px;height:50px;border-style:solid;line-height:50px;\"><i class=\"bauerico-building\"><\/i><\/span>\r\n\t\t\t<\/div> <h3 class=\"heading \" style=\"font-size:20px;line-height:24px;margin-top:22px;margin-bottom:12px;\">\r\n\t\t\t<span>Cyclones<\/span>\r\n\t\t<\/h3><div class=\"desc\" style=\"\"><p>This area delivers the control you want over all critical aspects of your project.<\/p>\n<\/div> <div class=\"hover\" style=\"border-radius:5px;background-color:#000000;\"><\/div><\/div><\/div>\r\n\t<div class=\"bauer-spacer clearfix\" data-desktop=\"30\" data-mobi=\"30\" data-smobi=\"30\"><\/div><div class=\"bauer-icon-box clearfix icon-top align-center hover-style-1 simple\" style=\"background-color:#f7f9fa;padding:34px 25px 27px;border-radius:5px;border:1px solid #e7e7e7;\" ><div class=\"hover\" style=\"border-radius:5px;background-color:#000000;\"><\/div><div class=\"wrap-inner\" style=\"position: relative;\"><div class=\"bauer-icon icon-1413550414 accent custom\"  data-background=\"\">\r\n\t\t\t\t<span class=\"icon\" style=\"font-size:50px;width:50px;height:50px;border-style:solid;line-height:50px;\"><i class=\"bauerico-crane-truck\"><\/i><\/span>\r\n\t\t\t<\/div> <h3 class=\"heading \" style=\"font-size:20px;line-height:24px;margin-top:22px;margin-bottom:12px;\">\r\n\t\t\t<span>Process Tanks<\/span>\r\n\t\t<\/h3><div class=\"desc\" style=\"\"><p>This area delivers the control you want over all critical aspects of your project.<\/p>\n<\/div> <div class=\"hover\" style=\"border-radius:5px;background-color:#000000;\"><\/div><\/div><\/div>\r\n\t<div class=\"bauer-spacer clearfix\" data-desktop=\"0\" data-mobi=\"30\" data-smobi=\"30\"><\/div>[\/vc_column_inner][vc_column_inner width=&#8221;1\/4&#8243;]<div class=\"bauer-icon-box clearfix icon-top align-center hover-style-1 simple\" style=\"background-color:#f7f9fa;padding:34px 25px 27px;border-radius:5px;border:1px solid #e7e7e7;\" ><div class=\"hover\" style=\"border-radius:5px;background-color:#000000;\"><\/div><div class=\"wrap-inner\" style=\"position: relative;\"><div class=\"bauer-icon icon-294900091 accent custom\"  data-background=\"\">\r\n\t\t\t\t<span class=\"icon\" style=\"font-size:50px;width:50px;height:50px;border-style:solid;line-height:50px;\"><i class=\"bauerico-brick-wall\"><\/i><\/span>\r\n\t\t\t<\/div> <h3 class=\"heading \" style=\"font-size:20px;line-height:24px;margin-top:22px;margin-bottom:12px;\">\r\n\t\t\t<span>Bag Filters<\/span>\r\n\t\t<\/h3><div class=\"desc\" style=\"\"><p>This area delivers the control you want over all critical aspects of your project.<\/p>\n<\/div> <div class=\"hover\" style=\"border-radius:5px;background-color:#000000;\"><\/div><\/div><\/div>\r\n\t<div class=\"bauer-spacer clearfix\" data-desktop=\"30\" data-mobi=\"30\" data-smobi=\"30\"><\/div><div class=\"bauer-icon-box clearfix icon-top align-center hover-style-1 simple\" style=\"background-color:#f7f9fa;padding:34px 25px 27px;border-radius:5px;border:1px solid #e7e7e7;\" ><div class=\"hover\" style=\"border-radius:5px;background-color:#000000;\"><\/div><div class=\"wrap-inner\" style=\"position: relative;\"><div class=\"bauer-icon icon-43960634 accent custom\"  data-background=\"\">\r\n\t\t\t\t<span class=\"icon\" style=\"font-size:50px;width:50px;height:50px;border-style:solid;line-height:50px;\"><i class=\"bauerico-industry\"><\/i><\/span>\r\n\t\t\t<\/div> <h3 class=\"heading \" style=\"font-size:20px;line-height:24px;margin-top:22px;margin-bottom:12px;\">\r\n\t\t\t<span>Cheese Vats<\/span>\r\n\t\t<\/h3><div class=\"desc\" style=\"\"><p>This area delivers the control you want over all critical aspects of your project.<\/p>\n<\/div> <div class=\"hover\" style=\"border-radius:5px;background-color:#000000;\"><\/div><\/div><\/div>\r\n\t<div class=\"bauer-spacer clearfix\" data-desktop=\"0\" data-mobi=\"30\" data-smobi=\"30\"><\/div>[\/vc_column_inner][vc_column_inner width=&#8221;1\/4&#8243;]<div class=\"bauer-icon-box clearfix icon-top align-center hover-style-1 simple\" style=\"background-color:#f7f9fa;padding:34px 25px 27px;border-radius:5px;border:1px solid #e7e7e7;\" ><div class=\"hover\" style=\"border-radius:5px;background-color:#000000;\"><\/div><div class=\"wrap-inner\" style=\"position: relative;\"><div class=\"bauer-icon icon-191448590 accent custom\"  data-background=\"\">\r\n\t\t\t\t<span class=\"icon\" style=\"font-size:50px;width:50px;height:50px;border-style:solid;line-height:50px;\"><i class=\"bauerico-barrel\"><\/i><\/span>\r\n\t\t\t<\/div> <h3 class=\"heading \" style=\"font-size:20px;line-height:24px;margin-top:22px;margin-bottom:12px;\">\r\n\t\t\t<span>Fluid Beds<\/span>\r\n\t\t<\/h3><div class=\"desc\" style=\"\"><p>This area delivers the control you want over all critical aspects of your project.<\/p>\n<\/div> <div class=\"hover\" style=\"border-radius:5px;background-color:#000000;\"><\/div><\/div><\/div>\r\n\t<div class=\"bauer-spacer clearfix\" data-desktop=\"30\" data-mobi=\"30\" data-smobi=\"30\"><\/div><div class=\"bauer-icon-box clearfix icon-top align-center hover-style-1 simple\" style=\"background-color:#f7f9fa;padding:34px 25px 27px;border-radius:5px;border:1px solid #e7e7e7;\" ><div class=\"hover\" style=\"border-radius:5px;background-color:#000000;\"><\/div><div class=\"wrap-inner\" style=\"position: relative;\"><div class=\"bauer-icon icon-865423877 accent custom\"  data-background=\"\">\r\n\t\t\t\t<span class=\"icon\" style=\"font-size:50px;width:50px;height:50px;border-style:solid;line-height:50px;\"><i class=\"bauerico-crane\"><\/i><\/span>\r\n\t\t\t<\/div> <h3 class=\"heading \" style=\"font-size:20px;line-height:24px;margin-top:22px;margin-bottom:12px;\">\r\n\t\t\t<span>Finishing Tables<\/span>\r\n\t\t<\/h3><div class=\"desc\" style=\"\"><p>This area delivers the control you want over all critical aspects of your project.<\/p>\n<\/div> <div class=\"hover\" style=\"border-radius:5px;background-color:#000000;\"><\/div><\/div><\/div>\r\n\t<div class=\"bauer-spacer clearfix\" data-desktop=\"0\" data-mobi=\"30\" data-smobi=\"30\"><\/div>[\/vc_column_inner][vc_column_inner width=&#8221;1\/4&#8243;]<div class=\"bauer-icon-box clearfix icon-top align-center hover-style-1 simple\" style=\"background-color:#f7f9fa;padding:34px 25px 27px;border-radius:5px;border:1px solid #e7e7e7;\" ><div class=\"hover\" style=\"border-radius:5px;background-color:#000000;\"><\/div><div class=\"wrap-inner\" style=\"position: relative;\"><div class=\"bauer-icon icon-406684610 accent custom\"  data-background=\"\">\r\n\t\t\t\t<span class=\"icon\" style=\"font-size:50px;width:50px;height:50px;border-style:solid;line-height:50px;\"><i class=\"bauerico-barrel\"><\/i><\/span>\r\n\t\t\t<\/div> <h3 class=\"heading \" style=\"font-size:20px;line-height:24px;margin-top:22px;margin-bottom:12px;\">\r\n\t\t\t<span>Silos<\/span>\r\n\t\t<\/h3><div class=\"desc\" style=\"\"><p>This area delivers the control you want over all critical aspects of your project.<\/p>\n<\/div> <div class=\"hover\" style=\"border-radius:5px;background-color:#000000;\"><\/div><\/div><\/div>\r\n\t<div class=\"bauer-spacer clearfix\" data-desktop=\"30\" data-mobi=\"30\" data-smobi=\"30\"><\/div><div class=\"bauer-icon-box clearfix icon-top align-center hover-style-1 simple\" style=\"background-color:#f7f9fa;padding:34px 25px 27px;border-radius:5px;border:1px solid #e7e7e7;\" ><div class=\"hover\" style=\"border-radius:5px;background-color:#000000;\"><\/div><div class=\"wrap-inner\" style=\"position: relative;\"><div class=\"bauer-icon icon-1696466845 accent custom\"  data-background=\"\">\r\n\t\t\t\t<span class=\"icon\" style=\"font-size:50px;width:50px;height:50px;border-style:solid;line-height:50px;\"><i class=\"bauerico-barrel\"><\/i><\/span>\r\n\t\t\t<\/div> <h3 class=\"heading \" style=\"font-size:20px;line-height:24px;margin-top:22px;margin-bottom:12px;\">\r\n\t\t\t<span>Ducting<\/span>\r\n\t\t<\/h3><div class=\"desc\" style=\"\"><p>This area delivers the control you want over all critical aspects of your project.<\/p>\n<\/div> <div class=\"hover\" style=\"border-radius:5px;background-color:#000000;\"><\/div><\/div><\/div>\r\n\t<div class=\"bauer-spacer clearfix\" data-desktop=\"0\" data-mobi=\"30\" data-smobi=\"30\"><\/div>[\/vc_column_inner][\/vc_row_inner]\r\n\t<div class=\"bauer-spacer clearfix\" data-desktop=\"60\" data-mobi=\"40\" data-smobi=\"40\"><\/div>[\/vc_column][\/vc_row][vc_row][vc_column width=&#8221;1\/3&#8243; el_class=&#8221;img-border&#8221;]<div class=\"bauer-simple-image text-center\" style=\"\" >\r\n\t\t\t<img decoding=\"async\" alt=\"image\" src=\"https:\/\/bioscanltd.com\/wp-content\/uploads\/2020\/06\/partner-bottom.jpg\" title=\"\"> \r\n\t\t<\/div>[\/vc_column][vc_column width=&#8221;2\/3&#8243;]<div class=\"bauer-text clearfix \" style=\"margin-bottom:30px;\"><p>Con el mercado de alimentos y bebidas desarrollando un mayor enfoque en los servicios de inspecci\u00f3n y reparaci\u00f3n sin tinturas, la asociaci\u00f3n de Relco LLC y <a href=\"https:\/\/bioscanltd.com\/?lang=es\">Bioscan<\/a>, garantizar\u00e1 que los requisitos de los clientes cumplan con las normas y auditor\u00edas de la industria.<\/p>\n<p>Al ofrecer conjuntamente la \u00faltima tecnolog\u00eda de inspecci\u00f3n, capaz de detectar electr\u00f3nicamente los defectos, las plantas elaboradoras de alimentos y bebidas ahora podr\u00e1n recibir con seguridad y precisi\u00f3n servicios de inspecci\u00f3n y reparaci\u00f3n sin necesidad de introducir tinturas o productos qu\u00edmicos en sus zonas de producci\u00f3n.<\/p>\n<\/div>[\/vc_column][vc_column]<div class=\"bauer-text clearfix \" style=\"margin-bottom:30px;\"><p>Finalmente, las unidades de procesamiento ahora podr\u00e1n reducir significativamente el tiempo de parada necesario para realizar los servicios de inspecci\u00f3n y reparaci\u00f3n y aumentar la productividad general. Con la experiencia de Bioscan en lo que respecta a las inspecciones y los amplios conocimientos de RELCO en materia de reparaci\u00f3n y fabricaci\u00f3n, las plantas de elaboraci\u00f3n de alimentos y bebidas reciben el servicio de inspecciones y reparaciones sin tinturas m\u00e1s profesional y confiable disponible en la actualidad.<\/p>\n<p>Ambas empresas creen que esto se lograr\u00e1 garantizando un servicio eficiente y de calidad, mientras que la atenci\u00f3n respecto de la seguridad de sus trabajadores y de la planta industrial es de igual importancia. Al reconocer las necesidades de los clientes en relaci\u00f3n con estas inspecciones anuales en el mercado actual, estamos haciendo que las solicitudes de servicios como los aqu\u00ed ofrecidos sean un claro enfoque en las operaciones comerciales de nuestros clientes.<\/p>\n<\/div><div class=\"bauer-text clearfix \" style=\"margin-bottom:30px;\"><p style=\"text-align: center;\">Usted tambi\u00e9n puede contactar directamente a Nathan Rud en <a href=\"mailto:nathan.rud@kss-sep.com\">nathan.rud@kss-sep.com<\/a> ocontactarnos en <a href=\"mailto:sales@bioscanltd.co.uk\">sales@bioscanltd.co.uk.<\/a><\/p>\n<\/div>[\/vc_column][\/vc_row][vc_row css=&#8221;.vc_custom_1592053919442{background-image: url(https:\/\/bioscanltd.com\/wp-content\/uploads\/2019\/05\/handy-bg-4.png?id=8932) !important;background-position: center !important;background-repeat: no-repeat !important;background-size: cover !important;}&#8221; el_class=&#8221;relco-website-section&#8221;][vc_column]\r\n\t<div class=\"bauer-spacer clearfix\" data-desktop=\"100\" data-mobi=\"60\" data-smobi=\"60\"><\/div><div class=\"bauer-content-box clearfix \" data-padding=\"22px 100px 22px 100px\" data-mobipadding=\"22px 50px 22px 50px\" data-margin=\"-75px 0px 0px 0px\" data-mobimargin=\"-75px 0px 0px 0px\" >\r\n\t\t<div class=\"inner ctb-963871731\" style=\"background-size:cover;\"  data-background=\"#9ecb26\" data-rounded=\"10px\">\r\n\t\t\t<div class=\"bauer-action-box \" style=\"\">\r\n\t\t<div class=\"inner\">\r\n\t\t<div class=\"heading-wrap \">\r\n\t\t\t<div class=\"text-wrap\" style=\"\">\r\n\t\t\t\t<h2 class=\"heading\" style=\"font-weight:400;color:#ffffff;font-size:28px;line-height:40px;\">\r\n\t\t\t\t\tPara saber m\u00e1s sobre RELCO, haga clic en el bot\u00f3n:\r\n\t\t\t\t<\/h2>\r\n\t\t\t<\/div>\r\n\t\t<\/div><div class=\"url-wrap\" style=\"\">\r\n\t\t\t<a target=\"yes\" class=\"bauer-button big btn-1077602908 custom\" href=\"https:\/\/relco.net\/\" style=\"border-radius:30px;\" data-text=\"#000000\" data-background=\"#ffffff\" data-text-hover=\"#ffffff\" data-background-hover=\"#000000\" rel=\"noopener\"><span>Sitio Web RELCO<\/span><\/a>\r\n\t\t<\/div><\/div>\r\n\t<\/div>\r\n\t\t<\/div>\r\n\t<\/div>[\/vc_column][\/vc_row]<\/p>\n<\/section>","protected":false},"excerpt":{"rendered":"<p>[vc_row css=&#8221;.vc_custom_1590563651840{background-image: url(https:\/\/bioscanltd.com\/wp-content\/uploads\/2019\/05\/main-bg-1.png?id=8860) !important;background-position: center !important;background-repeat: no-repeat !important;background-size: cover !important;}&#8221; el_id=&#8221;first-row&#8221;][vc_column][vc_row_inner][vc_column_inner width=&#8221;2\/3&#8243;][\/vc_column_inner][vc_column_inner width=&#8221;1\/3&#8243;][\/vc_column_inner][\/vc_row_inner][\/vc_column][\/vc_row][vc_row disable_element=&#8221;yes&#8221; css=&#8221;.vc_custom_1592571536634{background-image: url(https:\/\/bioscanltd.com\/wp-content\/uploads\/2019\/05\/section-bg1-1.png?id=7977) !important;background-position: center !important;background-repeat: no-repeat !important;background-size: cover !important;}&#8221;][vc_column][vc_row_inner][vc_column_inner width=&#8221;1\/4&#8243;][\/vc_column_inner][vc_column_inner width=&#8221;1\/4&#8243;][\/vc_column_inner][vc_column_inner width=&#8221;1\/4&#8243;][\/vc_column_inner][vc_column_inner width=&#8221;1\/4&#8243;][\/vc_column_inner][\/vc_row_inner][\/vc_column][\/vc_row][vc_row][vc_column width=&#8221;1\/3&#8243; el_class=&#8221;img-border&#8221;][\/vc_column][vc_column width=&#8221;2\/3&#8243;][\/vc_column][vc_column][\/vc_column][\/vc_row][vc_row css=&#8221;.vc_custom_1592053919442{background-image: url(https:\/\/bioscanltd.com\/wp-content\/uploads\/2019\/05\/handy-bg-4.png?id=8932) !important;background-position: center !important;background-repeat: no-repeat !important;background-size: cover !important;}&#8221; el_class=&#8221;relco-website-section&#8221;][vc_column][\/vc_column][\/vc_row]<\/p>\n","protected":false},"author":8,"featured_media":0,"parent":0,"menu_order":0,"comment_status":"closed","ping_status":"closed","template":"","meta":{"_acf_changed":false,"_monsterinsights_skip_tracking":false,"_monsterinsights_sitenote_active":false,"_monsterinsights_sitenote_note":"","_monsterinsights_sitenote_category":0,"footnotes":""},"class_list":["post-11000","page","type-page","status-publish","hentry"],"acf":[],"rttpg_featured_image_url":null,"rttpg_author":{"display_name":"Samuel Peppin - Managing Director at Bioscan Ltd","author_link":"https:\/\/bioscanltd.com\/es\/author\/samuel-peppin-managing-director-at-bioscan-ltd\/"},"rttpg_comment":0,"rttpg_category":" <a href=\"https:\/\/bioscanltd.com\/es\/?taxonomy=translation_priority&#038;term=opcional\" rel=\"tag\">Opcional<\/a>","rttpg_excerpt":"[vc_row css=&#8221;.vc_custom_1590563651840{background-image: url(https:\/\/bioscanltd.com\/wp-content\/uploads\/2019\/05\/main-bg-1.png?id=8860) !important;background-position: center !important;background-repeat: no-repeat !important;background-size: cover !important;}&#8221; el_id=&#8221;first-row&#8221;][vc_column][vc_row_inner][vc_column_inner width=&#8221;2\/3&#8243;][\/vc_column_inner][vc_column_inner width=&#8221;1\/3&#8243;][\/vc_column_inner][\/vc_row_inner][\/vc_column][\/vc_row][vc_row disable_element=&#8221;yes&#8221; css=&#8221;.vc_custom_1592571536634{background-image: url(https:\/\/bioscanltd.com\/wp-content\/uploads\/2019\/05\/section-bg1-1.png?id=7977) !important;background-position: center !important;background-repeat: no-repeat !important;background-size: cover !important;}&#8221;][vc_column][vc_row_inner][vc_column_inner width=&#8221;1\/4&#8243;][\/vc_column_inner][vc_column_inner width=&#8221;1\/4&#8243;][\/vc_column_inner][vc_column_inner width=&#8221;1\/4&#8243;][\/vc_column_inner][vc_column_inner width=&#8221;1\/4&#8243;][\/vc_column_inner][\/vc_row_inner][\/vc_column][\/vc_row][vc_row][vc_column width=&#8221;1\/3&#8243; el_class=&#8221;img-border&#8221;][\/vc_column][vc_column width=&#8221;2\/3&#8243;][\/vc_column][vc_column][\/vc_column][\/vc_row][vc_row css=&#8221;.vc_custom_1592053919442{background-image: url(https:\/\/bioscanltd.com\/wp-content\/uploads\/2019\/05\/handy-bg-4.png?id=8932) !important;background-position: center !important;background-repeat: no-repeat !important;background-size: cover !important;}&#8221; el_class=&#8221;relco-website-section&#8221;][vc_column][\/vc_column][\/vc_row]","_links":{"self":[{"href":"https:\/\/bioscanltd.com\/es\/wp-json\/wp\/v2\/pages\/11000","targetHints":{"allow":["GET"]}}],"collection":[{"href":"https:\/\/bioscanltd.com\/es\/wp-json\/wp\/v2\/pages"}],"about":[{"href":"https:\/\/bioscanltd.com\/es\/wp-json\/wp\/v2\/types\/page"}],"author":[{"embeddable":true,"href":"https:\/\/bioscanltd.com\/es\/wp-json\/wp\/v2\/users\/8"}],"replies":[{"embeddable":true,"href":"https:\/\/bioscanltd.com\/es\/wp-json\/wp\/v2\/comments?post=11000"}],"version-history":[{"count":5,"href":"https:\/\/bioscanltd.com\/es\/wp-json\/wp\/v2\/pages\/11000\/revisions"}],"predecessor-version":[{"id":13426,"href":"https:\/\/bioscanltd.com\/es\/wp-json\/wp\/v2\/pages\/11000\/revisions\/13426"}],"wp:attachment":[{"href":"https:\/\/bioscanltd.com\/es\/wp-json\/wp\/v2\/media?parent=11000"}],"curies":[{"name":"wp","href":"https:\/\/api.w.org\/{rel}","templated":true}]}}