{"id":11003,"date":"2021-05-03T12:49:17","date_gmt":"2021-05-03T12:49:17","guid":{"rendered":"https:\/\/bioscanltd.com\/cmt-atomizers\/"},"modified":"2021-05-05T05:41:56","modified_gmt":"2021-05-05T05:41:56","slug":"cmt-atomizers","status":"publish","type":"page","link":"https:\/\/bioscanltd.com\/es\/cmt-atomizers\/","title":{"rendered":"CMT Atomizers"},"content":{"rendered":"<section class=\"wpb-content-wrapper\"><p>[vc_row css=&#8221;.vc_custom_1590563651840{background-image: url(https:\/\/bioscanltd.com\/wp-content\/uploads\/2019\/05\/main-bg-1.png?id=8860) !important;background-position: center !important;background-repeat: no-repeat !important;background-size: cover !important;}&#8221; el_id=&#8221;first-row&#8221;][vc_column][vc_row_inner][vc_column_inner width=&#8221;2\/3&#8243;]<h2 class=\"bauer-text clearfix \" style=\"font-weight:300;font-size:42px;line-height:50px;margin-bottom:32px;\"><p>Bioscan se complace en anunciar que ahora nos asociamos con CMT Atomizers para promocionar conjuntamente los servicios y productos a nuestros clientes. Creemos que ambar partes se beneficiar\u00e1n enormemente de ello.<\/p>\n<\/h2><div class=\"bauer-text clearfix \" style=\"margin-bottom:30px;\"><p>CMT Atomizers es el principal productor mundial de atomizadores rotativos de alto rendimiento para aplicaciones de secadores por pulverizaci\u00f3n en una gran variedad de industrias. Tambi\u00e9n suministran atomizadores completos de repuesto para otras marcas populares, as\u00ed como piezas de repuesto de alta calidad y servicios postventa. <a href=\"https:\/\/www.cmtatomizers.com\/en\/index.aspx\" rel=\"noopener noreferrer\" target=\"_blank\">https:\/\/www.cmtatomizers.com\/en\/index.aspx<\/a><\/p>\n<p>Esta asociaci\u00f3n seguir\u00e1 ayudando tanto a Bioscan como a CMT Atomizers en su continuo crecimiento para suministrar servicios y productos a clientes de todo el mundo.<\/p>\n<\/div>[\/vc_column_inner][vc_column_inner width=&#8221;1\/3&#8243;]<div class=\"bauer-simple-image text-center\" style=\"\" >\r\n\t\t\t<img decoding=\"async\" alt=\"image\" src=\"https:\/\/bioscanltd.com\/wp-content\/uploads\/2020\/06\/Partner-CMT.png\" title=\"\"> \r\n\t\t<\/div>[\/vc_column_inner][\/vc_row_inner]\r\n\t<div class=\"bauer-spacer clearfix\" data-desktop=\"20\" data-mobi=\"20\" data-smobi=\"20\"><\/div>[\/vc_column][\/vc_row][vc_row css=&#8221;.vc_custom_1592574305889{background-image: url(https:\/\/bioscanltd.com\/wp-content\/uploads\/2019\/05\/handy-bg-4.png?id=8932) !important;background-position: center !important;background-repeat: no-repeat !important;background-size: cover !important;}&#8221; el_class=&#8221;cmt-website-section&#8221;][vc_column]\r\n\t<div class=\"bauer-spacer clearfix\" data-desktop=\"100\" data-mobi=\"60\" data-smobi=\"60\"><\/div><div class=\"bauer-content-box clearfix \" data-padding=\"20px\" data-mobipadding=\"20px\" data-margin=\"-75px 0px 0px 0px\" data-mobimargin=\"-75px 0px 0px 0px\" >\r\n\t\t<div class=\"inner ctb-110249758\" style=\"background-size:cover;\"  data-background=\"#9ecb26\" data-rounded=\"10px\">\r\n\t\t\t<div class=\"bauer-action-box \" style=\"\">\r\n\t\t<div class=\"inner\">\r\n\t\t<div class=\"heading-wrap \">\r\n\t\t\t<div class=\"text-wrap\" style=\"\">\r\n\t\t\t\t<h2 class=\"heading\" style=\"font-weight:400;color:#ffffff;font-size:26px;line-height:38px;\">\r\n\t\t\t\t\tSi quieres saber m\u00e1s sobre CMT Atomizers, haga clic en el bot\u00f3n:\r\n\t\t\t\t<\/h2>\r\n\t\t\t<\/div>\r\n\t\t<\/div><div class=\"url-wrap\" style=\"\">\r\n\t\t\t<a target=\"yes\" class=\"bauer-button big btn-1921693555 custom\" href=\"https:\/\/www.cmtatomizers.com\/en\/index.aspx\" style=\"border-radius:30px;\" data-text=\"#000000\" data-background=\"#ffffff\" data-text-hover=\"#ffffff\" data-background-hover=\"#000000\" rel=\"noopener\"><span>Sitio Web CMT Atomizers<\/span><\/a>\r\n\t\t<\/div><\/div>\r\n\t<\/div>\r\n\t\t<\/div>\r\n\t<\/div>[\/vc_column][\/vc_row]<\/p>\n<\/section>","protected":false},"excerpt":{"rendered":"<p>[vc_row css=&#8221;.vc_custom_1590563651840{background-image: url(https:\/\/bioscanltd.com\/wp-content\/uploads\/2019\/05\/main-bg-1.png?id=8860) !important;background-position: center !important;background-repeat: no-repeat !important;background-size: cover !important;}&#8221; el_id=&#8221;first-row&#8221;][vc_column][vc_row_inner][vc_column_inner width=&#8221;2\/3&#8243;][\/vc_column_inner][vc_column_inner width=&#8221;1\/3&#8243;][\/vc_column_inner][\/vc_row_inner][\/vc_column][\/vc_row][vc_row css=&#8221;.vc_custom_1592574305889{background-image: url(https:\/\/bioscanltd.com\/wp-content\/uploads\/2019\/05\/handy-bg-4.png?id=8932) !important;background-position: center !important;background-repeat: no-repeat !important;background-size: cover !important;}&#8221; el_class=&#8221;cmt-website-section&#8221;][vc_column][\/vc_column][\/vc_row]<\/p>\n","protected":false},"author":8,"featured_media":0,"parent":0,"menu_order":0,"comment_status":"closed","ping_status":"closed","template":"","meta":{"_acf_changed":false,"_monsterinsights_skip_tracking":false,"_monsterinsights_sitenote_active":false,"_monsterinsights_sitenote_note":"","_monsterinsights_sitenote_category":0,"footnotes":""},"class_list":["post-11003","page","type-page","status-publish","hentry"],"acf":[],"rttpg_featured_image_url":null,"rttpg_author":{"display_name":"Samuel Peppin - Managing Director at Bioscan Ltd","author_link":"https:\/\/bioscanltd.com\/es\/author\/samuel-peppin-managing-director-at-bioscan-ltd\/"},"rttpg_comment":0,"rttpg_category":" <a href=\"https:\/\/bioscanltd.com\/es\/?taxonomy=translation_priority&#038;term=opcional\" rel=\"tag\">Opcional<\/a>","rttpg_excerpt":"[vc_row css=&#8221;.vc_custom_1590563651840{background-image: url(https:\/\/bioscanltd.com\/wp-content\/uploads\/2019\/05\/main-bg-1.png?id=8860) !important;background-position: center !important;background-repeat: no-repeat !important;background-size: cover !important;}&#8221; el_id=&#8221;first-row&#8221;][vc_column][vc_row_inner][vc_column_inner width=&#8221;2\/3&#8243;][\/vc_column_inner][vc_column_inner width=&#8221;1\/3&#8243;][\/vc_column_inner][\/vc_row_inner][\/vc_column][\/vc_row][vc_row css=&#8221;.vc_custom_1592574305889{background-image: url(https:\/\/bioscanltd.com\/wp-content\/uploads\/2019\/05\/handy-bg-4.png?id=8932) !important;background-position: center !important;background-repeat: no-repeat !important;background-size: cover !important;}&#8221; el_class=&#8221;cmt-website-section&#8221;][vc_column][\/vc_column][\/vc_row]","_links":{"self":[{"href":"https:\/\/bioscanltd.com\/es\/wp-json\/wp\/v2\/pages\/11003","targetHints":{"allow":["GET"]}}],"collection":[{"href":"https:\/\/bioscanltd.com\/es\/wp-json\/wp\/v2\/pages"}],"about":[{"href":"https:\/\/bioscanltd.com\/es\/wp-json\/wp\/v2\/types\/page"}],"author":[{"embeddable":true,"href":"https:\/\/bioscanltd.com\/es\/wp-json\/wp\/v2\/users\/8"}],"replies":[{"embeddable":true,"href":"https:\/\/bioscanltd.com\/es\/wp-json\/wp\/v2\/comments?post=11003"}],"version-history":[{"count":0,"href":"https:\/\/bioscanltd.com\/es\/wp-json\/wp\/v2\/pages\/11003\/revisions"}],"wp:attachment":[{"href":"https:\/\/bioscanltd.com\/es\/wp-json\/wp\/v2\/media?parent=11003"}],"curies":[{"name":"wp","href":"https:\/\/api.w.org\/{rel}","templated":true}]}}