{"id":12850,"date":"2024-12-12T06:45:59","date_gmt":"2024-12-12T06:45:59","guid":{"rendered":"https:\/\/bioscanltd.com\/?page_id=12850"},"modified":"2026-01-06T05:18:06","modified_gmt":"2026-01-06T05:18:06","slug":"inspecciones-de-integridad-de-intercambiadores-de-calor","status":"publish","type":"page","link":"https:\/\/bioscanltd.com\/es\/servicios-principales\/inspecciones-de-integridad-de-intercambiadores-de-calor\/","title":{"rendered":"Inspecciones de integridad de intercambiadores de calor"},"content":{"rendered":"<section class=\"wpb-content-wrapper\"><p>[vc_row][vc_column][vc_row_inner][vc_column_inner width=&#8221;1\/2&#8243;]<h2 class=\"bauer-text clearfix \" style=\"\"><p>\u00bfPor qu\u00e9 realizar inspecciones de integridad de los intercambiadores de calor?<\/p>\n<\/h2><div class=\"bauer-text clearfix \" style=\"\"><p>Las pasteurizadoras y los intercambiadores de calor en general (HE) son com\u00fanmente reconocidos como puntos cr\u00edticos de control por los planes HACCP (an\u00e1lisis de riesgos y puntos cr\u00edticos de control). Una unidad HE sufre una enorme cantidad de estr\u00e9s t\u00e9rmico y mec\u00e1nico durante el per\u00edodo normal de explotaci\u00f3n.<\/p>\n<p>El riesgo de contaminaci\u00f3n cruzada del producto es posible si las placas\/tuber\u00edas desarrollan defectos. Estos podr\u00edan ser grietas, microgrietas, corrosi\u00f3n u orificios por oxidaci\u00f3n.<\/p>\n<p>Las fuentes de la contaminaci\u00f3n cruzada son los circuitos de servicio \u2013 enfriamiento o calentamiento. Los circuitos de glicol y de agua fr\u00eda son las fuentes m\u00e1s comunes de contaminaci\u00f3n microbiol\u00f3gica.<\/p>\n<p>Como el desmantelamiento y la apertura de los intercambiadores de calor consumen tiempo y dinero, la mejor soluci\u00f3n es realizar inspecciones regulares de integridad NDT (ensayos no destructivos). Solo despu\u00e9s, si una unidad no pasa la prueba, se requiere la apertura del intercambiador de calor.<\/p>\n<p>Los t\u00e9cnicos de Bioscan LTD cuentan con m\u00e1s de una d\u00e9cada de experiencia en este campo, lo que asegura que nosotros podemos ofrecer servicios de prueba de integridad centr\u00e1ndonos en los siguientes principios:<\/p>\n<ul>\n<li style=\"font-weight: 400;\" aria-level=\"1\">Sin residuos qu\u00edmicos despu\u00e9s de las pruebas,<\/li>\n<li style=\"font-weight: 400;\" aria-level=\"1\">Requiere un m\u00ednimo tiempo de inactividad de la planta industrial,<\/li>\n<li style=\"font-weight: 400;\" aria-level=\"1\">Equipo para realizaci\u00f3n de pruebas aptos para transporte a\u00e9reo.<\/li>\n<\/ul>\n<\/div>[\/vc_column_inner][vc_column_inner width=&#8221;1\/2&#8243;]<div class=\"bauer-simple-image text-center\" style=\"\" >\r\n\t\t\t<img decoding=\"async\" alt=\"image\" src=\"https:\/\/bioscanltd.com\/wp-content\/uploads\/Test-setup-1.webp\" title=\"\"> \r\n\t\t<\/div>[\/vc_column_inner][\/vc_row_inner][\/vc_column][\/vc_row][vc_row][vc_column]\r\n\t<div class=\"bauer-spacer clearfix\" data-desktop=\"30\" data-mobi=\"20\" data-smobi=\"20\"><\/div>[\/vc_column][\/vc_row][vc_row][vc_column][vc_column_text]<\/p>\n<div class=\"custom-cta\">\n<h2>\u00bfBusca un servicio de inspecci\u00f3n de integridad?<\/h2>\n<p>Deje su solicitud de cotizaci\u00f3n y nuestro experto se pondr\u00e1 en contacto con usted lo antes posible.<\/p>\n<p><a class=\"btn btn-outline cta-btn\" href=\"https:\/\/bioscanltd.com\/es\/contacta-con-nosotros\/\" target=\"_blank\" rel=\"noopener\">Obtenga una cotizaci\u00f3n<\/a><\/p>\n<\/div>\n<p>[\/vc_column_text][\/vc_column][\/vc_row][vc_row][vc_column]\r\n\t<div class=\"bauer-spacer clearfix\" data-desktop=\"100\" data-mobi=\"60\" data-smobi=\"60\"><\/div>[\/vc_column][\/vc_row][vc_row css=&#8221;.vc_custom_1734430692187{background: #f7f9fa url(https:\/\/bioscanltd.com\/wp-content\/uploads\/cons2-bg-2-1.png?id=12970) !important;}&#8221;][vc_column]\r\n\t<div class=\"bauer-spacer clearfix\" data-desktop=\"94\" data-mobi=\"60\" data-smobi=\"60\"><\/div>[vc_row_inner][vc_column_inner width=&#8221;1\/2&#8243;]<div class=\"bauer-simple-image text-center\" style=\"\" >\r\n\t\t\t<img decoding=\"async\" alt=\"image\" src=\"https:\/\/bioscanltd.com\/wp-content\/uploads\/Test-setup-2-scaled-1.webp\" title=\"\"> \r\n\t\t<\/div>[\/vc_column_inner][vc_column_inner width=&#8221;1\/2&#8243;]<h2 class=\"bauer-text clearfix \" style=\"\"><p>Procedimiento de inspecci\u00f3n de integridad de intercambiadores de calor, de Bioscan<\/p>\n<\/h2>[vc_column_text]Bioscan ofrece un m\u00e9todo de pruebas con gas que utiliza hidr\u00f3geno como un gas trazador. Al considerar el tama\u00f1o y la agilidad de la mol\u00e9cula de hidr\u00f3geno, lo convierte en el gas trazador perfecto para penetrar y detectar las microgrietas m\u00e1s peque\u00f1as e incluso las \u00e1reas debilitadas de acero inoxidable donde se est\u00e1 desarrollando la grieta.[\/vc_column_text][\/vc_column_inner][\/vc_row_inner]\r\n\t<div class=\"bauer-spacer clearfix\" data-desktop=\"94\" data-mobi=\"60\" data-smobi=\"60\"><\/div><div class=\"bauer-text clearfix \" style=\"\"><p><strong>El procedimiento de prueba de Bioscan es el que sigue:<\/strong><\/p>\n<ul>\n<li style=\"font-weight: 400;\" aria-level=\"1\">La prueba comienza con la presurizaci\u00f3n del lado de servicio (enfriamiento\/calentamiento) de la secci\u00f3n con el gas trazador.<\/li>\n<li style=\"font-weight: 400;\" aria-level=\"1\">En el flujo de aire constante del lado del producto se establece en un bucle cerrado v\u00eda una bomba de membrana.<\/li>\n<li style=\"font-weight: 400;\" aria-level=\"1\">La concentraci\u00f3n de gas hidr\u00f3geno es monitoreada del lado del producto.<\/li>\n<li style=\"font-weight: 400;\" aria-level=\"1\">Los valores medidos se registran y analizan para determinar los resultados.<\/li>\n<li style=\"font-weight: 400;\" aria-level=\"1\">Los resultados se clasifican como: PASA, PASA PROVISORIAMENTE o NO PASA.<\/li>\n<\/ul>\n<p>Tambi\u00e9n hemos desarrollado nuestro propio software exclusivo para registro del control y de los datos. Despu\u00e9s de cada medici\u00f3n, se genera un informe autom\u00e1ticamente y cada medici\u00f3n cuenta con su propio n\u00famero de prueba.<\/p>\n<p>Usando el ampliamente disponible gas trazador con los mejores sensores del mercado, <a href=\"https:\/\/bioscanltd.com\/?lang=es\">Bioscan<\/a> puede proporcionar el mejor servicio.<\/p>\n<\/div>\r\n\t<div class=\"bauer-spacer clearfix\" data-desktop=\"94\" data-mobi=\"60\" data-smobi=\"60\"><\/div>[\/vc_column][\/vc_row]<\/p>\n<\/section>","protected":false},"excerpt":{"rendered":"<p>[vc_row][vc_column][vc_row_inner][vc_column_inner width=&#8221;1\/2&#8243;][\/vc_column_inner][vc_column_inner width=&#8221;1\/2&#8243;][\/vc_column_inner][\/vc_row_inner][\/vc_column][\/vc_row][vc_row][vc_column][\/vc_column][\/vc_row][vc_row][vc_column][vc_column_text] \u00bfBusca un servicio de inspecci\u00f3n de integridad? Deje su solicitud de cotizaci\u00f3n y nuestro experto se pondr\u00e1 en contacto con usted lo antes posible. Obtenga una cotizaci\u00f3n [\/vc_column_text][\/vc_column][\/vc_row][vc_row][vc_column][\/vc_column][\/vc_row][vc_row css=&#8221;.vc_custom_1734430692187{background: #f7f9fa url(https:\/\/bioscanltd.com\/wp-content\/uploads\/cons2-bg-2-1.png?id=12970) !important;}&#8221;][vc_column][vc_row_inner][vc_column_inner width=&#8221;1\/2&#8243;][\/vc_column_inner][vc_column_inner width=&#8221;1\/2&#8243;][vc_column_text]Bioscan ofrece un m\u00e9todo de pruebas con gas que utiliza hidr\u00f3geno como un gas<\/p>\n","protected":false},"author":8,"featured_media":0,"parent":10974,"menu_order":0,"comment_status":"closed","ping_status":"closed","template":"","meta":{"_acf_changed":false,"_monsterinsights_skip_tracking":false,"_monsterinsights_sitenote_active":false,"_monsterinsights_sitenote_note":"","_monsterinsights_sitenote_category":0,"footnotes":""},"class_list":["post-12850","page","type-page","status-publish","hentry"],"acf":[],"rttpg_featured_image_url":null,"rttpg_author":{"display_name":"Samuel Peppin - Managing Director at Bioscan Ltd","author_link":"https:\/\/bioscanltd.com\/es\/author\/samuel-peppin-managing-director-at-bioscan-ltd\/"},"rttpg_comment":0,"rttpg_category":" <a href=\"https:\/\/bioscanltd.com\/es\/?taxonomy=translation_priority&#038;term=opcional\" rel=\"tag\">Opcional<\/a>","rttpg_excerpt":"[vc_row][vc_column][vc_row_inner][vc_column_inner width=&#8221;1\/2&#8243;][\/vc_column_inner][vc_column_inner width=&#8221;1\/2&#8243;][\/vc_column_inner][\/vc_row_inner][\/vc_column][\/vc_row][vc_row][vc_column][\/vc_column][\/vc_row][vc_row][vc_column][vc_column_text] \u00bfBusca un servicio de inspecci\u00f3n de integridad? Deje su solicitud de cotizaci\u00f3n y nuestro experto se pondr\u00e1 en contacto con usted lo antes posible. Obtenga una cotizaci\u00f3n [\/vc_column_text][\/vc_column][\/vc_row][vc_row][vc_column][\/vc_column][\/vc_row][vc_row css=&#8221;.vc_custom_1734430692187{background: #f7f9fa url(https:\/\/bioscanltd.com\/wp-content\/uploads\/cons2-bg-2-1.png?id=12970) !important;}&#8221;][vc_column][vc_row_inner][vc_column_inner width=&#8221;1\/2&#8243;][\/vc_column_inner][vc_column_inner width=&#8221;1\/2&#8243;][vc_column_text]Bioscan ofrece un m\u00e9todo de pruebas con gas que utiliza hidr\u00f3geno como un gas","_links":{"self":[{"href":"https:\/\/bioscanltd.com\/es\/wp-json\/wp\/v2\/pages\/12850","targetHints":{"allow":["GET"]}}],"collection":[{"href":"https:\/\/bioscanltd.com\/es\/wp-json\/wp\/v2\/pages"}],"about":[{"href":"https:\/\/bioscanltd.com\/es\/wp-json\/wp\/v2\/types\/page"}],"author":[{"embeddable":true,"href":"https:\/\/bioscanltd.com\/es\/wp-json\/wp\/v2\/users\/8"}],"replies":[{"embeddable":true,"href":"https:\/\/bioscanltd.com\/es\/wp-json\/wp\/v2\/comments?post=12850"}],"version-history":[{"count":5,"href":"https:\/\/bioscanltd.com\/es\/wp-json\/wp\/v2\/pages\/12850\/revisions"}],"predecessor-version":[{"id":13421,"href":"https:\/\/bioscanltd.com\/es\/wp-json\/wp\/v2\/pages\/12850\/revisions\/13421"}],"up":[{"embeddable":true,"href":"https:\/\/bioscanltd.com\/es\/wp-json\/wp\/v2\/pages\/10974"}],"wp:attachment":[{"href":"https:\/\/bioscanltd.com\/es\/wp-json\/wp\/v2\/media?parent=12850"}],"curies":[{"name":"wp","href":"https:\/\/api.w.org\/{rel}","templated":true}]}}