{"id":12876,"date":"2024-12-12T07:52:26","date_gmt":"2024-12-12T07:52:26","guid":{"rendered":"https:\/\/bioscanltd.com\/?page_id=12876"},"modified":"2024-12-18T06:04:05","modified_gmt":"2024-12-18T06:04:05","slug":"eclipse-tech","status":"publish","type":"page","link":"https:\/\/bioscanltd.com\/es\/eclipse-tech\/","title":{"rendered":"Eclipse-Tech"},"content":{"rendered":"<section class=\"wpb-content-wrapper\"><p>[vc_row css=&#8221;.vc_custom_1734432546416{background-image: url(https:\/\/bioscanltd.com\/wp-content\/uploads\/cons2-bg-2-1.png?id=12970) !important;}&#8221;][vc_column][vc_row_inner][vc_column_inner width=&#8221;2\/3&#8243;]<h2 class=\"bauer-text clearfix \" style=\"font-weight:300;font-size:42px;line-height:50px;\"><p><span>Bioscan LTD y Eclipse-Tech se han asociado en Canad\u00e1 para promover exclusivamente las <a href=\"https:\/\/bioscanltd.com\/services\/spray-dryer-testing-inspection\/\">inspecciones de grietas<\/a> y reparaciones para clientes de la industria de elaboraci\u00f3n de alimentos, productos farmac\u00e9uticos y bebidas.<\/span><\/p>\n<\/h2><div class=\"bauer-text clearfix \" style=\"\"><p>Eclipse-Tech cuenta con m\u00e1s de 15 a\u00f1os de experiencia proveyendo servicios de ingenier\u00eda a fin de contribuir al \u00e9xito continuo de empresas canadienses en diversas industrias.<\/p>\n<p>Eclipse-Tech cree firmemente que, mediante relaciones comerciales basadas en el progreso, la innovaci\u00f3n y la confianza, tiene el poder de contribuir a transformar su negocio, optimizar los recursos y mejorar, un paso a la vez, el futuro hacia el cual se dirigen.<\/p>\n<\/div>[\/vc_column_inner][vc_column_inner width=&#8221;1\/3&#8243;]<div class=\"bauer-simple-image text-center\" style=\"\" >\r\n\t\t\t<img decoding=\"async\" alt=\"image\" src=\"https:\/\/bioscanltd.com\/wp-content\/uploads\/Eclipse-Tech-2.webp\" title=\"\"> \r\n\t\t<\/div>[\/vc_column_inner][\/vc_row_inner]\r\n\t<div class=\"bauer-spacer clearfix\" data-desktop=\"20\" data-mobi=\"20\" data-smobi=\"20\"><\/div>[\/vc_column][\/vc_row][vc_row][vc_column width=&#8221;1\/3&#8243; el_class=&#8221;img-border&#8221;]<div class=\"bauer-images-carousel  arrow-center has-arrows\" data-auto=\"false\" data-loop=\"false\" data-gap=\"30\" data-column=\"1\" data-column2=\"1\" data-column3=\"1\">\r\n        <div class=\"owl-carousel owl-theme\"><div class=\"item-wrap\"><img decoding=\"async\" src=\"https:\/\/bioscanltd.com\/wp-content\/uploads\/Granby-chamber-repair-using-gantry.webp\" alt=\"Image\" title=\"\"><\/div><div class=\"item-wrap\"><img decoding=\"async\" src=\"https:\/\/bioscanltd.com\/wp-content\/uploads\/Granby-chamber-inspection-2-599x600-1.webp\" alt=\"Image\" title=\"\"><\/div><\/div><\/div>[\/vc_column][vc_column width=&#8221;2\/3&#8243;]<div class=\"bauer-text clearfix \" style=\"\"><p>Seg\u00fan las necesidades del cliente, el equipo multidisciplinario de Eclipse-Tech ofrece experiencia sin igual en dise\u00f1os 3D, automatizaci\u00f3n, control, termodin\u00e1mica, dise\u00f1os para el procesamiento de l\u00edquidos, manipuleo, seguridad de las m\u00e1quinas y gesti\u00f3n de proyectos.<\/p>\n<p>Ellos podr\u00e1n guiar a los clientes a trav\u00e9s de todos los pasos desde el dise\u00f1o hasta la realizaci\u00f3n de los proyectos. Asimismo, tambi\u00e9n le aseguran el soporte t\u00e9cnico m\u00e1s efectivo, as\u00ed como una disponibilidad \u00f3ptima.<\/p>\n<p>Gracias a la nueva asociaci\u00f3n entre Eclipse-Tech y <a href=\"https:\/\/bioscanltd.com\/?lang=es\">Bioscan<\/a> en Canad\u00e1, ahora nos es posible ofrecer conjuntamente inspecciones de \u00faltima generaci\u00f3n para detecci\u00f3n de grietas y servicios reparaci\u00f3n a fin de ayudar a los clientes a contar con evaluaciones precisas de sus equipos deprocesamiento y contribuir a idear futuras planificaciones respecto de la gesti\u00f3n de los activos.<\/p>\n<p>Todo esto se hace mientras se garantiza minimizar el tiempo de inactividad, lo que lleva a un aumento general de la productividad.<\/p>\n<\/div>[\/vc_column][\/vc_row][vc_row][vc_column]\r\n\t<div class=\"bauer-spacer clearfix\" data-desktop=\"20\" data-mobi=\"20\" data-smobi=\"20\"><\/div>[\/vc_column][\/vc_row][vc_row][vc_column]<div class=\"bauer-text clearfix \" style=\"\"><p>Por m\u00e1s informaci\u00f3n sobre c\u00f3mo usted puede beneficiarse de estos servicios en Canad\u00e1, por favor visite <span><a href=\"https:\/\/www.eclipse-tech.ca\/\" target=\"_blank\" rel=\"noopener\"><u>https:\/\/www.eclipse-tech.ca\/<\/u><\/a><\/span>\u00a0o cont\u00e1ctese v\u00eda <span><a href=\"mailto:info@eclipse-tech.ca\"><u>info@eclipse-tech.ca.<\/u><\/a><\/span><\/p>\n<\/div>[\/vc_column][\/vc_row]<\/p>\n<\/section>","protected":false},"excerpt":{"rendered":"<p>[vc_row css=&#8221;.vc_custom_1734432546416{background-image: url(https:\/\/bioscanltd.com\/wp-content\/uploads\/cons2-bg-2-1.png?id=12970) !important;}&#8221;][vc_column][vc_row_inner][vc_column_inner width=&#8221;2\/3&#8243;][\/vc_column_inner][vc_column_inner width=&#8221;1\/3&#8243;][\/vc_column_inner][\/vc_row_inner][\/vc_column][\/vc_row][vc_row][vc_column width=&#8221;1\/3&#8243; el_class=&#8221;img-border&#8221;][\/vc_column][vc_column width=&#8221;2\/3&#8243;][\/vc_column][\/vc_row][vc_row][vc_column][\/vc_column][\/vc_row][vc_row][vc_column][\/vc_column][\/vc_row]<\/p>\n","protected":false},"author":8,"featured_media":0,"parent":0,"menu_order":0,"comment_status":"closed","ping_status":"closed","template":"","meta":{"_acf_changed":false,"_monsterinsights_skip_tracking":false,"_monsterinsights_sitenote_active":false,"_monsterinsights_sitenote_note":"","_monsterinsights_sitenote_category":0,"footnotes":""},"class_list":["post-12876","page","type-page","status-publish","hentry"],"acf":[],"rttpg_featured_image_url":null,"rttpg_author":{"display_name":"Samuel Peppin - Managing Director at Bioscan Ltd","author_link":"https:\/\/bioscanltd.com\/es\/author\/samuel-peppin-managing-director-at-bioscan-ltd\/"},"rttpg_comment":0,"rttpg_category":" <a href=\"https:\/\/bioscanltd.com\/es\/?taxonomy=translation_priority&#038;term=opcional\" rel=\"tag\">Opcional<\/a>","rttpg_excerpt":"[vc_row css=&#8221;.vc_custom_1734432546416{background-image: url(https:\/\/bioscanltd.com\/wp-content\/uploads\/cons2-bg-2-1.png?id=12970) !important;}&#8221;][vc_column][vc_row_inner][vc_column_inner width=&#8221;2\/3&#8243;][\/vc_column_inner][vc_column_inner width=&#8221;1\/3&#8243;][\/vc_column_inner][\/vc_row_inner][\/vc_column][\/vc_row][vc_row][vc_column width=&#8221;1\/3&#8243; el_class=&#8221;img-border&#8221;][\/vc_column][vc_column width=&#8221;2\/3&#8243;][\/vc_column][\/vc_row][vc_row][vc_column][\/vc_column][\/vc_row][vc_row][vc_column][\/vc_column][\/vc_row]","_links":{"self":[{"href":"https:\/\/bioscanltd.com\/es\/wp-json\/wp\/v2\/pages\/12876","targetHints":{"allow":["GET"]}}],"collection":[{"href":"https:\/\/bioscanltd.com\/es\/wp-json\/wp\/v2\/pages"}],"about":[{"href":"https:\/\/bioscanltd.com\/es\/wp-json\/wp\/v2\/types\/page"}],"author":[{"embeddable":true,"href":"https:\/\/bioscanltd.com\/es\/wp-json\/wp\/v2\/users\/8"}],"replies":[{"embeddable":true,"href":"https:\/\/bioscanltd.com\/es\/wp-json\/wp\/v2\/comments?post=12876"}],"version-history":[{"count":5,"href":"https:\/\/bioscanltd.com\/es\/wp-json\/wp\/v2\/pages\/12876\/revisions"}],"predecessor-version":[{"id":13478,"href":"https:\/\/bioscanltd.com\/es\/wp-json\/wp\/v2\/pages\/12876\/revisions\/13478"}],"wp:attachment":[{"href":"https:\/\/bioscanltd.com\/es\/wp-json\/wp\/v2\/media?parent=12876"}],"curies":[{"name":"wp","href":"https:\/\/api.w.org\/{rel}","templated":true}]}}