{"id":14110,"date":"2026-02-06T13:55:12","date_gmt":"2026-02-06T13:55:12","guid":{"rendered":"https:\/\/bioscanltd.com\/servicios-principales\/tour-de-sechage\/"},"modified":"2026-02-18T06:04:16","modified_gmt":"2026-02-18T06:04:16","slug":"secador-por-aspersion","status":"publish","type":"page","link":"https:\/\/bioscanltd.com\/es\/servicios-principales\/secador-por-aspersion\/","title":{"rendered":"Secador por aspersi\u00f3n"},"content":{"rendered":"<section class=\"wpb-content-wrapper\"><p>[vc_row][vc_column][vc_row_inner][vc_column_inner width=&#8221;1\/2&#8243;]<h2 class=\"bauer-text clearfix \" style=\"\"><p>\u00bfPor qu\u00e9 realizar inspecciones de grietas en torres de secado?<\/p>\n<\/h2><div class=\"bauer-text clearfix \" style=\"\"><p><span style=\"font-weight: 400;\">Garantizar la eficiencia operativa y la seguridad del producto es esencial en cualquier entorno industrial. Conviene tener presente que todos los secadores, en alg\u00fan momento de su vida \u00fatil, tienden a desarrollar grietas y defectos en las soldaduras de acero inoxidable o en las chapas met\u00e1licas. Esto se debe a la exposici\u00f3n del secador a distintos impactos mec\u00e1nicos y qu\u00edmicos durante su funcionamiento.<\/span><\/p>\n<p><span style=\"font-weight: 400;\">Es importante realizar pruebas e inspecciones peri\u00f3dicas del secador por varias razones clave:<\/span><\/p>\n<ul>\n<li style=\"font-weight: 400;\" aria-level=\"1\"><span style=\"font-weight: 400;\">Al reducir o mantener repetidamente el n\u00famero de grietas presentes, se disminuye el riesgo de crecimiento bacteriano y de posibles contaminaciones cruzadas, aumentando as\u00ed la seguridad del producto y del consumidor final.<\/span><span style=\"font-weight: 400;\"><br \/>\n<\/span><\/li>\n<li style=\"font-weight: 400;\" aria-level=\"1\"><span style=\"font-weight: 400;\">Realizar inspecciones regulares (anuales o bienales) de detecci\u00f3n de grietas permite alargar la vida \u00fatil del equipo, al identificar grietas y defectos en fases iniciales antes de que deriven en problemas mayores.<\/span><span style=\"font-weight: 400;\"><br \/>\n<\/span><\/li>\n<li style=\"font-weight: 400;\" aria-level=\"1\"><span style=\"font-weight: 400;\">Evita paradas prolongadas asociadas a intervenciones correctivas m\u00e1s grandes, como el corte y reemplazo de \u00e1reas concretas o la sustituci\u00f3n completa del equipo.<\/span><span style=\"font-weight: 400;\"><br \/>\n<\/span><\/li>\n<\/ul>\n<p><span style=\"font-weight: 400;\">La documentaci\u00f3n e informes de certificaci\u00f3n emitidos tras la inspecci\u00f3n cumplen con requisitos de auditor\u00eda internos y externos, lo que refuerza la confianza de sus clientes en sus procesos y procedimientos.<\/span><\/p>\n<\/div>[\/vc_column_inner][vc_column_inner width=&#8221;1\/2&#8243;]<div class=\"bauer-simple-image text-center\" style=\"\" >\r\n\t\t\t<img decoding=\"async\" alt=\"image\" src=\"https:\/\/bioscanltd.com\/wp-content\/uploads\/Spray_Dryer_Service_Image_1.jpg\" title=\"\"> \r\n\t\t<\/div>[\/vc_column_inner][\/vc_row_inner]\r\n\t<div class=\"bauer-spacer clearfix\" data-desktop=\"30\" data-mobi=\"20\" data-smobi=\"20\"><\/div>[vc_row_inner][vc_column_inner][vc_column_text]<\/p>\n<div class=\"custom-cta\">\n<h2>\u00bfBusca un servicio de inspecci\u00f3n de integridad?<\/h2>\n<p>Deje su solicitud de cotizaci\u00f3n y nuestro experto se pondr\u00e1 en contacto con usted lo antes posible.<\/p>\n<p><a class=\"btn btn-outline cta-btn\" href=\"https:\/\/bioscanltd.com\/es\/contacta-con-nosotros\/\" target=\"_blank\" rel=\"noopener\">Obtenga una cotizaci\u00f3n<\/a><\/p>\n<\/div>\n<p>[\/vc_column_text][\/vc_column_inner][\/vc_row_inner][vc_row_inner][vc_column_inner]\r\n\t<div class=\"bauer-spacer clearfix\" data-desktop=\"100\" data-mobi=\"60\" data-smobi=\"60\"><\/div>[\/vc_column_inner][\/vc_row_inner][\/vc_column][\/vc_row][vc_row css=&#8221;.vc_custom_1678366395278{background: #f7f9fa url(https:\/\/bioscanltd.com\/wp-content\/uploads\/2019\/05\/cons2-bg-2.png?id=8906) !important;}&#8221;][vc_column]\r\n\t<div class=\"bauer-spacer clearfix\" data-desktop=\"94\" data-mobi=\"60\" data-smobi=\"60\"><\/div>[vc_row_inner][vc_column_inner width=&#8221;1\/2&#8243;]<div class=\"bauer-simple-image text-center\" style=\"\" >\r\n\t\t\t<img decoding=\"async\" alt=\"image\" src=\"https:\/\/bioscanltd.com\/wp-content\/uploads\/Spray_Dryer_Service_Image_2.jpg\" title=\"\"> \r\n\t\t<\/div>[\/vc_column_inner][vc_column_inner width=&#8221;1\/2&#8243;]<h2 class=\"bauer-text clearfix \" style=\"\"><p>Procedimiento de detecci\u00f3n e inspecci\u00f3n de grietas en secadores<\/p>\n<\/h2><div class=\"bauer-text clearfix \" style=\"\"><p><span style=\"font-weight: 400;\">Un servicio completo de inspecci\u00f3n de grietas en torres de secado, incluyendo las reparaciones, puede llevarse a cabo en 24\u201348 horas, garantizando que el tiempo de inactividad sea m\u00ednimo y que la producci\u00f3n se reanude con rapidez.<\/span><\/p>\n<ul>\n<li style=\"font-weight: 400;\" aria-level=\"1\"><span style=\"font-weight: 400;\">En <\/span><a href=\"https:\/\/bioscanltd.com\/es\/\"><span style=\"font-weight: 400;\">Bioscan<\/span><\/a><span style=\"font-weight: 400;\"> determinamos el m\u00e9todo de acceso m\u00e1s adecuado. Nuestra plataforma personalizada sobre p\u00f3rtico, acceso por cuerda, uso de escaleras o una combinaci\u00f3n de \u00e9stos. As\u00ed evitamos la necesidad de andamios y nuestros t\u00e9cnicos pueden realizar un mantenimiento eficiente del secador.<\/span><span style=\"font-weight: 400;\"><br \/>\n<\/span><\/li>\n<li style=\"font-weight: 400;\" aria-level=\"1\"><span style=\"font-weight: 400;\">Cobertura del 100 % de la superficie inspeccionada mediante la tecnolog\u00eda de escaneo electromagn\u00e9tico de Bioscan. Esta t\u00e9cnica permite detectar grietas y defectos no visibles sin necesidad de tintes o productos qu\u00edmicos, ofreciendo una inspecci\u00f3n m\u00e1s limpia y precisa frente a m\u00e9todos convencionales.<\/span><span style=\"font-weight: 400;\"><br \/>\n<\/span><\/li>\n<li style=\"font-weight: 400;\" aria-level=\"1\"><span style=\"font-weight: 400;\">Nuestros soldadores, totalmente cualificados y competentes, realizan las reparaciones y el pulido requeridos para cumplir con los est\u00e1ndares de grado alimentario (el cliente tambi\u00e9n puede emplear sus propios soldadores en planta o locales).<\/span><\/li>\n<li style=\"font-weight: 400;\" aria-level=\"1\"><span style=\"font-weight: 400;\">Repetimos la inspecci\u00f3n de las zonas reparadas. Esto es cr\u00edtico para asegurarnos de que, tras la soldadura y el pulido, no hayan aparecido nuevas grietas o defectos en la ZAT (zona afectada por el calor).<\/span><\/li>\n<li style=\"font-weight: 400;\" aria-level=\"1\"><span style=\"font-weight: 400;\">Retirada de todas las herramientas y equipos del secador y entrega al cliente para el CIP y la reanudaci\u00f3n de la producci\u00f3n.<\/span><\/li>\n<\/ul>\n<p><span style=\"font-weight: 400;\">(extra tiempo puede ser necesario en funci\u00f3n de las reparaciones a realizar)<\/span><\/p>\n<\/div>\r\n\t<div class=\"bauer-spacer clearfix\" data-desktop=\"30\" data-mobi=\"20\" data-smobi=\"20\"><\/div>[\/vc_column_inner][\/vc_row_inner][vc_row_inner][vc_column_inner]\r\n\t<div class=\"bauer-spacer clearfix\" data-desktop=\"100\" data-mobi=\"60\" data-smobi=\"60\"><\/div>[\/vc_column_inner][\/vc_row_inner][vc_row_inner][vc_column_inner width=&#8221;1\/2&#8243;]<h2 class=\"bauer-text clearfix \" style=\"\"><p>Inspecci\u00f3n y reparaci\u00f3n de lechos fluidizados<\/p>\n<\/h2><div class=\"bauer-text clearfix \" style=\"\"><p>En compl\u00e9ment des inspections des tours de s\u00e9chage par atomisation, Bioscan propose \u00e9galement l\u2019inspection et la r\u00e9paration des compartiments sup\u00e9rieurs et inf\u00e9rieurs des syst\u00e8mes \u00e0 lit fluidis\u00e9, qui constituent des \u00e9l\u00e9ments critiques du syst\u00e8me de s\u00e9chage global.<\/p>\n<\/div>\r\n\t<div class=\"bauer-spacer clearfix\" data-desktop=\"30\" data-mobi=\"20\" data-smobi=\"20\"><\/div>[\/vc_column_inner][vc_column_inner width=&#8221;1\/2&#8243;]<div class=\"bauer-simple-image text-center\" style=\"\" >\r\n\t\t\t<img decoding=\"async\" alt=\"image\" src=\"https:\/\/bioscanltd.com\/wp-content\/uploads\/Fluid-Bed-Inspection-repair.png\" title=\"\"> \r\n\t\t<\/div>[\/vc_column_inner][\/vc_row_inner][\/vc_column][\/vc_row][vc_row][vc_column]\r\n\t<div class=\"bauer-spacer clearfix\" data-desktop=\"100\" data-mobi=\"60\" data-smobi=\"60\"><\/div><h2 class=\"bauer-text clearfix text-center\" style=\"\"><p>Preguntas frecuentes<\/p>\n<\/h2>\r\n\t<div class=\"bauer-spacer clearfix\" data-desktop=\"40\" data-mobi=\"30\" data-smobi=\"30\"><\/div>\r\n\t<div class=\"bauer-accordions accordions\"><div class=\"accordion-item style-1 active\" style=\"margin-bottom:10px;\"><h3 class=\"accordion-heading\" style=\"\">\r\n\t\t\t<span class=\"inner\" style=\"\">\r\n\t\t\t\tPourquoi l'inspection r\u00e9guli\u00e8re des s\u00e9choirs par pulv\u00e9risation est-elle importante ?\r\n\t\t\t<\/span>\r\n\t\t<\/h3><div class=\"accordion-content\" style=\"\"><p><span style=\"font-weight: 400;\">La inspecci\u00f3n peri\u00f3dica es clave porque los secadores por aspersi\u00f3n est\u00e1n sujetos a ciclos t\u00e9rmicos, esfuerzos mec\u00e1nicos, CIP y corrosi\u00f3n. Con el tiempo, estos procesos producen grietas, corrosi\u00f3n, defectos en soldaduras y otros fallos de integridad. Los defectos no detectados pueden provocar paradas no planificadas, reparaciones costosas, riesgos de seguridad o problemas de calidad y retiradas de producto. Por ello, la inspecci\u00f3n regular es esencial para prevenir estos problemas.<\/span><\/p>\n<\/div><\/div><div class=\"accordion-item style-1\" style=\"margin-bottom:10px;\"><h3 class=\"accordion-heading\" style=\"\">\r\n\t\t\t<span class=\"inner\" style=\"\">\r\n\t\t\t\t\u00bfCon qu\u00e9 frecuencia deben realizarse las inspecciones del secador por aspersi\u00f3n?\r\n\t\t\t<\/span>\r\n\t\t<\/h3><div class=\"accordion-content\" style=\"\"><p><span style=\"font-weight: 400;\">Bioscan recomienda realizar inspecciones con regularidad, al menos una vez al a\u00f1o. Contamos con varios estudios de caso que lo avalan; en uno de ellos, un cliente esper\u00f3 cinco a\u00f1os entre inspecciones y se detectaron numerosos defectos. Si las inspecciones se hubieran realizado en plazo, se habr\u00edan evitado costes y riesgos. Por tanto, programe las inspecciones peri\u00f3dicas para minimizar costes y riesgos.<\/span><\/p>\n<\/div><\/div><div class=\"accordion-item style-1\" style=\"margin-bottom:10px;\"><h3 class=\"accordion-heading\" style=\"\">\r\n\t\t\t<span class=\"inner\" style=\"\">\r\n\t\t\t\t\u00bfQu\u00e9 tecnolog\u00eda de inspecci\u00f3n utiliza Bioscan?\r\n\t\t\t<\/span>\r\n\t\t<\/h3><div class=\"accordion-content\" style=\"\"><p><span style=\"font-weight: 400;\">Bioscan emplea tecnolog\u00eda electr\u00f3nica de ensayo no destructivo de \u00faltima generaci\u00f3n y evita el uso de tintes y productos qu\u00edmicos. Nuestras herramientas modernas permiten detectar defectos visibles y no visibles, como grietas, soldaduras incompletas, cavidades por corrosi\u00f3n, porosidad, etc.<\/span><\/p>\n<\/div><\/div><div class=\"accordion-item style-1\" style=\"margin-bottom:10px;\"><h3 class=\"accordion-heading\" style=\"\">\r\n\t\t\t<span class=\"inner\" style=\"\">\r\n\t\t\t\t\u00bfCu\u00e1nto tarda una inspecci\u00f3n completa del secador por aspersi\u00f3n?\r\n\t\t\t<\/span>\r\n\t\t<\/h3><div class=\"accordion-content\" style=\"\"><p><span style=\"font-weight: 400;\">Gracias a nuestras herramientas modernas y t\u00e9cnicos altamente cualificados, Bioscan puede completar la inspecci\u00f3n completa y las reparaciones en 12\u201348 horas. No obstante, la duraci\u00f3n puede alargarse si son necesarias reparaciones extensas.<\/span><\/p>\n<\/div><\/div><div class=\"accordion-item style-1\" style=\"margin-bottom:10px;\"><h3 class=\"accordion-heading\" style=\"\">\r\n\t\t\t<span class=\"inner\" style=\"\">\r\n\t\t\t\t\u00bfBioscan realiza reparaciones durante la inspecci\u00f3n?\r\n\t\t\t<\/span>\r\n\t\t<\/h3><div class=\"accordion-content\" style=\"\"><p><span style=\"font-weight: 400;\">S\u00ed, Bioscan ofrece siempre servicios de soldadura y pulido conforme a grado alimentario durante el proyecto.<\/span><\/p>\n<\/div><\/div><\/div>[\/vc_column][\/vc_row]<\/p>\n<\/section>","protected":false},"excerpt":{"rendered":"<p>[vc_row][vc_column][vc_row_inner][vc_column_inner width=&#8221;1\/2&#8243;][\/vc_column_inner][vc_column_inner width=&#8221;1\/2&#8243;][\/vc_column_inner][\/vc_row_inner][vc_row_inner][vc_column_inner][vc_column_text] \u00bfBusca un servicio de inspecci\u00f3n de integridad? Deje su solicitud de cotizaci\u00f3n y nuestro experto se pondr\u00e1 en contacto con usted lo antes posible. Obtenga una cotizaci\u00f3n [\/vc_column_text][\/vc_column_inner][\/vc_row_inner][vc_row_inner][vc_column_inner][\/vc_column_inner][\/vc_row_inner][\/vc_column][\/vc_row][vc_row css=&#8221;.vc_custom_1678366395278{background: #f7f9fa url(https:\/\/bioscanltd.com\/wp-content\/uploads\/2019\/05\/cons2-bg-2.png?id=8906) !important;}&#8221;][vc_column][vc_row_inner][vc_column_inner width=&#8221;1\/2&#8243;][\/vc_column_inner][vc_column_inner width=&#8221;1\/2&#8243;][\/vc_column_inner][\/vc_row_inner][vc_row_inner][vc_column_inner][\/vc_column_inner][\/vc_row_inner][vc_row_inner][vc_column_inner width=&#8221;1\/2&#8243;][\/vc_column_inner][vc_column_inner width=&#8221;1\/2&#8243;][\/vc_column_inner][\/vc_row_inner][\/vc_column][\/vc_row][vc_row][vc_column][\/vc_column][\/vc_row]<\/p>\n","protected":false},"author":8,"featured_media":12783,"parent":10974,"menu_order":0,"comment_status":"closed","ping_status":"closed","template":"","meta":{"_acf_changed":false,"_monsterinsights_skip_tracking":false,"_monsterinsights_sitenote_active":false,"_monsterinsights_sitenote_note":"","_monsterinsights_sitenote_category":0,"footnotes":""},"class_list":["post-14110","page","type-page","status-publish","has-post-thumbnail","hentry"],"acf":[],"rttpg_featured_image_url":{"full":["https:\/\/bioscanltd.com\/wp-content\/uploads\/Spray_Dryer_Service_Image_1-1-1.webp",1749,1536,false],"landscape":["https:\/\/bioscanltd.com\/wp-content\/uploads\/Spray_Dryer_Service_Image_1-1-1.webp",1749,1536,false],"portraits":["https:\/\/bioscanltd.com\/wp-content\/uploads\/Spray_Dryer_Service_Image_1-1-1.webp",1749,1536,false],"thumbnail":["https:\/\/bioscanltd.com\/wp-content\/uploads\/Spray_Dryer_Service_Image_1-1-1-150x150.webp",150,150,true],"medium":["https:\/\/bioscanltd.com\/wp-content\/uploads\/Spray_Dryer_Service_Image_1-1-1-300x263.webp",300,263,true],"large":["https:\/\/bioscanltd.com\/wp-content\/uploads\/Spray_Dryer_Service_Image_1-1-1-1024x899.webp",1024,899,true],"rpg_gallery_admin_thumb":["https:\/\/bioscanltd.com\/wp-content\/uploads\/Spray_Dryer_Service_Image_1-1-1-150x150.webp",150,150,true],"rpg_gallery_thumb":["https:\/\/bioscanltd.com\/wp-content\/uploads\/Spray_Dryer_Service_Image_1-1-1-150x150.webp",150,150,true],"1536x1536":["https:\/\/bioscanltd.com\/wp-content\/uploads\/Spray_Dryer_Service_Image_1-1-1-1536x1349.webp",1536,1349,true],"2048x2048":["https:\/\/bioscanltd.com\/wp-content\/uploads\/Spray_Dryer_Service_Image_1-1-1.webp",1749,1536,false],"bauer-square":["https:\/\/bioscanltd.com\/wp-content\/uploads\/Spray_Dryer_Service_Image_1-1-1-600x600.webp",600,600,true],"bauer-rectangle":["https:\/\/bioscanltd.com\/wp-content\/uploads\/Spray_Dryer_Service_Image_1-1-1-600x500.webp",600,500,true],"bauer-rectangle1":["https:\/\/bioscanltd.com\/wp-content\/uploads\/Spray_Dryer_Service_Image_1-1-1-425x570.webp",425,570,true],"bauer-rectangle2":["https:\/\/bioscanltd.com\/wp-content\/uploads\/Spray_Dryer_Service_Image_1-1-1-450x528.webp",450,528,true],"bauer-rectangle3":["https:\/\/bioscanltd.com\/wp-content\/uploads\/Spray_Dryer_Service_Image_1-1-1-470x430.webp",470,430,true],"bauer-rectangle4":["https:\/\/bioscanltd.com\/wp-content\/uploads\/Spray_Dryer_Service_Image_1-1-1-480x600.webp",480,600,true],"bauer-medium-auto":["https:\/\/bioscanltd.com\/wp-content\/uploads\/Spray_Dryer_Service_Image_1-1-1-870x764.webp",870,764,true],"bauer-small-auto":["https:\/\/bioscanltd.com\/wp-content\/uploads\/Spray_Dryer_Service_Image_1-1-1-640x562.webp",640,562,true],"bauer-xsmall-auto":["https:\/\/bioscanltd.com\/wp-content\/uploads\/Spray_Dryer_Service_Image_1-1-1-480x422.webp",480,422,true],"bauer-post-standard":["https:\/\/bioscanltd.com\/wp-content\/uploads\/Spray_Dryer_Service_Image_1-1-1-770x350.webp",770,350,true],"bauer-post-related":["https:\/\/bioscanltd.com\/wp-content\/uploads\/Spray_Dryer_Service_Image_1-1-1-558x410.webp",558,410,true],"bauer-post-widget":["https:\/\/bioscanltd.com\/wp-content\/uploads\/Spray_Dryer_Service_Image_1-1-1-140x140.webp",140,140,true]},"rttpg_author":{"display_name":"Samuel Peppin - Managing Director at Bioscan Ltd","author_link":"https:\/\/bioscanltd.com\/es\/author\/samuel-peppin-managing-director-at-bioscan-ltd\/"},"rttpg_comment":0,"rttpg_category":" <a href=\"https:\/\/bioscanltd.com\/es\/?taxonomy=translation_priority&#038;term=opcional\" rel=\"tag\">Opcional<\/a>","rttpg_excerpt":"[vc_row][vc_column][vc_row_inner][vc_column_inner width=&#8221;1\/2&#8243;][\/vc_column_inner][vc_column_inner width=&#8221;1\/2&#8243;][\/vc_column_inner][\/vc_row_inner][vc_row_inner][vc_column_inner][vc_column_text] \u00bfBusca un servicio de inspecci\u00f3n de integridad? Deje su solicitud de cotizaci\u00f3n y nuestro experto se pondr\u00e1 en contacto con usted lo antes posible. Obtenga una cotizaci\u00f3n [\/vc_column_text][\/vc_column_inner][\/vc_row_inner][vc_row_inner][vc_column_inner][\/vc_column_inner][\/vc_row_inner][\/vc_column][\/vc_row][vc_row css=&#8221;.vc_custom_1678366395278{background: #f7f9fa url(https:\/\/bioscanltd.com\/wp-content\/uploads\/2019\/05\/cons2-bg-2.png?id=8906) !important;}&#8221;][vc_column][vc_row_inner][vc_column_inner width=&#8221;1\/2&#8243;][\/vc_column_inner][vc_column_inner width=&#8221;1\/2&#8243;][\/vc_column_inner][\/vc_row_inner][vc_row_inner][vc_column_inner][\/vc_column_inner][\/vc_row_inner][vc_row_inner][vc_column_inner width=&#8221;1\/2&#8243;][\/vc_column_inner][vc_column_inner width=&#8221;1\/2&#8243;][\/vc_column_inner][\/vc_row_inner][\/vc_column][\/vc_row][vc_row][vc_column][\/vc_column][\/vc_row]","_links":{"self":[{"href":"https:\/\/bioscanltd.com\/es\/wp-json\/wp\/v2\/pages\/14110","targetHints":{"allow":["GET"]}}],"collection":[{"href":"https:\/\/bioscanltd.com\/es\/wp-json\/wp\/v2\/pages"}],"about":[{"href":"https:\/\/bioscanltd.com\/es\/wp-json\/wp\/v2\/types\/page"}],"author":[{"embeddable":true,"href":"https:\/\/bioscanltd.com\/es\/wp-json\/wp\/v2\/users\/8"}],"replies":[{"embeddable":true,"href":"https:\/\/bioscanltd.com\/es\/wp-json\/wp\/v2\/comments?post=14110"}],"version-history":[{"count":7,"href":"https:\/\/bioscanltd.com\/es\/wp-json\/wp\/v2\/pages\/14110\/revisions"}],"predecessor-version":[{"id":14117,"href":"https:\/\/bioscanltd.com\/es\/wp-json\/wp\/v2\/pages\/14110\/revisions\/14117"}],"up":[{"embeddable":true,"href":"https:\/\/bioscanltd.com\/es\/wp-json\/wp\/v2\/pages\/10974"}],"wp:featuredmedia":[{"embeddable":true,"href":"https:\/\/bioscanltd.com\/es\/wp-json\/wp\/v2\/media\/12783"}],"wp:attachment":[{"href":"https:\/\/bioscanltd.com\/es\/wp-json\/wp\/v2\/media?parent=14110"}],"curies":[{"name":"wp","href":"https:\/\/api.w.org\/{rel}","templated":true}]}}