{"id":14158,"date":"2026-03-04T13:15:21","date_gmt":"2026-03-04T13:15:21","guid":{"rendered":"https:\/\/bioscanltd.com\/servicios-principales\/inspeccion-de-ciclones-y-filtros-de-mangas\/"},"modified":"2026-03-04T13:40:50","modified_gmt":"2026-03-04T13:40:50","slug":"inspeccion-de-ciclones-y-filtros-de-manga","status":"publish","type":"page","link":"https:\/\/bioscanltd.com\/es\/servicios-principales\/inspeccion-de-ciclones-y-filtros-de-manga\/","title":{"rendered":"Inspecci\u00f3n de ciclones y filtros de mangas"},"content":{"rendered":"<section class=\"wpb-content-wrapper\"><p>[vc_row content_placement=&#8221;middle&#8221;][vc_column][vc_row_inner][vc_column_inner width=&#8221;1\/2&#8243;]<h2 class=\"bauer-text clearfix \" style=\"\"><p>Pruebas e inspecci\u00f3n de grietas en ciclones y filtros de mangas<\/p>\n<\/h2><div class=\"bauer-text clearfix \" style=\"\"><p><span style=\"font-weight: 400;\">El mantenimiento eficaz de los equipos industriales es crucial para un funcionamiento ininterrumpido. Los ciclones y filtros de mangas desempe\u00f1an un papel importante en el proceso de secado, pero presentan dificultades de acceso \u00fanicas. <\/span><\/p>\n<p>El acceso a los ciclones y filtros de mangas para inspecci\u00f3n y mantenimiento suele ser complicado debido a sus limitados puntos de acceso y a la variedad de dise\u00f1os. A menudo, el andamiaje es la \u00fanica opci\u00f3n, lo cual requiere mucho tiempo y es costoso.<\/p>\n<p>Sin embargo, <a href=\"https:\/\/bioscanltd.com\/es\/\">Bioscan <\/a>ahora puede realizar inspecciones y reparaciones de ciclones.<span style=\"font-weight: 400;\"> Cubriendo el 100% de las superficies internas de este equipo en cuesti\u00f3n de horas, utilizando m\u00e9todos de acceso con cuerdas y escaleras. Esto garantiza que el tiempo de inactividad se minimice y que la producci\u00f3n se reanude r\u00e1pidamente. <\/span><\/p>\n<p>Nuestros especialistas en acceso por cuerdas preparan sistemas de cuerdas para la reparaci\u00f3n de ciclones industriales y pruebas de grietas a trav\u00e9s de las boquillas CIP y los accesos de acceso por cuerdas y a trav\u00e9s de las aberturas de bolsas y jaulas en los filtros de bolsas, lo que permite un trabajo eficiente y seguro.<\/p>\n<\/div>[\/vc_column_inner][vc_column_inner el_class=&#8221;mob-mt-30&#8243; width=&#8221;1\/2&#8243;]<div class=\"bauer-simple-image text-center\" style=\"max-width:456px;margin-left: auto; margin-right: auto;\" >\r\n\t\t\t<img decoding=\"async\" alt=\"image\" src=\"https:\/\/bioscanltd.com\/wp-content\/uploads\/Welding-repair-inside-a-cyclone-2.png\" title=\"\"> \r\n\t\t<\/div>[vc_column_text]<\/p>\n<p style=\"text-align: center;\"><strong><em>Reparaci\u00f3n de soldadura dentro de un cicl\u00f3n<\/em><\/strong><\/p>\n<p>[\/vc_column_text][\/vc_column_inner][\/vc_row_inner]\r\n\t<div class=\"bauer-spacer clearfix\" data-desktop=\"30\" data-mobi=\"20\" data-smobi=\"20\"><\/div>[vc_row_inner][vc_column_inner][vc_column_text]<\/p>\n<div class=\"custom-cta\">\n<h2>\u00bfQuiere garantizar la seguridad y confiabilidad de su equipo industrial?<\/h2>\n<p><span style=\"font-weight: 400;\">\u00a1Programe hoy una inspecci\u00f3n profesional de sus ciclones y filtros de bolsa!<\/span><\/p>\n<p><a class=\"btn btn-outline cta-btn\" href=\"https:\/\/bioscanltd.com\/es\/contacta-con-nosotros\/\" target=\"_blank\" rel=\"noopener\">Obtenga una cotizaci\u00f3n<\/a><\/p>\n<\/div>\n<p>[\/vc_column_text][\/vc_column_inner][\/vc_row_inner][vc_row_inner][vc_column_inner]\r\n\t<div class=\"bauer-spacer clearfix\" data-desktop=\"100\" data-mobi=\"60\" data-smobi=\"60\"><\/div>[\/vc_column_inner][\/vc_row_inner][\/vc_column][\/vc_row][vc_row css=&#8221;.vc_custom_1678366395278{background: #f7f9fa url(https:\/\/bioscanltd.com\/wp-content\/uploads\/2019\/05\/cons2-bg-2.png?id=8906) !important;}&#8221;][vc_column]\r\n\t<div class=\"bauer-spacer clearfix\" data-desktop=\"94\" data-mobi=\"60\" data-smobi=\"60\"><\/div>[vc_row_inner][vc_column_inner el_class=&#8221;mb-xs-30&#8243; width=&#8221;1\/2&#8243;]<div class=\"bauer-simple-image text-center\" style=\"\" >\r\n\t\t\t<img decoding=\"async\" alt=\"image\" src=\"https:\/\/bioscanltd.com\/wp-content\/uploads\/Welding-repair-inside-a-bag-filter.png\" title=\"\"> \r\n\t\t<\/div>[vc_column_text]<\/p>\n<p style=\"text-align: center;\"><em><strong>Reparaci\u00f3n de soldadura dentro de un filtro de mangas<\/strong><\/em><\/p>\n<p>[\/vc_column_text][\/vc_column_inner][vc_column_inner width=&#8221;1\/2&#8243;]<div class=\"bauer-simple-image text-center\" style=\"\" >\r\n\t\t\t<img decoding=\"async\" alt=\"image\" src=\"https:\/\/bioscanltd.com\/wp-content\/uploads\/Inspection-of-bag-filter-being-performed-via-ropes..png\" title=\"\"> \r\n\t\t<\/div>[vc_column_text]<\/p>\n<p style=\"text-align: center;\"><em><strong>Inspecci\u00f3n del filtro de mangas realizada mediante cuerdas<\/strong><\/em><\/p>\n<p>[\/vc_column_text][\/vc_column_inner][\/vc_row_inner]\r\n\t<div class=\"bauer-spacer clearfix\" data-desktop=\"94\" data-mobi=\"60\" data-smobi=\"60\"><\/div><div class=\"bauer-text clearfix \" style=\"\"><p><span style=\"font-weight: 400;\">Varios factores contribuyen a una mayor eficiencia frente a los m\u00e9todos tradicionales: cobertura del 100 % de las superficies internas, eliminaci\u00f3n del andamiaje, ensayos NDT, cuantificaci\u00f3n y cartografiado r\u00e1pidos de defectos, capacidad combinada de inspecci\u00f3n y reparaci\u00f3n, y reducci\u00f3n del tiempo de parada.<\/span><\/p>\n<\/div>[vc_row_inner][vc_column_inner]\r\n\t<div class=\"bauer-spacer clearfix\" data-desktop=\"100\" data-mobi=\"60\" data-smobi=\"60\"><\/div>[\/vc_column_inner][\/vc_row_inner][\/vc_column][\/vc_row][vc_row][vc_column]\r\n\t<div class=\"bauer-spacer clearfix\" data-desktop=\"100\" data-mobi=\"60\" data-smobi=\"60\"><\/div><h2 class=\"bauer-text clearfix text-center\" style=\"\"><p>FAQ&#8217;s<\/p>\n<\/h2>\r\n\t<div class=\"bauer-spacer clearfix\" data-desktop=\"30\" data-mobi=\"20\" data-smobi=\"20\"><\/div>\r\n\t<div class=\"bauer-accordions accordions\"><div class=\"accordion-item style-1 active\" style=\"margin-bottom:10px;\"><h3 class=\"accordion-heading\" style=\"\">\r\n\t\t\t<span class=\"inner\" style=\"\">\r\n\t\t\t\t\u00bfQu\u00e9 hace que las inspecciones de ciclones y filtros de mangas de Bioscan sean m\u00e1s eficientes que los m\u00e9todos tradicionales?\r\n\t\t\t<\/span>\r\n\t\t<\/h3><div class=\"accordion-content\" style=\"\"><p><span style=\"font-weight: 400;\">Varios factores contribuyen a una mayor eficiencia frente a los m\u00e9todos tradicionales: cobertura del 100 % de las superficies internas, eliminaci\u00f3n del andamiaje, ensayos NDT, cuantificaci\u00f3n y cartografiado r\u00e1pidos de defectos, capacidad combinada de inspecci\u00f3n y reparaci\u00f3n, y reducci\u00f3n del tiempo de parada.<\/span><\/p>\n<\/div><\/div><div class=\"accordion-item style-1\" style=\"margin-bottom:10px;\"><h3 class=\"accordion-heading\" style=\"\">\r\n\t\t\t<span class=\"inner\" style=\"\">\r\n\t\t\t\t\u00bfC\u00f3mo funciona el acceso por cuerda para la inspecci\u00f3n de ciclones y filtros de mangas?\r\n\t\t\t<\/span>\r\n\t\t<\/h3><div class=\"accordion-content\" style=\"\"><p><span style=\"font-weight: 400;\">Los t\u00e9cnicos emplean t\u00e9cnicas de acceso por cuerda con certificaci\u00f3n IRATA para ascender y desplazarse utilizando cuerdas, anclajes, arneses, descensores\/ascensores, conectores, etc., hasta alcanzar las superficies internas o de dif\u00edcil acceso.<\/span><\/p>\n<\/div><\/div><div class=\"accordion-item style-1\" style=\"margin-bottom:10px;\"><h3 class=\"accordion-heading\" style=\"\">\r\n\t\t\t<span class=\"inner\" style=\"\">\r\n\t\t\t\t\u00bfQu\u00e9 tipos de defectos pueden detectarse durante las inspecciones de ciclones y filtros de mangas?\r\n\t\t\t<\/span>\r\n\t\t<\/h3><div class=\"accordion-content\" style=\"\"><p><span style=\"font-weight: 400;\">La tecnolog\u00eda de inspecci\u00f3n de Bioscan es capaz de detectar una variedad de defectos, incluyendo grietas, soldaduras incompletas\/defectuosas, corrosi\u00f3n y cavidades\/ picaduras, porosidades y variaciones de espesor o puntos d\u00e9biles.<\/span><\/p>\n<\/div><\/div><div class=\"accordion-item style-1\" style=\"margin-bottom:10px;\"><h3 class=\"accordion-heading\" style=\"\">\r\n\t\t\t<span class=\"inner\" style=\"\">\r\n\t\t\t\t\u00bfCu\u00e1nto tiempo lleva una inspecci\u00f3n t\u00edpica de un filtro cicl\u00f3nico o de bolsa?\r\n\t\t\t<\/span>\r\n\t\t<\/h3><div class=\"accordion-content\" style=\"\"><p><span style=\"font-weight: 400;\">La inspecci\u00f3n del filtro cicl\u00f3nico o de bolsa se puede realizar en un plazo de 4 a 12 horas, dependiendo del tama\u00f1o y las grietas a reparar, lo que demuestra la capacidad de Bioscan para realizar la prueba del filtro cicl\u00f3nico o de bolsa en el m\u00ednimo tiempo posible.<\/span><\/p>\n<\/div><\/div><div class=\"accordion-item style-1\" style=\"margin-bottom:10px;\"><h3 class=\"accordion-heading\" style=\"\">\r\n\t\t\t<span class=\"inner\" style=\"\">\r\n\t\t\t\t\u00bfC\u00f3mo podemos reservar la inspecci\u00f3n de Ciclones y Filtros de Mangas?\r\n\t\t\t<\/span>\r\n\t\t<\/h3><div class=\"accordion-content\" style=\"\"><p>Puede reservar una inspecci\u00f3n de filtro cicl\u00f3nico y de bolsa a trav\u00e9s de la p\u00e1gina de <a href=\"https:\/\/bioscanltd.com\/es\/contacta-con-nosotros\/\">contacto <\/a>o envi\u00e1ndonos un correo electr\u00f3nico a sales@bioscanltd.co.uk<span style=\"font-weight: 400;\">. Tambi\u00e9n puede enviar los detalles requeridos en la secci\u00f3n &#8220;Obtener una cotizaci\u00f3n&#8221; y lo llamaremos lo antes posible.<\/span><\/p>\n<\/div><\/div><\/div>[\/vc_column][\/vc_row]<\/p>\n<\/section>","protected":false},"excerpt":{"rendered":"<p>[vc_row content_placement=&#8221;middle&#8221;][vc_column][vc_row_inner][vc_column_inner width=&#8221;1\/2&#8243;][\/vc_column_inner][vc_column_inner el_class=&#8221;mob-mt-30&#8243; width=&#8221;1\/2&#8243;][vc_column_text] Reparaci\u00f3n de soldadura dentro de un cicl\u00f3n [\/vc_column_text][\/vc_column_inner][\/vc_row_inner][vc_row_inner][vc_column_inner][vc_column_text] \u00bfQuiere garantizar la seguridad y confiabilidad de su equipo industrial? \u00a1Programe hoy una inspecci\u00f3n profesional de sus ciclones y filtros de bolsa! Obtenga una cotizaci\u00f3n [\/vc_column_text][\/vc_column_inner][\/vc_row_inner][vc_row_inner][vc_column_inner][\/vc_column_inner][\/vc_row_inner][\/vc_column][\/vc_row][vc_row css=&#8221;.vc_custom_1678366395278{background: #f7f9fa url(https:\/\/bioscanltd.com\/wp-content\/uploads\/2019\/05\/cons2-bg-2.png?id=8906) !important;}&#8221;][vc_column][vc_row_inner][vc_column_inner el_class=&#8221;mb-xs-30&#8243; width=&#8221;1\/2&#8243;][vc_column_text] Reparaci\u00f3n de soldadura dentro de<\/p>\n","protected":false},"author":8,"featured_media":12843,"parent":10974,"menu_order":0,"comment_status":"closed","ping_status":"closed","template":"","meta":{"_acf_changed":false,"_monsterinsights_skip_tracking":false,"_monsterinsights_sitenote_active":false,"_monsterinsights_sitenote_note":"","_monsterinsights_sitenote_category":0,"footnotes":""},"class_list":["post-14158","page","type-page","status-publish","has-post-thumbnail","hentry"],"acf":[],"rttpg_featured_image_url":{"full":["https:\/\/bioscanltd.com\/wp-content\/uploads\/Inspection-of-bag-filter-being-performed-via-ropes.webp",958,937,false],"landscape":["https:\/\/bioscanltd.com\/wp-content\/uploads\/Inspection-of-bag-filter-being-performed-via-ropes.webp",958,937,false],"portraits":["https:\/\/bioscanltd.com\/wp-content\/uploads\/Inspection-of-bag-filter-being-performed-via-ropes.webp",958,937,false],"thumbnail":["https:\/\/bioscanltd.com\/wp-content\/uploads\/Inspection-of-bag-filter-being-performed-via-ropes-150x150.webp",150,150,true],"medium":["https:\/\/bioscanltd.com\/wp-content\/uploads\/Inspection-of-bag-filter-being-performed-via-ropes-300x293.webp",300,293,true],"large":["https:\/\/bioscanltd.com\/wp-content\/uploads\/Inspection-of-bag-filter-being-performed-via-ropes.webp",958,937,false],"rpg_gallery_admin_thumb":["https:\/\/bioscanltd.com\/wp-content\/uploads\/Inspection-of-bag-filter-being-performed-via-ropes-150x150.webp",150,150,true],"rpg_gallery_thumb":["https:\/\/bioscanltd.com\/wp-content\/uploads\/Inspection-of-bag-filter-being-performed-via-ropes-150x150.webp",150,150,true],"1536x1536":["https:\/\/bioscanltd.com\/wp-content\/uploads\/Inspection-of-bag-filter-being-performed-via-ropes.webp",958,937,false],"2048x2048":["https:\/\/bioscanltd.com\/wp-content\/uploads\/Inspection-of-bag-filter-being-performed-via-ropes.webp",958,937,false],"bauer-square":["https:\/\/bioscanltd.com\/wp-content\/uploads\/Inspection-of-bag-filter-being-performed-via-ropes-600x600.webp",600,600,true],"bauer-rectangle":["https:\/\/bioscanltd.com\/wp-content\/uploads\/Inspection-of-bag-filter-being-performed-via-ropes-600x500.webp",600,500,true],"bauer-rectangle1":["https:\/\/bioscanltd.com\/wp-content\/uploads\/Inspection-of-bag-filter-being-performed-via-ropes-425x570.webp",425,570,true],"bauer-rectangle2":["https:\/\/bioscanltd.com\/wp-content\/uploads\/Inspection-of-bag-filter-being-performed-via-ropes-450x528.webp",450,528,true],"bauer-rectangle3":["https:\/\/bioscanltd.com\/wp-content\/uploads\/Inspection-of-bag-filter-being-performed-via-ropes-470x430.webp",470,430,true],"bauer-rectangle4":["https:\/\/bioscanltd.com\/wp-content\/uploads\/Inspection-of-bag-filter-being-performed-via-ropes-480x600.webp",480,600,true],"bauer-medium-auto":["https:\/\/bioscanltd.com\/wp-content\/uploads\/Inspection-of-bag-filter-being-performed-via-ropes-870x851.webp",870,851,true],"bauer-small-auto":["https:\/\/bioscanltd.com\/wp-content\/uploads\/Inspection-of-bag-filter-being-performed-via-ropes-640x626.webp",640,626,true],"bauer-xsmall-auto":["https:\/\/bioscanltd.com\/wp-content\/uploads\/Inspection-of-bag-filter-being-performed-via-ropes-480x469.webp",480,469,true],"bauer-post-standard":["https:\/\/bioscanltd.com\/wp-content\/uploads\/Inspection-of-bag-filter-being-performed-via-ropes-770x350.webp",770,350,true],"bauer-post-related":["https:\/\/bioscanltd.com\/wp-content\/uploads\/Inspection-of-bag-filter-being-performed-via-ropes-558x410.webp",558,410,true],"bauer-post-widget":["https:\/\/bioscanltd.com\/wp-content\/uploads\/Inspection-of-bag-filter-being-performed-via-ropes-140x140.webp",140,140,true]},"rttpg_author":{"display_name":"Samuel Peppin - Managing Director at Bioscan Ltd","author_link":"https:\/\/bioscanltd.com\/es\/author\/samuel-peppin-managing-director-at-bioscan-ltd\/"},"rttpg_comment":0,"rttpg_category":" <a href=\"https:\/\/bioscanltd.com\/es\/?taxonomy=translation_priority&#038;term=opcional\" rel=\"tag\">Opcional<\/a>","rttpg_excerpt":"[vc_row content_placement=&#8221;middle&#8221;][vc_column][vc_row_inner][vc_column_inner width=&#8221;1\/2&#8243;][\/vc_column_inner][vc_column_inner el_class=&#8221;mob-mt-30&#8243; width=&#8221;1\/2&#8243;][vc_column_text] Reparaci\u00f3n de soldadura dentro de un cicl\u00f3n [\/vc_column_text][\/vc_column_inner][\/vc_row_inner][vc_row_inner][vc_column_inner][vc_column_text] \u00bfQuiere garantizar la seguridad y confiabilidad de su equipo industrial? \u00a1Programe hoy una inspecci\u00f3n profesional de sus ciclones y filtros de bolsa! Obtenga una cotizaci\u00f3n [\/vc_column_text][\/vc_column_inner][\/vc_row_inner][vc_row_inner][vc_column_inner][\/vc_column_inner][\/vc_row_inner][\/vc_column][\/vc_row][vc_row css=&#8221;.vc_custom_1678366395278{background: #f7f9fa url(https:\/\/bioscanltd.com\/wp-content\/uploads\/2019\/05\/cons2-bg-2.png?id=8906) !important;}&#8221;][vc_column][vc_row_inner][vc_column_inner el_class=&#8221;mb-xs-30&#8243; width=&#8221;1\/2&#8243;][vc_column_text] Reparaci\u00f3n de soldadura dentro de","_links":{"self":[{"href":"https:\/\/bioscanltd.com\/es\/wp-json\/wp\/v2\/pages\/14158","targetHints":{"allow":["GET"]}}],"collection":[{"href":"https:\/\/bioscanltd.com\/es\/wp-json\/wp\/v2\/pages"}],"about":[{"href":"https:\/\/bioscanltd.com\/es\/wp-json\/wp\/v2\/types\/page"}],"author":[{"embeddable":true,"href":"https:\/\/bioscanltd.com\/es\/wp-json\/wp\/v2\/users\/8"}],"replies":[{"embeddable":true,"href":"https:\/\/bioscanltd.com\/es\/wp-json\/wp\/v2\/comments?post=14158"}],"version-history":[{"count":5,"href":"https:\/\/bioscanltd.com\/es\/wp-json\/wp\/v2\/pages\/14158\/revisions"}],"predecessor-version":[{"id":14164,"href":"https:\/\/bioscanltd.com\/es\/wp-json\/wp\/v2\/pages\/14158\/revisions\/14164"}],"up":[{"embeddable":true,"href":"https:\/\/bioscanltd.com\/es\/wp-json\/wp\/v2\/pages\/10974"}],"wp:featuredmedia":[{"embeddable":true,"href":"https:\/\/bioscanltd.com\/es\/wp-json\/wp\/v2\/media\/12843"}],"wp:attachment":[{"href":"https:\/\/bioscanltd.com\/es\/wp-json\/wp\/v2\/media?parent=14158"}],"curies":[{"name":"wp","href":"https:\/\/api.w.org\/{rel}","templated":true}]}}