{"id":14166,"date":"2026-03-04T16:35:08","date_gmt":"2026-03-04T16:35:08","guid":{"rendered":"https:\/\/bioscanltd.com\/servicios-principales\/servicios-de-inspeccion-de-silos-y-tanques\/"},"modified":"2026-03-05T07:33:00","modified_gmt":"2026-03-05T07:33:00","slug":"inspeccion-de-silos-y-tanques","status":"publish","type":"page","link":"https:\/\/bioscanltd.com\/es\/servicios-principales\/inspeccion-de-silos-y-tanques\/","title":{"rendered":"Inspecci\u00f3n de silos y tanques"},"content":{"rendered":"<section class=\"wpb-content-wrapper\"><p>[vc_row][vc_column][vc_row_inner][vc_column_inner width=&#8221;1\/2&#8243;]<h2 class=\"bauer-text clearfix \" style=\"\"><p><span data-teams=\"true\">Pruebas e inspecci\u00f3n de grietas en tanques y silos<\/span><\/p>\n<\/h2><div class=\"bauer-text clearfix \" style=\"\"><p><span style=\"font-weight: 400;\">La inspecci\u00f3n peri\u00f3dica de tanques y silos es esencial para garantizar la seguridad de las instalaciones y de los trabajadores, proteger el medio ambiente y minimizar los tiempos de inactividad. Sin embargo, realizar inspecciones y mantenimiento constantes sin una planificaci\u00f3n adecuada genera paros innecesarios. Por tanto, encontrar el equilibrio correcto es fundamental tanto para la seguridad como para la rentabilidad.<\/span><\/p>\n<p><span style=\"font-weight: 400;\">Hist\u00f3ricamente, la inspecci\u00f3n y reparaci\u00f3n de silos o tanques se realizaba \u00fanicamente con andamios, un trabajo costoso y que consum\u00eda mucho tiempo. Hoy, <\/span><a href=\"https:\/\/bioscanltd.com\/es\/\"><span style=\"font-weight: 400;\">Bioscan<\/span><\/a><span style=\"font-weight: 400;\"> puede llevar a cabo estas tareas en cuesti\u00f3n de horas empleando m\u00e9todos de acceso por cuerda en di\u00e1metros de hasta 4 metros, o con nuestra exclusiva viga de acceso por cuerda para di\u00e1metros superiores a 4 m. Esto garantiza que su tiempo de parada se minimice y pueda volver r\u00e1pidamente a la producci\u00f3n.<\/span><\/p>\n<p><span style=\"font-weight: 400;\">Nuestros especialistas en acceso por cuerda preparan los sistemas de anclaje en el exterior del tanque, utilizando un tr\u00edpode o los puntos de amarre existentes. As\u00ed se asegura un entorno de trabajo seguro para las pruebas de grietas en tanques y la realizaci\u00f3n de rescates si fuese necesario. La viga de acceso por cuerda ha sido dise\u00f1ada espec\u00edficamente para introducirse por tapas de acceso (bocas de hombre) y ajustarse r\u00e1pidamente a la anchura requerida.<\/span><\/p>\n<p><span style=\"font-weight: 400;\">Nuestros t\u00e9cnicos realizan una inspecci\u00f3n al 100 % y llevan a cabo las soldaduras o pulidos necesarios. Una vez finalizadas las reparaciones, Bioscan efect\u00faa una re-inspecci\u00f3n de las zonas intervenidas para garantizar una gesti\u00f3n completa del tanque y del silo, asegurando que no aparezcan nuevas grietas o defectos en la ZAT (zona afectada por el calor).<\/span><\/p>\n<p><span style=\"font-weight: 400;\">Nos aseguramos de que todas las herramientas y equipos sean retirados del tanque\/silo antes de entregarlo al cliente para los procesos de limpieza CIP y la reanudaci\u00f3n de la producci\u00f3n. Nota: seg\u00fan el tipo de reparaci\u00f3n a realizar en el tanque\/silo, puede ser necesario un tiempo adicional para completar los trabajos. No dude en contactarnos para obtener m\u00e1s informaci\u00f3n o para programar los Servicios de Inspecci\u00f3n de Silos\/Tanques con Bioscan, su empresa de inspecci\u00f3n de confianza.<\/span><\/p>\n<\/div>[\/vc_column_inner][vc_column_inner width=&#8221;1\/2&#8243;]<div class=\"bauer-simple-image text-center\" style=\"\" >\r\n\t\t\t<img decoding=\"async\" alt=\"image\" src=\"https:\/\/bioscanltd.com\/wp-content\/uploads\/rigging-setup.jpg\" title=\"\"> \r\n\t\t<\/div>[\/vc_column_inner][\/vc_row_inner]\r\n\t<div class=\"bauer-spacer clearfix\" data-desktop=\"30\" data-mobi=\"20\" data-smobi=\"20\"><\/div>[vc_row_inner][vc_column_inner][vc_column_text]<\/p>\n<div class=\"custom-cta\">\n<div class=\"custom-cta\">\n<h2>\u00bfBusca un servicio de inspecci\u00f3n de integridad?<\/h2>\n<p>Deje su solicitud de cotizaci\u00f3n y nuestro experto se pondr\u00e1 en contacto con usted lo antes posible.<\/p>\n<p><a class=\"btn btn-outline cta-btn\" href=\"https:\/\/bioscanltd.com\/es\/contacta-con-nosotros\/\" target=\"_blank\" rel=\"noopener\">Obtenga una cotizaci\u00f3n<\/a><\/p>\n<\/div>\n<\/div>\n<p>[\/vc_column_text][\/vc_column_inner][\/vc_row_inner][vc_row_inner][vc_column_inner]\r\n\t<div class=\"bauer-spacer clearfix\" data-desktop=\"100\" data-mobi=\"60\" data-smobi=\"60\"><\/div>[\/vc_column_inner][\/vc_row_inner][\/vc_column][\/vc_row][vc_row css=&#8221;.vc_custom_1678366395278{background: #f7f9fa url(https:\/\/bioscanltd.com\/wp-content\/uploads\/2019\/05\/cons2-bg-2.png?id=8906) !important;}&#8221;][vc_column]\r\n\t<div class=\"bauer-spacer clearfix\" data-desktop=\"94\" data-mobi=\"60\" data-smobi=\"60\"><\/div>[vc_row_inner][vc_column_inner width=&#8221;1\/2&#8243;]<div class=\"bauer-simple-image text-center\" style=\"\" >\r\n\t\t\t<img decoding=\"async\" alt=\"image\" src=\"https:\/\/bioscanltd.com\/wp-content\/uploads\/Rope-Access-Beam-2.jpg\" title=\"\"> \r\n\t\t<\/div>[\/vc_column_inner][vc_column_inner width=&#8221;1\/2&#8243;]<div class=\"bauer-simple-image text-center\" style=\"\" >\r\n\t\t\t<img decoding=\"async\" alt=\"image\" src=\"https:\/\/bioscanltd.com\/wp-content\/uploads\/Rope-Access-Beam-2-1.jpg\" title=\"\"> \r\n\t\t<\/div>[\/vc_column_inner][\/vc_row_inner]\r\n\t<div class=\"bauer-spacer clearfix\" data-desktop=\"94\" data-mobi=\"60\" data-smobi=\"60\"><\/div><div class=\"bauer-text clearfix \" style=\"\"><p>Garantizamos la extracci\u00f3n de todas las herramientas\/equipos del tanque\/silo antes de la devoluci\u00f3n del equipo al cliente para el CIP y la producci\u00f3n.<\/p>\n<p>Nota: Dependiendo de las tareas de reparaci\u00f3n a ser realizadas en el tanque\/silo, podemos llegar a solicitar tiempo extra para las reparaciones.<\/p>\n<p>No dude en contactarse con nosotros para obtener informaci\u00f3n adicional o para para programar la realizaci\u00f3n de servicios de inspecci\u00f3n para silos\/tanques, de Bioscan, su compa\u00f1\u00eda confiable para la realizaci\u00f3n de inspecciones.<\/p>\n<\/div>\r\n\t<div class=\"bauer-spacer clearfix\" data-desktop=\"30\" data-mobi=\"20\" data-smobi=\"20\"><\/div>[\/vc_column][\/vc_row][vc_row][vc_column]\r\n\t<div class=\"bauer-spacer clearfix\" data-desktop=\"100\" data-mobi=\"60\" data-smobi=\"60\"><\/div><h2 class=\"bauer-text clearfix text-center\" style=\"\"><p>FAQ&#8217;s<\/p>\n<\/h2>\r\n\t<div class=\"bauer-spacer clearfix\" data-desktop=\"40\" data-mobi=\"30\" data-smobi=\"30\"><\/div>\r\n\t<div class=\"bauer-accordions accordions\"><div class=\"accordion-item style-1 active\" style=\"margin-bottom:10px;\"><h3 class=\"accordion-heading\" style=\"\">\r\n\t\t\t<span class=\"inner\" style=\"\">\r\n\t\t\t\t\u00bfEn qu\u00e9 consiste el proceso de inspecci\u00f3n de grietas en silos y tanques de Bioscan?\r\n\t\t\t<\/span>\r\n\t\t<\/h3><div class=\"accordion-content\" style=\"\"><p><span style=\"font-weight: 400;\">El proceso de Bioscan incluye pruebas completas de grietas y comprobaci\u00f3n de la integridad del silo o tanque. Escaneamos todas las superficies internas para detectar defectos visibles y no visibles, como grietas, problemas en soldaduras, corrosi\u00f3n, cavidades y porosidad. El proceso tambi\u00e9n abarca la reparaci\u00f3n de las grietas o defectos detectados y el pulido hasta obtener un acabado sanitario\/apto para uso alimentario. Adem\u00e1s, re-inspeccionamos las \u00e1reas reparadas para verificar que el tanque o silo est\u00e9 listo para volver a producci\u00f3n.<\/span><\/p>\n<\/div><\/div><div class=\"accordion-item style-1\" style=\"margin-bottom:10px;\"><h3 class=\"accordion-heading\" style=\"\">\r\n\t\t\t<span class=\"inner\" style=\"\">\r\n\t\t\t\t\u00bfC\u00f3mo accede Bioscan a silos y tanques para la inspecci\u00f3n?\r\n\t\t\t<\/span>\r\n\t\t<\/h3><div class=\"accordion-content\" style=\"\"><p><span style=\"font-weight: 400;\">Bioscan utiliza m\u00e9todos de acceso por cuerda (t\u00e9cnicos certificados por IRATA) que permiten a los t\u00e9cnicos alcanzar todas las superficies internas sin necesidad de montar un andamio completo en muchos casos. Para tanques y silos de mayor di\u00e1metro disponemos de una viga de acceso por cuerda que se instala a trav\u00e9s de las tapas de acceso (bocas de hombre), posibilitando la inspecci\u00f3n a lo largo de grandes di\u00e1metros.<\/span><\/p>\n<\/div><\/div><div class=\"accordion-item style-1\" style=\"margin-bottom:10px;\"><h3 class=\"accordion-heading\" style=\"\">\r\n\t\t\t<span class=\"inner\" style=\"\">\r\n\t\t\t\t\u00bfOfrece Bioscan servicios de reparaci\u00f3n durante las inspecciones?\r\n\t\t\t<\/span>\r\n\t\t<\/h3><div class=\"accordion-content\" style=\"\"><p><span style=\"font-weight: 400;\">S\u00ed. Bioscan siempre ofrece reparaciones durante las inspecciones. Contamos con soldadores cualificados que pueden efectuar reparaciones in situ durante la inspecci\u00f3n. Tras la intervenci\u00f3n, Bioscan re-inspecciona las \u00e1reas reparadas para asegurarse de que cumplen los est\u00e1ndares, como los requisitos de acabado apto para la industria alimentaria y los par\u00e1metros de rugosidad.<\/span><\/p>\n<\/div><\/div><div class=\"accordion-item style-1\" style=\"margin-bottom:10px;\"><h3 class=\"accordion-heading\" style=\"\">\r\n\t\t\t<span class=\"inner\" style=\"\">\r\n\t\t\t\t\u00bfCu\u00e1nto tiempo tarda en volver a estar operativo mi tanque o silo tras la inspecci\u00f3n?\r\n\t\t\t<\/span>\r\n\t\t<\/h3><div class=\"accordion-content\" style=\"\"><p><span style=\"font-weight: 400;\">Bioscan puede completar la inspecci\u00f3n, la reparaci\u00f3n y la reinspecci\u00f3n en aproximadamente 5 horas para un tanque medio (50 kL).<\/span><\/p>\n<\/div><\/div><div class=\"accordion-item style-1\" style=\"margin-bottom:10px;\"><h3 class=\"accordion-heading\" style=\"\">\r\n\t\t\t<span class=\"inner\" style=\"\">\r\n\t\t\t\t\u00bfQu\u00e9 tipos de defectos se pueden detectar en una inspecci\u00f3n de silo o tanque?\r\n\t\t\t<\/span>\r\n\t\t<\/h3><div class=\"accordion-content\" style=\"\"><p><span style=\"font-weight: 400;\">Durante una inspecci\u00f3n de silo o tanque se pueden detectar diversos defectos, entre ellos: grietas, falta de fusi\u00f3n o defectos de soldadura, cavidades o picaduras por corrosi\u00f3n, porosidad y defectos en la zona afectada por el calor tras una soldadura.<\/span><\/p>\n<\/div><\/div><\/div>[\/vc_column][\/vc_row]<\/p>\n<\/section>","protected":false},"excerpt":{"rendered":"<p>[vc_row][vc_column][vc_row_inner][vc_column_inner width=&#8221;1\/2&#8243;][\/vc_column_inner][vc_column_inner width=&#8221;1\/2&#8243;][\/vc_column_inner][\/vc_row_inner][vc_row_inner][vc_column_inner][vc_column_text] \u00bfBusca un servicio de inspecci\u00f3n de integridad? Deje su solicitud de cotizaci\u00f3n y nuestro experto se pondr\u00e1 en contacto con usted lo antes posible. Obtenga una cotizaci\u00f3n [\/vc_column_text][\/vc_column_inner][\/vc_row_inner][vc_row_inner][vc_column_inner][\/vc_column_inner][\/vc_row_inner][\/vc_column][\/vc_row][vc_row css=&#8221;.vc_custom_1678366395278{background: #f7f9fa url(https:\/\/bioscanltd.com\/wp-content\/uploads\/2019\/05\/cons2-bg-2.png?id=8906) !important;}&#8221;][vc_column][vc_row_inner][vc_column_inner width=&#8221;1\/2&#8243;][\/vc_column_inner][vc_column_inner width=&#8221;1\/2&#8243;][\/vc_column_inner][\/vc_row_inner][\/vc_column][\/vc_row][vc_row][vc_column][\/vc_column][\/vc_row]<\/p>\n","protected":false},"author":8,"featured_media":12823,"parent":10974,"menu_order":0,"comment_status":"closed","ping_status":"closed","template":"","meta":{"_acf_changed":false,"_monsterinsights_skip_tracking":false,"_monsterinsights_sitenote_active":false,"_monsterinsights_sitenote_note":"","_monsterinsights_sitenote_category":0,"footnotes":""},"class_list":["post-14166","page","type-page","status-publish","has-post-thumbnail","hentry"],"acf":[],"rttpg_featured_image_url":{"full":["https:\/\/bioscanltd.com\/wp-content\/uploads\/Rope-Access-Beam-2-1.webp",768,883,false],"landscape":["https:\/\/bioscanltd.com\/wp-content\/uploads\/Rope-Access-Beam-2-1.webp",768,883,false],"portraits":["https:\/\/bioscanltd.com\/wp-content\/uploads\/Rope-Access-Beam-2-1.webp",768,883,false],"thumbnail":["https:\/\/bioscanltd.com\/wp-content\/uploads\/Rope-Access-Beam-2-1-150x150.webp",150,150,true],"medium":["https:\/\/bioscanltd.com\/wp-content\/uploads\/Rope-Access-Beam-2-1-261x300.webp",261,300,true],"large":["https:\/\/bioscanltd.com\/wp-content\/uploads\/Rope-Access-Beam-2-1.webp",768,883,false],"rpg_gallery_admin_thumb":["https:\/\/bioscanltd.com\/wp-content\/uploads\/Rope-Access-Beam-2-1-150x150.webp",150,150,true],"rpg_gallery_thumb":["https:\/\/bioscanltd.com\/wp-content\/uploads\/Rope-Access-Beam-2-1-150x150.webp",150,150,true],"1536x1536":["https:\/\/bioscanltd.com\/wp-content\/uploads\/Rope-Access-Beam-2-1.webp",768,883,false],"2048x2048":["https:\/\/bioscanltd.com\/wp-content\/uploads\/Rope-Access-Beam-2-1.webp",768,883,false],"bauer-square":["https:\/\/bioscanltd.com\/wp-content\/uploads\/Rope-Access-Beam-2-1-600x600.webp",600,600,true],"bauer-rectangle":["https:\/\/bioscanltd.com\/wp-content\/uploads\/Rope-Access-Beam-2-1-600x500.webp",600,500,true],"bauer-rectangle1":["https:\/\/bioscanltd.com\/wp-content\/uploads\/Rope-Access-Beam-2-1-425x570.webp",425,570,true],"bauer-rectangle2":["https:\/\/bioscanltd.com\/wp-content\/uploads\/Rope-Access-Beam-2-1-450x528.webp",450,528,true],"bauer-rectangle3":["https:\/\/bioscanltd.com\/wp-content\/uploads\/Rope-Access-Beam-2-1-470x430.webp",470,430,true],"bauer-rectangle4":["https:\/\/bioscanltd.com\/wp-content\/uploads\/Rope-Access-Beam-2-1-480x600.webp",480,600,true],"bauer-medium-auto":["https:\/\/bioscanltd.com\/wp-content\/uploads\/Rope-Access-Beam-2-1.webp",768,883,false],"bauer-small-auto":["https:\/\/bioscanltd.com\/wp-content\/uploads\/Rope-Access-Beam-2-1-640x736.webp",640,736,true],"bauer-xsmall-auto":["https:\/\/bioscanltd.com\/wp-content\/uploads\/Rope-Access-Beam-2-1-480x552.webp",480,552,true],"bauer-post-standard":["https:\/\/bioscanltd.com\/wp-content\/uploads\/Rope-Access-Beam-2-1-768x350.webp",768,350,true],"bauer-post-related":["https:\/\/bioscanltd.com\/wp-content\/uploads\/Rope-Access-Beam-2-1-558x410.webp",558,410,true],"bauer-post-widget":["https:\/\/bioscanltd.com\/wp-content\/uploads\/Rope-Access-Beam-2-1-140x140.webp",140,140,true]},"rttpg_author":{"display_name":"Samuel Peppin - Managing Director at Bioscan Ltd","author_link":"https:\/\/bioscanltd.com\/es\/author\/samuel-peppin-managing-director-at-bioscan-ltd\/"},"rttpg_comment":0,"rttpg_category":" <a href=\"https:\/\/bioscanltd.com\/es\/?taxonomy=translation_priority&#038;term=opcional\" rel=\"tag\">Opcional<\/a>","rttpg_excerpt":"[vc_row][vc_column][vc_row_inner][vc_column_inner width=&#8221;1\/2&#8243;][\/vc_column_inner][vc_column_inner width=&#8221;1\/2&#8243;][\/vc_column_inner][\/vc_row_inner][vc_row_inner][vc_column_inner][vc_column_text] \u00bfBusca un servicio de inspecci\u00f3n de integridad? Deje su solicitud de cotizaci\u00f3n y nuestro experto se pondr\u00e1 en contacto con usted lo antes posible. Obtenga una cotizaci\u00f3n [\/vc_column_text][\/vc_column_inner][\/vc_row_inner][vc_row_inner][vc_column_inner][\/vc_column_inner][\/vc_row_inner][\/vc_column][\/vc_row][vc_row css=&#8221;.vc_custom_1678366395278{background: #f7f9fa url(https:\/\/bioscanltd.com\/wp-content\/uploads\/2019\/05\/cons2-bg-2.png?id=8906) !important;}&#8221;][vc_column][vc_row_inner][vc_column_inner width=&#8221;1\/2&#8243;][\/vc_column_inner][vc_column_inner width=&#8221;1\/2&#8243;][\/vc_column_inner][\/vc_row_inner][\/vc_column][\/vc_row][vc_row][vc_column][\/vc_column][\/vc_row]","_links":{"self":[{"href":"https:\/\/bioscanltd.com\/es\/wp-json\/wp\/v2\/pages\/14166","targetHints":{"allow":["GET"]}}],"collection":[{"href":"https:\/\/bioscanltd.com\/es\/wp-json\/wp\/v2\/pages"}],"about":[{"href":"https:\/\/bioscanltd.com\/es\/wp-json\/wp\/v2\/types\/page"}],"author":[{"embeddable":true,"href":"https:\/\/bioscanltd.com\/es\/wp-json\/wp\/v2\/users\/8"}],"replies":[{"embeddable":true,"href":"https:\/\/bioscanltd.com\/es\/wp-json\/wp\/v2\/comments?post=14166"}],"version-history":[{"count":5,"href":"https:\/\/bioscanltd.com\/es\/wp-json\/wp\/v2\/pages\/14166\/revisions"}],"predecessor-version":[{"id":14173,"href":"https:\/\/bioscanltd.com\/es\/wp-json\/wp\/v2\/pages\/14166\/revisions\/14173"}],"up":[{"embeddable":true,"href":"https:\/\/bioscanltd.com\/es\/wp-json\/wp\/v2\/pages\/10974"}],"wp:featuredmedia":[{"embeddable":true,"href":"https:\/\/bioscanltd.com\/es\/wp-json\/wp\/v2\/media\/12823"}],"wp:attachment":[{"href":"https:\/\/bioscanltd.com\/es\/wp-json\/wp\/v2\/media?parent=14166"}],"curies":[{"name":"wp","href":"https:\/\/api.w.org\/{rel}","templated":true}]}}