{"id":10890,"date":"2021-04-26T11:51:31","date_gmt":"2021-04-26T11:51:31","guid":{"rendered":"https:\/\/bioscanltd.com\/services\/"},"modified":"2026-02-21T09:22:12","modified_gmt":"2026-02-21T09:22:12","slug":"services","status":"publish","type":"page","link":"https:\/\/bioscanltd.com\/fr\/services\/","title":{"rendered":"Nos services"},"content":{"rendered":"<section class=\"wpb-content-wrapper\"><p>[vc_row css=&#8221;.vc_custom_1590563651840{background-image: url(https:\/\/bioscanltd.com\/wp-content\/uploads\/2019\/05\/main-bg-1.png?id=8860) !important;background-position: center !important;background-repeat: no-repeat !important;background-size: cover !important;}&#8221; el_id=&#8221;first-row&#8221;][vc_column]\r\n\t<div class=\"bauer-spacer clearfix\" data-desktop=\"94\" data-mobi=\"60\" data-smobi=\"60\"><\/div><h2 class=\"bauer-text clearfix text-center\" style=\"\"><p><span>Nos principaux services comprennent les inspections d&#8217;int\u00e9grit\u00e9 de : tours de s\u00e9chage, cuves et autres \u00e9quipements de process<\/span><\/p>\n<\/h2>\r\n\t<div class=\"bauer-spacer clearfix\" data-desktop=\"60\" data-mobi=\"60\" data-smobi=\"40\"><\/div>[vc_row_inner el_id=&#8221;magnerscan-crack-testing&#8221;][vc_column_inner el_class=&#8221;content-middle-section&#8221; width=&#8221;1\/2&#8243;]<h2 class=\"bauer-text clearfix \" style=\"\"><p>Technologie d&#8217;inspection Bioscan<\/p>\n<\/h2><div class=\"bauer-text clearfix \" style=\"\"><p>La technologie <a href=\"https:\/\/bioscanltd.com\/fr\/\">d\u2019inspection de Bioscan<\/a> est une m\u00e9thode \u00e9lectronique de d\u00e9tection de d\u00e9fauts, tels que les fissures, la fusion incompl\u00e8te des soudures, les cavit\u00e9s de corrosion, la porosit\u00e9 et autres d\u00e9fauts qui peuvent provoquer une contamination et \/ ou une contamination crois\u00e9e du produit fini dans des \u00e9quipements en acier inoxydable.<\/p>\n<p>Notre technologie est capable d\u2019identifier la profondeur des fissures trouv\u00e9es. Nous pouvons \u00e9galement effectuer une v\u00e9rification de l\u2019\u00e9paisseur du mat\u00e9riau pour localiser les points faibles de l\u2019\u00e9quipement.<\/p>\n<\/div>\r\n\t<div class=\"bauer-spacer clearfix\" data-desktop=\"30\" data-mobi=\"20\" data-smobi=\"20\"><\/div><div class=\"button-wrap icon-right\" style=\"\" ><a href=\"https:\/\/bioscanltd.com\/contact\/?lang=fr\" target=\"_blank\" class=\"bauer-button btn-1487794270 medium no_icon custom outline solid custom\" style=\"border-radius:30px;border-width:2px;\"  data-background=\"\" data-border=\"\">\r\n\t\t<span style=\"\">Obtenez un devis <\/span>\r\n\t<\/a><\/div>[\/vc_column_inner][vc_column_inner el_class=&#8221;content-middle-section&#8221; width=&#8221;1\/2&#8243;]<div class=\"bauer-simple-image text-center\" style=\"\" >\r\n\t\t\t<img decoding=\"async\" alt=\"image\" src=\"https:\/\/bioscanltd.com\/wp-content\/uploads\/001-1.webp\" title=\"\"> <div class=\"bauer-video-icon clearfix white big\" style=\"top:50%;left:50%;transform:translate(-50px,-50px);\"><a class=\"icon-wrap popup-video\" href=\"https:\/\/www.youtube.com\/watch?v=ruJGF3XwkxI\" target=\"_blank\" rel=\"noopener\">play<span class=\"circle\"><\/span><\/a><\/div>\r\n\t\t<\/div>[\/vc_column_inner][vc_column_inner]\r\n\t<div class=\"bauer-spacer clearfix\" data-desktop=\"100\" data-mobi=\"60\" data-smobi=\"60\"><\/div>[\/vc_column_inner][\/vc_row_inner][\/vc_column][\/vc_row][vc_row css=&#8221;.vc_custom_1592047153749{background-image: url(https:\/\/bioscanltd.com\/wp-content\/uploads\/2019\/05\/section-bg1-1.png?id=7977) !important;background-position: center !important;background-repeat: no-repeat !important;background-size: cover !important;}&#8221;][vc_column]<h4 class=\"bauer-text clearfix text-center\" style=\"margin-bottom:32px;\"><p>La technologie d\u2019inspection de Bioscan est efficace pour tester des \u00e9l\u00e9ments tels que\u00a0:<\/p>\n<\/h4>[vc_row_inner el_class=&#8221;main-service-icon main-service-icon-new&#8221;][vc_column_inner width=&#8221;1\/3&#8243;]<div class=\"bauer-icon-box clearfix icon-top align-center hover-style-1 simple\" style=\"background-color:#f7f9fa;padding:34px 25px 27px;border-radius:5px;border:1px solid #e7e7e7;\" ><div class=\"hover\" style=\"border-radius:5px;background-color:#000000;\"><\/div><div class=\"wrap-inner\" style=\"position: relative;\"><div class=\"image-wrap\" style=\"width:50px;\">\r\n\t\t\t\t<img decoding=\"async\" alt=\"image\" src=\"https:\/\/bioscanltd.com\/wp-content\/uploads\/2020\/07\/Spray-Dryers.png\" title=\"\">\r\n\t\t\t<\/div> <h3 class=\"heading \" style=\"font-size:20px;line-height:24px;margin-top:22px;margin-bottom:12px;\">\r\n\t\t\t<span>Tours de s\u00e9chage<\/span>\r\n\t\t<\/h3> <div class=\"hover\" style=\"border-radius:5px;background-color:#000000;\"><\/div><\/div><\/div>\r\n\t<div class=\"bauer-spacer clearfix\" data-desktop=\"30\" data-mobi=\"30\" data-smobi=\"30\"><\/div><div class=\"bauer-icon-box clearfix icon-top align-center hover-style-1 simple\" style=\"background-color:#f7f9fa;padding:34px 25px 27px;border-radius:5px;border:1px solid #e7e7e7;\" ><div class=\"hover\" style=\"border-radius:5px;background-color:#000000;\"><\/div><div class=\"wrap-inner\" style=\"position: relative;\"><div class=\"image-wrap\" style=\"width:100px;\">\r\n\t\t\t\t<img decoding=\"async\" alt=\"image\" src=\"https:\/\/bioscanltd.com\/wp-content\/uploads\/2020\/07\/Fluid-Beds.png\" title=\"\">\r\n\t\t\t<\/div> <h3 class=\"heading \" style=\"font-size:20px;line-height:24px;margin-top:22px;margin-bottom:12px;\">\r\n\t\t\t<span>Lit fluidis\u00e9<\/span>\r\n\t\t<\/h3> <div class=\"hover\" style=\"border-radius:5px;background-color:#000000;\"><\/div><\/div><\/div>[\/vc_column_inner][vc_column_inner width=&#8221;1\/3&#8243;]<div class=\"bauer-icon-box clearfix icon-top align-center hover-style-1 simple\" style=\"background-color:#f7f9fa;padding:34px 25px 27px;border-radius:5px;border:1px solid #e7e7e7;\" ><div class=\"hover\" style=\"border-radius:5px;background-color:#000000;\"><\/div><div class=\"wrap-inner\" style=\"position: relative;\"><div class=\"image-wrap\" style=\"width:50px;\">\r\n\t\t\t\t<img decoding=\"async\" alt=\"image\" src=\"https:\/\/bioscanltd.com\/wp-content\/uploads\/2020\/07\/Process-Tanks.png\" title=\"\">\r\n\t\t\t<\/div> <h3 class=\"heading \" style=\"font-size:20px;line-height:24px;margin-top:22px;margin-bottom:12px;\">\r\n\t\t\t<span>Cuves Process<\/span>\r\n\t\t<\/h3> <div class=\"hover\" style=\"border-radius:5px;background-color:#000000;\"><\/div><\/div><\/div>\r\n\t<div class=\"bauer-spacer clearfix\" data-desktop=\"30\" data-mobi=\"30\" data-smobi=\"30\"><\/div><div class=\"bauer-icon-box clearfix icon-top align-center hover-style-1 simple\" style=\"background-color:#f7f9fa;padding:34px 25px 27px;border-radius:5px;border:1px solid #e7e7e7;\" ><div class=\"hover\" style=\"border-radius:5px;background-color:#000000;\"><\/div><div class=\"wrap-inner\" style=\"position: relative;\"><div class=\"image-wrap\" style=\"width:50px;\">\r\n\t\t\t\t<img decoding=\"async\" alt=\"image\" src=\"https:\/\/bioscanltd.com\/wp-content\/uploads\/2020\/07\/Air-Heaters.png\" title=\"\">\r\n\t\t\t<\/div> <h3 class=\"heading \" style=\"font-size:20px;line-height:24px;margin-top:22px;margin-bottom:12px;\">\r\n\t\t\t<span>Filtres \u00e0 manches<\/span>\r\n\t\t<\/h3> <div class=\"hover\" style=\"border-radius:5px;background-color:#000000;\"><\/div><\/div><\/div>[\/vc_column_inner][vc_column_inner width=&#8221;1\/3&#8243;]<div class=\"bauer-icon-box clearfix icon-top align-center hover-style-1 simple\" style=\"background-color:#f7f9fa;padding:34px 25px 27px;border-radius:5px;border:1px solid #e7e7e7;\" ><div class=\"hover\" style=\"border-radius:5px;background-color:#000000;\"><\/div><div class=\"wrap-inner\" style=\"position: relative;\"><div class=\"image-wrap\" style=\"width:50px;\">\r\n\t\t\t\t<img decoding=\"async\" alt=\"image\" src=\"https:\/\/bioscanltd.com\/wp-content\/uploads\/2020\/07\/Cyclones0A.png\" title=\"\">\r\n\t\t\t<\/div> <h3 class=\"heading \" style=\"font-size:20px;line-height:24px;margin-top:22px;margin-bottom:12px;\">\r\n\t\t\t<span>Cyclones<\/span>\r\n\t\t<\/h3> <div class=\"hover\" style=\"border-radius:5px;background-color:#000000;\"><\/div><\/div><\/div>\r\n\t<div class=\"bauer-spacer clearfix\" data-desktop=\"30\" data-mobi=\"30\" data-smobi=\"30\"><\/div><div class=\"bauer-icon-box clearfix icon-top align-center hover-style-1 simple\" style=\"background-color:#f7f9fa;padding:34px 25px 27px;border-radius:5px;border:1px solid #e7e7e7;\" ><div class=\"hover\" style=\"border-radius:5px;background-color:#000000;\"><\/div><div class=\"wrap-inner\" style=\"position: relative;\"><div class=\"image-wrap\" style=\"width:100px;\">\r\n\t\t\t\t<img decoding=\"async\" alt=\"image\" src=\"https:\/\/bioscanltd.com\/wp-content\/uploads\/2020\/07\/Cheese-Vat.png\" title=\"\">\r\n\t\t\t<\/div> <h3 class=\"heading \" style=\"font-size:20px;line-height:24px;margin-top:22px;margin-bottom:12px;\">\r\n\t\t\t<span>Cuves \u00e0 fromage<\/span>\r\n\t\t<\/h3> <div class=\"hover\" style=\"border-radius:5px;background-color:#000000;\"><\/div><\/div><\/div>[\/vc_column_inner][vc_column_inner]\r\n\t<div class=\"bauer-spacer clearfix\" data-desktop=\"60\" data-mobi=\"40\" data-smobi=\"40\"><\/div>[\/vc_column_inner][\/vc_row_inner][\/vc_column][\/vc_row][vc_row el_class=&#8221;custom-img-box&#8221;][vc_column]<div class=\"bauer-text clearfix text-center\" style=\"margin-bottom:40px;max-width:900px;margin-left: auto; margin-right: auto;\"><p>Notre technologie comprend un syst\u00e8me de balayage multicanal afin de permettre un balayage rapide et sensible sur de grandes surfaces. Un syst\u00e8me de sonde \u00e0 canal unique est \u00e9galement possible pour permettre le balayage de petites zones, telles que les coins et les raccordements de tuyaux.<\/p>\n<\/div>[\/vc_column][vc_column]\r\n\t<div class=\"bauer-spacer clearfix\" data-desktop=\"94\" data-mobi=\"60\" data-smobi=\"60\"><\/div>[\/vc_column][\/vc_row][vc_row css=&#8221;.vc_custom_1592302914879{background: #f7f9fa url(https:\/\/bioscanltd.com\/wp-content\/uploads\/2019\/05\/main-bg-3.png?id=8868) !important;}&#8221; el_id=&#8221;repairs&#8221;][vc_column]\r\n\t<div class=\"bauer-spacer clearfix\" data-desktop=\"94\" data-mobi=\"60\" data-smobi=\"60\"><\/div><h2 class=\"bauer-text clearfix \" style=\"\"><p><span>R\u00e9parations<\/span><\/p>\n<\/h2>[vc_row_inner el_class=&#8221;custom-img-box&#8221;][vc_column_inner width=&#8221;1\/3&#8243;]<div class=\"bauer-text clearfix \" style=\"margin-bottom:34px;\"><p>En plus d\u2019effectuer un test complet pour d\u00e9tecter les fissures, nous disposons de soudeurs pleinement qualifi\u00e9s et comp\u00e9tents, qui r\u00e9pareront toutes les fissures selon les normes sanitaires. Nous testerons ensuite \u00e0 nouveau toutes les zones qui ont \u00e9t\u00e9 r\u00e9par\u00e9es pour \u00e9viter toute fissure suppl\u00e9mentaire.<\/p>\n<\/div><div class=\"button-wrap icon-right\" style=\"\" ><a href=\"https:\/\/bioscanltd.com\/contact\/?lang=fr\" target=\"_self\" class=\"bauer-button btn-894094205 medium no_icon custom outline solid custom\" style=\"border-radius:30px;border-width:2px;\" data-background=\"\" data-border=\"\">\r\n\t\t<span style=\"\">Demander un devis <\/span>\r\n\t<\/a><\/div>[\/vc_column_inner][vc_column_inner el_class=&#8221;repair-section&#8221; width=&#8221;2\/3&#8243;]<div class=\"bauer-image-box clearfix style-1 \" style=\"\" >\r\n        <div class=\"item\">\r\n            <div class=\"inner\">\r\n                <div class=\"thumb\" style=\"\"><img loading=\"lazy\" decoding=\"async\" width=\"760\" height=\"204\" src=\"https:\/\/bioscanltd.com\/wp-content\/uploads\/1-1.webp\" class=\"attachment-full size-full\" alt=\"\" srcset=\"https:\/\/bioscanltd.com\/wp-content\/uploads\/1-1.webp 760w, https:\/\/bioscanltd.com\/wp-content\/uploads\/1-1-300x81.webp 300w, https:\/\/bioscanltd.com\/wp-content\/uploads\/1-1-640x172.webp 640w, https:\/\/bioscanltd.com\/wp-content\/uploads\/1-1-480x129.webp 480w\" sizes=\"auto, (max-width: 760px) 100vw, 760px\" title=\"\"> <\/div>\r\n                <div class=\"text-wrap \" style=\"\">\r\n                    <h4 class=\"title\" style=\"\">\r\n            Fissure de 5 cm trouv\u00e9e dans la chambre de la tour de s\u00e9chage\r\n        <\/h4>  \r\n                <\/div>\r\n                \r\n            <\/div>\r\n        <\/div>\r\n    <\/div><div class=\"bauer-image-box clearfix style-1 \" style=\"\" >\r\n        <div class=\"item\">\r\n            <div class=\"inner\">\r\n                <div class=\"thumb\" style=\"\"><img loading=\"lazy\" decoding=\"async\" width=\"760\" height=\"204\" src=\"https:\/\/bioscanltd.com\/wp-content\/uploads\/2020\/06\/2.png\" class=\"attachment-full size-full\" alt=\"Crack repaired and polished by Bioscan\" srcset=\"https:\/\/bioscanltd.com\/wp-content\/uploads\/2020\/06\/2.png 760w, https:\/\/bioscanltd.com\/wp-content\/uploads\/2020\/06\/2-300x81.png 300w, https:\/\/bioscanltd.com\/wp-content\/uploads\/2020\/06\/2-640x172.png 640w, https:\/\/bioscanltd.com\/wp-content\/uploads\/2020\/06\/2-480x129.png 480w\" sizes=\"auto, (max-width: 760px) 100vw, 760px\" title=\"\"> <\/div>\r\n                <div class=\"text-wrap \" style=\"\">\r\n                    <h4 class=\"title\" style=\"\">\r\n            Fissure r\u00e9par\u00e9e et polie\r\n        <\/h4>  \r\n                <\/div>\r\n                \r\n            <\/div>\r\n        <\/div>\r\n    <\/div>\r\n\t<div class=\"bauer-spacer clearfix\" data-desktop=\"20\" data-mobi=\"20\" data-smobi=\"10\"><\/div><div class=\"bauer-text clearfix text-center\" style=\"font-size:18px;line-height:30px;color:#414042;\"><p>Exemple avant\/apr\u00e8s de fissures trouv\u00e9es et r\u00e9par\u00e9es par <a href=\"https:\/\/bioscanltd.com\/?lang=fr\">Bioscan<\/a>::<\/p>\n<\/div>[\/vc_column_inner][\/vc_row_inner][\/vc_column][vc_column]\r\n\t<div class=\"bauer-spacer clearfix\" data-desktop=\"94\" data-mobi=\"60\" data-smobi=\"60\"><\/div>[\/vc_column][\/vc_row][vc_row css=&#8221;.vc_custom_1592551612839{background: #f7f9fa url(https:\/\/bioscanltd.com\/wp-content\/uploads\/2019\/05\/cons2-bg-2.png?id=8906) !important;background-position: center !important;background-repeat: no-repeat !important;background-size: cover !important;}&#8221; el_id=&#8221;reporting-certification&#8221;][vc_column]\r\n\t<div class=\"bauer-spacer clearfix\" data-desktop=\"100\" data-mobi=\"60\" data-smobi=\"60\"><\/div>[vc_row_inner][vc_column_inner width=&#8221;1\/2&#8243;]<div class=\"bauer-carousel-box arrow-style-1 arrow-center offsetcenter offset-v0 has-bullets arrow50\" data-auto=\"false\" data-loop=\"false\" data-gap=\"30\" data-column=\"1\" data-column2=\"1\" data-column3=\"1\">\r\n        <div class=\"owl-carousel owl-theme\"><div class=\"bauer-simple-image text-center\" style=\"\" >\r\n\t\t\t<img decoding=\"async\" alt=\"image\" src=\"https:\/\/bioscanltd.com\/wp-content\/uploads\/Report-page-demo.jpg\" title=\"\"> \r\n\t\t<\/div><div class=\"bauer-simple-image text-center\" style=\"\" >\r\n\t\t\t<img decoding=\"async\" alt=\"image\" src=\"https:\/\/bioscanltd.com\/wp-content\/uploads\/report-defects-demo.jpg\" title=\"\"> \r\n\t\t<\/div><div class=\"bauer-simple-image text-center\" style=\"\" >\r\n\t\t\t<img decoding=\"async\" alt=\"image\" src=\"https:\/\/bioscanltd.com\/wp-content\/uploads\/Certificate-demo-1.jpg\" title=\"\"> \r\n\t\t<\/div><\/div>\r\n\t<\/div>[\/vc_column_inner][vc_column_inner width=&#8221;1\/2&#8243;]\r\n\t<div class=\"bauer-spacer clearfix\" data-desktop=\"100\" data-mobi=\"60\" data-smobi=\"60\"><\/div><h2 class=\"bauer-text clearfix \" style=\"\"><p><span>Rapport et certificat de contr\u00f4le<\/span><\/p>\n<\/h2><div class=\"bauer-text clearfix \" style=\"margin-bottom:34px;\"><p><span>Suite a l&#8217;inspection, nous vous fournirons un rapport d&#8217;analyse d\u00e9taill\u00e9 complet de votre \u00e9quipement, y compris des photos avant\/apr\u00e8s des fissures d\u00e9tect\u00e9es. Une cartographie 2D sera incorpor\u00e9e dans le rapport avec l&#8217;emplacement de toutes les fissures, de sorte qu&#8217;une comparaison d&#8217;ann\u00e9e en ann\u00e9e puisse \u00eatre effectu\u00e9e.<\/span><\/p>\n<p><span>Si les crit\u00e8res d&#8217;acceptabilit\u00e9 sont satisfaits, un certificat de contr\u00f4le de votre \u00e9quipement sera \u00e9mis pour vos exigences d&#8217;audit.<\/span><\/p>\n<\/div><div class=\"button-wrap icon-right\" style=\"\" ><a href=\"https:\/\/bioscanltd.com\/contact\/?lang=fr\" target=\"_self\" class=\"bauer-button btn-333588123 medium no_icon custom outline solid custom\" style=\"border-radius:30px;border-width:2px;\" data-background=\"\" data-border=\"\">\r\n\t\t<span style=\"\">Demander un devis <\/span>\r\n\t<\/a><\/div>[\/vc_column_inner][\/vc_row_inner]\r\n\t<div class=\"bauer-spacer clearfix\" data-desktop=\"100\" data-mobi=\"50\" data-smobi=\"50\"><\/div>[\/vc_column][\/vc_row]<\/p>\n<\/section>","protected":false},"excerpt":{"rendered":"<p>[vc_row css=&#8221;.vc_custom_1590563651840{background-image: url(https:\/\/bioscanltd.com\/wp-content\/uploads\/2019\/05\/main-bg-1.png?id=8860) !important;background-position: center !important;background-repeat: no-repeat !important;background-size: cover !important;}&#8221; el_id=&#8221;first-row&#8221;][vc_column][vc_row_inner el_id=&#8221;magnerscan-crack-testing&#8221;][vc_column_inner el_class=&#8221;content-middle-section&#8221; width=&#8221;1\/2&#8243;][\/vc_column_inner][vc_column_inner el_class=&#8221;content-middle-section&#8221; width=&#8221;1\/2&#8243;][\/vc_column_inner][vc_column_inner][\/vc_column_inner][\/vc_row_inner][\/vc_column][\/vc_row][vc_row css=&#8221;.vc_custom_1592047153749{background-image: url(https:\/\/bioscanltd.com\/wp-content\/uploads\/2019\/05\/section-bg1-1.png?id=7977) !important;background-position: center !important;background-repeat: no-repeat !important;background-size: cover !important;}&#8221;][vc_column][vc_row_inner el_class=&#8221;main-service-icon main-service-icon-new&#8221;][vc_column_inner width=&#8221;1\/3&#8243;][\/vc_column_inner][vc_column_inner width=&#8221;1\/3&#8243;][\/vc_column_inner][vc_column_inner width=&#8221;1\/3&#8243;][\/vc_column_inner][vc_column_inner][\/vc_column_inner][\/vc_row_inner][\/vc_column][\/vc_row][vc_row el_class=&#8221;custom-img-box&#8221;][vc_column][\/vc_column][vc_column][\/vc_column][\/vc_row][vc_row css=&#8221;.vc_custom_1592302914879{background: #f7f9fa url(https:\/\/bioscanltd.com\/wp-content\/uploads\/2019\/05\/main-bg-3.png?id=8868) !important;}&#8221; el_id=&#8221;repairs&#8221;][vc_column][vc_row_inner el_class=&#8221;custom-img-box&#8221;][vc_column_inner width=&#8221;1\/3&#8243;][\/vc_column_inner][vc_column_inner el_class=&#8221;repair-section&#8221; width=&#8221;2\/3&#8243;][\/vc_column_inner][\/vc_row_inner][\/vc_column][vc_column][\/vc_column][\/vc_row][vc_row css=&#8221;.vc_custom_1592551612839{background: #f7f9fa url(https:\/\/bioscanltd.com\/wp-content\/uploads\/2019\/05\/cons2-bg-2.png?id=8906) !important;background-position: center !important;background-repeat: no-repeat !important;background-size: cover !important;}&#8221;<\/p>\n","protected":false},"author":8,"featured_media":0,"parent":0,"menu_order":0,"comment_status":"closed","ping_status":"closed","template":"","meta":{"_acf_changed":false,"_monsterinsights_skip_tracking":false,"_monsterinsights_sitenote_active":false,"_monsterinsights_sitenote_note":"","_monsterinsights_sitenote_category":0,"footnotes":""},"class_list":["post-10890","page","type-page","status-publish","hentry"],"acf":[],"rttpg_featured_image_url":null,"rttpg_author":{"display_name":"Samuel Peppin - Managing Director at Bioscan Ltd","author_link":"https:\/\/bioscanltd.com\/fr\/author\/samuel-peppin-managing-director-at-bioscan-ltd\/"},"rttpg_comment":0,"rttpg_category":" <a href=\"https:\/\/bioscanltd.com\/fr\/?taxonomy=translation_priority&#038;term=facultatif\" rel=\"tag\">Facultatif<\/a>","rttpg_excerpt":"[vc_row css=&#8221;.vc_custom_1590563651840{background-image: url(https:\/\/bioscanltd.com\/wp-content\/uploads\/2019\/05\/main-bg-1.png?id=8860) !important;background-position: center !important;background-repeat: no-repeat !important;background-size: cover !important;}&#8221; el_id=&#8221;first-row&#8221;][vc_column][vc_row_inner el_id=&#8221;magnerscan-crack-testing&#8221;][vc_column_inner el_class=&#8221;content-middle-section&#8221; width=&#8221;1\/2&#8243;][\/vc_column_inner][vc_column_inner el_class=&#8221;content-middle-section&#8221; width=&#8221;1\/2&#8243;][\/vc_column_inner][vc_column_inner][\/vc_column_inner][\/vc_row_inner][\/vc_column][\/vc_row][vc_row css=&#8221;.vc_custom_1592047153749{background-image: url(https:\/\/bioscanltd.com\/wp-content\/uploads\/2019\/05\/section-bg1-1.png?id=7977) !important;background-position: center !important;background-repeat: no-repeat !important;background-size: cover !important;}&#8221;][vc_column][vc_row_inner el_class=&#8221;main-service-icon main-service-icon-new&#8221;][vc_column_inner width=&#8221;1\/3&#8243;][\/vc_column_inner][vc_column_inner width=&#8221;1\/3&#8243;][\/vc_column_inner][vc_column_inner width=&#8221;1\/3&#8243;][\/vc_column_inner][vc_column_inner][\/vc_column_inner][\/vc_row_inner][\/vc_column][\/vc_row][vc_row el_class=&#8221;custom-img-box&#8221;][vc_column][\/vc_column][vc_column][\/vc_column][\/vc_row][vc_row css=&#8221;.vc_custom_1592302914879{background: #f7f9fa url(https:\/\/bioscanltd.com\/wp-content\/uploads\/2019\/05\/main-bg-3.png?id=8868) !important;}&#8221; el_id=&#8221;repairs&#8221;][vc_column][vc_row_inner el_class=&#8221;custom-img-box&#8221;][vc_column_inner width=&#8221;1\/3&#8243;][\/vc_column_inner][vc_column_inner el_class=&#8221;repair-section&#8221; width=&#8221;2\/3&#8243;][\/vc_column_inner][\/vc_row_inner][\/vc_column][vc_column][\/vc_column][\/vc_row][vc_row css=&#8221;.vc_custom_1592551612839{background: #f7f9fa url(https:\/\/bioscanltd.com\/wp-content\/uploads\/2019\/05\/cons2-bg-2.png?id=8906) !important;background-position: center !important;background-repeat: no-repeat !important;background-size: cover !important;}&#8221;","_links":{"self":[{"href":"https:\/\/bioscanltd.com\/fr\/wp-json\/wp\/v2\/pages\/10890","targetHints":{"allow":["GET"]}}],"collection":[{"href":"https:\/\/bioscanltd.com\/fr\/wp-json\/wp\/v2\/pages"}],"about":[{"href":"https:\/\/bioscanltd.com\/fr\/wp-json\/wp\/v2\/types\/page"}],"author":[{"embeddable":true,"href":"https:\/\/bioscanltd.com\/fr\/wp-json\/wp\/v2\/users\/8"}],"replies":[{"embeddable":true,"href":"https:\/\/bioscanltd.com\/fr\/wp-json\/wp\/v2\/comments?post=10890"}],"version-history":[{"count":5,"href":"https:\/\/bioscanltd.com\/fr\/wp-json\/wp\/v2\/pages\/10890\/revisions"}],"predecessor-version":[{"id":12682,"href":"https:\/\/bioscanltd.com\/fr\/wp-json\/wp\/v2\/pages\/10890\/revisions\/12682"}],"wp:attachment":[{"href":"https:\/\/bioscanltd.com\/fr\/wp-json\/wp\/v2\/media?parent=10890"}],"curies":[{"name":"wp","href":"https:\/\/api.w.org\/{rel}","templated":true}]}}