{"id":10895,"date":"2021-04-26T12:13:00","date_gmt":"2021-04-26T12:13:00","guid":{"rendered":"https:\/\/bioscanltd.com\/equipement\/"},"modified":"2024-12-18T05:28:31","modified_gmt":"2024-12-18T05:28:31","slug":"equipement","status":"publish","type":"page","link":"https:\/\/bioscanltd.com\/fr\/equipement\/","title":{"rendered":"M\u00e9thodes d&#8217;acc\u00e8s"},"content":{"rendered":"<section class=\"wpb-content-wrapper\"><p>[vc_row css=&#8221;.vc_custom_1557802417323{background-image: url(https:\/\/bioscanltd.com\/wp-content\/uploads\/2019\/05\/section-about.png?id=8046) !important;background-position: center !important;background-repeat: no-repeat !important;background-size: cover !important;}&#8221;][vc_column]\r\n\t<div class=\"bauer-spacer clearfix\" data-desktop=\"100\" data-mobi=\"50\" data-smobi=\"50\"><\/div>[vc_row_inner][vc_column_inner width=&#8221;1\/2&#8243;]<h2 class=\"bauer-text clearfix \" style=\"font-size:42px;line-height:50px;margin-bottom:32px;\"><p><span>Passerelle d&#8217;acc\u00e8s<\/span><\/p>\n<\/h2><div class=\"bauer-text clearfix \" style=\"margin-bottom:30px;\"><p>Notre passerelle peut \u00eatre ajust\u00e9e en fonction du diam\u00e8tre du s\u00e9choir par pulv\u00e9risation. Il s&#8217;agit d&#8217;une longueur r\u00e9glable de 1,5 m \u00e0 14 m et nous avons un technicien situ\u00e9 \u00e0 chaque extr\u00e9mit\u00e9 du portique, travaillant \u00e0 180 degr\u00e9s \u00e0 la fois pour assurer un test efficace.<\/p>\n<p>Le portique est test\u00e9 chaque ann\u00e9e et est constamment v\u00e9rifi\u00e9 par des techniciens qualifi\u00e9s. Sa conception l\u00e9g\u00e8re en aluminium permet un assemblage rapide et une entr\u00e9e facile dans le navire, avec une construction robuste et r\u00e9sistante (capable de supporter 475 kg).<\/p>\n<\/div><div class=\"button-wrap icon-right\" style=\"\" ><a href=\"https:\/\/bioscanltd.com\/contact\/?lang=fr\" target=\"_self\" class=\"bauer-button btn-2084803929 medium no_icon custom outline solid custom\" style=\"border-radius:30px;border-width:2px;\"  data-background=\"\" data-border=\"#9ecb26\" data-text=\"#9ecb26\" data-text-hover=\"#ffffff\">\r\n\t\t<span style=\"\">Nous contacter <\/span>\r\n\t<\/a><\/div>\r\n\t<div class=\"bauer-spacer clearfix\" data-desktop=\"0\" data-mobi=\"30\" data-smobi=\"30\"><\/div>[\/vc_column_inner][vc_column_inner width=&#8221;1\/2&#8243;]<div class=\"bauer-carousel-box arrow-style-1 arrow-center offsetcenter offset-v0 has-bullets arrow50\" data-auto=\"false\" data-loop=\"false\" data-gap=\"30\" data-column=\"1\" data-column2=\"1\" data-column3=\"1\">\r\n        <div class=\"owl-carousel owl-theme\"><div class=\"bauer-simple-image text-center\" style=\"\" >\r\n\t\t\t<img decoding=\"async\" alt=\"image\" src=\"https:\/\/bioscanltd.com\/wp-content\/uploads\/2020\/06\/Access-Gantry.jpg\" title=\"\"> \r\n\t\t<\/div><\/div>\r\n\t<\/div>[\/vc_column_inner][\/vc_row_inner]\r\n\t<div class=\"bauer-spacer clearfix\" data-desktop=\"100\" data-mobi=\"50\" data-smobi=\"50\"><\/div>[\/vc_column][\/vc_row][vc_row img_halfrow=&#8221;simple&#8221; halfrow_image=&#8221;9791&#8243; img_columns=&#8221;4columns&#8221; img_position=&#8221;imgleft&#8221; css=&#8221;.vc_custom_1734499705395{background-color: #f7f9fa !important;}&#8221; el_class=&#8221;service-method service-method-new&#8221;][vc_column width=&#8221;1\/3&#8243;][\/vc_column][vc_column width=&#8221;2\/3&#8243;]<div class=\"bauer-content-box clearfix \" data-padding=\"0\" data-mobipadding=\"0\" data-margin=\"\" data-mobimargin=\"\" >\r\n\t\t<div class=\"inner ctb-1618138060\" style=\"\"  data-background=\"\">\r\n\t\t\t\r\n\t<div class=\"bauer-spacer clearfix\" data-desktop=\"60\" data-mobi=\"40\" data-smobi=\"40\"><\/div><h2 class=\"bauer-text clearfix \" style=\"font-size:42px;line-height:50px;color:#ffffff;margin-bottom:30px;\"><p><span class=\"font-weight-300\">Notre m\u00e9thode<\/span><\/p>\n<\/h2><div class=\"bauer-text clearfix \" style=\"font-size:18px;line-height:30px;color:#ffffff;\"><p>Un test complet de la tour de s\u00e9chage, y compris les r\u00e9parations, peut \u00eatre effectu\u00e9 dans les 24\/48 heures, garantissant que votre temps d\u2019arr\u00eat est minimis\u00e9 et que vous pouvez rapidement red\u00e9marrez votre production*<\/p>\n<\/div>\r\n\t<div class=\"bauer-spacer clearfix\" data-desktop=\"20\" data-mobi=\"20\" data-smobi=\"20\"><\/div><div class=\"bauer-icon-list clearfix style-1\"><div class=\"icon-list-wrap\"><div class=\"line\" style=\"border-width:1px;border-color:0;left:40px;\"><\/div><div class=\"icon-list-item\" style=\"margin-bottom:70px;\"><div class=\"bauer-icon icon-927290365\" data-icon=\"#ffffff\" data-background=\"#f35c27\"><span class=\"icon\" style=\"font-size:30px;width:60px;border-style:solid;height:60px;border-radius:40px;line-height:60px;\"><i class=\"elegant-icon_check_alt2\"><\/i><\/span><\/div><div class=\"text-item\" style=\"min-height:60px;\"><h3 class=\"heading\" style=\"color:#ffffff;margin:0px 0px 7px 100px;\">En fonction de la construction de la tour de s\u00e9chage, les m\u00e9thodes d'acc\u00e8s n\u00e9cessaires sont install\u00e9es (Passerelle, \u00e9chelles, cordes)<\/h3><\/div><\/div><div class=\"icon-list-item\" style=\"margin-bottom:70px;\"><div class=\"bauer-icon icon-1190625206\" data-icon=\"#ffffff\" data-background=\"#f35c27\"><span class=\"icon\" style=\"font-size:30px;width:60px;border-style:solid;height:60px;border-radius:40px;line-height:60px;\"><i class=\"elegant-icon_check_alt2\"><\/i><\/span><\/div><div class=\"text-item\" style=\"min-height:60px;\"><h3 class=\"heading\" style=\"color:#ffffff;margin:0px 0px 7px 100px;\">Les techniciens inspectent 100% de la surface de l'\u00e9quipement et tous les d\u00e9fauts d\u00e9tect\u00e9s sont marqu\u00e9s suivant un point r\u00e9f\u00e9rence pour \u00eatre par la suite r\u00e9par\u00e9s.<\/h3><\/div><\/div><div class=\"icon-list-item\" style=\"margin-bottom:70px;\"><div class=\"bauer-icon icon-299457669\" data-icon=\"#ffffff\" data-background=\"#f35c27\"><span class=\"icon\" style=\"font-size:30px;width:60px;border-style:solid;height:60px;border-radius:40px;line-height:60px;\"><i class=\"elegant-icon_check_alt2\"><\/i><\/span><\/div><div class=\"text-item\" style=\"min-height:60px;\"><h3 class=\"heading\" style=\"color:#ffffff;margin:0px 0px 7px 100px;\">Nos soudeurs qualifi\u00e9s effectuent les r\u00e9parations de soudage si n\u00e9cessaire (ou nos clients peuvent utiliser des soudeurs sur place ou locaux)<\/h3><\/div><\/div><div class=\"icon-list-item\" style=\"margin-bottom:70px;\"><div class=\"bauer-icon icon-1842284349\" data-icon=\"#ffffff\" data-background=\"#f35c27\"><span class=\"icon\" style=\"font-size:30px;width:60px;border-style:solid;height:60px;border-radius:40px;line-height:60px;\"><i class=\"elegant-icon_check_alt2\"><\/i><\/span><\/div><div class=\"text-item\" style=\"min-height:60px;\"><h3 class=\"heading\" style=\"color:#ffffff;margin:0px 0px 7px 100px;\">Lorsque des r\u00e9parations ont \u00e9t\u00e9 effectu\u00e9es, une r\u00e9inspection a lieu pour v\u00e9rifier l'int\u00e9grit\u00e9 de la zone et pour v\u00e9rifier la zone affect\u00e9e par la chaleur.<\/h3><\/div><\/div><div class=\"icon-list-item\" style=\"\"><div class=\"bauer-icon icon-1918743157\" data-icon=\"#ffffff\" data-background=\"#f35c27\"><span class=\"icon\" style=\"font-size:30px;width:60px;border-style:solid;height:60px;border-radius:40px;line-height:60px;\"><i class=\"elegant-icon_check_alt2\"><\/i><\/span><\/div><div class=\"text-item\" style=\"min-height:60px;\"><h3 class=\"heading\" style=\"color:#ffffff;margin:0px 0px 7px 100px;\">L'\u00e9quipement d&#39;acc\u00e8s est retir\u00e9 et le NEP peut \u00eatre mis en place pour un retour en production.<\/h3><\/div><\/div><\/div><\/div><div class=\"bauer-text clearfix \" style=\"font-size:18px;line-height:30px;color:#ffffff;\"><p><strong>*(un d\u00e9lai suppl\u00e9mentaire peut \u00eatre n\u00e9cessaire en fonction du nombre de r\u00e9parations \u00e0 effectuer)<\/strong><\/p>\n<\/div>\r\n\t<div class=\"bauer-spacer clearfix\" data-desktop=\"60\" data-mobi=\"40\" data-smobi=\"40\"><\/div>\r\n\t\t<\/div>\r\n\t<\/div>[\/vc_column][\/vc_row][vc_row css=&#8221;.vc_custom_1557802417323{background-image: url(https:\/\/bioscanltd.com\/wp-content\/uploads\/2019\/05\/section-about.png?id=8046) !important;background-position: center !important;background-repeat: no-repeat !important;background-size: cover !important;}&#8221;][vc_column]\r\n\t<div class=\"bauer-spacer clearfix\" data-desktop=\"100\" data-mobi=\"50\" data-smobi=\"50\"><\/div>[vc_row_inner][vc_column_inner el_class=&#8221;home-service-icon-section&#8221; width=&#8221;1\/2&#8243;]<h2 class=\"bauer-text clearfix \" style=\"font-size:42px;line-height:50px;margin-bottom:32px;\"><p><span>Acc\u00e8s par cordes<\/span><\/p>\n<\/h2><div class=\"bauer-text clearfix \" style=\"margin-bottom:30px;\"><p>Nos cordistes certifi\u00e9s IRATA garantissent la s\u00e9curit\u00e9 de notre \u00e9quipe. Les cordes permettent un acc\u00e8s et un mouvement flexibles \u00e0 l\u2019int\u00e9rieur et autour des \u00e9quipements, pour qu\u2019ils soient enti\u00e8rement inspect\u00e9s et r\u00e9par\u00e9s.<\/p>\n<p>Lorsque nous combinons notre technologie de crack test avec nos cordistes, l\u2019inspection etla r\u00e9paration d\u2019\u00e9quipements difficiles d\u2019acc\u00e8s n\u2019est plus un d\u00e9fi en soi. Nous pouvons descendre en toute s\u00e9curit\u00e9 nos techniciens dans des cuves.<\/p>\n<p><a href=\"https:\/\/bioscanltd.com\/?lang=fr\">Bioscan<\/a> peut \u00e9galement inspecter en toute s\u00e9curit\u00e9 les conduits et autres zones difficiles d\u2019acc\u00e8s des cuves sans avoir besoin d\u2019\u00e9chelles \/ d\u2019\u00e9chafaudages.<\/p>\n<p>En garantissant que la s\u00e9curit\u00e9 n\u2019est jamais compromise, les besoins de nos clients en mati\u00e8re d\u2019inspections propres et rapides peuvent d\u00e9sormais \u00eatre satisfaits sur une vari\u00e9t\u00e9 d\u2019\u00e9quipements tels que\u00a0:<\/p>\n<\/div><div class=\"bauer-grid-box clearfix grid2 border-light v-30 h-15 no-borders\" data-grid=\"2\" >\r\n\t\t<div class=\"bauer-icon-box clearfix icon-left align-left  simple\" style=\"background-color:#ffffff;padding:22px 25px 22px 25px;border-radius:5px;border:1px solid #e7e7e7;\" ><div class=\"wrap-inner\" style=\"position: relative;\"><div class=\"bauer-icon icon-17059218 custom accent-bg\"  data-icon=\"#ffffff\">\r\n\t\t\t\t<span class=\"icon\" style=\"font-size:18px;width:42px;height:42px;border-style:solid;border-radius:21px;line-height:44px; box-shadow: 0px 0px 0px 4px rgba(243,92,39,0.2)\"><i class=\"elegant-icon_check_alt2\"><\/i><\/span>\r\n\t\t\t<\/div> <h3 class=\"heading \" style=\"padding-left:59px;font-size:15px;line-height:20px;\">\r\n\t\t\t<span>Tours de s\u00e9chage<\/span>\r\n\t\t<\/h3> <\/div><\/div><div class=\"bauer-icon-box clearfix icon-left align-left  simple\" style=\"background-color:#ffffff;padding:22px 25px 22px 25px;border-radius:5px;border:1px solid #e7e7e7;\" ><div class=\"wrap-inner\" style=\"position: relative;\"><div class=\"bauer-icon icon-363073786 custom accent-bg\"  data-icon=\"#ffffff\">\r\n\t\t\t\t<span class=\"icon\" style=\"font-size:18px;width:42px;height:42px;border-style:solid;border-radius:21px;line-height:44px; box-shadow: 0px 0px 0px 4px rgba(243,92,39,0.2)\"><i class=\"elegant-icon_check_alt2\"><\/i><\/span>\r\n\t\t\t<\/div> <h3 class=\"heading \" style=\"padding-left:59px;font-size:15px;line-height:20px;\">\r\n\t\t\t<span>Filtres \u00e0 manches<\/span>\r\n\t\t<\/h3> <\/div><\/div><div class=\"bauer-icon-box clearfix icon-left align-left  simple\" style=\"background-color:#ffffff;padding:22px 25px 22px 25px;border-radius:5px;border:1px solid #e7e7e7;\" ><div class=\"wrap-inner\" style=\"position: relative;\"><div class=\"bauer-icon icon-1563713825 custom accent-bg\"  data-icon=\"#ffffff\">\r\n\t\t\t\t<span class=\"icon\" style=\"font-size:18px;width:42px;height:42px;border-style:solid;border-radius:21px;line-height:44px; box-shadow: 0px 0px 0px 4px rgba(243,92,39,0.2)\"><i class=\"elegant-icon_check_alt2\"><\/i><\/span>\r\n\t\t\t<\/div> <h3 class=\"heading \" style=\"padding-left:59px;font-size:15px;line-height:20px;\">\r\n\t\t\t<span>Cyclones<\/span>\r\n\t\t<\/h3> <\/div><\/div><div class=\"bauer-icon-box clearfix icon-left align-left  simple\" style=\"background-color:#ffffff;padding:22px 25px 22px 25px;border-radius:5px;border:1px solid #e7e7e7;\" ><div class=\"wrap-inner\" style=\"position: relative;\"><div class=\"bauer-icon icon-1490491461 custom accent-bg\"  data-icon=\"#ffffff\">\r\n\t\t\t\t<span class=\"icon\" style=\"font-size:18px;width:42px;height:42px;border-style:solid;border-radius:21px;line-height:44px; box-shadow: 0px 0px 0px 4px rgba(243,92,39,0.2)\"><i class=\"elegant-icon_check_alt2\"><\/i><\/span>\r\n\t\t\t<\/div> <h3 class=\"heading \" style=\"padding-left:59px;font-size:15px;line-height:20px;\">\r\n\t\t\t<span>Lits fluidis\u00e9s<\/span>\r\n\t\t<\/h3> <\/div><\/div><div class=\"bauer-icon-box clearfix icon-left align-left  simple\" style=\"background-color:#ffffff;padding:22px 25px 22px 25px;border-radius:5px;border:1px solid #e7e7e7;\" ><div class=\"wrap-inner\" style=\"position: relative;\"><div class=\"bauer-icon icon-60195409 custom accent-bg\"  data-icon=\"#ffffff\">\r\n\t\t\t\t<span class=\"icon\" style=\"font-size:18px;width:42px;height:42px;border-style:solid;border-radius:21px;line-height:44px; box-shadow: 0px 0px 0px 4px rgba(243,92,39,0.2)\"><i class=\"elegant-icon_check_alt2\"><\/i><\/span>\r\n\t\t\t<\/div> <h3 class=\"heading \" style=\"padding-left:59px;font-size:15px;line-height:20px;\">\r\n\t\t\t<span>Cuves Process<\/span>\r\n\t\t<\/h3> <\/div><\/div><div class=\"bauer-icon-box clearfix icon-left align-left  simple\" style=\"background-color:#ffffff;padding:22px 25px 22px 25px;border-radius:5px;border:1px solid #e7e7e7;\" ><div class=\"wrap-inner\" style=\"position: relative;\"><div class=\"bauer-icon icon-1517696431 custom accent-bg\"  data-icon=\"#ffffff\">\r\n\t\t\t\t<span class=\"icon\" style=\"font-size:18px;width:42px;height:42px;border-style:solid;border-radius:21px;line-height:44px; box-shadow: 0px 0px 0px 4px rgba(243,92,39,0.2)\"><i class=\"elegant-icon_check_alt2\"><\/i><\/span>\r\n\t\t\t<\/div> <h3 class=\"heading \" style=\"padding-left:59px;font-size:15px;line-height:20px;\">\r\n\t\t\t<span>R\u00e9chauffeurs d'air<\/span>\r\n\t\t<\/h3> <\/div><\/div><div class=\"bauer-icon-box clearfix icon-left align-left  simple\" style=\"background-color:#ffffff;padding:22px 25px 22px 25px;border-radius:5px;border:1px solid #e7e7e7;\" ><div class=\"wrap-inner\" style=\"position: relative;\"><div class=\"bauer-icon icon-980491816 custom accent-bg\"  data-icon=\"#ffffff\">\r\n\t\t\t\t<span class=\"icon\" style=\"font-size:18px;width:42px;height:42px;border-style:solid;border-radius:21px;line-height:44px; box-shadow: 0px 0px 0px 4px rgba(243,92,39,0.2)\"><i class=\"elegant-icon_check_alt2\"><\/i><\/span>\r\n\t\t\t<\/div> <h3 class=\"heading \" style=\"padding-left:59px;font-size:15px;line-height:20px;\">\r\n\t\t\t<span>Cuves \/ Tables \u00e0 Fromage<\/span>\r\n\t\t<\/h3> <\/div><\/div>\n\r\n\t<\/div>[\/vc_column_inner][vc_column_inner width=&#8221;1\/2&#8243;]<div class=\"bauer-carousel-box arrow-style-1 arrow-center offsetcenter offset-v0 has-bullets arrow50\" data-auto=\"false\" data-loop=\"false\" data-gap=\"30\" data-column=\"1\" data-column2=\"1\" data-column3=\"1\">\r\n        <div class=\"owl-carousel owl-theme\"><div class=\"bauer-simple-image text-center\" style=\"\" >\r\n\t\t\t<img decoding=\"async\" alt=\"image\" src=\"https:\/\/bioscanltd.com\/wp-content\/uploads\/Cris-inspection-scaled.jpg\" title=\"\"> \r\n\t\t<\/div><\/div>\r\n\t<\/div>[\/vc_column_inner][\/vc_row_inner]\r\n\t<div class=\"bauer-spacer clearfix\" data-desktop=\"100\" data-mobi=\"50\" data-smobi=\"50\"><\/div>[\/vc_column][\/vc_row][vc_row css=&#8221;.vc_custom_1592219404843{background-color: #f7f9fa !important;}&#8221;][vc_column]\r\n\t<div class=\"bauer-spacer clearfix\" data-desktop=\"100\" data-mobi=\"50\" data-smobi=\"50\"><\/div><h2 class=\"bauer-text clearfix \" style=\"font-size:42px;line-height:50px;margin-bottom:32px;\"><p>Location \/ achat de la passerelle<\/p>\n<\/h2><div class=\"bauer-text clearfix \" style=\"\"><p><span>Une solution rentable et long terme pour les inspections d\u2019int\u00e9grit\u00e9 sur les tours de s\u00e9chage, consiste \u00e0 louer ou \u00e0 acheter notre passerelle sur mesure dans le cadre d&#8217;un contrat d&#8217;inspection. Vous pourrez la stocker localement et l&#8217;exp\u00e9dier entre vos usines\/sites. Nos techniciens se rendent ensuite directement sur votre (vos) site (s) pour effectuer les inspections.<\/span><\/p>\n<p><span>Bon nombre de nos clients r\u00e9guliers le font maintenant et r\u00e9alisent des \u00e9conomies en termes de transport et de temps. Si vous \u00eates \u00e9galement int\u00e9ress\u00e9, demandez nous un devis.<\/span><\/p>\n<\/div>\r\n\t<div class=\"bauer-spacer clearfix\" data-desktop=\"100\" data-mobi=\"50\" data-smobi=\"50\"><\/div>[\/vc_column][\/vc_row]<\/p>\n<\/section>","protected":false},"excerpt":{"rendered":"<p>[vc_row css=&#8221;.vc_custom_1557802417323{background-image: url(https:\/\/bioscanltd.com\/wp-content\/uploads\/2019\/05\/section-about.png?id=8046) !important;background-position: center !important;background-repeat: no-repeat !important;background-size: cover !important;}&#8221;][vc_column][vc_row_inner][vc_column_inner width=&#8221;1\/2&#8243;][\/vc_column_inner][vc_column_inner width=&#8221;1\/2&#8243;][\/vc_column_inner][\/vc_row_inner][\/vc_column][\/vc_row][vc_row img_halfrow=&#8221;simple&#8221; halfrow_image=&#8221;9791&#8243; img_columns=&#8221;4columns&#8221; img_position=&#8221;imgleft&#8221; css=&#8221;.vc_custom_1734499705395{background-color: #f7f9fa !important;}&#8221; el_class=&#8221;service-method service-method-new&#8221;][vc_column width=&#8221;1\/3&#8243;][\/vc_column][vc_column width=&#8221;2\/3&#8243;][\/vc_column][\/vc_row][vc_row css=&#8221;.vc_custom_1557802417323{background-image: url(https:\/\/bioscanltd.com\/wp-content\/uploads\/2019\/05\/section-about.png?id=8046) !important;background-position: center !important;background-repeat: no-repeat !important;background-size: cover !important;}&#8221;][vc_column][vc_row_inner][vc_column_inner el_class=&#8221;home-service-icon-section&#8221; width=&#8221;1\/2&#8243;][\/vc_column_inner][vc_column_inner width=&#8221;1\/2&#8243;][\/vc_column_inner][\/vc_row_inner][\/vc_column][\/vc_row][vc_row css=&#8221;.vc_custom_1592219404843{background-color: #f7f9fa !important;}&#8221;][vc_column][\/vc_column][\/vc_row]<\/p>\n","protected":false},"author":8,"featured_media":0,"parent":0,"menu_order":0,"comment_status":"closed","ping_status":"closed","template":"","meta":{"_acf_changed":false,"_monsterinsights_skip_tracking":false,"_monsterinsights_sitenote_active":false,"_monsterinsights_sitenote_note":"","_monsterinsights_sitenote_category":0,"footnotes":""},"class_list":["post-10895","page","type-page","status-publish","hentry"],"acf":[],"rttpg_featured_image_url":null,"rttpg_author":{"display_name":"Samuel Peppin - Managing Director at Bioscan Ltd","author_link":"https:\/\/bioscanltd.com\/fr\/author\/samuel-peppin-managing-director-at-bioscan-ltd\/"},"rttpg_comment":0,"rttpg_category":" <a href=\"https:\/\/bioscanltd.com\/fr\/?taxonomy=translation_priority&#038;term=facultatif\" rel=\"tag\">Facultatif<\/a>","rttpg_excerpt":"[vc_row css=&#8221;.vc_custom_1557802417323{background-image: url(https:\/\/bioscanltd.com\/wp-content\/uploads\/2019\/05\/section-about.png?id=8046) !important;background-position: center !important;background-repeat: no-repeat !important;background-size: cover !important;}&#8221;][vc_column][vc_row_inner][vc_column_inner width=&#8221;1\/2&#8243;][\/vc_column_inner][vc_column_inner width=&#8221;1\/2&#8243;][\/vc_column_inner][\/vc_row_inner][\/vc_column][\/vc_row][vc_row img_halfrow=&#8221;simple&#8221; halfrow_image=&#8221;9791&#8243; img_columns=&#8221;4columns&#8221; img_position=&#8221;imgleft&#8221; css=&#8221;.vc_custom_1734499705395{background-color: #f7f9fa !important;}&#8221; el_class=&#8221;service-method service-method-new&#8221;][vc_column width=&#8221;1\/3&#8243;][\/vc_column][vc_column width=&#8221;2\/3&#8243;][\/vc_column][\/vc_row][vc_row css=&#8221;.vc_custom_1557802417323{background-image: url(https:\/\/bioscanltd.com\/wp-content\/uploads\/2019\/05\/section-about.png?id=8046) !important;background-position: center !important;background-repeat: no-repeat !important;background-size: cover !important;}&#8221;][vc_column][vc_row_inner][vc_column_inner el_class=&#8221;home-service-icon-section&#8221; width=&#8221;1\/2&#8243;][\/vc_column_inner][vc_column_inner width=&#8221;1\/2&#8243;][\/vc_column_inner][\/vc_row_inner][\/vc_column][\/vc_row][vc_row css=&#8221;.vc_custom_1592219404843{background-color: #f7f9fa !important;}&#8221;][vc_column][\/vc_column][\/vc_row]","_links":{"self":[{"href":"https:\/\/bioscanltd.com\/fr\/wp-json\/wp\/v2\/pages\/10895","targetHints":{"allow":["GET"]}}],"collection":[{"href":"https:\/\/bioscanltd.com\/fr\/wp-json\/wp\/v2\/pages"}],"about":[{"href":"https:\/\/bioscanltd.com\/fr\/wp-json\/wp\/v2\/types\/page"}],"author":[{"embeddable":true,"href":"https:\/\/bioscanltd.com\/fr\/wp-json\/wp\/v2\/users\/8"}],"replies":[{"embeddable":true,"href":"https:\/\/bioscanltd.com\/fr\/wp-json\/wp\/v2\/comments?post=10895"}],"version-history":[{"count":5,"href":"https:\/\/bioscanltd.com\/fr\/wp-json\/wp\/v2\/pages\/10895\/revisions"}],"predecessor-version":[{"id":13474,"href":"https:\/\/bioscanltd.com\/fr\/wp-json\/wp\/v2\/pages\/10895\/revisions\/13474"}],"wp:attachment":[{"href":"https:\/\/bioscanltd.com\/fr\/wp-json\/wp\/v2\/media?parent=10895"}],"curies":[{"name":"wp","href":"https:\/\/api.w.org\/{rel}","templated":true}]}}