{"id":10902,"date":"2021-04-26T12:41:03","date_gmt":"2021-04-26T12:41:03","guid":{"rendered":"https:\/\/bioscanltd.com\/partenaires-relco\/"},"modified":"2024-12-17T07:56:40","modified_gmt":"2024-12-17T07:56:40","slug":"relco","status":"publish","type":"page","link":"https:\/\/bioscanltd.com\/fr\/relco\/","title":{"rendered":"Relco"},"content":{"rendered":"<section class=\"wpb-content-wrapper\"><p>[vc_row css=&#8221;.vc_custom_1590563651840{background-image: url(https:\/\/bioscanltd.com\/wp-content\/uploads\/2019\/05\/main-bg-1.png?id=8860) !important;background-position: center !important;background-repeat: no-repeat !important;background-size: cover !important;}&#8221; el_id=&#8221;first-row&#8221;][vc_column][vc_row_inner][vc_column_inner width=&#8221;2\/3&#8243;]<h2 class=\"bauer-text clearfix \" style=\"font-weight:300;font-size:36px;line-height:50px;margin-bottom:32px;\"><p>RELCO, LLC et Bioscan Ltd s\u2019associent pour promouvoir \u00e0 l\u2019\u00e9chelle mondiale les inspections et les r\u00e9parations sans colorants pour l\u2019industrie agro-alimentaire.<\/p>\n<\/h2><div class=\"bauer-text clearfix \" style=\"margin-bottom:30px;\"><p>RELCO, LLC est une entreprise de fabrication bien \u00e9tablie qui emploie pr\u00e8s de 150 personnes, dont le si\u00e8ge social est \u00e0 Willmar, Minnesota et qui poss\u00e8de des bureaux aux \u00c9tats-Unis, au Br\u00e9sil, aux Pays-Bas et en Nouvelle-Z\u00e9lande.<\/p>\n<p>Depuis 1982, RELCO fournit des technologies de process \u00e0 plus de 500 usines de fromage et de produits laitiers \u00e0 travers le monde, y compris des syst\u00e8mes et \u00e9quipements de fromage, des \u00e9vaporateurs, des syst\u00e8mes et composants de tours de s\u00e9chage, des syst\u00e8mes et \u00e9quipements de manutention de poudre, et un service apr\u00e8s-vente. Ils se concentrent sur une r\u00e9flexion alternative pour garantir \u00e0 leurs clients des r\u00e9sultats sup\u00e9rieurs.<\/p>\n<\/div>[\/vc_column_inner][vc_column_inner width=&#8221;1\/3&#8243;]<div class=\"bauer-simple-image text-center\" style=\"\" >\r\n\t\t\t<img decoding=\"async\" alt=\"image\" src=\"https:\/\/bioscanltd.com\/wp-content\/uploads\/2020\/06\/partner.jpg\" title=\"\"> \r\n\t\t<\/div>[\/vc_column_inner][\/vc_row_inner]\r\n\t<div class=\"bauer-spacer clearfix\" data-desktop=\"20\" data-mobi=\"20\" data-smobi=\"20\"><\/div>[\/vc_column][\/vc_row][vc_row disable_element=&#8221;yes&#8221; css=&#8221;.vc_custom_1592571536634{background-image: url(https:\/\/bioscanltd.com\/wp-content\/uploads\/2019\/05\/section-bg1-1.png?id=7977) !important;background-position: center !important;background-repeat: no-repeat !important;background-size: cover !important;}&#8221;][vc_column]\r\n\t<div class=\"bauer-spacer clearfix\" data-desktop=\"20\" data-mobi=\"20\" data-smobi=\"20\"><\/div><h2 class=\"bauer-text clearfix text-center\" style=\"font-size:42px;line-height:50px;margin-bottom:30px;max-width:750px;margin-left: auto; margin-right: auto;\"><p><span class=\"font-weight-300\">The focus of<\/span> our partnership <span class=\"font-weight-300\">is<\/span> largely on spray dryers<\/p>\n<\/h2><div class=\"bauer-text clearfix text-center\" style=\"font-size:18px;line-height:30px;color:#777777;max-width:750px;margin-left: auto; margin-right: auto;\"><p>However, the services offered will also cover;<\/p>\n<\/div>\r\n\t<div class=\"bauer-spacer clearfix\" data-desktop=\"50\" data-mobi=\"30\" data-smobi=\"30\"><\/div>[vc_row_inner][vc_column_inner width=&#8221;1\/4&#8243;]<div class=\"bauer-icon-box clearfix icon-top align-center hover-style-1 simple\" style=\"background-color:#f7f9fa;padding:34px 25px 27px;border-radius:5px;border:1px solid #e7e7e7;\" ><div class=\"hover\" style=\"border-radius:5px;background-color:#000000;\"><\/div><div class=\"wrap-inner\" style=\"position: relative;\"><div class=\"bauer-icon icon-599120249 accent custom\"  data-background=\"\">\r\n\t\t\t\t<span class=\"icon\" style=\"font-size:50px;width:50px;height:50px;border-style:solid;line-height:50px;\"><i class=\"bauerico-building\"><\/i><\/span>\r\n\t\t\t<\/div> <h3 class=\"heading \" style=\"font-size:20px;line-height:24px;margin-top:22px;margin-bottom:12px;\">\r\n\t\t\t<span>Cyclones<\/span>\r\n\t\t<\/h3><div class=\"desc\" style=\"\"><p>This area delivers the control you want over all critical aspects of your project.<\/p>\n<\/div> <div class=\"hover\" style=\"border-radius:5px;background-color:#000000;\"><\/div><\/div><\/div>\r\n\t<div class=\"bauer-spacer clearfix\" data-desktop=\"30\" data-mobi=\"30\" data-smobi=\"30\"><\/div><div class=\"bauer-icon-box clearfix icon-top align-center hover-style-1 simple\" style=\"background-color:#f7f9fa;padding:34px 25px 27px;border-radius:5px;border:1px solid #e7e7e7;\" ><div class=\"hover\" style=\"border-radius:5px;background-color:#000000;\"><\/div><div class=\"wrap-inner\" style=\"position: relative;\"><div class=\"bauer-icon icon-1872866798 accent custom\"  data-background=\"\">\r\n\t\t\t\t<span class=\"icon\" style=\"font-size:50px;width:50px;height:50px;border-style:solid;line-height:50px;\"><i class=\"bauerico-crane-truck\"><\/i><\/span>\r\n\t\t\t<\/div> <h3 class=\"heading \" style=\"font-size:20px;line-height:24px;margin-top:22px;margin-bottom:12px;\">\r\n\t\t\t<span>Cuves Process<\/span>\r\n\t\t<\/h3><div class=\"desc\" style=\"\"><p>This area delivers the control you want over all critical aspects of your project.<\/p>\n<\/div> <div class=\"hover\" style=\"border-radius:5px;background-color:#000000;\"><\/div><\/div><\/div>\r\n\t<div class=\"bauer-spacer clearfix\" data-desktop=\"0\" data-mobi=\"30\" data-smobi=\"30\"><\/div>[\/vc_column_inner][vc_column_inner width=&#8221;1\/4&#8243;]<div class=\"bauer-icon-box clearfix icon-top align-center hover-style-1 simple\" style=\"background-color:#f7f9fa;padding:34px 25px 27px;border-radius:5px;border:1px solid #e7e7e7;\" ><div class=\"hover\" style=\"border-radius:5px;background-color:#000000;\"><\/div><div class=\"wrap-inner\" style=\"position: relative;\"><div class=\"bauer-icon icon-1592562547 accent custom\"  data-background=\"\">\r\n\t\t\t\t<span class=\"icon\" style=\"font-size:50px;width:50px;height:50px;border-style:solid;line-height:50px;\"><i class=\"bauerico-brick-wall\"><\/i><\/span>\r\n\t\t\t<\/div> <h3 class=\"heading \" style=\"font-size:20px;line-height:24px;margin-top:22px;margin-bottom:12px;\">\r\n\t\t\t<span>Filtres \u00e0 manches<\/span>\r\n\t\t<\/h3><div class=\"desc\" style=\"\"><p>This area delivers the control you want over all critical aspects of your project.<\/p>\n<\/div> <div class=\"hover\" style=\"border-radius:5px;background-color:#000000;\"><\/div><\/div><\/div>\r\n\t<div class=\"bauer-spacer clearfix\" data-desktop=\"30\" data-mobi=\"30\" data-smobi=\"30\"><\/div><div class=\"bauer-icon-box clearfix icon-top align-center hover-style-1 simple\" style=\"background-color:#f7f9fa;padding:34px 25px 27px;border-radius:5px;border:1px solid #e7e7e7;\" ><div class=\"hover\" style=\"border-radius:5px;background-color:#000000;\"><\/div><div class=\"wrap-inner\" style=\"position: relative;\"><div class=\"bauer-icon icon-2036271286 accent custom\"  data-background=\"\">\r\n\t\t\t\t<span class=\"icon\" style=\"font-size:50px;width:50px;height:50px;border-style:solid;line-height:50px;\"><i class=\"bauerico-industry\"><\/i><\/span>\r\n\t\t\t<\/div> <h3 class=\"heading \" style=\"font-size:20px;line-height:24px;margin-top:22px;margin-bottom:12px;\">\r\n\t\t\t<span>Cheese Vats<\/span>\r\n\t\t<\/h3><div class=\"desc\" style=\"\"><p>This area delivers the control you want over all critical aspects of your project.<\/p>\n<\/div> <div class=\"hover\" style=\"border-radius:5px;background-color:#000000;\"><\/div><\/div><\/div>\r\n\t<div class=\"bauer-spacer clearfix\" data-desktop=\"0\" data-mobi=\"30\" data-smobi=\"30\"><\/div>[\/vc_column_inner][vc_column_inner width=&#8221;1\/4&#8243;]<div class=\"bauer-icon-box clearfix icon-top align-center hover-style-1 simple\" style=\"background-color:#f7f9fa;padding:34px 25px 27px;border-radius:5px;border:1px solid #e7e7e7;\" ><div class=\"hover\" style=\"border-radius:5px;background-color:#000000;\"><\/div><div class=\"wrap-inner\" style=\"position: relative;\"><div class=\"bauer-icon icon-1988420371 accent custom\"  data-background=\"\">\r\n\t\t\t\t<span class=\"icon\" style=\"font-size:50px;width:50px;height:50px;border-style:solid;line-height:50px;\"><i class=\"bauerico-barrel\"><\/i><\/span>\r\n\t\t\t<\/div> <h3 class=\"heading \" style=\"font-size:20px;line-height:24px;margin-top:22px;margin-bottom:12px;\">\r\n\t\t\t<span>Lits fluidis\u00e9s<\/span>\r\n\t\t<\/h3><div class=\"desc\" style=\"\"><p>This area delivers the control you want over all critical aspects of your project.<\/p>\n<\/div> <div class=\"hover\" style=\"border-radius:5px;background-color:#000000;\"><\/div><\/div><\/div>\r\n\t<div class=\"bauer-spacer clearfix\" data-desktop=\"30\" data-mobi=\"30\" data-smobi=\"30\"><\/div><div class=\"bauer-icon-box clearfix icon-top align-center hover-style-1 simple\" style=\"background-color:#f7f9fa;padding:34px 25px 27px;border-radius:5px;border:1px solid #e7e7e7;\" ><div class=\"hover\" style=\"border-radius:5px;background-color:#000000;\"><\/div><div class=\"wrap-inner\" style=\"position: relative;\"><div class=\"bauer-icon icon-962423820 accent custom\"  data-background=\"\">\r\n\t\t\t\t<span class=\"icon\" style=\"font-size:50px;width:50px;height:50px;border-style:solid;line-height:50px;\"><i class=\"bauerico-crane\"><\/i><\/span>\r\n\t\t\t<\/div> <h3 class=\"heading \" style=\"font-size:20px;line-height:24px;margin-top:22px;margin-bottom:12px;\">\r\n\t\t\t<span>Finishing Tables<\/span>\r\n\t\t<\/h3><div class=\"desc\" style=\"\"><p>This area delivers the control you want over all critical aspects of your project.<\/p>\n<\/div> <div class=\"hover\" style=\"border-radius:5px;background-color:#000000;\"><\/div><\/div><\/div>\r\n\t<div class=\"bauer-spacer clearfix\" data-desktop=\"0\" data-mobi=\"30\" data-smobi=\"30\"><\/div>[\/vc_column_inner][vc_column_inner width=&#8221;1\/4&#8243;]<div class=\"bauer-icon-box clearfix icon-top align-center hover-style-1 simple\" style=\"background-color:#f7f9fa;padding:34px 25px 27px;border-radius:5px;border:1px solid #e7e7e7;\" ><div class=\"hover\" style=\"border-radius:5px;background-color:#000000;\"><\/div><div class=\"wrap-inner\" style=\"position: relative;\"><div class=\"bauer-icon icon-1094130599 accent custom\"  data-background=\"\">\r\n\t\t\t\t<span class=\"icon\" style=\"font-size:50px;width:50px;height:50px;border-style:solid;line-height:50px;\"><i class=\"bauerico-barrel\"><\/i><\/span>\r\n\t\t\t<\/div> <h3 class=\"heading \" style=\"font-size:20px;line-height:24px;margin-top:22px;margin-bottom:12px;\">\r\n\t\t\t<span>Silos<\/span>\r\n\t\t<\/h3><div class=\"desc\" style=\"\"><p>This area delivers the control you want over all critical aspects of your project.<\/p>\n<\/div> <div class=\"hover\" style=\"border-radius:5px;background-color:#000000;\"><\/div><\/div><\/div>\r\n\t<div class=\"bauer-spacer clearfix\" data-desktop=\"30\" data-mobi=\"30\" data-smobi=\"30\"><\/div><div class=\"bauer-icon-box clearfix icon-top align-center hover-style-1 simple\" style=\"background-color:#f7f9fa;padding:34px 25px 27px;border-radius:5px;border:1px solid #e7e7e7;\" ><div class=\"hover\" style=\"border-radius:5px;background-color:#000000;\"><\/div><div class=\"wrap-inner\" style=\"position: relative;\"><div class=\"bauer-icon icon-712537000 accent custom\"  data-background=\"\">\r\n\t\t\t\t<span class=\"icon\" style=\"font-size:50px;width:50px;height:50px;border-style:solid;line-height:50px;\"><i class=\"bauerico-barrel\"><\/i><\/span>\r\n\t\t\t<\/div> <h3 class=\"heading \" style=\"font-size:20px;line-height:24px;margin-top:22px;margin-bottom:12px;\">\r\n\t\t\t<span>Ducting<\/span>\r\n\t\t<\/h3><div class=\"desc\" style=\"\"><p>This area delivers the control you want over all critical aspects of your project.<\/p>\n<\/div> <div class=\"hover\" style=\"border-radius:5px;background-color:#000000;\"><\/div><\/div><\/div>\r\n\t<div class=\"bauer-spacer clearfix\" data-desktop=\"0\" data-mobi=\"30\" data-smobi=\"30\"><\/div>[\/vc_column_inner][\/vc_row_inner]\r\n\t<div class=\"bauer-spacer clearfix\" data-desktop=\"60\" data-mobi=\"40\" data-smobi=\"40\"><\/div>[\/vc_column][\/vc_row][vc_row][vc_column width=&#8221;1\/3&#8243; el_class=&#8221;img-border&#8221;]<div class=\"bauer-simple-image text-center\" style=\"\" >\r\n\t\t\t<img decoding=\"async\" alt=\"image\" src=\"https:\/\/bioscanltd.com\/wp-content\/uploads\/2020\/06\/partner-bottom.jpg\" title=\"\"> \r\n\t\t<\/div>[\/vc_column][vc_column width=&#8221;2\/3&#8243;]<div class=\"bauer-text clearfix \" style=\"margin-bottom:30px;\"><p>L\u2019industrie agro-alimentaire se concentrant davantage sur les services d\u2019inspection et de r\u00e9paration, le partenariat de RELCO LLC &amp; <a href=\"https:\/\/bioscanltd.com\/?lang=fr\">Bioscan<\/a> garantira que les exigences de l\u2019industrie en termes d\u2019audits seront satisfaites.<\/p>\n<p>En offrant conjointement la derni\u00e8re technologie d\u2019inspection sans colorant capable de d\u00e9tecter \u00e9lectroniquement les d\u00e9fauts, les fabricants de produits alimentaires et de boissons seront d\u00e9sormais en mesure de recevoir en toute s\u00e9curit\u00e9 et avec pr\u00e9cision des services d\u2019inspection et de r\u00e9paration sans avoir \u00e0 introduire de colorants ou de produits chimiques dans leurs zones de production.<\/p>\n<\/div>[\/vc_column][vc_column]<div class=\"bauer-text clearfix \" style=\"margin-bottom:30px;\"><p>Nos clients sont d\u00e9sormais en mesure de r\u00e9duire consid\u00e9rablement le temps d\u2019arr\u00eat requis pour les services d\u2019inspection et de r\u00e9paration et d\u2019augmenter la productivit\u00e9 globale. Gr\u00e2ce \u00e0 l\u2019expertise de Bioscan en mati\u00e8re d\u2019inspection et aux vastes connaissances de RELCO en mati\u00e8re de r\u00e9paration et de fabrication, les fabricants de l\u2019industrie agro-alimentaire b\u00e9n\u00e9ficient du service d\u2019inspection et de r\u00e9paration le plus professionnel et le plus fiable actuellement disponible.<\/p>\n<p>Nos deux entreprises estiment que cet objectif sera atteint en assurant un service efficace et de qualit\u00e9, tandis que l\u2019attention port\u00e9e \u00e0 la s\u00e9curit\u00e9 de notre personnel et de l\u2019usine du client est d\u2019importance \u00e9gale. En reconnaissant et comprenant les besoins des inspections de nos clients sur une base annuelle, nous rendons claire les op\u00e9rations et les demandes de nos clients.<\/p>\n<\/div><div class=\"bauer-text clearfix \" style=\"margin-bottom:30px;\"><p style=\"text-align: center;\">Vous pouvez \u00e9galement contacter directement Nathan Rud \u00e0 <a href=\"mailto:nathan.rud@kss-sep.com\">nathan.rud@kss-sep.com <\/a>ou nous contacter \u00e0 <a href=\"mailto:sales@bioscanltd.co.uk.\">sales@bioscanltd.co.uk.<\/a><\/p>\n<\/div>[\/vc_column][\/vc_row][vc_row css=&#8221;.vc_custom_1592053919442{background-image: url(https:\/\/bioscanltd.com\/wp-content\/uploads\/2019\/05\/handy-bg-4.png?id=8932) !important;background-position: center !important;background-repeat: no-repeat !important;background-size: cover !important;}&#8221; el_class=&#8221;relco-website-section&#8221;][vc_column]\r\n\t<div class=\"bauer-spacer clearfix\" data-desktop=\"100\" data-mobi=\"60\" data-smobi=\"60\"><\/div><div class=\"bauer-content-box clearfix \" data-padding=\"22px 100px 22px 100px\" data-mobipadding=\"22px 50px 22px 50px\" data-margin=\"-75px 0px 0px 0px\" data-mobimargin=\"-75px 0px 0px 0px\" >\r\n\t\t<div class=\"inner ctb-241850153\" style=\"background-size:cover;\"  data-background=\"#9ecb26\" data-rounded=\"10px\">\r\n\t\t\t<div class=\"bauer-action-box \" style=\"\">\r\n\t\t<div class=\"inner\">\r\n\t\t<div class=\"heading-wrap \">\r\n\t\t\t<div class=\"text-wrap\" style=\"\">\r\n\t\t\t\t<h2 class=\"heading\" style=\"font-weight:400;color:#ffffff;font-size:28px;line-height:40px;\">\r\n\t\t\t\t\tPour en savoir plus sur RELCO, cliquez sur le lien :\r\n\t\t\t\t<\/h2>\r\n\t\t\t<\/div>\r\n\t\t<\/div><div class=\"url-wrap\" style=\"\">\r\n\t\t\t<a target=\"yes\" class=\"bauer-button big btn-1509489185 custom\" href=\"https:\/\/relco.net\/\" style=\"border-radius:30px;\" data-text=\"#000000\" data-background=\"#ffffff\" data-text-hover=\"#ffffff\" data-background-hover=\"#000000\" rel=\"noopener\"><span>Site internet &#039;de RELCO<\/span><\/a>\r\n\t\t<\/div><\/div>\r\n\t<\/div>\r\n\t\t<\/div>\r\n\t<\/div>[\/vc_column][\/vc_row]<\/p>\n<\/section>","protected":false},"excerpt":{"rendered":"<p>[vc_row css=&#8221;.vc_custom_1590563651840{background-image: url(https:\/\/bioscanltd.com\/wp-content\/uploads\/2019\/05\/main-bg-1.png?id=8860) !important;background-position: center !important;background-repeat: no-repeat !important;background-size: cover !important;}&#8221; el_id=&#8221;first-row&#8221;][vc_column][vc_row_inner][vc_column_inner width=&#8221;2\/3&#8243;][\/vc_column_inner][vc_column_inner width=&#8221;1\/3&#8243;][\/vc_column_inner][\/vc_row_inner][\/vc_column][\/vc_row][vc_row disable_element=&#8221;yes&#8221; css=&#8221;.vc_custom_1592571536634{background-image: url(https:\/\/bioscanltd.com\/wp-content\/uploads\/2019\/05\/section-bg1-1.png?id=7977) !important;background-position: center !important;background-repeat: no-repeat !important;background-size: cover !important;}&#8221;][vc_column][vc_row_inner][vc_column_inner width=&#8221;1\/4&#8243;][\/vc_column_inner][vc_column_inner width=&#8221;1\/4&#8243;][\/vc_column_inner][vc_column_inner width=&#8221;1\/4&#8243;][\/vc_column_inner][vc_column_inner width=&#8221;1\/4&#8243;][\/vc_column_inner][\/vc_row_inner][\/vc_column][\/vc_row][vc_row][vc_column width=&#8221;1\/3&#8243; el_class=&#8221;img-border&#8221;][\/vc_column][vc_column width=&#8221;2\/3&#8243;][\/vc_column][vc_column][\/vc_column][\/vc_row][vc_row css=&#8221;.vc_custom_1592053919442{background-image: url(https:\/\/bioscanltd.com\/wp-content\/uploads\/2019\/05\/handy-bg-4.png?id=8932) !important;background-position: center !important;background-repeat: no-repeat !important;background-size: cover !important;}&#8221; el_class=&#8221;relco-website-section&#8221;][vc_column][\/vc_column][\/vc_row]<\/p>\n","protected":false},"author":8,"featured_media":0,"parent":0,"menu_order":0,"comment_status":"closed","ping_status":"closed","template":"","meta":{"_acf_changed":false,"_monsterinsights_skip_tracking":false,"_monsterinsights_sitenote_active":false,"_monsterinsights_sitenote_note":"","_monsterinsights_sitenote_category":0,"footnotes":""},"class_list":["post-10902","page","type-page","status-publish","hentry"],"acf":[],"rttpg_featured_image_url":null,"rttpg_author":{"display_name":"Samuel Peppin - Managing Director at Bioscan Ltd","author_link":"https:\/\/bioscanltd.com\/fr\/author\/samuel-peppin-managing-director-at-bioscan-ltd\/"},"rttpg_comment":0,"rttpg_category":" <a href=\"https:\/\/bioscanltd.com\/fr\/?taxonomy=translation_priority&#038;term=facultatif\" rel=\"tag\">Facultatif<\/a>","rttpg_excerpt":"[vc_row css=&#8221;.vc_custom_1590563651840{background-image: url(https:\/\/bioscanltd.com\/wp-content\/uploads\/2019\/05\/main-bg-1.png?id=8860) !important;background-position: center !important;background-repeat: no-repeat !important;background-size: cover !important;}&#8221; el_id=&#8221;first-row&#8221;][vc_column][vc_row_inner][vc_column_inner width=&#8221;2\/3&#8243;][\/vc_column_inner][vc_column_inner width=&#8221;1\/3&#8243;][\/vc_column_inner][\/vc_row_inner][\/vc_column][\/vc_row][vc_row disable_element=&#8221;yes&#8221; css=&#8221;.vc_custom_1592571536634{background-image: url(https:\/\/bioscanltd.com\/wp-content\/uploads\/2019\/05\/section-bg1-1.png?id=7977) !important;background-position: center !important;background-repeat: no-repeat !important;background-size: cover !important;}&#8221;][vc_column][vc_row_inner][vc_column_inner width=&#8221;1\/4&#8243;][\/vc_column_inner][vc_column_inner width=&#8221;1\/4&#8243;][\/vc_column_inner][vc_column_inner width=&#8221;1\/4&#8243;][\/vc_column_inner][vc_column_inner width=&#8221;1\/4&#8243;][\/vc_column_inner][\/vc_row_inner][\/vc_column][\/vc_row][vc_row][vc_column width=&#8221;1\/3&#8243; el_class=&#8221;img-border&#8221;][\/vc_column][vc_column width=&#8221;2\/3&#8243;][\/vc_column][vc_column][\/vc_column][\/vc_row][vc_row css=&#8221;.vc_custom_1592053919442{background-image: url(https:\/\/bioscanltd.com\/wp-content\/uploads\/2019\/05\/handy-bg-4.png?id=8932) !important;background-position: center !important;background-repeat: no-repeat !important;background-size: cover !important;}&#8221; el_class=&#8221;relco-website-section&#8221;][vc_column][\/vc_column][\/vc_row]","_links":{"self":[{"href":"https:\/\/bioscanltd.com\/fr\/wp-json\/wp\/v2\/pages\/10902","targetHints":{"allow":["GET"]}}],"collection":[{"href":"https:\/\/bioscanltd.com\/fr\/wp-json\/wp\/v2\/pages"}],"about":[{"href":"https:\/\/bioscanltd.com\/fr\/wp-json\/wp\/v2\/types\/page"}],"author":[{"embeddable":true,"href":"https:\/\/bioscanltd.com\/fr\/wp-json\/wp\/v2\/users\/8"}],"replies":[{"embeddable":true,"href":"https:\/\/bioscanltd.com\/fr\/wp-json\/wp\/v2\/comments?post=10902"}],"version-history":[{"count":5,"href":"https:\/\/bioscanltd.com\/fr\/wp-json\/wp\/v2\/pages\/10902\/revisions"}],"predecessor-version":[{"id":13407,"href":"https:\/\/bioscanltd.com\/fr\/wp-json\/wp\/v2\/pages\/10902\/revisions\/13407"}],"wp:attachment":[{"href":"https:\/\/bioscanltd.com\/fr\/wp-json\/wp\/v2\/media?parent=10902"}],"curies":[{"name":"wp","href":"https:\/\/api.w.org\/{rel}","templated":true}]}}