{"id":10909,"date":"2021-04-26T12:57:43","date_gmt":"2021-04-26T12:57:43","guid":{"rendered":"https:\/\/bioscanltd.com\/partenaires-cmt\/"},"modified":"2021-05-05T05:24:45","modified_gmt":"2021-05-05T05:24:45","slug":"cmt-atomizers","status":"publish","type":"page","link":"https:\/\/bioscanltd.com\/fr\/cmt-atomizers\/","title":{"rendered":"CMT Atomizers"},"content":{"rendered":"<section class=\"wpb-content-wrapper\"><p>[vc_row css=&#8221;.vc_custom_1590563651840{background-image: url(https:\/\/bioscanltd.com\/wp-content\/uploads\/2019\/05\/main-bg-1.png?id=8860) !important;background-position: center !important;background-repeat: no-repeat !important;background-size: cover !important;}&#8221; el_id=&#8221;first-row&#8221;][vc_column][vc_row_inner][vc_column_inner width=&#8221;2\/3&#8243;]<h2 class=\"bauer-text clearfix \" style=\"font-size:42px;line-height:50px;margin-bottom:32px;\"><p><span class=\"font-weight-300\">Bioscan est ravi d\u2019annoncer son partenariat avec CMT Atomizers pour promouvoir conjointement les services de chacun aupr\u00e8s des clients existants. Nous pensons que les deux entreprises en b\u00e9n\u00e9ficieront grandement.<\/span><\/p>\n<\/h2><div class=\"bauer-text clearfix \" style=\"margin-bottom:30px;\"><p>CMT Atomizers est le premier producteur mondial d&#8217;atomiseurs rotatifs haute performance pour les applications de tours de s\u00e9chage dans de nombreuses industries. CMT Atomizers propose \u00e9galement des atomiseurs de remplacement complets ainsi que des pi\u00e8ces de rechange de haute qualit\u00e9 et un service apr\u00e8s-vente. <a href=\"https:\/\/www.cmtatomizers.com\/en\/index.aspx\" rel=\"noopener noreferrer\" target=\"_blank\">https:\/\/www.cmtatomizers.com\/en\/index.aspx<\/a><\/p>\n<p>Ce partenariat aidera CMT Atomizers et Bioscan dans leur croissance continue pour fournir des services et des produits aux clients du monde entier.<\/p>\n<\/div>[\/vc_column_inner][vc_column_inner width=&#8221;1\/3&#8243;]<div class=\"bauer-simple-image text-center\" style=\"\" >\r\n\t\t\t<img decoding=\"async\" alt=\"image\" src=\"https:\/\/bioscanltd.com\/wp-content\/uploads\/2020\/06\/Partner-CMT.png\" title=\"\"> \r\n\t\t<\/div>[\/vc_column_inner][\/vc_row_inner]\r\n\t<div class=\"bauer-spacer clearfix\" data-desktop=\"20\" data-mobi=\"20\" data-smobi=\"20\"><\/div>[\/vc_column][\/vc_row][vc_row css=&#8221;.vc_custom_1592574305889{background-image: url(https:\/\/bioscanltd.com\/wp-content\/uploads\/2019\/05\/handy-bg-4.png?id=8932) !important;background-position: center !important;background-repeat: no-repeat !important;background-size: cover !important;}&#8221; el_class=&#8221;cmt-website-section&#8221;][vc_column]\r\n\t<div class=\"bauer-spacer clearfix\" data-desktop=\"100\" data-mobi=\"60\" data-smobi=\"60\"><\/div><div class=\"bauer-content-box clearfix \" data-padding=\"20px\" data-mobipadding=\"20px\" data-margin=\"-75px 0px 0px 0px\" data-mobimargin=\"-75px 0px 0px 0px\" >\r\n\t\t<div class=\"inner ctb-157720769\" style=\"background-size:cover;\"  data-background=\"#9ecb26\" data-rounded=\"10px\">\r\n\t\t\t<div class=\"bauer-action-box \" style=\"\">\r\n\t\t<div class=\"inner\">\r\n\t\t<div class=\"heading-wrap \">\r\n\t\t\t<div class=\"text-wrap\" style=\"\">\r\n\t\t\t\t<h2 class=\"heading\" style=\"font-weight:400;color:#ffffff;font-size:28px;line-height:40px;\">\r\n\t\t\t\t\tPour en savoir plus sur CMT Atomizers, cliquez sur le lien :\r\n\t\t\t\t<\/h2>\r\n\t\t\t<\/div>\r\n\t\t<\/div><div class=\"url-wrap\" style=\"\">\r\n\t\t\t<a target=\"yes\" class=\"bauer-button big btn-2116670376 custom\" href=\"https:\/\/www.cmtatomizers.com\/en\/index.aspx\" style=\"border-radius:30px;\" data-text=\"#000000\" data-background=\"#ffffff\" data-text-hover=\"#ffffff\" data-background-hover=\"#000000\" rel=\"noopener\"><span>Site Internet CMT Atomizers<\/span><\/a>\r\n\t\t<\/div><\/div>\r\n\t<\/div>\r\n\t\t<\/div>\r\n\t<\/div>[\/vc_column][\/vc_row]<\/p>\n<\/section>","protected":false},"excerpt":{"rendered":"<p>[vc_row css=&#8221;.vc_custom_1590563651840{background-image: url(https:\/\/bioscanltd.com\/wp-content\/uploads\/2019\/05\/main-bg-1.png?id=8860) !important;background-position: center !important;background-repeat: no-repeat !important;background-size: cover !important;}&#8221; el_id=&#8221;first-row&#8221;][vc_column][vc_row_inner][vc_column_inner width=&#8221;2\/3&#8243;][\/vc_column_inner][vc_column_inner width=&#8221;1\/3&#8243;][\/vc_column_inner][\/vc_row_inner][\/vc_column][\/vc_row][vc_row css=&#8221;.vc_custom_1592574305889{background-image: url(https:\/\/bioscanltd.com\/wp-content\/uploads\/2019\/05\/handy-bg-4.png?id=8932) !important;background-position: center !important;background-repeat: no-repeat !important;background-size: cover !important;}&#8221; el_class=&#8221;cmt-website-section&#8221;][vc_column][\/vc_column][\/vc_row]<\/p>\n","protected":false},"author":8,"featured_media":0,"parent":0,"menu_order":0,"comment_status":"closed","ping_status":"closed","template":"","meta":{"_acf_changed":false,"_monsterinsights_skip_tracking":false,"_monsterinsights_sitenote_active":false,"_monsterinsights_sitenote_note":"","_monsterinsights_sitenote_category":0,"footnotes":""},"class_list":["post-10909","page","type-page","status-publish","hentry"],"acf":[],"rttpg_featured_image_url":null,"rttpg_author":{"display_name":"Samuel Peppin - Managing Director at Bioscan Ltd","author_link":"https:\/\/bioscanltd.com\/fr\/author\/samuel-peppin-managing-director-at-bioscan-ltd\/"},"rttpg_comment":0,"rttpg_category":" <a href=\"https:\/\/bioscanltd.com\/fr\/?taxonomy=translation_priority&#038;term=facultatif\" rel=\"tag\">Facultatif<\/a>","rttpg_excerpt":"[vc_row css=&#8221;.vc_custom_1590563651840{background-image: url(https:\/\/bioscanltd.com\/wp-content\/uploads\/2019\/05\/main-bg-1.png?id=8860) !important;background-position: center !important;background-repeat: no-repeat !important;background-size: cover !important;}&#8221; el_id=&#8221;first-row&#8221;][vc_column][vc_row_inner][vc_column_inner width=&#8221;2\/3&#8243;][\/vc_column_inner][vc_column_inner width=&#8221;1\/3&#8243;][\/vc_column_inner][\/vc_row_inner][\/vc_column][\/vc_row][vc_row css=&#8221;.vc_custom_1592574305889{background-image: url(https:\/\/bioscanltd.com\/wp-content\/uploads\/2019\/05\/handy-bg-4.png?id=8932) !important;background-position: center !important;background-repeat: no-repeat !important;background-size: cover !important;}&#8221; el_class=&#8221;cmt-website-section&#8221;][vc_column][\/vc_column][\/vc_row]","_links":{"self":[{"href":"https:\/\/bioscanltd.com\/fr\/wp-json\/wp\/v2\/pages\/10909","targetHints":{"allow":["GET"]}}],"collection":[{"href":"https:\/\/bioscanltd.com\/fr\/wp-json\/wp\/v2\/pages"}],"about":[{"href":"https:\/\/bioscanltd.com\/fr\/wp-json\/wp\/v2\/types\/page"}],"author":[{"embeddable":true,"href":"https:\/\/bioscanltd.com\/fr\/wp-json\/wp\/v2\/users\/8"}],"replies":[{"embeddable":true,"href":"https:\/\/bioscanltd.com\/fr\/wp-json\/wp\/v2\/comments?post=10909"}],"version-history":[{"count":0,"href":"https:\/\/bioscanltd.com\/fr\/wp-json\/wp\/v2\/pages\/10909\/revisions"}],"wp:attachment":[{"href":"https:\/\/bioscanltd.com\/fr\/wp-json\/wp\/v2\/media?parent=10909"}],"curies":[{"name":"wp","href":"https:\/\/api.w.org\/{rel}","templated":true}]}}