{"id":12984,"date":"2024-12-12T12:30:49","date_gmt":"2024-12-12T12:30:49","guid":{"rendered":"https:\/\/bioscanltd.com\/?page_id=12984"},"modified":"2024-12-17T07:38:32","modified_gmt":"2024-12-17T07:38:32","slug":"tests-dintegrite-des-echangeurs-de-chaleur","status":"publish","type":"page","link":"https:\/\/bioscanltd.com\/fr\/services\/tests-dintegrite-des-echangeurs-de-chaleur\/","title":{"rendered":"Tests d\u2019int\u00e9grit\u00e9 des \u00e9changeurs de chaleur"},"content":{"rendered":"<section class=\"wpb-content-wrapper\"><p>[vc_row][vc_column][vc_row_inner][vc_column_inner width=&#8221;1\/2&#8243;]<h2 class=\"bauer-text clearfix \" style=\"\"><p>Pourquoi effectuer des tests d&#8217;int\u00e9grit\u00e9 sur des \u00e9changeurs de chaleur\u00a0?<\/p>\n<\/h2><div class=\"bauer-text clearfix \" style=\"\"><p>Les pasteurisateurs et les \u00e9changeurs de chaleur sont reconnus comme des Syst\u00e8mes despoints de contr\u00f4le critiques pour l&#8217;analyse des risques (HACCP). Un \u00e9changeur de chaleur subit d\u2019\u00e9normes contraintes thermiques et m\u00e9caniques pendant la p\u00e9riode d\u2019exploitation normale.<\/p>\n<p>Un risque de contamination crois\u00e9e du produit est possible si les plaques\/tubes d\u00e9veloppent des d\u00e9fauts. Il peut s&#8217;agir de fissures, de microfissures, de piq\u00fbres ou de piq\u00fbres de corrosion.<\/p>\n<p>Les sources de contamination crois\u00e9e se trouvent souvent au niveau des circuits de service \u2013 refroidissement ou chauffage. Les circuits de glycol et d\u2019eau glac\u00e9e sont d\u2019ailleurs la source la plus courante de contamination microbiologique.<\/p>\n<p>Le d\u00e9montage et l&#8217;ouverture des \u00e9changeurs thermiques prenant du temps et \u00e9tant co\u00fbteux, la meilleure solution consiste \u00e0 effectuer r\u00e9guli\u00e8rement des tests d&#8217;int\u00e9grit\u00e9. Ce n&#8217;est qu&#8217;apr\u00e8s, si une unit\u00e9 \u00e9choue \u00e0 un test, qu&#8217;un service d\u2019ouverture de l\u2019\u00e9changeur thermique est requis.<\/p>\n<p>Les techniciens de Bioscan LTD ont plus d\u2019une dizaine d\u2019ann\u00e9es d&#8217;exp\u00e9rience dans le domaine, ce qui garantit que nous pouvons proposons des services de tests d&#8217;int\u00e9grit\u00e9 en mettant l&#8217;accent sur les principes suivants\u00a0:<\/p>\n<ul>\n<li style=\"font-weight: 400;\" aria-level=\"1\">Aucun r\u00e9sidu chimique apr\u00e8s test,<\/li>\n<li style=\"font-weight: 400;\" aria-level=\"1\"><span style=\"font-weight: 400;\">Temps d&#8217;arr\u00eat minimal,<\/span><\/li>\n<li style=\"font-weight: 400;\" aria-level=\"1\"><span style=\"font-weight: 400;\">Mat\u00e9riel d&#8217;essai adapt\u00e9 au transport a\u00e9rien.<\/span><\/li>\n<\/ul>\n<\/div>[\/vc_column_inner][vc_column_inner width=&#8221;1\/2&#8243;]<div class=\"bauer-simple-image text-center\" style=\"\" >\r\n\t\t\t<img decoding=\"async\" alt=\"image\" src=\"https:\/\/bioscanltd.com\/wp-content\/uploads\/Test-setup-1.webp\" title=\"\"> \r\n\t\t<\/div>[\/vc_column_inner][\/vc_row_inner]\r\n\t<div class=\"bauer-spacer clearfix\" data-desktop=\"30\" data-mobi=\"20\" data-smobi=\"20\"><\/div>[vc_row_inner][vc_column_inner][vc_column_text]<\/p>\n<div class=\"custom-cta\">\n<h2>Vous recherchez des services d\u2019inspection de s\u00e9choir par pulv\u00e9risation\u00a0?<\/h2>\n<p>Laissez votre demande de devis et notre expert vous contactera prochainement.<\/p>\n<p><a class=\"btn btn-outline cta-btn\" href=\"https:\/\/bioscanltd.com\/contact\/?lang=fr\" target=\"_blank\" rel=\"noopener\">Obtenez un devis<\/a><\/p>\n<\/div>\n<p>[\/vc_column_text][\/vc_column_inner][\/vc_row_inner][vc_row_inner][vc_column_inner]\r\n\t<div class=\"bauer-spacer clearfix\" data-desktop=\"100\" data-mobi=\"60\" data-smobi=\"60\"><\/div>[\/vc_column_inner][\/vc_row_inner][\/vc_column][\/vc_row][vc_row css=&#8221;.vc_custom_1734007285580{background: #f7f9fa url(https:\/\/bioscanltd.com\/wp-content\/uploads\/cons2-bg-2.png?id=12957) !important;}&#8221;][vc_column]\r\n\t<div class=\"bauer-spacer clearfix\" data-desktop=\"94\" data-mobi=\"60\" data-smobi=\"60\"><\/div>[vc_row_inner][vc_column_inner width=&#8221;1\/2&#8243;]<div class=\"bauer-simple-image text-center\" style=\"\" >\r\n\t\t\t<img decoding=\"async\" alt=\"image\" src=\"https:\/\/bioscanltd.com\/wp-content\/uploads\/Test-setup-2-scaled-1.webp\" title=\"\"> \r\n\t\t<\/div>[\/vc_column_inner][vc_column_inner width=&#8221;1\/2&#8243;]<h2 class=\"bauer-text clearfix \" style=\"\"><p>Proc\u00e9dure d&#8217;inspection Bioscan pour l&#8217;int\u00e9grit\u00e9 d&#8217;\u00e9changeur de chaleur<\/p>\n<\/h2>[vc_column_text]Bioscan propose une m\u00e9thode de test utilisant l&#8217;hydrog\u00e8ne comme gaz traceur. Compte tenu de la taille et de l\u2019agilit\u00e9 de la mol\u00e9cule d\u2019hydrog\u00e8ne, cela en fait le gaz id\u00e9al pour p\u00e9n\u00e9trer et d\u00e9tecter les plus petites microfissures et m\u00eame les zones affaiblies de l\u2019acier inoxydable o\u00f9 la fissuration se d\u00e9veloppera.[\/vc_column_text][\/vc_column_inner][\/vc_row_inner]\r\n\t<div class=\"bauer-spacer clearfix\" data-desktop=\"94\" data-mobi=\"60\" data-smobi=\"60\"><\/div><div class=\"bauer-text clearfix \" style=\"\"><p>La proc\u00e9dure de test de Bioscan est la suivante\u00a0:<\/p>\n<ul>\n<li style=\"font-weight: 400;\" aria-level=\"1\"><span style=\"font-weight: 400;\">Les tests commencent par la mise sous pression du c\u00f4t\u00e9 service (refroidissement\/chauffage) de la section avec du gaz trace.<\/span><\/li>\n<li style=\"font-weight: 400;\" aria-level=\"1\"><span style=\"font-weight: 400;\">C\u00f4t\u00e9 produit, un d\u00e9bit d&#8217;air constant est \u00e9tabli en boucle ferm\u00e9e via une pompe \u00e0 membrane.<\/span><\/li>\n<li style=\"font-weight: 400;\" aria-level=\"1\"><span style=\"font-weight: 400;\">La concentration d&#8217;hydrog\u00e8ne est surveill\u00e9e c\u00f4t\u00e9 produit.<\/span><\/li>\n<li style=\"font-weight: 400;\" aria-level=\"1\"><span style=\"font-weight: 400;\">Les valeurs mesur\u00e9es sont enregistr\u00e9es et analys\u00e9es pour d\u00e9terminer les r\u00e9sultats <\/span><\/li>\n<li style=\"font-weight: 400;\" aria-level=\"1\"><span style=\"font-weight: 400;\">Les r\u00e9sultats sont class\u00e9s comme suit\u00a0: R\u00c9USSITE, R\u00c9USSITE TEMPORAIRE ou \u00c9CHEC.<\/span><\/li>\n<\/ul>\n<p>Nous avons \u00e9galement d\u00e9velopp\u00e9 notre propre logiciel unique de contr\u00f4le et d&#8217;enregistrement des donn\u00e9es. Apr\u00e8s chaque mesure, un rapport automatique est g\u00e9n\u00e9r\u00e9 et chaque mesure poss\u00e8de son propre num\u00e9ro de test unique.<\/p>\n<p>En utilisant le gaz traceur largement disponible et les meilleurs capteurs du march\u00e9, <a href=\"https:\/\/bioscanltd.com\/?lang=fr\">Bioscan<\/a> peut fournir un service incontournable.<\/p>\n<\/div>\r\n\t<div class=\"bauer-spacer clearfix\" data-desktop=\"94\" data-mobi=\"60\" data-smobi=\"60\"><\/div>[\/vc_column][\/vc_row]<\/p>\n<\/section>","protected":false},"excerpt":{"rendered":"<p>[vc_row][vc_column][vc_row_inner][vc_column_inner width=&#8221;1\/2&#8243;][\/vc_column_inner][vc_column_inner width=&#8221;1\/2&#8243;][\/vc_column_inner][\/vc_row_inner][vc_row_inner][vc_column_inner][vc_column_text] Vous recherchez des services d\u2019inspection de s\u00e9choir par pulv\u00e9risation\u00a0? Laissez votre demande de devis et notre expert vous contactera prochainement. Obtenez un devis [\/vc_column_text][\/vc_column_inner][\/vc_row_inner][vc_row_inner][vc_column_inner][\/vc_column_inner][\/vc_row_inner][\/vc_column][\/vc_row][vc_row css=&#8221;.vc_custom_1734007285580{background: #f7f9fa url(https:\/\/bioscanltd.com\/wp-content\/uploads\/cons2-bg-2.png?id=12957) !important;}&#8221;][vc_column][vc_row_inner][vc_column_inner width=&#8221;1\/2&#8243;][\/vc_column_inner][vc_column_inner width=&#8221;1\/2&#8243;][vc_column_text]Bioscan propose une m\u00e9thode de test utilisant l&#8217;hydrog\u00e8ne comme gaz traceur. Compte tenu de la taille et de<\/p>\n","protected":false},"author":8,"featured_media":0,"parent":10890,"menu_order":0,"comment_status":"closed","ping_status":"closed","template":"","meta":{"_acf_changed":false,"_monsterinsights_skip_tracking":false,"_monsterinsights_sitenote_active":false,"_monsterinsights_sitenote_note":"","_monsterinsights_sitenote_category":0,"footnotes":""},"class_list":["post-12984","page","type-page","status-publish","hentry"],"acf":[],"rttpg_featured_image_url":null,"rttpg_author":{"display_name":"Samuel Peppin - Managing Director at Bioscan Ltd","author_link":"https:\/\/bioscanltd.com\/fr\/author\/samuel-peppin-managing-director-at-bioscan-ltd\/"},"rttpg_comment":0,"rttpg_category":" <a href=\"https:\/\/bioscanltd.com\/fr\/?taxonomy=translation_priority&#038;term=facultatif\" rel=\"tag\">Facultatif<\/a>","rttpg_excerpt":"[vc_row][vc_column][vc_row_inner][vc_column_inner width=&#8221;1\/2&#8243;][\/vc_column_inner][vc_column_inner width=&#8221;1\/2&#8243;][\/vc_column_inner][\/vc_row_inner][vc_row_inner][vc_column_inner][vc_column_text] Vous recherchez des services d\u2019inspection de s\u00e9choir par pulv\u00e9risation\u00a0? Laissez votre demande de devis et notre expert vous contactera prochainement. Obtenez un devis [\/vc_column_text][\/vc_column_inner][\/vc_row_inner][vc_row_inner][vc_column_inner][\/vc_column_inner][\/vc_row_inner][\/vc_column][\/vc_row][vc_row css=&#8221;.vc_custom_1734007285580{background: #f7f9fa url(https:\/\/bioscanltd.com\/wp-content\/uploads\/cons2-bg-2.png?id=12957) !important;}&#8221;][vc_column][vc_row_inner][vc_column_inner width=&#8221;1\/2&#8243;][\/vc_column_inner][vc_column_inner width=&#8221;1\/2&#8243;][vc_column_text]Bioscan propose une m\u00e9thode de test utilisant l&#8217;hydrog\u00e8ne comme gaz traceur. Compte tenu de la taille et de","_links":{"self":[{"href":"https:\/\/bioscanltd.com\/fr\/wp-json\/wp\/v2\/pages\/12984","targetHints":{"allow":["GET"]}}],"collection":[{"href":"https:\/\/bioscanltd.com\/fr\/wp-json\/wp\/v2\/pages"}],"about":[{"href":"https:\/\/bioscanltd.com\/fr\/wp-json\/wp\/v2\/types\/page"}],"author":[{"embeddable":true,"href":"https:\/\/bioscanltd.com\/fr\/wp-json\/wp\/v2\/users\/8"}],"replies":[{"embeddable":true,"href":"https:\/\/bioscanltd.com\/fr\/wp-json\/wp\/v2\/comments?post=12984"}],"version-history":[{"count":5,"href":"https:\/\/bioscanltd.com\/fr\/wp-json\/wp\/v2\/pages\/12984\/revisions"}],"predecessor-version":[{"id":13403,"href":"https:\/\/bioscanltd.com\/fr\/wp-json\/wp\/v2\/pages\/12984\/revisions\/13403"}],"up":[{"embeddable":true,"href":"https:\/\/bioscanltd.com\/fr\/wp-json\/wp\/v2\/pages\/10890"}],"wp:attachment":[{"href":"https:\/\/bioscanltd.com\/fr\/wp-json\/wp\/v2\/media?parent=12984"}],"curies":[{"name":"wp","href":"https:\/\/api.w.org\/{rel}","templated":true}]}}