{"id":13024,"date":"2024-12-13T05:07:05","date_gmt":"2024-12-13T05:07:05","guid":{"rendered":"https:\/\/bioscanltd.com\/?page_id=13024"},"modified":"2024-12-18T06:08:53","modified_gmt":"2024-12-18T06:08:53","slug":"eclipse-tech","status":"publish","type":"page","link":"https:\/\/bioscanltd.com\/fr\/eclipse-tech\/","title":{"rendered":"Eclipse-Tech"},"content":{"rendered":"<section class=\"wpb-content-wrapper\"><p>[vc_row][vc_column][vc_row_inner][vc_column_inner width=&#8221;2\/3&#8243;]<h2 class=\"bauer-text clearfix \" style=\"font-weight:300;font-size:42px;line-height:50px;\"><p>Bioscan LTD et Eclipse-Tech se sont associ\u00e9s au Canada pour promouvoir exclusivement <a href=\"https:\/\/bioscanltd.com\/services\/spray-dryer-testing-inspection\/\">les inspections d\u2019int\u00e9grit\u00e9<\/a>et les r\u00e9parations pour les clients de l&#8217;industrie alimentaire, pharmaceutique et des boissons.<\/p>\n<\/h2><div class=\"bauer-text clearfix \" style=\"\"><p>Eclipse-Tech poss\u00e8de plus de 15 ans d&#8217;exp\u00e9rience dans la provision de services d&#8217;ing\u00e9nierie pour contribuer au succ\u00e8s continu des entreprises canadiennes dans divers secteurs.<\/p>\n<p>Eclipse-Tech croit fermement qu&#8217;\u00e0 travers des relations commerciales bas\u00e9es sur le progr\u00e8s, l&#8217;innovation et la confiance, ils ont le pouvoir de vous aider \u00e0 transformer votre entreprise, \u00e0 maximiser vos ressources et \u00e0 am\u00e9liorer, une \u00e9tape \u00e0 la fois, l&#8217;avenir dans lequel vous vous dirigez.<\/p>\n<\/div>[\/vc_column_inner][vc_column_inner width=&#8221;1\/3&#8243;]<div class=\"bauer-simple-image text-center\" style=\"\" >\r\n\t\t\t<img decoding=\"async\" alt=\"image\" src=\"https:\/\/bioscanltd.com\/wp-content\/uploads\/Eclipse-Tech-2.webp\" title=\"\"> \r\n\t\t<\/div>[\/vc_column_inner][\/vc_row_inner][\/vc_column][\/vc_row][vc_row][vc_column width=&#8221;1\/3&#8243;]<div class=\"bauer-images-carousel  arrow-center has-arrows\" data-auto=\"false\" data-loop=\"false\" data-gap=\"30\" data-column=\"1\" data-column2=\"1\" data-column3=\"1\">\r\n        <div class=\"owl-carousel owl-theme\"><div class=\"item-wrap\"><img decoding=\"async\" src=\"https:\/\/bioscanltd.com\/wp-content\/uploads\/Granby-chamber-repair-using-gantry.webp\" alt=\"Image\" title=\"\"><\/div><div class=\"item-wrap\"><img decoding=\"async\" src=\"https:\/\/bioscanltd.com\/wp-content\/uploads\/Granby-chamber-inspection-2-599x600-1.webp\" alt=\"Image\" title=\"\"><\/div><\/div><\/div>[\/vc_column][vc_column width=&#8221;2\/3&#8243;]<div class=\"bauer-text clearfix \" style=\"\"><p>Selon les besoins du client, l\u2019\u00e9quipe multidisciplinaire d\u2019Eclipse-Tech offre une expertise in\u00e9gal\u00e9e en conception 3D, automatisation, contr\u00f4le, thermodynamique, conception de proc\u00e9d\u00e9s liquides, manutention, s\u00e9curit\u00e9 des machines et gestion de projet..<\/p>\n<p>Ils sauront guider les clients dans toutes les \u00e9tapes de la conception \u00e0 la r\u00e9alisation des projets. Ils vous assurent \u00e9galement le support technique le plus efficace, ainsi qu\u2019une disponibilit\u00e9 optimale.<\/p>\n<p>Gr\u00e2ce au partenariat entre Eclipse-Tech et <a href=\"https:\/\/bioscanltd.com\/?lang=fr\">Bioscan<\/a> au Canada, nous pouvons d\u00e9sormais conjointement proposer des services de contr\u00f4le d\u2019int\u00e9grit\u00e9 et de r\u00e9paration de pointe pour aider les clients \u00e0 obtenir des \u00e9valuations pr\u00e9cises de leurs \u00e9quipements et \u00e0 pr\u00e9voir la planification future de la gestion des actifs.<\/p>\n<p>Tout cela est r\u00e9alis\u00e9 en garantissant une r\u00e9duction des temps d&#8217;arr\u00eat, ce qui entra\u00eene une augmentation globale de la productivit\u00e9.<\/p>\n<\/div>[\/vc_column][\/vc_row][vc_row][vc_column]\r\n\t<div class=\"bauer-spacer clearfix\" data-desktop=\"20\" data-mobi=\"20\" data-smobi=\"20\"><\/div><div class=\"bauer-text clearfix \" style=\"\"><p>Pour plus d&#8217;informations sur la fa\u00e7on dont vous pouvez b\u00e9n\u00e9ficier de ces services au Canada, veuillez visiter <span><a href=\"https:\/\/www.eclipse-tech.ca\/\" target=\"_blank\" rel=\"noopener\"><u>https:\/\/www.eclipse-tech.ca\/<\/u><\/a><\/span>\u00a0ou contacter <span><a href=\"mailto:info@eclipse-tech.ca\"><u>info@eclipse-tech.ca<\/u><\/a><\/span><\/p>\n<\/div>[\/vc_column][\/vc_row]<\/p>\n<\/section>","protected":false},"excerpt":{"rendered":"<p>[vc_row][vc_column][vc_row_inner][vc_column_inner width=&#8221;2\/3&#8243;][\/vc_column_inner][vc_column_inner width=&#8221;1\/3&#8243;][\/vc_column_inner][\/vc_row_inner][\/vc_column][\/vc_row][vc_row][vc_column width=&#8221;1\/3&#8243;][\/vc_column][vc_column width=&#8221;2\/3&#8243;][\/vc_column][\/vc_row][vc_row][vc_column][\/vc_column][\/vc_row]<\/p>\n","protected":false},"author":8,"featured_media":0,"parent":0,"menu_order":0,"comment_status":"closed","ping_status":"closed","template":"","meta":{"_acf_changed":false,"_monsterinsights_skip_tracking":false,"_monsterinsights_sitenote_active":false,"_monsterinsights_sitenote_note":"","_monsterinsights_sitenote_category":0,"footnotes":""},"class_list":["post-13024","page","type-page","status-publish","hentry"],"acf":[],"rttpg_featured_image_url":null,"rttpg_author":{"display_name":"Samuel Peppin - Managing Director at Bioscan Ltd","author_link":"https:\/\/bioscanltd.com\/fr\/author\/samuel-peppin-managing-director-at-bioscan-ltd\/"},"rttpg_comment":0,"rttpg_category":" <a href=\"https:\/\/bioscanltd.com\/fr\/?taxonomy=translation_priority&#038;term=facultatif\" rel=\"tag\">Facultatif<\/a>","rttpg_excerpt":"[vc_row][vc_column][vc_row_inner][vc_column_inner width=&#8221;2\/3&#8243;][\/vc_column_inner][vc_column_inner width=&#8221;1\/3&#8243;][\/vc_column_inner][\/vc_row_inner][\/vc_column][\/vc_row][vc_row][vc_column width=&#8221;1\/3&#8243;][\/vc_column][vc_column width=&#8221;2\/3&#8243;][\/vc_column][\/vc_row][vc_row][vc_column][\/vc_column][\/vc_row]","_links":{"self":[{"href":"https:\/\/bioscanltd.com\/fr\/wp-json\/wp\/v2\/pages\/13024","targetHints":{"allow":["GET"]}}],"collection":[{"href":"https:\/\/bioscanltd.com\/fr\/wp-json\/wp\/v2\/pages"}],"about":[{"href":"https:\/\/bioscanltd.com\/fr\/wp-json\/wp\/v2\/types\/page"}],"author":[{"embeddable":true,"href":"https:\/\/bioscanltd.com\/fr\/wp-json\/wp\/v2\/users\/8"}],"replies":[{"embeddable":true,"href":"https:\/\/bioscanltd.com\/fr\/wp-json\/wp\/v2\/comments?post=13024"}],"version-history":[{"count":5,"href":"https:\/\/bioscanltd.com\/fr\/wp-json\/wp\/v2\/pages\/13024\/revisions"}],"predecessor-version":[{"id":13483,"href":"https:\/\/bioscanltd.com\/fr\/wp-json\/wp\/v2\/pages\/13024\/revisions\/13483"}],"wp:attachment":[{"href":"https:\/\/bioscanltd.com\/fr\/wp-json\/wp\/v2\/media?parent=13024"}],"curies":[{"name":"wp","href":"https:\/\/api.w.org\/{rel}","templated":true}]}}