{"id":14105,"date":"2026-02-06T13:01:05","date_gmt":"2026-02-06T13:01:05","guid":{"rendered":"https:\/\/bioscanltd.com\/services\/tour-de-sechage-2\/"},"modified":"2026-02-18T05:50:19","modified_gmt":"2026-02-18T05:50:19","slug":"tour-de-sechage","status":"publish","type":"page","link":"https:\/\/bioscanltd.com\/fr\/services\/tour-de-sechage\/","title":{"rendered":"Tour de s\u00e9chage"},"content":{"rendered":"<section class=\"wpb-content-wrapper\"><p>[vc_row][vc_column][vc_row_inner][vc_column_inner width=&#8221;1\/2&#8243;]<h2 class=\"bauer-text clearfix \" style=\"\"><p>Pourquoi r\u00e9aliser des inspections de fissures sur les tours de s\u00e9chage par atomisation ?<\/p>\n<\/h2><div class=\"bauer-text clearfix \" style=\"\"><p><span style=\"font-weight: 400;\">Garantir l\u2019efficacit\u00e9 op\u00e9rationnelle et la s\u00e9curit\u00e9 des produits est primordial dans tout environnement industriel. Dans ce contexte, il est important de souligner que toutes les tours de s\u00e9chage par atomisation, \u00e0 un moment donn\u00e9 de leur cycle de vie, d\u00e9veloppent des fissures et des d\u00e9fauts, soit au niveau des soudures en acier inoxydable, soit directement dans la t\u00f4le. <\/span><span style=\"font-weight: 400;\"> Cela est d\u00fb au fait que le s\u00e9choir est expos\u00e9 \u00e0 divers impacts m\u00e9caniques et chimiques pendant son fonctionnement.<\/span><\/p>\n<p>Il est important d&#8217;effectuer r\u00e9guli\u00e8rement des inspections de fissures des s\u00e9choirs par pulv\u00e9risation afin de d\u00e9tecter les probl\u00e8mes au plus t\u00f4t :<\/p>\n<ul>\n<li style=\"font-weight: 400;\" aria-level=\"1\"><span style=\"font-weight: 400;\">En r\u00e9duisant ou en maintenant de fa\u00e7on constante le nombre de fissures, on diminue le risque de prolif\u00e9ration bact\u00e9rienne et de contamination crois\u00e9e. On am\u00e9liore ainsi la s\u00e9curit\u00e9 du produit et celle du consommateur final. <\/span><\/li>\n<li style=\"font-weight: 400;\" aria-level=\"1\">Des inspections r\u00e9guli\u00e8res annuelles\/bisannuelles de contr\u00f4le des fissures permettent de prolonger la dur\u00e9e de vie de l&#8217;actif, car les fissures et les d\u00e9fauts sont identifi\u00e9s \u00e0 un stade pr\u00e9coce avant qu&#8217;ils ne puissent engendrer des probl\u00e8mes plus importants.<\/li>\n<li style=\"font-weight: 400;\" aria-level=\"1\"><span style=\"font-weight: 400;\">Pr\u00e9venir les temps d&#8217;arr\u00eat prolong\u00e9s qui pourraient n\u00e9cessiter des actions correctives plus importantes, telles que la d\u00e9coupe et le remplacement de certaines zones, ou un remplacement complet.<\/span><\/li>\n<li style=\"font-weight: 400;\" aria-level=\"1\"><span style=\"font-weight: 400;\">Les documents de rapport et de certification re\u00e7us apr\u00e8s l&#8217;inspection sont conformes aux exigences d&#8217;audit interne et externe, ce qui renforce la confiance de vos clients dans vos processus et proc\u00e9dures.<\/span><\/li>\n<\/ul>\n<\/div>[\/vc_column_inner][vc_column_inner width=&#8221;1\/2&#8243;]<div class=\"bauer-simple-image text-center\" style=\"\" >\r\n\t\t\t<img decoding=\"async\" alt=\"image\" src=\"https:\/\/bioscanltd.com\/wp-content\/uploads\/Spray_Dryer_Service_Image_1.jpg\" title=\"\"> \r\n\t\t<\/div>[\/vc_column_inner][\/vc_row_inner]\r\n\t<div class=\"bauer-spacer clearfix\" data-desktop=\"30\" data-mobi=\"20\" data-smobi=\"20\"><\/div>[vc_row_inner][vc_column_inner][vc_column_text]<\/p>\n<div class=\"custom-cta\">\n<h2>Vous recherchez des services d&#8217;inspection de s\u00e9choirs par pulv\u00e9risation ?<\/h2>\n<p>Laissez-nous votre demande de devis et notre expert vous contactera prochainement.<\/p>\n<p><a class=\"btn btn-outline cta-btn\" href=\"https:\/\/bioscanltd.com\/fr\/contact\/\" target=\"_blank\" rel=\"noopener\">Obtenez un devis<\/a><\/p>\n<\/div>\n<p>[\/vc_column_text][\/vc_column_inner][\/vc_row_inner][vc_row_inner][vc_column_inner]\r\n\t<div class=\"bauer-spacer clearfix\" data-desktop=\"100\" data-mobi=\"60\" data-smobi=\"60\"><\/div>[\/vc_column_inner][\/vc_row_inner][\/vc_column][\/vc_row][vc_row css=&#8221;.vc_custom_1678366395278{background: #f7f9fa url(https:\/\/bioscanltd.com\/wp-content\/uploads\/2019\/05\/cons2-bg-2.png?id=8906) !important;}&#8221;][vc_column]\r\n\t<div class=\"bauer-spacer clearfix\" data-desktop=\"94\" data-mobi=\"60\" data-smobi=\"60\"><\/div>[vc_row_inner][vc_column_inner width=&#8221;1\/2&#8243;]<div class=\"bauer-simple-image text-center\" style=\"\" >\r\n\t\t\t<img decoding=\"async\" alt=\"image\" src=\"https:\/\/bioscanltd.com\/wp-content\/uploads\/Spray_Dryer_Service_Image_2.jpg\" title=\"\"> \r\n\t\t<\/div>[\/vc_column_inner][vc_column_inner width=&#8221;1\/2&#8243;]<h2 class=\"bauer-text clearfix \" style=\"\"><p>Proc\u00e9dure de d\u00e9tection et d&#8217;inspection des fissures des s\u00e9choirs par pulv\u00e9risation<\/p>\n<\/h2><div class=\"bauer-text clearfix \" style=\"\"><p>Un test complet de d\u00e9tection des fissures du s\u00e9choir par pulv\u00e9risation, incluant les r\u00e9parations, peut \u00eatre effectu\u00e9 sous 24 \u00e0 48 heures, minimisant ainsi votre temps d&#8217;arr\u00eat et vous permettant de reprendre rapidement la production.*<\/p>\n<ul>\n<li style=\"font-weight: 400;\" aria-level=\"1\">Chez <a href=\"https:\/\/bioscanltd.com\/fr\/\">Bioscan<\/a> <span style=\"font-weight: 400;\">Nous d\u00e9terminons la m\u00e9thode d&#8217;acc\u00e8s la plus appropri\u00e9e : plateforme \u00e9l\u00e9vatrice sur mesure, acc\u00e8s sur cordes, \u00e9chelles ou une combinaison de ces techniques. Ainsi, aucun \u00e9chafaudage n&#8217;est n\u00e9cessaire et les techniciens de Bioscan peuvent effectuer efficacement l&#8217;inspection et la maintenance des fissures des s\u00e9choirs par pulv\u00e9risation. <\/span><span style=\"font-weight: 400;\">.<\/span><\/li>\n<li style=\"font-weight: 400;\" aria-level=\"1\"><span style=\"font-weight: 400;\">100% inspection surface coverage using Bioscan\u2019s electromagnetic crack scanning technology. With this technology it enables us to detect non-visible cracks\/defects, and there are no dyes\/chemicals required. Therefore, it is a cleaner and more accurate inspection method compared to our competitors&#8217;. <\/span><\/li>\n<li style=\"font-weight: 400;\" aria-level=\"1\"><span style=\"font-weight: 400;\">Nos soudeurs qualifi\u00e9s et comp\u00e9tents effectuent les travaux de r\u00e9paration et de polissage n\u00e9cessaires pour r\u00e9pondre aux normes alimentaires (le client peut \u00e9galement faire appel \u00e0 ses soudeurs internes ou locaux).<\/span><\/li>\n<li style=\"font-weight: 400;\" aria-level=\"1\">R\u00e9p\u00e9tez l&#8217;inspection<span style=\"font-weight: 400;\"> de toutes les zones r\u00e9par\u00e9es. Ceci est essentiel pour s&#8217;assurer qu&#8217;apr\u00e8s le soudage et le polissage, aucune fissure ou d\u00e9faut suppl\u00e9mentaire n&#8217;est apparu dans la ZAT (zone affect\u00e9e thermiquement). <\/span><\/li>\n<li style=\"font-weight: 400;\" aria-level=\"1\"><span style=\"font-weight: 400;\">Retrait de tous les outils\/\u00e9quipements du s\u00e9choir par pulv\u00e9risation et remise au client pour le nettoyage en place et la production.<\/span><\/li>\n<\/ul>\n<p><span style=\"font-weight: 400;\">*(Un d\u00e9lai suppl\u00e9mentaire peut \u00eatre n\u00e9cessaire en fonction des travaux de r\u00e9paration \u00e0 effectuer)<\/span><\/p>\n<\/div>\r\n\t<div class=\"bauer-spacer clearfix\" data-desktop=\"30\" data-mobi=\"20\" data-smobi=\"20\"><\/div>[\/vc_column_inner][\/vc_row_inner][vc_row_inner][vc_column_inner]\r\n\t<div class=\"bauer-spacer clearfix\" data-desktop=\"100\" data-mobi=\"60\" data-smobi=\"60\"><\/div>[\/vc_column_inner][\/vc_row_inner][vc_row_inner][vc_column_inner width=&#8221;1\/2&#8243;]<h2 class=\"bauer-text clearfix \" style=\"\"><p>Inspection et r\u00e9paration des syst\u00e8mes \u00e0 lit fluidis\u00e9<\/p>\n<\/h2><div class=\"bauer-text clearfix \" style=\"\"><p>En compl\u00e9ment des inspections des tours de s\u00e9chage par atomisation, Bioscan propose \u00e9galement l\u2019inspection et la r\u00e9paration des compartiments sup\u00e9rieurs et inf\u00e9rieurs des syst\u00e8mes \u00e0 lit fluidis\u00e9, qui constituent des \u00e9l\u00e9ments critiques du syst\u00e8me de s\u00e9chage global.<\/p>\n<\/div>\r\n\t<div class=\"bauer-spacer clearfix\" data-desktop=\"30\" data-mobi=\"20\" data-smobi=\"20\"><\/div>[\/vc_column_inner][vc_column_inner width=&#8221;1\/2&#8243;]<div class=\"bauer-simple-image text-center\" style=\"\" >\r\n\t\t\t<img decoding=\"async\" alt=\"image\" src=\"https:\/\/bioscanltd.com\/wp-content\/uploads\/Fluid-Bed-Inspection-repair.png\" title=\"\"> \r\n\t\t<\/div>[\/vc_column_inner][\/vc_row_inner][\/vc_column][\/vc_row][vc_row][vc_column]\r\n\t<div class=\"bauer-spacer clearfix\" data-desktop=\"100\" data-mobi=\"60\" data-smobi=\"60\"><\/div><h2 class=\"bauer-text clearfix text-center\" style=\"\"><p><span>FAQ&#8217;s<\/span><\/p>\n<\/h2>\r\n\t<div class=\"bauer-spacer clearfix\" data-desktop=\"40\" data-mobi=\"30\" data-smobi=\"30\"><\/div>\r\n\t<div class=\"bauer-accordions accordions\"><div class=\"accordion-item style-1 active\" style=\"margin-bottom:10px;\"><h3 class=\"accordion-heading\" style=\"\">\r\n\t\t\t<span class=\"inner\" style=\"\">\r\n\t\t\t\tPourquoi l'inspection r\u00e9guli\u00e8re des s\u00e9choirs par pulv\u00e9risation est-elle importante ?\r\n\t\t\t<\/span>\r\n\t\t<\/h3><div class=\"accordion-content\" style=\"\"><p><span style=\"font-weight: 400;\">L&#8217;inspection r\u00e9guli\u00e8re des s\u00e9cheurs par pulv\u00e9risation est essentielle pour plusieurs raisons. Ces appareils sont soumis \u00e0 des cycles thermiques, des contraintes m\u00e9caniques, un nettoyage en place (NEP) et la corrosion. Avec le temps, ces contraintes peuvent engendrer des fissures, de la corrosion, des d\u00e9fauts de soudure et d&#8217;autres probl\u00e8mes d&#8217;int\u00e9grit\u00e9. Des d\u00e9fauts non d\u00e9tect\u00e9s peuvent entra\u00eener des arr\u00eats de production impr\u00e9vus, des r\u00e9parations co\u00fbteuses, des risques pour la s\u00e9curit\u00e9, voire des probl\u00e8mes de qualit\u00e9 et des rappels de produits. Par cons\u00e9quent, une inspection r\u00e9guli\u00e8re des s\u00e9cheurs par pulv\u00e9risation est primordiale pour pr\u00e9venir ces probl\u00e8mes. <\/span><\/p>\n<\/div><\/div><div class=\"accordion-item style-1\" style=\"margin-bottom:10px;\"><h3 class=\"accordion-heading\" style=\"\">\r\n\t\t\t<span class=\"inner\" style=\"\">\r\n\t\t\t\t\u00c0 quelle fr\u00e9quence faut-il inspecter les s\u00e9choirs par pulv\u00e9risation ?\r\n\t\t\t<\/span>\r\n\t\t<\/h3><div class=\"accordion-content\" style=\"\"><p><span style=\"font-weight: 400;\">Bioscan recommande des inspections r\u00e9guli\u00e8res, au moins une fois par an. Plusieurs \u00e9tudes de cas viennent \u00e9tayer cette recommandation, notamment celle d&#8217;un client qui a attendu cinq ans entre deux inspections. De ce fait, de nombreux d\u00e9fauts ont \u00e9t\u00e9 d\u00e9couverts. Si les inspections avaient \u00e9t\u00e9 r\u00e9alis\u00e9es en temps voulu, ce client aurait pu \u00e9viter ces probl\u00e8mes de co\u00fbts et de risques. Il est donc essentiel de r\u00e9aliser les inspections r\u00e9guli\u00e8rement afin de minimiser ces co\u00fbts et ces risques. <\/span><\/p>\n<\/div><\/div><div class=\"accordion-item style-1\" style=\"margin-bottom:10px;\"><h3 class=\"accordion-heading\" style=\"\">\r\n\t\t\t<span class=\"inner\" style=\"\">\r\n\t\t\t\tQuelle technologie d'inspection utilise Bioscan ?\r\n\t\t\t<\/span>\r\n\t\t<\/h3><div class=\"accordion-content\" style=\"\"><p><span style=\"font-weight: 400;\">Bioscan utilise une technologie de pointe en mati\u00e8re de contr\u00f4le non destructif \u00e9lectronique et s&#8217;abstient de tout colorant ou produit chimique. Nos outils de d\u00e9tection modernes permettent de d\u00e9celer les d\u00e9fauts visibles et invisibles, tels que les fissures, les soudures incompl\u00e8tes, les cavit\u00e9s de corrosion, la porosit\u00e9, etc. <\/span><\/p>\n<\/div><\/div><div class=\"accordion-item style-1\" style=\"margin-bottom:10px;\"><h3 class=\"accordion-heading\" style=\"\">\r\n\t\t\t<span class=\"inner\" style=\"\">\r\n\t\t\t\tCombien de temps dure une inspection compl\u00e8te d'un s\u00e9choir \u00e0 pulv\u00e9risation ?\r\n\t\t\t<\/span>\r\n\t\t<\/h3><div class=\"accordion-content\" style=\"\"><p><span style=\"font-weight: 400;\">Gr\u00e2ce \u00e0 ses outils d&#8217;inspection modernes et \u00e0 ses techniciens hautement qualifi\u00e9s, Bioscan est en mesure de r\u00e9aliser l&#8217;inspection et la r\u00e9paration compl\u00e8tes d&#8217;un s\u00e9cheur par pulv\u00e9risation en 12 \u00e0 48 heures. Ce d\u00e9lai peut \u00eatre plus long si des r\u00e9parations importantes sont n\u00e9cessaires. <\/span><\/p>\n<\/div><\/div><div class=\"accordion-item style-1\" style=\"margin-bottom:10px;\"><h3 class=\"accordion-heading\" style=\"\">\r\n\t\t\t<span class=\"inner\" style=\"\">\r\n\t\t\t\tBioscan propose-t-il des r\u00e9parations pendant l'inspection ?\r\n\t\t\t<\/span>\r\n\t\t<\/h3><div class=\"accordion-content\" style=\"\"><p><span style=\"font-weight: 400;\">Oui, Bioscan propose syst\u00e9matiquement des r\u00e9parations par soudage ainsi que le polissage conforme aux normes alimentaires durant le projet.<\/span><\/p>\n<\/div><\/div><\/div>[\/vc_column][\/vc_row]<\/p>\n<\/section>","protected":false},"excerpt":{"rendered":"<p>[vc_row][vc_column][vc_row_inner][vc_column_inner width=&#8221;1\/2&#8243;][\/vc_column_inner][vc_column_inner width=&#8221;1\/2&#8243;][\/vc_column_inner][\/vc_row_inner][vc_row_inner][vc_column_inner][vc_column_text] Vous recherchez des services d&#8217;inspection de s\u00e9choirs par pulv\u00e9risation ? Laissez-nous votre demande de devis et notre expert vous contactera prochainement. Obtenez un devis [\/vc_column_text][\/vc_column_inner][\/vc_row_inner][vc_row_inner][vc_column_inner][\/vc_column_inner][\/vc_row_inner][\/vc_column][\/vc_row][vc_row css=&#8221;.vc_custom_1678366395278{background: #f7f9fa url(https:\/\/bioscanltd.com\/wp-content\/uploads\/2019\/05\/cons2-bg-2.png?id=8906) !important;}&#8221;][vc_column][vc_row_inner][vc_column_inner width=&#8221;1\/2&#8243;][\/vc_column_inner][vc_column_inner width=&#8221;1\/2&#8243;][\/vc_column_inner][\/vc_row_inner][vc_row_inner][vc_column_inner][\/vc_column_inner][\/vc_row_inner][vc_row_inner][vc_column_inner width=&#8221;1\/2&#8243;][\/vc_column_inner][vc_column_inner width=&#8221;1\/2&#8243;][\/vc_column_inner][\/vc_row_inner][\/vc_column][\/vc_row][vc_row][vc_column][\/vc_column][\/vc_row]<\/p>\n","protected":false},"author":8,"featured_media":12785,"parent":10890,"menu_order":0,"comment_status":"closed","ping_status":"closed","template":"","meta":{"_acf_changed":false,"_monsterinsights_skip_tracking":false,"_monsterinsights_sitenote_active":false,"_monsterinsights_sitenote_note":"","_monsterinsights_sitenote_category":0,"footnotes":""},"class_list":["post-14105","page","type-page","status-publish","has-post-thumbnail","hentry"],"acf":[],"rttpg_featured_image_url":{"full":["https:\/\/bioscanltd.com\/wp-content\/uploads\/Spray_Dryer_Service_Image_1-1-1.webp",1749,1536,false],"landscape":["https:\/\/bioscanltd.com\/wp-content\/uploads\/Spray_Dryer_Service_Image_1-1-1.webp",1749,1536,false],"portraits":["https:\/\/bioscanltd.com\/wp-content\/uploads\/Spray_Dryer_Service_Image_1-1-1.webp",1749,1536,false],"thumbnail":["https:\/\/bioscanltd.com\/wp-content\/uploads\/Spray_Dryer_Service_Image_1-1-1-150x150.webp",150,150,true],"medium":["https:\/\/bioscanltd.com\/wp-content\/uploads\/Spray_Dryer_Service_Image_1-1-1-300x263.webp",300,263,true],"large":["https:\/\/bioscanltd.com\/wp-content\/uploads\/Spray_Dryer_Service_Image_1-1-1-1024x899.webp",1024,899,true],"rpg_gallery_admin_thumb":["https:\/\/bioscanltd.com\/wp-content\/uploads\/Spray_Dryer_Service_Image_1-1-1-150x150.webp",150,150,true],"rpg_gallery_thumb":["https:\/\/bioscanltd.com\/wp-content\/uploads\/Spray_Dryer_Service_Image_1-1-1-150x150.webp",150,150,true],"1536x1536":["https:\/\/bioscanltd.com\/wp-content\/uploads\/Spray_Dryer_Service_Image_1-1-1-1536x1349.webp",1536,1349,true],"2048x2048":["https:\/\/bioscanltd.com\/wp-content\/uploads\/Spray_Dryer_Service_Image_1-1-1.webp",1749,1536,false],"bauer-square":["https:\/\/bioscanltd.com\/wp-content\/uploads\/Spray_Dryer_Service_Image_1-1-1-600x600.webp",600,600,true],"bauer-rectangle":["https:\/\/bioscanltd.com\/wp-content\/uploads\/Spray_Dryer_Service_Image_1-1-1-600x500.webp",600,500,true],"bauer-rectangle1":["https:\/\/bioscanltd.com\/wp-content\/uploads\/Spray_Dryer_Service_Image_1-1-1-425x570.webp",425,570,true],"bauer-rectangle2":["https:\/\/bioscanltd.com\/wp-content\/uploads\/Spray_Dryer_Service_Image_1-1-1-450x528.webp",450,528,true],"bauer-rectangle3":["https:\/\/bioscanltd.com\/wp-content\/uploads\/Spray_Dryer_Service_Image_1-1-1-470x430.webp",470,430,true],"bauer-rectangle4":["https:\/\/bioscanltd.com\/wp-content\/uploads\/Spray_Dryer_Service_Image_1-1-1-480x600.webp",480,600,true],"bauer-medium-auto":["https:\/\/bioscanltd.com\/wp-content\/uploads\/Spray_Dryer_Service_Image_1-1-1-870x764.webp",870,764,true],"bauer-small-auto":["https:\/\/bioscanltd.com\/wp-content\/uploads\/Spray_Dryer_Service_Image_1-1-1-640x562.webp",640,562,true],"bauer-xsmall-auto":["https:\/\/bioscanltd.com\/wp-content\/uploads\/Spray_Dryer_Service_Image_1-1-1-480x422.webp",480,422,true],"bauer-post-standard":["https:\/\/bioscanltd.com\/wp-content\/uploads\/Spray_Dryer_Service_Image_1-1-1-770x350.webp",770,350,true],"bauer-post-related":["https:\/\/bioscanltd.com\/wp-content\/uploads\/Spray_Dryer_Service_Image_1-1-1-558x410.webp",558,410,true],"bauer-post-widget":["https:\/\/bioscanltd.com\/wp-content\/uploads\/Spray_Dryer_Service_Image_1-1-1-140x140.webp",140,140,true]},"rttpg_author":{"display_name":"Samuel Peppin - Managing Director at Bioscan Ltd","author_link":"https:\/\/bioscanltd.com\/fr\/author\/samuel-peppin-managing-director-at-bioscan-ltd\/"},"rttpg_comment":0,"rttpg_category":" <a href=\"https:\/\/bioscanltd.com\/fr\/?taxonomy=translation_priority&#038;term=facultatif\" rel=\"tag\">Facultatif<\/a>","rttpg_excerpt":"[vc_row][vc_column][vc_row_inner][vc_column_inner width=&#8221;1\/2&#8243;][\/vc_column_inner][vc_column_inner width=&#8221;1\/2&#8243;][\/vc_column_inner][\/vc_row_inner][vc_row_inner][vc_column_inner][vc_column_text] Vous recherchez des services d&#8217;inspection de s\u00e9choirs par pulv\u00e9risation ? Laissez-nous votre demande de devis et notre expert vous contactera prochainement. Obtenez un devis [\/vc_column_text][\/vc_column_inner][\/vc_row_inner][vc_row_inner][vc_column_inner][\/vc_column_inner][\/vc_row_inner][\/vc_column][\/vc_row][vc_row css=&#8221;.vc_custom_1678366395278{background: #f7f9fa url(https:\/\/bioscanltd.com\/wp-content\/uploads\/2019\/05\/cons2-bg-2.png?id=8906) !important;}&#8221;][vc_column][vc_row_inner][vc_column_inner width=&#8221;1\/2&#8243;][\/vc_column_inner][vc_column_inner width=&#8221;1\/2&#8243;][\/vc_column_inner][\/vc_row_inner][vc_row_inner][vc_column_inner][\/vc_column_inner][\/vc_row_inner][vc_row_inner][vc_column_inner width=&#8221;1\/2&#8243;][\/vc_column_inner][vc_column_inner width=&#8221;1\/2&#8243;][\/vc_column_inner][\/vc_row_inner][\/vc_column][\/vc_row][vc_row][vc_column][\/vc_column][\/vc_row]","_links":{"self":[{"href":"https:\/\/bioscanltd.com\/fr\/wp-json\/wp\/v2\/pages\/14105","targetHints":{"allow":["GET"]}}],"collection":[{"href":"https:\/\/bioscanltd.com\/fr\/wp-json\/wp\/v2\/pages"}],"about":[{"href":"https:\/\/bioscanltd.com\/fr\/wp-json\/wp\/v2\/types\/page"}],"author":[{"embeddable":true,"href":"https:\/\/bioscanltd.com\/fr\/wp-json\/wp\/v2\/users\/8"}],"replies":[{"embeddable":true,"href":"https:\/\/bioscanltd.com\/fr\/wp-json\/wp\/v2\/comments?post=14105"}],"version-history":[{"count":3,"href":"https:\/\/bioscanltd.com\/fr\/wp-json\/wp\/v2\/pages\/14105\/revisions"}],"predecessor-version":[{"id":14121,"href":"https:\/\/bioscanltd.com\/fr\/wp-json\/wp\/v2\/pages\/14105\/revisions\/14121"}],"up":[{"embeddable":true,"href":"https:\/\/bioscanltd.com\/fr\/wp-json\/wp\/v2\/pages\/10890"}],"wp:featuredmedia":[{"embeddable":true,"href":"https:\/\/bioscanltd.com\/fr\/wp-json\/wp\/v2\/media\/12785"}],"wp:attachment":[{"href":"https:\/\/bioscanltd.com\/fr\/wp-json\/wp\/v2\/media?parent=14105"}],"curies":[{"name":"wp","href":"https:\/\/api.w.org\/{rel}","templated":true}]}}