{"id":14143,"date":"2026-03-03T15:37:19","date_gmt":"2026-03-03T15:37:19","guid":{"rendered":"https:\/\/bioscanltd.com\/services\/cyclones-and-bag-filters-inspection\/"},"modified":"2026-04-23T07:54:40","modified_gmt":"2026-04-23T07:54:40","slug":"inspection-des-cyclones-et-des-filtres-a-manches","status":"publish","type":"page","link":"https:\/\/bioscanltd.com\/fr\/services\/inspection-des-cyclones-et-des-filtres-a-manches\/","title":{"rendered":"Inspection des cyclones et des filtres \u00e0 sacs"},"content":{"rendered":"<section class=\"wpb-content-wrapper\"><p>[vc_row content_placement=&#8221;middle&#8221;][vc_column][vc_row_inner][vc_column_inner width=&#8221;1\/2&#8243;]<h2 class=\"bauer-text clearfix \" style=\"\"><p>Contr\u00f4le et inspection des fissures des cyclones et des filtres \u00e0 poches<\/p>\n<\/h2><div class=\"bauer-text clearfix \" style=\"\"><p><span style=\"font-weight: 400;\">Un entretien efficace des \u00e9quipements industriels est essentiel \u00e0 la continuit\u00e9 des op\u00e9rations. Les cyclones et les filtres \u00e0 manches jouent un r\u00f4le important dans le processus de s\u00e9chage, mais pr\u00e9sentent des difficult\u00e9s d&#8217;acc\u00e8s particuli\u00e8res. <\/span><\/p>\n<p>L&#8217;acc\u00e8s aux cyclones et aux filtres \u00e0 poches pour l&#8217;inspection et la maintenance est souvent complexe en raison de leurs points d&#8217;entr\u00e9e limit\u00e9s et de leurs conceptions vari\u00e9es. Le recours \u00e0 un \u00e9chafaudage est souvent la seule solution, ce qui s&#8217;av\u00e8re long et co\u00fbteux.<\/p>\n<p>Cependant, <a href=\"https:\/\/bioscanltd.com\/fr\/\">Bioscan <\/a>peut d\u00e9sormais effectuer des inspections et des r\u00e9parations de cyclones.<span style=\"font-weight: 400;\"> Nous proc\u00e9dons au nettoyage complet des surfaces internes de cet \u00e9quipement en quelques heures seulement, \u00e0 l&#8217;aide de cordes et d&#8217;\u00e9chelles. Ainsi, votre temps d&#8217;arr\u00eat est minimis\u00e9 et votre production reprend rapidement. <\/span><\/p>\n<p>Nos sp\u00e9cialistes en acc\u00e8s sur cordes pr\u00e9parent les syst\u00e8mes de cordes pour la r\u00e9paration des cyclones industriels et le contr\u00f4le des fissures via les buses et les trous d&#8217;homme du NEP et via les ouvertures des sacs et des cages dans les filtres \u00e0 sacs, permettant un travail efficace et s\u00fbr.<\/p>\n<\/div>[\/vc_column_inner][vc_column_inner el_class=&#8221;mob-mt-30&#8243; width=&#8221;1\/2&#8243;]<div class=\"bauer-simple-image text-center\" style=\"max-width:456px;margin-left: auto; margin-right: auto;\" >\r\n\t\t\t<img decoding=\"async\" alt=\"image\" src=\"https:\/\/bioscanltd.com\/wp-content\/uploads\/Welding-repair-inside-a-cyclone-2.png\" title=\"\"> \r\n\t\t<\/div>[vc_column_text]<\/p>\n<p style=\"text-align: center;\"><strong><em>R\u00e9paration de soudure \u00e0 l&#8217;int\u00e9rieur d&#8217;un cyclone<\/em><\/strong><\/p>\n<p>[\/vc_column_text][\/vc_column_inner][\/vc_row_inner]\r\n\t<div class=\"bauer-spacer clearfix\" data-desktop=\"30\" data-mobi=\"20\" data-smobi=\"20\"><\/div>[vc_row_inner][vc_column_inner][vc_column_text]<\/p>\n<div class=\"custom-cta\">\n<h2>Vous souhaitez garantir la s\u00e9curit\u00e9 et la fiabilit\u00e9 de vos \u00e9quipements industriels ?<\/h2>\n<p><span style=\"font-weight: 400;\">Planifiez d\u00e8s aujourd&#8217;hui une inspection professionnelle de vos cyclones et filtres \u00e0 sacs !<\/span><\/p>\n<p><a class=\"btn btn-outline cta-btn\" href=\"https:\/\/bioscanltd.com\/fr\/contact-2\/\" target=\"_blank\" rel=\"noopener\">Obtenez un devis<\/a><\/p>\n<\/div>\n<p>[\/vc_column_text][\/vc_column_inner][\/vc_row_inner][vc_row_inner][vc_column_inner]\r\n\t<div class=\"bauer-spacer clearfix\" data-desktop=\"100\" data-mobi=\"60\" data-smobi=\"60\"><\/div>[\/vc_column_inner][\/vc_row_inner][\/vc_column][\/vc_row][vc_row css=&#8221;.vc_custom_1678366395278{background: #f7f9fa url(https:\/\/bioscanltd.com\/wp-content\/uploads\/2019\/05\/cons2-bg-2.png?id=8906) !important;}&#8221;][vc_column]\r\n\t<div class=\"bauer-spacer clearfix\" data-desktop=\"94\" data-mobi=\"60\" data-smobi=\"60\"><\/div>[vc_row_inner][vc_column_inner el_class=&#8221;mb-xs-30&#8243; width=&#8221;1\/2&#8243;]<div class=\"bauer-simple-image text-center\" style=\"\" >\r\n\t\t\t<img decoding=\"async\" alt=\"image\" src=\"https:\/\/bioscanltd.com\/wp-content\/uploads\/Welding-repair-inside-a-bag-filter.png\" title=\"\"> \r\n\t\t<\/div>[vc_column_text]<\/p>\n<p style=\"text-align: center;\"><em><strong>R\u00e9paration de soudure \u00e0 l&#8217;int\u00e9rieur d&#8217;un filtre \u00e0 sac<\/strong><\/em><\/p>\n<p>[\/vc_column_text][\/vc_column_inner][vc_column_inner width=&#8221;1\/2&#8243;]<div class=\"bauer-simple-image text-center\" style=\"\" >\r\n\t\t\t<img decoding=\"async\" alt=\"image\" src=\"https:\/\/bioscanltd.com\/wp-content\/uploads\/Inspection-of-bag-filter-being-performed-via-ropes..png\" title=\"\"> \r\n\t\t<\/div>[vc_column_text]<\/p>\n<p style=\"text-align: center;\"><em><strong>Inspection du filtre \u00e0 sac effectu\u00e9e \u00e0 l&#8217;aide de cordes<\/strong><\/em><\/p>\n<p>[\/vc_column_text][\/vc_column_inner][\/vc_row_inner]\r\n\t<div class=\"bauer-spacer clearfix\" data-desktop=\"94\" data-mobi=\"60\" data-smobi=\"60\"><\/div><div class=\"bauer-text clearfix \" style=\"\"><p><span style=\"font-weight: 400;\">We conduct thorough inspection, offering 100% coverage ensuring any necessary welding repairs\/polishing are diligently carried out.<\/span><\/p>\n<p>The re-inspection of repaired areas is then performed to ensure no further cracks\/defects have appeared in the HAZ (heat affected zone).<\/p>\n<p><span style=\"font-weight: 400;\">Feel free to <\/span><a href=\"https:\/\/bioscanltd.com\/fr\/contact\/\"><span style=\"font-weight: 400;\">contact us<\/span><\/a><span style=\"font-weight: 400;\"> for further information and to arrange professional services such as <\/span><span style=\"font-weight: 400;\">industrial cyclone repair<\/span><span style=\"font-weight: 400;\"> services, including leak testing or bag filter inspection.<\/span><\/p>\n<\/div>[vc_row_inner][vc_column_inner]\r\n\t<div class=\"bauer-spacer clearfix\" data-desktop=\"100\" data-mobi=\"60\" data-smobi=\"60\"><\/div>[\/vc_column_inner][\/vc_row_inner][\/vc_column][\/vc_row][vc_row][vc_column]\r\n\t<div class=\"bauer-spacer clearfix\" data-desktop=\"100\" data-mobi=\"60\" data-smobi=\"60\"><\/div><h2 class=\"bauer-text clearfix text-center\" style=\"\"><p>FAQ&#8217;s<\/p>\n<\/h2>\r\n\t<div class=\"bauer-spacer clearfix\" data-desktop=\"30\" data-mobi=\"20\" data-smobi=\"20\"><\/div>\r\n\t<div class=\"bauer-accordions accordions\"><div class=\"accordion-item style-1 active\" style=\"margin-bottom:10px;\"><h3 class=\"accordion-heading\" style=\"\">\r\n\t\t\t<span class=\"inner\" style=\"\">\r\n\t\t\t\tQu\u2019est-ce qui rend les inspections par cyclone et filtre \u00e0 sac de Bioscan plus efficaces que les m\u00e9thodes traditionnelles ?\r\n\t\t\t<\/span>\r\n\t\t<\/h3><div class=\"accordion-content\" style=\"\"><p><span style=\"font-weight: 400;\">Plusieurs facteurs contribuent \u00e0 une efficacit\u00e9 accrue par rapport aux m\u00e9thodes d&#8217;inspection traditionnelles : couverture \u00e0 100 % des surfaces internes, absence d&#8217;\u00e9chafaudage, contr\u00f4les non destructifs, quantification et cartographie rapides des d\u00e9fauts, capacit\u00e9 combin\u00e9e d&#8217;inspection et de r\u00e9paration, et r\u00e9duction des temps d&#8217;arr\u00eat. <\/span><\/p>\n<\/div><\/div><div class=\"accordion-item style-1\" style=\"margin-bottom:10px;\"><h3 class=\"accordion-heading\" style=\"\">\r\n\t\t\t<span class=\"inner\" style=\"\">\r\n\t\t\t\tComment fonctionne l'acc\u00e8s par cordes pour l'inspection des cyclones et des filtres \u00e0 sacs ?\r\n\t\t\t<\/span>\r\n\t\t<\/h3><div class=\"accordion-content\" style=\"\"><p><span style=\"font-weight: 400;\">Les techniciens utilisent des techniques d&#8217;acc\u00e8s sur corde certifi\u00e9es IRATA pour monter \u00e0 l&#8217;aide de cordes, d&#8217;ancrages, de harnais, de descendeurs\/remontoirs, de connecteurs, etc., afin d&#8217;atteindre les surfaces internes ou difficiles d&#8217;acc\u00e8s.<\/span><\/p>\n<\/div><\/div><div class=\"accordion-item style-1\" style=\"margin-bottom:10px;\"><h3 class=\"accordion-heading\" style=\"\">\r\n\t\t\t<span class=\"inner\" style=\"\">\r\n\t\t\t\tQuels types de d\u00e9fauts peuvent \u00eatre d\u00e9tect\u00e9s lors des inspections des filtres cyclones et des filtres \u00e0 sacs ?\r\n\t\t\t<\/span>\r\n\t\t<\/h3><div class=\"accordion-content\" style=\"\"><p><span style=\"font-weight: 400;\">La technologie d&#8217;inspection de Bioscan est capable de d\u00e9tecter une vari\u00e9t\u00e9 de d\u00e9fauts, notamment les fissures, les soudures incompl\u00e8tes\/d\u00e9fauts de soudure, la corrosion et les cavit\u00e9s\/piq\u00fbres, les porosit\u00e9s et les variations d&#8217;\u00e9paisseur\/points faibles.<\/span><\/p>\n<\/div><\/div><div class=\"accordion-item style-1\" style=\"margin-bottom:10px;\"><h3 class=\"accordion-heading\" style=\"\">\r\n\t\t\t<span class=\"inner\" style=\"\">\r\n\t\t\t\tCombien de temps dure g\u00e9n\u00e9ralement une inspection de filtre cyclone ou de filtre \u00e0 sac ?\r\n\t\t\t<\/span>\r\n\t\t<\/h3><div class=\"accordion-content\" style=\"\"><p><span style=\"font-weight: 400;\">L&#8217;inspection des filtres cyclones ou \u00e0 sacs peut \u00eatre effectu\u00e9e en 4 \u00e0 12 heures, selon leur taille et les fissures \u00e0 r\u00e9parer, ce qui d\u00e9montre la capacit\u00e9 de Bioscan \u00e0 r\u00e9aliser des tests de filtres cyclones ou \u00e0 sacs dans les meilleurs d\u00e9lais.<\/span><\/p>\n<\/div><\/div><div class=\"accordion-item style-1\" style=\"margin-bottom:10px;\"><h3 class=\"accordion-heading\" style=\"\">\r\n\t\t\t<span class=\"inner\" style=\"\">\r\n\t\t\t\tVous pouvez \u00e9galement soumettre les informations requises dans la section \u00ab Demander un devis \u00bb, et nous vous appellerons dans les plus brefs d\u00e9lais.\r\n\t\t\t<\/span>\r\n\t\t<\/h3><div class=\"accordion-content\" style=\"\"><p>Vous pouvez r\u00e9server une inspection de votre cyclone et de votre<a href=\"https:\/\/bioscanltd.com\/fr\/contact-2\/\"><span style=\"font-weight: 400;\"> <\/span><\/a>filtre \u00e0 sac via la page \u00ab Nous contacter \u00bb ou nous envoyer un courriel \u00e0 l\u2019adresse sales@bioscanltd.co.uk.<span style=\"font-weight: 400;\">. Vous pouvez \u00e9galement soumettre les informations requises dans la section \u00ab Demander un devis \u00bb, et nous vous appellerons dans les plus brefs d\u00e9lais.<\/span><\/p>\n<\/div><\/div><\/div>[\/vc_column][\/vc_row]<\/p>\n<\/section>","protected":false},"excerpt":{"rendered":"<p>[vc_row content_placement=&#8221;middle&#8221;][vc_column][vc_row_inner][vc_column_inner width=&#8221;1\/2&#8243;][\/vc_column_inner][vc_column_inner el_class=&#8221;mob-mt-30&#8243; width=&#8221;1\/2&#8243;][vc_column_text] R\u00e9paration de soudure \u00e0 l&#8217;int\u00e9rieur d&#8217;un cyclone [\/vc_column_text][\/vc_column_inner][\/vc_row_inner][vc_row_inner][vc_column_inner][vc_column_text] Vous souhaitez garantir la s\u00e9curit\u00e9 et la fiabilit\u00e9 de vos \u00e9quipements industriels ? Planifiez d\u00e8s aujourd&#8217;hui une inspection professionnelle de vos cyclones et filtres \u00e0 sacs ! Obtenez un devis [\/vc_column_text][\/vc_column_inner][\/vc_row_inner][vc_row_inner][vc_column_inner][\/vc_column_inner][\/vc_row_inner][\/vc_column][\/vc_row][vc_row css=&#8221;.vc_custom_1678366395278{background: #f7f9fa url(https:\/\/bioscanltd.com\/wp-content\/uploads\/2019\/05\/cons2-bg-2.png?id=8906) !important;}&#8221;][vc_column][vc_row_inner][vc_column_inner el_class=&#8221;mb-xs-30&#8243; width=&#8221;1\/2&#8243;][vc_column_text]<\/p>\n","protected":false},"author":8,"featured_media":12845,"parent":10890,"menu_order":0,"comment_status":"closed","ping_status":"closed","template":"","meta":{"_acf_changed":false,"_monsterinsights_skip_tracking":false,"_monsterinsights_sitenote_active":false,"_monsterinsights_sitenote_note":"","_monsterinsights_sitenote_category":0,"footnotes":""},"class_list":["post-14143","page","type-page","status-publish","has-post-thumbnail","hentry"],"acf":[],"rttpg_featured_image_url":{"full":["https:\/\/bioscanltd.com\/wp-content\/uploads\/Inspection-of-bag-filter-being-performed-via-ropes.webp",958,937,false],"landscape":["https:\/\/bioscanltd.com\/wp-content\/uploads\/Inspection-of-bag-filter-being-performed-via-ropes.webp",958,937,false],"portraits":["https:\/\/bioscanltd.com\/wp-content\/uploads\/Inspection-of-bag-filter-being-performed-via-ropes.webp",958,937,false],"thumbnail":["https:\/\/bioscanltd.com\/wp-content\/uploads\/Inspection-of-bag-filter-being-performed-via-ropes-150x150.webp",150,150,true],"medium":["https:\/\/bioscanltd.com\/wp-content\/uploads\/Inspection-of-bag-filter-being-performed-via-ropes-300x293.webp",300,293,true],"large":["https:\/\/bioscanltd.com\/wp-content\/uploads\/Inspection-of-bag-filter-being-performed-via-ropes.webp",958,937,false],"rpg_gallery_admin_thumb":["https:\/\/bioscanltd.com\/wp-content\/uploads\/Inspection-of-bag-filter-being-performed-via-ropes-150x150.webp",150,150,true],"rpg_gallery_thumb":["https:\/\/bioscanltd.com\/wp-content\/uploads\/Inspection-of-bag-filter-being-performed-via-ropes-150x150.webp",150,150,true],"1536x1536":["https:\/\/bioscanltd.com\/wp-content\/uploads\/Inspection-of-bag-filter-being-performed-via-ropes.webp",958,937,false],"2048x2048":["https:\/\/bioscanltd.com\/wp-content\/uploads\/Inspection-of-bag-filter-being-performed-via-ropes.webp",958,937,false],"bauer-square":["https:\/\/bioscanltd.com\/wp-content\/uploads\/Inspection-of-bag-filter-being-performed-via-ropes-600x600.webp",600,600,true],"bauer-rectangle":["https:\/\/bioscanltd.com\/wp-content\/uploads\/Inspection-of-bag-filter-being-performed-via-ropes-600x500.webp",600,500,true],"bauer-rectangle1":["https:\/\/bioscanltd.com\/wp-content\/uploads\/Inspection-of-bag-filter-being-performed-via-ropes-425x570.webp",425,570,true],"bauer-rectangle2":["https:\/\/bioscanltd.com\/wp-content\/uploads\/Inspection-of-bag-filter-being-performed-via-ropes-450x528.webp",450,528,true],"bauer-rectangle3":["https:\/\/bioscanltd.com\/wp-content\/uploads\/Inspection-of-bag-filter-being-performed-via-ropes-470x430.webp",470,430,true],"bauer-rectangle4":["https:\/\/bioscanltd.com\/wp-content\/uploads\/Inspection-of-bag-filter-being-performed-via-ropes-480x600.webp",480,600,true],"bauer-medium-auto":["https:\/\/bioscanltd.com\/wp-content\/uploads\/Inspection-of-bag-filter-being-performed-via-ropes-870x851.webp",870,851,true],"bauer-small-auto":["https:\/\/bioscanltd.com\/wp-content\/uploads\/Inspection-of-bag-filter-being-performed-via-ropes-640x626.webp",640,626,true],"bauer-xsmall-auto":["https:\/\/bioscanltd.com\/wp-content\/uploads\/Inspection-of-bag-filter-being-performed-via-ropes-480x469.webp",480,469,true],"bauer-post-standard":["https:\/\/bioscanltd.com\/wp-content\/uploads\/Inspection-of-bag-filter-being-performed-via-ropes-770x350.webp",770,350,true],"bauer-post-related":["https:\/\/bioscanltd.com\/wp-content\/uploads\/Inspection-of-bag-filter-being-performed-via-ropes-558x410.webp",558,410,true],"bauer-post-widget":["https:\/\/bioscanltd.com\/wp-content\/uploads\/Inspection-of-bag-filter-being-performed-via-ropes-140x140.webp",140,140,true]},"rttpg_author":{"display_name":"Samuel Peppin - Managing Director at Bioscan Ltd","author_link":"https:\/\/bioscanltd.com\/fr\/author\/samuel-peppin-managing-director-at-bioscan-ltd\/"},"rttpg_comment":0,"rttpg_category":" <a href=\"https:\/\/bioscanltd.com\/fr\/?taxonomy=translation_priority&#038;term=facultatif\" rel=\"tag\">Facultatif<\/a>","rttpg_excerpt":"[vc_row content_placement=&#8221;middle&#8221;][vc_column][vc_row_inner][vc_column_inner width=&#8221;1\/2&#8243;][\/vc_column_inner][vc_column_inner el_class=&#8221;mob-mt-30&#8243; width=&#8221;1\/2&#8243;][vc_column_text] R\u00e9paration de soudure \u00e0 l&#8217;int\u00e9rieur d&#8217;un cyclone [\/vc_column_text][\/vc_column_inner][\/vc_row_inner][vc_row_inner][vc_column_inner][vc_column_text] Vous souhaitez garantir la s\u00e9curit\u00e9 et la fiabilit\u00e9 de vos \u00e9quipements industriels ? Planifiez d\u00e8s aujourd&#8217;hui une inspection professionnelle de vos cyclones et filtres \u00e0 sacs ! Obtenez un devis [\/vc_column_text][\/vc_column_inner][\/vc_row_inner][vc_row_inner][vc_column_inner][\/vc_column_inner][\/vc_row_inner][\/vc_column][\/vc_row][vc_row css=&#8221;.vc_custom_1678366395278{background: #f7f9fa url(https:\/\/bioscanltd.com\/wp-content\/uploads\/2019\/05\/cons2-bg-2.png?id=8906) !important;}&#8221;][vc_column][vc_row_inner][vc_column_inner el_class=&#8221;mb-xs-30&#8243; width=&#8221;1\/2&#8243;][vc_column_text]","_links":{"self":[{"href":"https:\/\/bioscanltd.com\/fr\/wp-json\/wp\/v2\/pages\/14143","targetHints":{"allow":["GET"]}}],"collection":[{"href":"https:\/\/bioscanltd.com\/fr\/wp-json\/wp\/v2\/pages"}],"about":[{"href":"https:\/\/bioscanltd.com\/fr\/wp-json\/wp\/v2\/types\/page"}],"author":[{"embeddable":true,"href":"https:\/\/bioscanltd.com\/fr\/wp-json\/wp\/v2\/users\/8"}],"replies":[{"embeddable":true,"href":"https:\/\/bioscanltd.com\/fr\/wp-json\/wp\/v2\/comments?post=14143"}],"version-history":[{"count":15,"href":"https:\/\/bioscanltd.com\/fr\/wp-json\/wp\/v2\/pages\/14143\/revisions"}],"predecessor-version":[{"id":14227,"href":"https:\/\/bioscanltd.com\/fr\/wp-json\/wp\/v2\/pages\/14143\/revisions\/14227"}],"up":[{"embeddable":true,"href":"https:\/\/bioscanltd.com\/fr\/wp-json\/wp\/v2\/pages\/10890"}],"wp:featuredmedia":[{"embeddable":true,"href":"https:\/\/bioscanltd.com\/fr\/wp-json\/wp\/v2\/media\/12845"}],"wp:attachment":[{"href":"https:\/\/bioscanltd.com\/fr\/wp-json\/wp\/v2\/media?parent=14143"}],"curies":[{"name":"wp","href":"https:\/\/api.w.org\/{rel}","templated":true}]}}